{"id":9131,"date":"2021-09-12T19:26:03","date_gmt":"2021-09-12T18:26:03","guid":{"rendered":"https:\/\/blog.uclm.es\/areadpenalto\/?page_id=9131"},"modified":"2022-12-22T11:22:38","modified_gmt":"2022-12-22T11:22:38","slug":"actividades-de-transferencia-del-proyecto-n2","status":"publish","type":"page","link":"https:\/\/blog.uclm.es\/areadpenalto\/actividades-de-transferencia-del-proyecto-n2\/","title":{"rendered":"Actividades de transferencia del Proyecto N2"},"content":{"rendered":"\n<div class=\"wp-block-columns is-layout-flex wp-container-core-columns-is-layout-9d6595d7 wp-block-columns-is-layout-flex\">\n<div class=\"wp-block-column is-layout-flow wp-block-column-is-layout-flow\" style=\"flex-basis:33.33%\">\n<figure class=\"wp-block-image size-large\"><img decoding=\"async\" src=\"https:\/\/blog.uclm.es\/proyectodpch\/wp-content\/uploads\/sites\/144\/2021\/11\/programa-SEMINARIO-INTERNACIONAL-DE-NEUROCIENCIAS-Y-NEURODERECHOS-virtual_page-0001-1.jpg\" alt=\"\" \/><\/figure>\n<\/div>\n\n\n\n<div class=\"wp-block-column is-layout-flow wp-block-column-is-layout-flow\" style=\"flex-basis:66.66%\">\n<figure class=\"wp-block-table has-small-font-size\"><table><thead><tr><th>SEMINARIO INTERNACIONAL NEUROCIENCIAS Y NEURODERECHOS<\/th><\/tr><\/thead><tbody><tr><td>Seminario Online<br><strong>Disertantes, entre otros<\/strong>: Jos\u00e9 manuel Mu\u00f1oz Molina &amp; Jos\u00e9 \u00c1ngel Marinaro &amp; Abel Wajnerman Paz &amp;\u00a0\u00a0<a href=\"https:\/\/blog.uclm.es\/eduardodemetrio\/\">Eduardo Demetrio Crespo<\/a>\u00a0&amp; Juan Carlos Porci\u00fancula.<br><strong>Fecha<\/strong>:\u00a0Viernes, 26 de noviembre de 2021<br><strong>Hora<\/strong>:\u00a016:00 h-20:00 h<br><a href=\"https:\/\/blog.uclm.es\/areadpenalto\/wp-content\/uploads\/sites\/142\/2022\/12\/Seminario_neurociencias.pdf\" target=\"_blank\" rel=\"noreferrer noopener\">Descargar el cartel<\/a><\/td><\/tr><\/tbody><\/table><\/figure>\n\n\n\n<ul class=\"wp-block-social-links is-layout-flex wp-block-social-links-is-layout-flex\"><li class=\"wp-social-link wp-social-link-facebook  wp-block-social-link\"><a href=\"https:\/\/www.facebook.com\/people\/Neuro-Artificial-Criminal-Law\/100066970129338\/\" class=\"wp-block-social-link-anchor\"><svg width=\"24\" height=\"24\" viewBox=\"0 0 24 24\" version=\"1.1\" xmlns=\"http:\/\/www.w3.org\/2000\/svg\" aria-hidden=\"true\" focusable=\"false\"><path d=\"M12 2C6.5 2 2 6.5 2 12c0 5 3.7 9.1 8.4 9.9v-7H7.9V12h2.5V9.8c0-2.5 1.5-3.9 3.8-3.9 1.1 0 2.2.2 2.2.2v2.5h-1.3c-1.2 0-1.6.8-1.6 1.6V12h2.8l-.4 2.9h-2.3v7C18.3 21.1 22 17 22 12c0-5.5-4.5-10-10-10z\"><\/path><\/svg><span class=\"wp-block-social-link-label screen-reader-text\">Facebook<\/span><\/a><\/li><\/ul>\n<\/div>\n<\/div>\n\n\n\n<div class=\"wp-block-columns is-layout-flex wp-container-core-columns-is-layout-9d6595d7 wp-block-columns-is-layout-flex\">\n<div class=\"wp-block-column is-layout-flow wp-block-column-is-layout-flow\" style=\"flex-basis:33.33%\">\n<figure class=\"wp-block-image size-large\"><img decoding=\"async\" src=\"https:\/\/blog.uclm.es\/proyectodpch\/wp-content\/uploads\/sites\/144\/2021\/09\/Seminario_Neuroderechos-01.10.2021-DPCH_page-0001-4.jpg\" alt=\"\" \/><\/figure>\n<\/div>\n\n\n\n<div class=\"wp-block-column is-layout-flow wp-block-column-is-layout-flow\" style=\"flex-basis:66.66%\">\n<figure class=\"wp-block-table has-small-font-size\"><table><thead><tr><th>Seminario Neuroderechos: Desaf\u00edos e implicaciones internacionales<\/th><\/tr><\/thead><tbody><tr><td>Seminario Online<br><strong>Disertantes<\/strong>: Jos\u00e9 manuel Mu\u00f1oz Molina &amp; Jos\u00e9 \u00c1ngel Marinaro &amp; Pedro Ba\u00f1os Bajo &amp; Abel Wajnerman Paz &amp;\u00a0\u00a0<a href=\"https:\/\/blog.uclm.es\/eduardodemetrio\/\">Eduardo Demetrio Crespo<\/a>\u00a0<br><strong>Fecha<\/strong>:\u00a0Viernes, 1 de octubre de 2021<br><strong>Hora<\/strong>:\u00a016:00 h-20:00 h<br><a href=\"https:\/\/blog.uclm.es\/areadpenalto\/wp-content\/uploads\/sites\/142\/2022\/12\/Seminario_neuroderechos.pdf\" target=\"_blank\" rel=\"noreferrer noopener\">Descargar el cartel<\/a><\/td><\/tr><\/tbody><\/table><\/figure>\n\n\n\n<ul class=\"wp-block-social-links is-layout-flex wp-block-social-links-is-layout-flex\"><li class=\"wp-social-link wp-social-link-facebook  wp-block-social-link\"><a href=\"https:\/\/www.facebook.com\/people\/Neuro-Artificial-Criminal-Law\/100066970129338\/\" class=\"wp-block-social-link-anchor\"><svg width=\"24\" height=\"24\" viewBox=\"0 0 24 24\" version=\"1.1\" xmlns=\"http:\/\/www.w3.org\/2000\/svg\" aria-hidden=\"true\" focusable=\"false\"><path d=\"M12 2C6.5 2 2 6.5 2 12c0 5 3.7 9.1 8.4 9.9v-7H7.9V12h2.5V9.8c0-2.5 1.5-3.9 3.8-3.9 1.1 0 2.2.2 2.2.2v2.5h-1.3c-1.2 0-1.6.8-1.6 1.6V12h2.8l-.4 2.9h-2.3v7C18.3 21.1 22 17 22 12c0-5.5-4.5-10-10-10z\"><\/path><\/svg><span class=\"wp-block-social-link-label screen-reader-text\">Facebook<\/span><\/a><\/li><\/ul>\n<\/div>\n<\/div>\n\n\n\n<div class=\"wp-block-columns is-layout-flex wp-container-core-columns-is-layout-9d6595d7 wp-block-columns-is-layout-flex\">\n<div class=\"wp-block-column is-layout-flow wp-block-column-is-layout-flow\" style=\"flex-basis:33.33%\">\n<figure class=\"wp-block-image size-large\"><img decoding=\"async\" src=\"https:\/\/blog.uclm.es\/proyectodpch\/wp-content\/uploads\/sites\/144\/2021\/09\/INVITATION_MIAS_170521V3_page-0001-1-660x1024.jpg\" alt=\"\" \/><\/figure>\n<\/div>\n\n\n\n<div class=\"wp-block-column is-layout-flow wp-block-column-is-layout-flow\" style=\"flex-basis:66.66%\">\n<figure class=\"wp-block-table has-small-font-size\"><table><thead><tr><th>Seminario MIAS-EHEHI Derecho Penal y comportamiento humano: estudio del caso de Phineas Gage<\/th><\/tr><\/thead><tbody><tr><td>Ciclo de Conferencias Online<br>Disertantes:\u00a0<a href=\"https:\/\/blog.uclm.es\/eduardodemetrio\/\">Eduardo Demetrio Crespo<\/a>\u00a0&amp; Eric Garc\u00eda L\u00f3pez &amp; Cristina Garc\u00eda Nombela (<a href=\"https:\/\/blog.uclm.es\/proyectodpch\/investigadores\/\" target=\"_blank\" rel=\"noreferrer noopener\">investigadores proyecto N2<\/a>)<br>Fecha:\u00a0Lunes 17 de mayo de 2021<br>Hora:\u00a017h-18h<br><a href=\"https:\/\/blog.uclm.es\/areadpenalto\/wp-content\/uploads\/sites\/142\/2022\/12\/Seminario_MIAS.pdf\" target=\"_blank\" rel=\"noreferrer noopener\">Descargar el cartel<\/a><\/td><\/tr><\/tbody><\/table><\/figure>\n\n\n\n<ul class=\"wp-block-social-links is-layout-flex wp-block-social-links-is-layout-flex\"><li class=\"wp-social-link wp-social-link-facebook  wp-block-social-link\"><a href=\"https:\/\/www.facebook.com\/people\/Neuro-Artificial-Criminal-Law\/100066970129338\/\" class=\"wp-block-social-link-anchor\"><svg width=\"24\" height=\"24\" viewBox=\"0 0 24 24\" version=\"1.1\" xmlns=\"http:\/\/www.w3.org\/2000\/svg\" aria-hidden=\"true\" focusable=\"false\"><path d=\"M12 2C6.5 2 2 6.5 2 12c0 5 3.7 9.1 8.4 9.9v-7H7.9V12h2.5V9.8c0-2.5 1.5-3.9 3.8-3.9 1.1 0 2.2.2 2.2.2v2.5h-1.3c-1.2 0-1.6.8-1.6 1.6V12h2.8l-.4 2.9h-2.3v7C18.3 21.1 22 17 22 12c0-5.5-4.5-10-10-10z\"><\/path><\/svg><span class=\"wp-block-social-link-label screen-reader-text\">Facebook<\/span><\/a><\/li><\/ul>\n<\/div>\n<\/div>\n","protected":false},"excerpt":{"rendered":"<p>SEMINARIO INTERNACIONAL NEUROCIENCIAS Y NEURODERECHOS Seminario OnlineDisertantes, entre otros: Jos\u00e9 manuel Mu\u00f1oz Molina &amp; Jos\u00e9 \u00c1ngel Marinaro &amp; Abel Wajnerman Paz &amp;\u00a0\u00a0Eduardo Demetrio Crespo\u00a0&amp; Juan Carlos Porci\u00fancula.Fecha:\u00a0Viernes, 26 de noviembre de 2021Hora:\u00a016:00 h-20:00 hDescargar el cartel Seminario Neuroderechos: Desaf\u00edos e implicaciones internacionales Seminario OnlineDisertantes: Jos\u00e9 manuel Mu\u00f1oz Molina &amp; Jos\u00e9 \u00c1ngel Marinaro &amp; Pedro Ba\u00f1os &hellip; <\/p>\n<p class=\"link-more\"><a href=\"https:\/\/blog.uclm.es\/areadpenalto\/actividades-de-transferencia-del-proyecto-n2\/\" class=\"more-link\">Continuar leyendo<span class=\"screen-reader-text\"> \u00abActividades de transferencia del Proyecto N2\u00bb<\/span><\/a><\/p>\n","protected":false},"author":132,"featured_media":0,"parent":0,"menu_order":0,"comment_status":"closed","ping_status":"closed","template":"","meta":{"footnotes":""},"class_list":["post-9131","page","type-page","status-publish","hentry"],"_links":{"self":[{"href":"https:\/\/blog.uclm.es\/areadpenalto\/wp-json\/wp\/v2\/pages\/9131","targetHints":{"allow":["GET"]}}],"collection":[{"href":"https:\/\/blog.uclm.es\/areadpenalto\/wp-json\/wp\/v2\/pages"}],"about":[{"href":"https:\/\/blog.uclm.es\/areadpenalto\/wp-json\/wp\/v2\/types\/page"}],"author":[{"embeddable":true,"href":"https:\/\/blog.uclm.es\/areadpenalto\/wp-json\/wp\/v2\/users\/132"}],"replies":[{"embeddable":true,"href":"https:\/\/blog.uclm.es\/areadpenalto\/wp-json\/wp\/v2\/comments?post=9131"}],"version-history":[{"count":3,"href":"https:\/\/blog.uclm.es\/areadpenalto\/wp-json\/wp\/v2\/pages\/9131\/revisions"}],"predecessor-version":[{"id":9652,"href":"https:\/\/blog.uclm.es\/areadpenalto\/wp-json\/wp\/v2\/pages\/9131\/revisions\/9652"}],"wp:attachment":[{"href":"https:\/\/blog.uclm.es\/areadpenalto\/wp-json\/wp\/v2\/media?parent=9131"}],"curies":[{"name":"wp","href":"https:\/\/api.w.org\/{rel}","templated":true}]}}