{"id":9119,"date":"2021-09-12T19:16:40","date_gmt":"2021-09-12T18:16:40","guid":{"rendered":"https:\/\/blog.uclm.es\/areadpenalto\/?page_id=9119"},"modified":"2022-12-22T12:43:09","modified_gmt":"2022-12-22T12:43:09","slug":"investigadorescresta","status":"publish","type":"page","link":"https:\/\/blog.uclm.es\/areadpenalto\/investigadorescresta\/","title":{"rendered":"Investigadores"},"content":{"rendered":"\n<h2 class=\"wp-block-heading\"><strong>Subproyecto 1<\/strong><\/h2>\n\n\n\n<p class=\"has-text-align-right\"><em>Manifestaciones y tendencias de la Crisis del Derecho penal del Estado de Derecho<\/em><\/p>\n\n\n\n<div class=\"wp-block-columns is-layout-flex wp-container-core-columns-is-layout-9d6595d7 wp-block-columns-is-layout-flex\">\n<div class=\"wp-block-column is-layout-flow wp-block-column-is-layout-flow\" style=\"flex-basis:33.33%\">\n<figure class=\"wp-block-image size-large\"><img decoding=\"async\" src=\"https:\/\/blog.uclm.es\/proyectocresta\/wp-content\/uploads\/sites\/143\/2020\/02\/image-2.png\" alt=\"\" \/><\/figure>\n<\/div>\n\n\n\n<div class=\"wp-block-column is-layout-flow wp-block-column-is-layout-flow\" style=\"flex-basis:66.66%\">\n<figure class=\"wp-block-table has-small-font-size\"><table><thead><tr><th><strong>Prof. Dr. D\u00ba Eduardo Demetrio Crespo (IP)<\/strong><\/th><\/tr><\/thead><tbody><tr><td><em>Catedr\u00e1tico de Derecho penal en Universidad de Castilla-La Mancha<\/em><br><a rel=\"noreferrer noopener\" href=\"mailto:Eduardo.Demetrio@uclm.es\" target=\"_blank\">Eduardo.Demetrio@uclm.es<br><\/a>(+34) 925 26 88 00 (5128 y 5171)<\/td><\/tr><\/tbody><\/table><figcaption class=\"wp-element-caption\"><em><a rel=\"noreferrer noopener\" href=\"https:\/\/blog.uclm.es\/eduardodemetrio\/\" target=\"_blank\">Accede al perfil completo<\/a><br><\/em><br><\/figcaption><\/figure>\n<\/div>\n<\/div>\n\n\n\n<div class=\"wp-block-columns is-layout-flex wp-container-core-columns-is-layout-9d6595d7 wp-block-columns-is-layout-flex\">\n<div class=\"wp-block-column is-layout-flow wp-block-column-is-layout-flow\" style=\"flex-basis:33.33%\">\n<figure class=\"wp-block-image size-large\"><img decoding=\"async\" src=\"https:\/\/blog.uclm.es\/proyectocresta\/wp-content\/uploads\/sites\/143\/2020\/03\/image-5.png\" alt=\"\" \/><\/figure>\n<\/div>\n\n\n\n<div class=\"wp-block-column is-layout-flow wp-block-column-is-layout-flow\" style=\"flex-basis:66.66%\">\n<figure class=\"wp-block-table has-small-font-size\"><table><thead><tr><th><strong>Profa. Dra. D\u00aa Carmen Delemsa Benito S\u00e1nchez<\/strong><\/th><\/tr><\/thead><tbody><tr><td><em>Profesora ayudante doctor en Universidad de Deusto<\/em><br><a rel=\"noreferrer noopener\" href=\"mailto:demelsa.benito@deusto.es\" target=\"_blank\">demelsa.benito@deusto.es<\/a><\/td><\/tr><\/tbody><\/table><figcaption class=\"wp-element-caption\"><em><a rel=\"noreferrer noopener\" href=\"https:\/\/www.deusto.es\/cs\/Satellite\/deusto\/es\/universidad-deusto\/sobre-deusto-0\/deusto-quienes-somos\/profesores\/15949\/profesor\" target=\"_blank\">Accede al perfil completo<\/a><br><\/em><\/figcaption><\/figure>\n<\/div>\n<\/div>\n\n\n\n<div class=\"wp-block-columns is-layout-flex wp-container-core-columns-is-layout-9d6595d7 wp-block-columns-is-layout-flex\">\n<div class=\"wp-block-column is-layout-flow wp-block-column-is-layout-flow\" style=\"flex-basis:33.33%\">\n<figure class=\"wp-block-image size-large\"><img decoding=\"async\" src=\"https:\/\/blog.uclm.es\/proyectocresta\/wp-content\/uploads\/sites\/143\/2020\/03\/image-6.png\" alt=\"\" \/><\/figure>\n<\/div>\n\n\n\n<div class=\"wp-block-column is-layout-flow wp-block-column-is-layout-flow\" style=\"flex-basis:66.66%\">\n<figure class=\"wp-block-table has-small-font-size\"><table><thead><tr><th><strong>Profa. Dra. D\u00aa Mirentxu Corcoy Bidasolo<\/strong><\/th><\/tr><\/thead><tbody><tr><td><em>Catedr\u00e1tica de Derecho penal en Universitat de Barcelona<\/em><br><a rel=\"noreferrer noopener\" href=\"mailto:mcorcoy@ub.edu\" target=\"_blank\">mcorcoy@ub.edu<\/a><\/td><\/tr><\/tbody><\/table><figcaption class=\"wp-element-caption\"><em><a rel=\"noreferrer noopener\" href=\"https:\/\/webgrec.ub.edu\/webpages\/000002\/cas\/mcorcoy.ub.edu.html\" target=\"_blank\">Accede al perfil completo<\/a><br><\/em><\/figcaption><\/figure>\n<\/div>\n<\/div>\n\n\n\n<div class=\"wp-block-columns is-layout-flex wp-container-core-columns-is-layout-9d6595d7 wp-block-columns-is-layout-flex\">\n<div class=\"wp-block-column is-layout-flow wp-block-column-is-layout-flow\" style=\"flex-basis:33.33%\">\n<figure class=\"wp-block-image size-large\"><img decoding=\"async\" src=\"https:\/\/blog.uclm.es\/proyectocresta\/wp-content\/uploads\/sites\/143\/2020\/02\/image-4-2.png\" alt=\"\" \/><\/figure>\n<\/div>\n\n\n\n<div class=\"wp-block-column is-layout-flow wp-block-column-is-layout-flow\" style=\"flex-basis:66.66%\">\n<figure class=\"wp-block-table has-small-font-size\"><table><thead><tr><th><strong>D\u00aa M\u00f3nica De La Cuerda Mart\u00edn<\/strong><\/th><\/tr><\/thead><tbody><tr><td><em>Contratada en Proyecto de Investigaci\u00f3n en Universidad de Castilla-La Mancha<\/em><br><a rel=\"noreferrer noopener\" href=\"mailto:Monica.CuerdaMartin@uclm.es\" target=\"_blank\">Monica.CuerdaMartin@uclm.es<\/a><\/td><\/tr><\/tbody><\/table><figcaption class=\"wp-element-caption\"><em><a rel=\"noreferrer noopener\" href=\"https:\/\/blog.uclm.es\/areadpenalto\/monica-de-la-cuerda\/\" target=\"_blank\">Accede al perfil completo<\/a><\/em><\/figcaption><\/figure>\n<\/div>\n<\/div>\n\n\n\n<div class=\"wp-block-columns is-layout-flex wp-container-core-columns-is-layout-9d6595d7 wp-block-columns-is-layout-flex\">\n<div class=\"wp-block-column is-layout-flow wp-block-column-is-layout-flow\" style=\"flex-basis:33.33%\">\n<figure class=\"wp-block-image size-full\"><img loading=\"lazy\" decoding=\"async\" width=\"200\" height=\"200\" src=\"https:\/\/blog.uclm.es\/areadpenalto\/wp-content\/uploads\/sites\/142\/2019\/11\/FGT.png\" alt=\"\" class=\"wp-image-5983\" srcset=\"https:\/\/blog.uclm.es\/areadpenalto\/wp-content\/uploads\/sites\/142\/2019\/11\/FGT.png 200w, https:\/\/blog.uclm.es\/areadpenalto\/wp-content\/uploads\/sites\/142\/2019\/11\/FGT-150x150.png 150w\" sizes=\"auto, (max-width: 200px) 100vw, 200px\" \/><\/figure>\n<\/div>\n\n\n\n<div class=\"wp-block-column is-layout-flow wp-block-column-is-layout-flow\" style=\"flex-basis:66.66%\">\n<figure class=\"wp-block-table has-small-font-size\"><table><thead><tr><th><strong>D\u00ba Faustino Garc\u00eda de la Torre Garc\u00eda<\/strong><\/th><\/tr><\/thead><tbody><tr><td><em>Becario FPU MECD<\/em><br><a rel=\"noreferrer noopener\" href=\"mailto:Faustino.GarciaTorre@uclm.es\" target=\"_blank\">Faustino.GarciaTorre@uclm.es<\/a><\/td><\/tr><\/tbody><\/table><figcaption class=\"wp-element-caption\"><em><a rel=\"noreferrer noopener\" href=\"https:\/\/blog.uclm.es\/areadpenalto\/faustino-garcia-de-la-torre\/\" target=\"_blank\">Accede al perfil completo<\/a><\/em><\/figcaption><\/figure>\n<\/div>\n<\/div>\n\n\n\n<div class=\"wp-block-columns is-layout-flex wp-container-core-columns-is-layout-9d6595d7 wp-block-columns-is-layout-flex\">\n<div class=\"wp-block-column is-layout-flow wp-block-column-is-layout-flow\" style=\"flex-basis:33.33%\">\n<figure class=\"wp-block-image size-large\"><img decoding=\"async\" src=\"https:\/\/blog.uclm.es\/proyectocresta\/wp-content\/uploads\/sites\/143\/2020\/03\/image-14.png\" alt=\"\" \/><\/figure>\n<\/div>\n\n\n\n<div class=\"wp-block-column is-layout-flow wp-block-column-is-layout-flow\" style=\"flex-basis:66.66%\">\n<figure class=\"wp-block-table has-small-font-size\"><table><thead><tr><th><strong>Profa. Dra. D\u00aa Ana M\u00aa Garrocho Salcedo<\/strong><\/th><\/tr><\/thead><tbody><tr><td><em>Profesora ayudante doctor en Universidad Carlos III<\/em><br><a rel=\"noreferrer noopener\" href=\"mailto:demelsa.benito@deusto.es\" target=\"_blank\">demelsa.benito@deusto.es<\/a><\/td><\/tr><\/tbody><\/table><figcaption class=\"wp-element-caption\"><a rel=\"noreferrer noopener\" href=\"https:\/\/uc3m.academia.edu\/ANAMGARROCHOSALCEDO\" target=\"_blank\"><em>Accede al perfil completo<\/em><\/a><\/figcaption><\/figure>\n<\/div>\n<\/div>\n\n\n\n<div class=\"wp-block-columns is-layout-flex wp-container-core-columns-is-layout-9d6595d7 wp-block-columns-is-layout-flex\">\n<div class=\"wp-block-column is-layout-flow wp-block-column-is-layout-flow\" style=\"flex-basis:33.33%\">\n<figure class=\"wp-block-image size-large\"><img decoding=\"async\" src=\"https:\/\/blog.uclm.es\/areadpenalto\/wp-content\/uploads\/sites\/142\/2019\/11\/image-4-6.png\" alt=\"\" \/><\/figure>\n<\/div>\n\n\n\n<div class=\"wp-block-column is-layout-flow wp-block-column-is-layout-flow\" style=\"flex-basis:66.66%\">\n<figure class=\"wp-block-table has-small-font-size\"><table><thead><tr><th><strong>Prof. Dr. D\u00ba Jes\u00fas Iv\u00e1n Mora Gonz\u00e1lez<\/strong><\/th><\/tr><\/thead><tbody><tr><td><em>Profesor de Derecho penal en Universidad de Granada<\/em><br><a rel=\"noreferrer noopener\" href=\"mailto:ivanmora@ugr.es\" target=\"_blank\">ivanmora@ugr.es<\/a><\/td><\/tr><\/tbody><\/table><figcaption class=\"wp-element-caption\"><a rel=\"noreferrer noopener\" href=\"https:\/\/directorio.ugr.es\/static\/PersonalUGR\/*\/show\/7df4efd6ccfaae551d663d481a5bd78f\" target=\"_blank\">Accede al perfil completo<\/a><\/figcaption><\/figure>\n<\/div>\n<\/div>\n\n\n\n<div class=\"wp-block-columns is-layout-flex wp-container-core-columns-is-layout-9d6595d7 wp-block-columns-is-layout-flex\">\n<div class=\"wp-block-column is-layout-flow wp-block-column-is-layout-flow\" style=\"flex-basis:33.33%\">\n<figure class=\"wp-block-image size-large\"><img decoding=\"async\" src=\"https:\/\/blog.uclm.es\/proyectocresta\/wp-content\/uploads\/sites\/143\/2020\/03\/image-15.png\" alt=\"\" \/><\/figure>\n<\/div>\n\n\n\n<div class=\"wp-block-column is-layout-flow wp-block-column-is-layout-flow\" style=\"flex-basis:66.66%\">\n<figure class=\"wp-block-table has-small-font-size\"><table><thead><tr><th><strong>Prof. Dr. D\u00ba V\u00edctor G\u00f3mez Mart\u00edn<\/strong><\/th><\/tr><\/thead><tbody><tr><td><em>Catedr\u00e1tico de Derecho penal en Universitat de Barcelona<\/em><br><a rel=\"noreferrer noopener\" href=\"mailto:victor.gomez@ub.edu\" target=\"_blank\">victor.gomez@ub.edu<\/a><\/td><\/tr><\/tbody><\/table><figcaption class=\"wp-element-caption\"><a rel=\"noreferrer noopener\" href=\"https:\/\/webgrec.ub.edu\/webpages\/000002\/cat\/victor.gomez.ub.edu.html\" target=\"_blank\">Accede al perfil completo<\/a><\/figcaption><\/figure>\n<\/div>\n<\/div>\n\n\n\n<div class=\"wp-block-columns is-layout-flex wp-container-core-columns-is-layout-9d6595d7 wp-block-columns-is-layout-flex\">\n<div class=\"wp-block-column is-layout-flow wp-block-column-is-layout-flow\" style=\"flex-basis:33.33%\">\n<figure class=\"wp-block-image size-large\"><img decoding=\"async\" src=\"https:\/\/blog.uclm.es\/proyectocresta\/wp-content\/uploads\/sites\/143\/2020\/02\/OLR.png\" alt=\"\" \/><\/figure>\n<\/div>\n\n\n\n<div class=\"wp-block-column is-layout-flow wp-block-column-is-layout-flow\" style=\"flex-basis:66.66%\">\n<figure class=\"wp-block-table has-small-font-size\"><table><thead><tr><th><strong>D\u00ba \u00d3scar L\u00f3pez Rey<\/strong><\/th><\/tr><\/thead><tbody><tr><td><em>Becario FPU MECD<\/em><br><a rel=\"noreferrer noopener\" href=\"mailto:Oscar.Lopez@uclm.es\" target=\"_blank\">Oscar.Lopez@uclm.es<\/a><\/td><\/tr><\/tbody><\/table><figcaption class=\"wp-element-caption\"><a href=\"https:\/\/blog.uclm.es\/areadpenalto\/oscar-lopez-rey\/\" target=\"_blank\" rel=\"noreferrer noopener\">Accede al perfil completo<\/a><\/figcaption><\/figure>\n<\/div>\n<\/div>\n\n\n\n<div class=\"wp-block-columns is-layout-flex wp-container-core-columns-is-layout-9d6595d7 wp-block-columns-is-layout-flex\">\n<div class=\"wp-block-column is-layout-flow wp-block-column-is-layout-flow\" style=\"flex-basis:33.33%\">\n<figure class=\"wp-block-image size-large\"><img decoding=\"async\" src=\"https:\/\/blog.uclm.es\/proyectocresta\/wp-content\/uploads\/sites\/143\/2020\/02\/image-2-1.png\" alt=\"\" \/><\/figure>\n<\/div>\n\n\n\n<div class=\"wp-block-column is-layout-flow wp-block-column-is-layout-flow\" style=\"flex-basis:66.66%\">\n<figure class=\"wp-block-table has-small-font-size\"><table><thead><tr><th><strong>Profa. Dra. D\u00aa M\u00aa Pilar Marco Francia<\/strong><\/th><\/tr><\/thead><tbody><tr><td><em>Profesora asociada de Derecho penal en Universidad en Universidad de Castilla-La Mancha<\/em><br><a rel=\"noreferrer noopener\" href=\"mailto:Pilar.Marco@uclm.es\" target=\"_blank\">Pilar.Marco@uclm.es<\/a><\/td><\/tr><\/tbody><\/table><figcaption class=\"wp-element-caption\"><a rel=\"noreferrer noopener\" href=\"https:\/\/blog.uclm.es\/areadpenalto\/mpilar-marco-francia\/\" target=\"_blank\">Accede al perfil completo<\/a><\/figcaption><\/figure>\n<\/div>\n<\/div>\n\n\n\n<div class=\"wp-block-columns is-layout-flex wp-container-core-columns-is-layout-9d6595d7 wp-block-columns-is-layout-flex\">\n<div class=\"wp-block-column is-layout-flow wp-block-column-is-layout-flow\" style=\"flex-basis:33.33%\">\n<figure class=\"wp-block-image size-full\"><img loading=\"lazy\" decoding=\"async\" width=\"200\" height=\"200\" src=\"https:\/\/blog.uclm.es\/areadpenalto\/wp-content\/uploads\/sites\/142\/2019\/11\/image-4-5.png\" alt=\"\" class=\"wp-image-6045\" srcset=\"https:\/\/blog.uclm.es\/areadpenalto\/wp-content\/uploads\/sites\/142\/2019\/11\/image-4-5.png 200w, https:\/\/blog.uclm.es\/areadpenalto\/wp-content\/uploads\/sites\/142\/2019\/11\/image-4-5-150x150.png 150w\" sizes=\"auto, (max-width: 200px) 100vw, 200px\" \/><\/figure>\n<\/div>\n\n\n\n<div class=\"wp-block-column is-layout-flow wp-block-column-is-layout-flow\" style=\"flex-basis:66.66%\">\n<figure class=\"wp-block-table has-small-font-size\"><table><thead><tr><th><strong>Prof. Dr. D\u00ba Manuel Maroto Calatayud<\/strong><\/th><\/tr><\/thead><tbody><tr><td><em>Profesor ayudante doctor en Universidad Complutense de Madrid<\/em><br><a rel=\"noreferrer noopener\" href=\"mailto:manumaro@ucm.es\" target=\"_blank\">manumaro@ucm.es<\/a><\/td><\/tr><\/tbody><\/table><figcaption class=\"wp-element-caption\"><a rel=\"noreferrer noopener\" href=\"https:\/\/www.ucm.es\/derechoprocesalyderechopenal\/maroto-calatayud,-manuel\" target=\"_blank\">Accede al perfil completo<\/a><\/figcaption><\/figure>\n<\/div>\n<\/div>\n\n\n\n<div class=\"wp-block-columns is-layout-flex wp-container-core-columns-is-layout-9d6595d7 wp-block-columns-is-layout-flex\">\n<div class=\"wp-block-column is-layout-flow wp-block-column-is-layout-flow\" style=\"flex-basis:33.33%\">\n<figure class=\"wp-block-image size-large\"><img decoding=\"async\" src=\"https:\/\/blog.uclm.es\/proyectocresta\/wp-content\/uploads\/sites\/143\/2020\/03\/image-2-3.png\" alt=\"\" \/><\/figure>\n<\/div>\n\n\n\n<div class=\"wp-block-column is-layout-flow wp-block-column-is-layout-flow\" style=\"flex-basis:66.66%\">\n<figure class=\"wp-block-table has-small-font-size\"><table><thead><tr><th><strong>Profa. Dra. D\u00aa \u00c1gata Mar\u00eda Sanz Hermida<\/strong><\/th><\/tr><\/thead><tbody><tr><td><em>Profesora titular de Derecho Procesal<\/em><br><a rel=\"noreferrer noopener\" href=\"mailto:Agata.Sanz@uclm.es\" target=\"_blank\">Agata.Sanz@uclm.es<\/a><\/td><\/tr><\/tbody><\/table><figcaption class=\"wp-element-caption\"><a rel=\"noreferrer noopener\" href=\"https:\/\/es.linkedin.com\/in\/agata-mar%C3%ADa-sanz-hermida-4b85813b\" target=\"_blank\">Accede al perfil completo<\/a><\/figcaption><\/figure>\n<\/div>\n<\/div>\n\n\n\n<div class=\"wp-block-columns is-layout-flex wp-container-core-columns-is-layout-9d6595d7 wp-block-columns-is-layout-flex\">\n<div class=\"wp-block-column is-layout-flow wp-block-column-is-layout-flow\" style=\"flex-basis:33.33%\">\n<figure class=\"wp-block-image size-large\"><img decoding=\"async\" src=\"https:\/\/blog.uclm.es\/proyectocresta\/wp-content\/uploads\/sites\/143\/2020\/03\/image-16.png\" alt=\"\" \/><\/figure>\n<\/div>\n\n\n\n<div class=\"wp-block-column is-layout-flow wp-block-column-is-layout-flow\" style=\"flex-basis:66.66%\">\n<figure class=\"wp-block-table has-small-font-size\"><table><thead><tr><th><strong>Profa. Dra. D\u00aa Laura Z\u00fa\u00f1iga Rodr\u00edguez<\/strong><\/th><\/tr><\/thead><tbody><tr><td><em>Catedr\u00e1tica de Derecho penal en Universidad de Salamanca<\/em><br><a rel=\"noreferrer noopener\" href=\"mailto:lzr@usal.es\" target=\"_blank\">lzr@usal.es<\/a><\/td><\/tr><\/tbody><\/table><figcaption class=\"wp-element-caption\"><a rel=\"noreferrer noopener\" href=\"http:\/\/campus.usal.es\/~dpenal\/paginas\/profesores\/laura.html\" target=\"_blank\">Accede al perfil completo<\/a><\/figcaption><\/figure>\n<\/div>\n<\/div>\n\n\n\n<hr class=\"wp-block-separator has-alpha-channel-opacity is-style-wide\" \/>\n\n\n\n<h2 class=\"wp-block-heading\"><strong>Subproyecto 2<\/strong><\/h2>\n\n\n\n<p class=\"has-text-align-right\">Desaf\u00edos de una Ciencia jur\u00eddico-penal garantista en el Estado Constitucional<\/p>\n\n\n\n<div class=\"wp-block-columns is-layout-flex wp-container-core-columns-is-layout-9d6595d7 wp-block-columns-is-layout-flex\">\n<div class=\"wp-block-column is-layout-flow wp-block-column-is-layout-flow\" style=\"flex-basis:33.33%\">\n<figure class=\"wp-block-image size-large\"><img decoding=\"async\" src=\"https:\/\/blog.uclm.es\/proyectocresta\/wp-content\/uploads\/sites\/143\/2020\/03\/werffewwef.png\" alt=\"\" \/><\/figure>\n<\/div>\n\n\n\n<div class=\"wp-block-column is-layout-flow wp-block-column-is-layout-flow\" style=\"flex-basis:66.66%\">\n<figure class=\"wp-block-table has-small-font-size\"><table><thead><tr><th><strong>Prof. Dr. D\u00ba Alfonso Jaime Garc\u00eda Figueroa<\/strong><\/th><\/tr><\/thead><tbody><tr><td><em>Catedr\u00e1tico de Filosof\u00eda del Derecho en Universidad de Castilla-La Mancha<\/em><\/td><\/tr><\/tbody><\/table><figcaption class=\"wp-element-caption\"><a rel=\"noreferrer noopener\" href=\"https:\/\/uclm.academia.edu\/AlfonsoGarc%C3%ADaFigueroa\" target=\"_blank\">Accede al perfil completo<\/a><\/figcaption><\/figure>\n<\/div>\n<\/div>\n\n\n\n<div class=\"wp-block-columns is-layout-flex wp-container-core-columns-is-layout-9d6595d7 wp-block-columns-is-layout-flex\">\n<div class=\"wp-block-column is-layout-flow wp-block-column-is-layout-flow\" style=\"flex-basis:33.33%\">\n<figure class=\"wp-block-image size-large\"><img decoding=\"async\" src=\"https:\/\/blog.uclm.es\/proyectocresta\/wp-content\/uploads\/sites\/143\/2020\/03\/image-18.png\" alt=\"\" \/><\/figure>\n<\/div>\n\n\n\n<div class=\"wp-block-column is-layout-flow wp-block-column-is-layout-flow\" style=\"flex-basis:66.66%\">\n<figure class=\"wp-block-table has-small-font-size\"><table><thead><tr><th><strong>Profa. Dra. D\u00aa Gema Mar\u00eda Marcilla C\u00f3rdoba<\/strong><\/th><\/tr><\/thead><tbody><tr><td><em>Profesora Titular de Filosof\u00eda del Derecho en Universidad de Castilla-La Mancha<\/em><\/td><\/tr><\/tbody><\/table><figcaption class=\"wp-element-caption\"><a rel=\"noreferrer noopener\" href=\"https:\/\/uclm.academia.edu\/GemaMarcillaC%C3%B3rdoba\" target=\"_blank\">Accede al perfil completo<\/a><\/figcaption><\/figure>\n<\/div>\n<\/div>\n\n\n\n<div class=\"wp-block-columns is-layout-flex wp-container-core-columns-is-layout-9d6595d7 wp-block-columns-is-layout-flex\">\n<div class=\"wp-block-column is-layout-flow wp-block-column-is-layout-flow\" style=\"flex-basis:33.33%\">\n<figure class=\"wp-block-image size-large\"><img decoding=\"async\" src=\"https:\/\/blog.uclm.es\/proyectocresta\/wp-content\/uploads\/sites\/143\/2020\/03\/image-19.png\" alt=\"\" \/><\/figure>\n<\/div>\n\n\n\n<div class=\"wp-block-column is-layout-flow wp-block-column-is-layout-flow\" style=\"flex-basis:66.66%\">\n<figure class=\"wp-block-table has-small-font-size\"><table><thead><tr><th><strong>Profa. Dra. D\u00aa Marina Gasc\u00f3n Abell\u00e1n<\/strong><\/th><\/tr><\/thead><tbody><tr><td><em>Catedr\u00e1tica de Filosof\u00eda del Derecho en Universidad de Castilla-La Mancha<\/em><\/td><\/tr><\/tbody><\/table><figcaption class=\"wp-element-caption\"><a rel=\"noreferrer noopener\" href=\"https:\/\/uclm.academia.edu\/MARINAGASCONABELLAN\" target=\"_blank\">Accede al perfil completo<\/a><\/figcaption><\/figure>\n<\/div>\n<\/div>\n\n\n\n<div class=\"wp-block-columns is-layout-flex wp-container-core-columns-is-layout-9d6595d7 wp-block-columns-is-layout-flex\">\n<div class=\"wp-block-column is-layout-flow wp-block-column-is-layout-flow\" style=\"flex-basis:33.33%\">\n<figure class=\"wp-block-image size-large\"><img decoding=\"async\" src=\"https:\/\/blog.uclm.es\/proyectocresta\/wp-content\/uploads\/sites\/143\/2020\/03\/image-2.png\" alt=\"\" \/><\/figure>\n<\/div>\n\n\n\n<div class=\"wp-block-column is-layout-flow wp-block-column-is-layout-flow\" style=\"flex-basis:66.66%\">\n<figure class=\"wp-block-table has-small-font-size\"><table><thead><tr><th><strong>Prof. Dr. D\u00ba Miguel \u00c1ngel Pacheco Rodr\u00edguez<\/strong><\/th><\/tr><\/thead><tbody><tr><td><em>Profesor titular de Filosof\u00eda del Derecho en Universidad de Castilla-La Mancha<\/em><\/td><\/tr><\/tbody><\/table><figcaption class=\"wp-element-caption\"><a rel=\"noreferrer noopener\" href=\"https:\/\/www.researchgate.net\/profile\/Miguel_Angel_Pacheco_Rodriguez\" target=\"_blank\">Accede al perfil completo<\/a><br><\/figcaption><\/figure>\n<\/div>\n<\/div>\n\n\n\n<div class=\"wp-block-columns is-layout-flex wp-container-core-columns-is-layout-9d6595d7 wp-block-columns-is-layout-flex\">\n<div class=\"wp-block-column is-layout-flow wp-block-column-is-layout-flow\" style=\"flex-basis:33.33%\">\n<figure class=\"wp-block-image size-large\"><img decoding=\"async\" src=\"https:\/\/blog.uclm.es\/proyectocresta\/wp-content\/uploads\/sites\/143\/2020\/03\/bb.jpg\" alt=\"\" \/><\/figure>\n<\/div>\n\n\n\n<div class=\"wp-block-column is-layout-flow wp-block-column-is-layout-flow\" style=\"flex-basis:66.66%\">\n<figure class=\"wp-block-table has-small-font-size\"><table><thead><tr><th><strong>Prof. Dr. D\u00ba Fernando Rovetta Klyver<\/strong><\/th><\/tr><\/thead><tbody><tr><td><em>Profesor contratado doctor de Filosof\u00eda del Derecho en Universidad de Castilla-La Mancha<\/em><\/td><\/tr><\/tbody><\/table><\/figure>\n<\/div>\n<\/div>\n\n\n\n<div class=\"wp-block-columns is-layout-flex wp-container-core-columns-is-layout-9d6595d7 wp-block-columns-is-layout-flex\">\n<div class=\"wp-block-column is-layout-flow wp-block-column-is-layout-flow\" style=\"flex-basis:33.33%\">\n<figure class=\"wp-block-image size-large\"><img decoding=\"async\" src=\"https:\/\/blog.uclm.es\/proyectocresta\/wp-content\/uploads\/sites\/143\/2020\/03\/image-1-1.png\" alt=\"\" \/><\/figure>\n<\/div>\n\n\n\n<div class=\"wp-block-column is-layout-flow wp-block-column-is-layout-flow\" style=\"flex-basis:66.66%\">\n<figure class=\"wp-block-table has-small-font-size\"><table><thead><tr><th><strong>Prof. Dr. D\u00ba Santiago Sastre Ariza<\/strong><\/th><\/tr><\/thead><tbody><tr><td><em>Profesor Titular de Filosof\u00eda del Derecho en Universidad de Castilla-La Mancha<\/em><\/td><\/tr><\/tbody><\/table><figcaption class=\"wp-element-caption\"><a rel=\"noreferrer noopener\" href=\"https:\/\/realacademiatoledo.es\/sastre-ariza-santiago\/\" target=\"_blank\">Accede al perfil completo<\/a><\/figcaption><\/figure>\n<\/div>\n<\/div>\n","protected":false},"excerpt":{"rendered":"<p>Subproyecto 1 Manifestaciones y tendencias de la Crisis del Derecho penal del Estado de Derecho Prof. Dr. D\u00ba Eduardo Demetrio Crespo (IP) Catedr\u00e1tico de Derecho penal en Universidad de Castilla-La ManchaEduardo.Demetrio@uclm.es(+34) 925 26 88 00 (5128 y 5171) Accede al perfil completo Profa. Dra. D\u00aa Carmen Delemsa Benito S\u00e1nchez Profesora ayudante doctor en Universidad de &hellip; <\/p>\n<p class=\"link-more\"><a href=\"https:\/\/blog.uclm.es\/areadpenalto\/investigadorescresta\/\" class=\"more-link\">Continuar leyendo<span class=\"screen-reader-text\"> \u00abInvestigadores\u00bb<\/span><\/a><\/p>\n","protected":false},"author":132,"featured_media":0,"parent":0,"menu_order":0,"comment_status":"closed","ping_status":"closed","template":"","meta":{"footnotes":""},"class_list":["post-9119","page","type-page","status-publish","hentry"],"_links":{"self":[{"href":"https:\/\/blog.uclm.es\/areadpenalto\/wp-json\/wp\/v2\/pages\/9119","targetHints":{"allow":["GET"]}}],"collection":[{"href":"https:\/\/blog.uclm.es\/areadpenalto\/wp-json\/wp\/v2\/pages"}],"about":[{"href":"https:\/\/blog.uclm.es\/areadpenalto\/wp-json\/wp\/v2\/types\/page"}],"author":[{"embeddable":true,"href":"https:\/\/blog.uclm.es\/areadpenalto\/wp-json\/wp\/v2\/users\/132"}],"replies":[{"embeddable":true,"href":"https:\/\/blog.uclm.es\/areadpenalto\/wp-json\/wp\/v2\/comments?post=9119"}],"version-history":[{"count":11,"href":"https:\/\/blog.uclm.es\/areadpenalto\/wp-json\/wp\/v2\/pages\/9119\/revisions"}],"predecessor-version":[{"id":9678,"href":"https:\/\/blog.uclm.es\/areadpenalto\/wp-json\/wp\/v2\/pages\/9119\/revisions\/9678"}],"wp:attachment":[{"href":"https:\/\/blog.uclm.es\/areadpenalto\/wp-json\/wp\/v2\/media?parent=9119"}],"curies":[{"name":"wp","href":"https:\/\/api.w.org\/{rel}","templated":true}]}}