{"id":8357,"date":"2020-03-15T22:05:02","date_gmt":"2020-03-15T21:05:02","guid":{"rendered":"http:\/\/blog.uclm.es\/areadpenalto\/?page_id=8357"},"modified":"2022-12-19T18:29:41","modified_gmt":"2022-12-19T18:29:41","slug":"postgrado2021dpch","status":"publish","type":"page","link":"https:\/\/blog.uclm.es\/areadpenalto\/postgrado2021dpch\/","title":{"rendered":"postgrado2021dpch"},"content":{"rendered":"\n<h2 class=\"wp-block-heading\"><strong>Derecho penal y Comportamiento Humano: avances desde la neurociencia y la inteligencia artificial<\/strong><\/h2>\n\n\n\n<h2 class=\"wp-block-heading\"><strong>Presentaci\u00f3n<\/strong><\/h2>\n\n\n\n<p>En esta ocasi\u00f3n, se ha optado por una propuesta amplia y, si se quiere, m\u00e1s innovadora, pero estamos convencidos que igual de atractiva, en torno a los fundamentos del Derecho penal vistos desde el punto de vista de los avances cient\u00edficos, con especial atenci\u00f3n a los \u00e1mbitos de la investigaci\u00f3n sobre el cerebro (Neurociencias) y las tecnolog\u00edas disruptivas (inteligencia artificial).<\/p>\n\n\n\n<p>Como es sabido, las estructuras y principios b\u00e1sicos de la teor\u00eda del delito han sido sometidos a ciertas \u201ctensiones\u201d como consecuencia de una progresiva normativizaci\u00f3n de los conceptos dogm\u00e1ticos relativos a la atribuci\u00f3n de la responsabilidad penal individual. A esto se ha sumado en los \u00faltimos tiempos el tsunami de la responsabilidad penal de las personas jur\u00eddicas, donde los compliance programms juegan un papel fundamental. Habiendo examinado estos cambios de manera transversal en la \u00faltima edici\u00f3n del curso cuyos resultados acaban de ver la luz en forma de obra colectiva (<a href=\"https:\/\/blog.uclm.es\/areadpenalto\/linea-4\/\" target=\"_blank\" rel=\"noreferrer noopener\">https:\/\/blog.uclm.es\/areadpenalto\/linea-4\/<\/a>), se impon\u00eda un cierto giro hacia el punto de partida.<\/p>\n\n\n\n<p>Este no es otro que el comportamiento humano y la responsabilidad penal -lo que abordaremos en el contexto del proyecto de investigaci\u00f3n hom\u00f3nimo concedido por el Ministerio de Innovaci\u00f3n y Ciencia de Espa\u00f1a (<a href=\"https:\/\/blog.uclm.es\/proyectodpch\/\" target=\"_blank\" rel=\"noreferrer noopener\">https:\/\/blog.uclm.es\/proyectodpch\/<\/a>), a la luz de los avances cient\u00edficos.<\/p>\n\n\n\n<p class=\"has-text-align-right\">Eduardo Demetrio Crespo<br>Catedr\u00e1tico de Derecho penal<br>\u00c1rea de Derecho penal de Toledo<\/p>\n\n\n\n<h2 class=\"wp-block-heading\"><strong>Programa acad\u00e9mico<\/strong><\/h2>\n\n\n\n<p><strong>I. AVANCES CIENT\u00cdFICOS Y DERECHO PENAL<\/strong><\/p>\n\n\n\n<p><strong>1. Conocimiento emp\u00edrico y Derecho penal<\/strong><\/p>\n\n\n\n<p><em>1.1 \u00bfD\u00e9ficits emp\u00edricos de conocimiento del sistema penal?<strong><\/strong><\/em><\/p>\n\n\n\n<p><em>1.2 Relaci\u00f3n entre la Dogm\u00e1tica, Pol\u00edtica criminal y Ciencia<\/em><\/p>\n\n\n\n<p><strong>2. Neurociencias y Neuroderecho<\/strong><\/p>\n\n\n\n<p><em>2.1 Din\u00e1mica evolutiva de las neurotecnolog\u00edas y capacidad de reacci\u00f3n\/asimilaci\u00f3n del Neuroderecho.<\/em><\/p>\n\n\n\n<p><em>2.2 Interfaz entre Neurociencias, inteligencia artificial y responsabilidad penal.<\/em><\/p>\n\n\n\n<p><strong>II. NEUROCIENCIAS, INTELIGENCIA ARTIFICIAL Y DERECHO PENAL<\/strong><\/p>\n\n\n\n<p><strong>1. Prestaciones del cerebro<\/strong><\/p>\n\n\n\n<p><em>1.2 Dimensiones: \u00bfpara qu\u00e9 sirve el cerebro?<\/em><\/p>\n\n\n\n<p><em>1.2 Cerebro y comportamiento<\/em><\/p>\n\n\n\n<p><strong>2. Inteligencia artificial<\/strong><\/p>\n\n\n\n<p><em>2.1 Concepto y dimensiones<\/em><\/p>\n\n\n\n<p><em>2.2 Blockchain y Quantum Computing<\/em><\/p>\n\n\n\n<p><strong>3. Justificaci\u00f3n del castigo<\/strong><\/p>\n\n\n\n<p><em>3.1 Legitimaci\u00f3n del castigo a la luz de la investigaci\u00f3n sobre el cerebro y las tecnolog\u00edas disruptivas.<\/em><\/p>\n\n\n\n<p><em>3.2 Libertad y responsabilidad: modelos filos\u00f3ficos y penales.<\/em><\/p>\n\n\n\n<p><em>3.3 Neurociencia, pena y comunicaci\u00f3n.<\/em><\/p>\n\n\n\n<p><strong>III. CIENCIAS DE LA CONDUCTA, CIENCIAS FORENSES Y DERECHO PENAL<\/strong><\/p>\n\n\n\n<p><strong>1. Vivencia subjetiva de libertad y responsabilidad penal<\/strong><\/p>\n\n\n\n<p><em>1.1 La perspectiva en primera y en tercera persona<\/em><\/p>\n\n\n\n<p><em>1.2 \u00bfSe puede probar la \u201clibertad contra-causal\u201d en un proceso penal?<\/em><\/p>\n\n\n\n<p><em>1.3 El papel de los \u201cestados mentales\u201d (emociones, sentimientos, etc.) en la argumentaci\u00f3n jur\u00eddica y el Derecho penal.<\/em><\/p>\n\n\n\n<p><strong>2. Ciencias Forenses, Neurociencias y Derecho penal<\/strong><\/p>\n\n\n\n<p><em>2.1 La relevancia e infalibilidad de los dict\u00e1menes periciales.<\/em><\/p>\n\n\n\n<p><em>2.2 El futuro de las \u201cpruebas de neuroimagen\u201d<\/em><\/p>\n\n\n\n<p><strong>3. Autores violentos, Derecho penal del hecho y responsabilidad penal<\/strong><\/p>\n\n\n\n<p><em>3.1 Causas de la agresividad y control de los impulsos<\/em><\/p>\n\n\n\n<p><em>3.2 \u00bfSe castiga por \u201chaberse convertido en quien se es\u201d?<\/em><\/p>\n\n\n\n<p><em>3.3 Perfil neuropsicol\u00f3gico e implicaciones pol\u00edtico-criminales<\/em><\/p>\n\n\n\n<p><em>3.4 Agresores sexuales violentos y Neurociencias.<\/em><\/p>\n\n\n\n<p><strong>IV. NEUROCIENCIAS, INTELIGENCIA ARTIFICIAL Y TEOR\u00cdA DEL DELITO<\/strong><\/p>\n\n\n\n<p><strong>1. Concepto de acci\u00f3n (o conducta)<\/strong><\/p>\n\n\n\n<p><em>1.1 La acci\u00f3n en Derecho penal: \u00bfinsostenibilidad del modelo conceptual?<\/em><\/p>\n\n\n\n<p><em>1.2 Revisando la relevancia de los actos instintivos y automatizados.<\/em><\/p>\n\n\n\n<p><em>1.3 Capacidad de acci\u00f3n y capacidad de culpabilidad: problemas de delimitaci\u00f3n.<\/em><\/p>\n\n\n\n<p><strong>2. Acci\u00f3n intencional y contenido del dolo<\/strong><\/p>\n\n\n\n<p><em>2.1 Presupuestos f\u00e1cticos del dolo a la luz de la Neurociencia.<\/em><\/p>\n\n\n\n<p><em>2.2 La concepci\u00f3n cognitiva del dolo a la luz de la Neurociencia cognitiva.<\/em><\/p>\n\n\n\n<p><strong>3. Inteligencia artificial y antijuridicidad<\/strong><\/p>\n\n\n\n<p><em>3.1 Hombre, m\u00e1quina y decisi\u00f3n antinormativa<\/em><\/p>\n\n\n\n<p><em>3.2 Programaci\u00f3n de sistemas (especialmente autom\u00f3viles) y causas de justificaci\u00f3n.<\/em><\/p>\n\n\n\n<p><strong>4. Culpabilidad \/ Imputabilidad<\/strong><\/p>\n\n\n\n<p><em>4.1 Imputabilidad, dignidad humana y sistema de la teor\u00eda del delito<\/em><\/p>\n\n\n\n<p><em>4.2 Causas de inimputabilidad: \u00bfuna ampliaci\u00f3n hacia el espectro de los trastornos l\u00edmite de la personalidad?<\/em><\/p>\n\n\n\n<p><em>4.3 Imputabilidad disminuida, minor\u00eda de edad y cerebro<\/em><\/p>\n\n\n\n<p><em>4. 4 Discapacidad intelectual y Derecho penal.<\/em><\/p>\n\n\n\n<p><strong>5. Peligrosidad y proporcionalidad en un Derecho penal democr\u00e1tico<\/strong><\/p>\n\n\n\n<p><em>5.1 El imputable peligroso como enemigo<\/em><\/p>\n\n\n\n<p><em>5.2 Arquitectura del sistema de consecuencias jur\u00eddicas<\/em><\/p>\n\n\n\n<p><strong>V. NEUROCIENCIAS, TECNOLOG\u00cdAS DISRUPTIVAS Y DERECHO PENAL: \u00bfHACIA UNA JUSTICIA PENAL ALGOR\u00cdTMICA?<\/strong><\/p>\n\n\n\n<p><strong>1. Tecnolog\u00edas disruptivas y prognosis cient\u00edfica de la peligrosidad<\/strong><\/p>\n\n\n\n<p><em>1.1 Utilizaci\u00f3n de valoraciones de riesgo de reincidencia en Derecho penal.<\/em><\/p>\n\n\n\n<p><em>1.2 Marcadores biol\u00f3gicos de la peligrosidad, risk assessment y Neuro-predicci\u00f3n: \u00bfmetamorfosis jurisdiccional?<\/em><\/p>\n\n\n\n<p><strong>2. Predective Sentencing<\/strong><\/p>\n\n\n\n<p><em>2.1 Plano general<\/em><\/p>\n\n\n\n<p><em>2.2 \u00bfUn nuevo modelo de individualizaci\u00f3n judicial de la pena?<\/em><\/p>\n\n\n\n<p><strong>VI. NEUROCIENCIAS, INTELIGENCIA ARTIFICIAL Y DERECHO PENAL ECON\u00d3MICO<\/strong><\/p>\n\n\n\n<p><strong>1. Sesgos cognitivos y delito econ\u00f3mico<\/strong><\/p>\n\n\n\n<p><em>1.1 Plano general<\/em><\/p>\n\n\n\n<p><em>1.2 Responsabilidad de las personas jur\u00eddicas y subjetividad<\/em><\/p>\n\n\n\n<p><strong>2. Gesti\u00f3n del riesgo y compliance<\/strong><\/p>\n\n\n\n<p><em>2.1 Plano general<\/em><\/p>\n\n\n\n<p><em>2.2 Smart contracts, compliance y ecosistema blockchain<\/em><\/p>\n\n\n\n<p><strong>3. Particularidades de la Parte Especial<\/strong><\/p>\n\n\n\n<p><em>3.1&nbsp;Delitos conta la propiedad intelectual e industrial<\/em><\/p>\n\n\n\n<p><em>3.2 Smart contracts, compliance y ecosistema Blockham<\/em><\/p>\n\n\n\n<p><strong>VII. \u201cNEURODERECHOS\u201d Y DERECHOS HUMANOS<\/strong><\/p>\n\n\n\n<p><strong>1. Sobre el \u201cm\u00e9todo cient\u00edfico\u201d y su relaci\u00f3n con el \u201cobjeto de conocimiento\u201d<\/strong><\/p>\n\n\n\n<p><em>1.1 El determinismo como \u201cm\u00e9todo cient\u00edfico\u201d<\/em><\/p>\n\n\n\n<p><em>1.2 El (supuesto) \u201cfallo categorial\u201d: de Ryle a Hassemer.<\/em><\/p>\n\n\n\n<p><em>1.3 \u201cFalacia mereol\u00f3gica\u201d: \u00bfconfundimos la parte con el todo?<\/em><\/p>\n\n\n\n<p><strong>2. Derecho penal y avances cient\u00edficos: riegos para los Derechos Fundamentales.<\/strong><\/p>\n\n\n\n<p><em>2.1 Intersecciones entre Neuro\u00e9tica y Neuroderecho<\/em><\/p>\n\n\n\n<p><em>2.2 Identidad, dignidad, y mejora humana (human enhancement)<\/em><\/p>\n\n\n\n<p><em>2.3 Derechos a la \u201cautodeterminaci\u00f3n\u201d e \u201cidentidad neurol\u00f3gica\u201d<\/em><\/p>\n\n\n\n<p><em>2.4 Optogen\u00e9tica: fundamentos y retos \u00e9tico-legales.<\/em><\/p>\n\n\n\n<p><em>2.5 Transhumanismo y Derecho penal: desaf\u00edos \u00e9ticos y jur\u00eddicos.<\/em><\/p>\n\n\n\n<h2 class=\"wp-block-heading\"><strong>Profesorado<\/strong><\/h2>\n\n\n\n<p>La plantilla&nbsp;de profesorado&nbsp;del curso&nbsp;se&nbsp;conformar\u00e1,&nbsp;en su gran mayor\u00eda,&nbsp;con los integrantes del equipo de investigaci\u00f3n y de trabajo del&nbsp;<a href=\"https:\/\/blog.uclm.es\/proyectodpch\/\" target=\"_blank\" rel=\"noreferrer noopener\">Proyecto&nbsp;de Investigaci\u00f3n-&nbsp;Programa I+D+i orientada a los retos de la sociedad&nbsp;\u201cDerecho penal y comportamiento humano\u201d (MICINN-RTI2018-097838-B-100)<\/a>&nbsp;concedido por el Ministerio de Ciencia, Innovaci\u00f3n y Universidades de Espa\u00f1a&nbsp;[IP: Eduardo Demetrio Crespo].&nbsp;Junto a ellos, intervendr\u00e1n&nbsp;dos conferenciantes externos del m\u00e1ximo prestigio internacional, que ser\u00e1n anunciados tan pronto hayan confirmado su participaci\u00f3n.&nbsp;<\/p>\n\n\n\n<p><a href=\"http:\/\/blog.uclm.es\/proyectodpch\/investigadores\/\" target=\"_blank\" rel=\"noreferrer noopener\">Pincha aqu\u00ed para conocerlos<\/a><\/p>\n","protected":false},"excerpt":{"rendered":"<p>Derecho penal y Comportamiento Humano: avances desde la neurociencia y la inteligencia artificial Presentaci\u00f3n En esta ocasi\u00f3n, se ha optado por una propuesta amplia y, si se quiere, m\u00e1s innovadora, pero estamos convencidos que igual de atractiva, en torno a los fundamentos del Derecho penal vistos desde el punto de vista de los avances cient\u00edficos, &hellip; <\/p>\n<p class=\"link-more\"><a href=\"https:\/\/blog.uclm.es\/areadpenalto\/postgrado2021dpch\/\" class=\"more-link\">Continuar leyendo<span class=\"screen-reader-text\"> \u00abpostgrado2021dpch\u00bb<\/span><\/a><\/p>\n","protected":false},"author":132,"featured_media":0,"parent":0,"menu_order":0,"comment_status":"closed","ping_status":"closed","template":"","meta":{"footnotes":""},"class_list":["post-8357","page","type-page","status-publish","hentry"],"_links":{"self":[{"href":"https:\/\/blog.uclm.es\/areadpenalto\/wp-json\/wp\/v2\/pages\/8357","targetHints":{"allow":["GET"]}}],"collection":[{"href":"https:\/\/blog.uclm.es\/areadpenalto\/wp-json\/wp\/v2\/pages"}],"about":[{"href":"https:\/\/blog.uclm.es\/areadpenalto\/wp-json\/wp\/v2\/types\/page"}],"author":[{"embeddable":true,"href":"https:\/\/blog.uclm.es\/areadpenalto\/wp-json\/wp\/v2\/users\/132"}],"replies":[{"embeddable":true,"href":"https:\/\/blog.uclm.es\/areadpenalto\/wp-json\/wp\/v2\/comments?post=8357"}],"version-history":[{"count":2,"href":"https:\/\/blog.uclm.es\/areadpenalto\/wp-json\/wp\/v2\/pages\/8357\/revisions"}],"predecessor-version":[{"id":9487,"href":"https:\/\/blog.uclm.es\/areadpenalto\/wp-json\/wp\/v2\/pages\/8357\/revisions\/9487"}],"wp:attachment":[{"href":"https:\/\/blog.uclm.es\/areadpenalto\/wp-json\/wp\/v2\/media?parent=8357"}],"curies":[{"name":"wp","href":"https:\/\/api.w.org\/{rel}","templated":true}]}}