{"id":7582,"date":"2019-11-28T14:47:22","date_gmt":"2019-11-28T13:47:22","guid":{"rendered":"http:\/\/blog.uclm.es\/eduardodemetrio\/?page_id=7582"},"modified":"2022-12-19T19:16:12","modified_gmt":"2022-12-19T19:16:12","slug":"curso-de-postgrado-2013","status":"publish","type":"page","link":"https:\/\/blog.uclm.es\/areadpenalto\/curso-de-postgrado-2013\/","title":{"rendered":"Curso de postgrado 2013"},"content":{"rendered":"\n<h2 class=\"wp-block-heading\"><strong>Derecho penal econ\u00f3mico y empresarial: Desaf\u00edos ante la crisis internacional.<\/strong><\/h2>\n\n\n\n<h2 class=\"wp-block-heading\"><strong>Presentaci\u00f3n<\/strong><\/h2>\n\n\n\n<p>Cada edici\u00f3n buscamos un perfil espec\u00edfico que lo diferencie de otras anteriores y que haga atractivo el curso incluso para quienes ya se hayan matriculado en el mismo con anterioridad. Por este motivo, en esta ocasi\u00f3n hemos querido centrarnos en las implicaciones jur\u00eddico-penales de la crisis econ\u00f3mica internacional que aflige a la econom\u00eda mundial desde 2008. Esta \u00faltima es el resultado de complejos fen\u00f3menos econ\u00f3micos, medioambientales, sociales, pol\u00edticos y jur\u00eddicos, \u00edntimamente vinculados a la globalizaci\u00f3n. La Ciencia Penal, desde hace tiempo, dirige sus esfuerzos a afrontar las consecuencias delictivas de los mismos, cuyos problemas se hallan en permanente evoluci\u00f3n y requieren una respuesta actualizada.<\/p>\n\n\n\n<p>En ese sentido, el debate acerca de la intervenci\u00f3n penal en la esfera econ\u00f3mica cobr\u00f3 una especial relevancia en una primera fase de la crisis, como reflejo de una nueva actitud que, rechazando las pol\u00edticas desreguladoras que presidieron las d\u00e9cadas precedentes, planteaba la necesidad de transformar los fundamentos mismos del capitalismo global. Esta aproximaci\u00f3n reformista ha quedado paulatinamente ensombrecida por otra m\u00e1s acorde con la teor\u00eda macroecon\u00f3mica ortodoxa, dejando en parte inexploradas las posibilidades de nuevas formas de intervenci\u00f3n penal. La crisis ha vuelto a poner de manifiesto los problemas del sistema penal a la hora de hacer frente a la delincuencia de cuello blanco, as\u00ed como la enorme capacidad crimin\u00f3gena de actores fundamentales de la vida econ\u00f3mica y que han de constituir un importante campo de investigaci\u00f3n criminol\u00f3gica, como son los intermediarios financieros, las agencias de rating, etc.<\/p>\n\n\n\n<p class=\"has-text-align-right\">Eduardo Demetrio Crespo<br>Catedr\u00e1tico de Derecho penal<br>\u00c1rea de Derecho penal Facultad de Toledo<\/p>\n\n\n\n<h2 class=\"wp-block-heading\"><strong>Programa acad\u00e9mico<\/strong><\/h2>\n\n\n\n<p><strong>Bloque I.&nbsp; Cuestiones criminol\u00f3gicas y pol\u00edtico-criminales<\/strong><\/p>\n\n\n\n<p>1. Cuatro d\u00e9cadas de pol\u00edtica criminal en materia socioecon\u00f3mica: de la crisis del&nbsp; petr\u00f3leo a la crisis de las hipotecas basura<br>2. Delincuencia y crisis internacional: obst\u00e1culos ideol\u00f3gicos, dogm\u00e1ticos y procesales a la persecuci\u00f3n de la criminalidad econ\u00f3mica<br>3. An\u00e1lisis econ\u00f3mico del Derecho, econom\u00eda pol\u00edtica, y pol\u00edtica criminal<br>4. Posibilidades y l\u00edmites del derecho penal como instrumento de intervenci\u00f3n econ\u00f3mica: \u00bfhacia una nueva utop\u00eda penal?<\/p>\n\n\n\n<p><strong>Bloque II.&nbsp; Parte general del derecho penal econ\u00f3mico<\/strong><\/p>\n\n\n\n<p>1. Las relaciones entre el derecho penal econ\u00f3mico y el derecho administrativo sancionador<br>2. Constituci\u00f3n, bien jur\u00eddico y derecho penal econ\u00f3mico<br>3. Los delitos de peligro y el riesgo tolerable en los negocios<br>4. Imputaci\u00f3n objetiva y principio de confianza en el derecho penal econ\u00f3mico y empresarial<br>5. Imputaci\u00f3n subjetiva y problemas de error en el derecho penal econ\u00f3mico y empresarial<br>6. La responsabilidad penal de administradores y superiores jer\u00e1rquicos: responsabilidad activa, omisiva y por decisiones colegiadas<br>7. La responsabilidad penal de los gatekeepers: imputaci\u00f3n y ejercicio de funciones de guardia y vigilancia<br>8. La responsabilidad penal de la corporaci\u00f3n: programas de cumplimiento normativo y culpabilidad de la propia organizaci\u00f3n<br>9. Autor\u00eda mediata a trav\u00e9s de aparatos organizados de poder, con especial atenci\u00f3n al caso Fujimori<\/p>\n\n\n\n<p><strong>Bloque III.&nbsp; Parte especial del derecho penal econ\u00f3mico<\/strong><\/p>\n\n\n\n<p>1. Delitos concursales y sociedades mercantiles en crisis<br>2. Precarizaci\u00f3n laboral y delitos contra los trabajadores.<br>3. La tutela penal del cr\u00e9dito y la inversi\u00f3n<br>4. Administraci\u00f3n desleal y retribuci\u00f3n de directivos<br>5. Delitos contra el mercado y agencias de calificaci\u00f3n de riesgos<br>6. C\u00e1rteles y derecho penal: la criminalizaci\u00f3n de las pr\u00e1cticas restrictivas de la competencia<br>7. Corrupci\u00f3n p\u00fablica, corrupci\u00f3n privada y financiaci\u00f3n ilegal de partidos pol\u00edticos: conceptos, evoluci\u00f3n y modelos de prevenci\u00f3n.<br>8. Delitos de malversaci\u00f3n, mal gobierno y control penal del gasto p\u00fablico<br>9. Blanqueo de bienes y capitales, criminalidad financiera y criminalidad organizada<br>10. Recuperaci\u00f3n de activos y comiso en el derecho penal econ\u00f3mico<br>11. La criminalizaci\u00f3n del peligro en el derecho penal ambiental: perspectiva comparada<br>12. Sabotaje inform\u00e1tico, delitos contra la propiedad intelectual e industrial, fraude de inversiones\u2026 \u00bfv\u00edas de expansi\u00f3n de un nuevo Derecho penal econ\u00f3mico?<br>13. Criminalidad bancaria y delitos financieros. Una perspectiva comparada.<\/p>\n\n\n\n<h2 class=\"wp-block-heading\"><strong>Profesorado<\/strong><\/h2>\n\n\n\n<p><strong>Dr. H.c. Mult. Luis Arroyo Zapatero.<\/strong><\/p>\n\n\n\n<p>Catedr\u00e1tico de Derecho penal y Director del Instituto de Derecho penal europeo e internacional de la Universidad de Castilla\u2010La Mancha, de la que es Rector em\u00e9rito. Desde 2002 es Presidente de Soci\u00e9t\u00e9 Internationale de D\u00e9fense Sociale. Director del Instituto de Derecho Penal Europeo e Internacional.<\/p>\n\n\n\n<p><strong>Dr. Isidoro Blanco Cordero<\/strong><br>Catedr\u00e1tico de Derecho del Penal de la Universidad de Alicante<\/p>\n\n\n\n<p><strong>Dr. Ignacio Berdugo G\u00f3mez de la Torre<\/strong><br>Catedr\u00e1tico de Derecho del Penal de la Universidad de Salamanca&nbsp;<\/p>\n\n\n\n<p><strong>Dr. Manuel Cancio Meli\u00e1<\/strong><br>Catedr\u00e1tico de Derecho del Penal de la Universidad de la Universidad aut\u00f3noma de Madrid<\/p>\n\n\n\n<p><strong>Dr. Dino Carlos Caro Coria.<\/strong><br>Profesor Ordinario Asociado de Derecho Penal en la Pontificia Universidad Cat\u00f3lica del Per\u00fa. Socio Fundador y Gerente General de Caro &amp; Asociados y del Centro de Estudios de Derecho Penal Econ\u00f3mico y de la Empresa<\/p>\n\n\n\n<p><strong>Dr. Eduardo Demetrio Crespo.<\/strong><br>Catedr\u00e1tico de Derecho Penal de la Universidad de Castilla-La Mancha en la Facultad de Ciencias Jur\u00eddicas y Sociales de Toledo.<\/p>\n\n\n\n<p><strong>Dr. H.c. Mult. Miguel D\u00edaz y Garc\u00eda Conlledo<\/strong>.<br>Catedr\u00e1tico de Derecho Penal de la Universidad de Le\u00f3n.<\/p>\n\n\n\n<p><strong>Dr. Jacobo Dopico Gomez-Aller<\/strong><br>Catedr\u00e1tico de Derecho Penal de la Universidad Carlos III de Madrid.&nbsp;<\/p>\n\n\n\n<p><strong>Dr\u00aa. Patricia Faraldo Cabana.<\/strong><br>Catedr\u00e1tica de Derecho Penal de la Universidad de La Coru\u00f1a.<\/p>\n\n\n\n<p><strong>Dr. Bernardo Feijoo S\u00e1nchez.<\/strong><br>Catedr\u00e1tico de Derecho Penal de la Universidad Aut\u00f3noma de Madrid.<\/p>\n\n\n\n<p><strong>Dr. Juan Carlos Ferr\u00e9 Oliv\u00e9.<\/strong><br>Catedr\u00e1tico de Derecho Penal de la Universidad de Huelva.<\/p>\n\n\n\n<p><strong>Dr. Nicol\u00e1s Garc\u00eda Rivas.<\/strong><br>Catedr\u00e1tico de Derecho Penal de la Universidad de Castilla-La Mancha en la Facultad de Derecho de Albacete. Director del Instituto de Derecho Penal Europeo e Internacional.<\/p>\n\n\n\n<p><strong>Dr. Diego G\u00f3mez Iniesta.<\/strong><br>Profesor Titular de Universidad en la Facultad de Derecho de Albacete de la Universidad de Castilla-La Mancha., de la que es decano desde 2010.<\/p>\n\n\n\n<p><strong>Dr. V\u00edctor G\u00f3mez-Mart\u00edn<\/strong><br>Profesor titular de Derecho penal en la Universidad de Barcelona.<\/p>\n\n\n\n<p><strong>Dr. Nicol\u00e1s Gonz\u00e1lez-Cu\u00e9llar Serrano.<\/strong><br>Catedr\u00e1tico de Derecho Procesal de la Facultad de Ciencias Jur\u00eddicas y Sociales de Toledo de la Universidad de Castilla-La Mancha.<\/p>\n\n\n\n<p><strong>Dr. Manuel G\u00f3mez Tomillo<\/strong><br>Catedr\u00e1tico de Derecho penal de la Universidad de Valladolid.&nbsp;<\/p>\n\n\n\n<p><strong>Dr. Luis Gracia Mart\u00edn<\/strong><br>Catedr\u00e1tico de Derecho penal de la Universidad de Zaragoza.<\/p>\n\n\n\n<p><strong>Dr. Diego Manuel Luz\u00f3n Pe\u00f1a<\/strong><br>Catedr\u00e1tico de Derecho penal de la Universidad complutense de Madrid.&nbsp;<\/p>\n\n\n\n<p><strong>Dr. Carlos Mart\u00ednez-Buj\u00e1n P\u00e9rez.<\/strong><br>Catedr\u00e1tico de Derecho Penal de la Universidad de La Coru\u00f1a.<\/p>\n\n\n\n<p><strong>Dr. Norberto de la Mata Barranco<\/strong>.<br>Catedr\u00e1tico de Derecho Penal de la Universidad del Pa\u00eds Vasco.<\/p>\n\n\n\n<p><strong>Dr. H. c. Mult. Francisco Mu\u00f1oz Conde.<\/strong><br>Catedr\u00e1tico de Derecho Penal de la Universidad Pablo de Olavide de Sevilla.<\/p>\n\n\n\n<p><strong>Dr. Ad\u00e1n Nieto Mart\u00edn.<\/strong><br>Catedr\u00e1tico de Derecho Penal de la Universidad de Castilla-La Mancha, subdirector del Instituto de Derecho Penal Europeo e Internacional (con sede en Ciudad Real). Vicepresidente de la Secci\u00f3n espa\u00f1ola de la Asociaci\u00f3n Internacional de Derecho Penal.<\/p>\n\n\n\n<p><strong>Dr\u00aa. Ana Isabel P\u00e9rez Cepeda.<\/strong><br>Catedr\u00e1tica habilitada de Derecho penal en la Universidad de Salamanca.<\/p>\n\n\n\n<p><strong>Dr\u00aa Ana Cristina Rodr\u00edguez Yag\u00fce<\/strong><br>Profesora de Derecho penal de la UCLM<\/p>\n\n\n\n<p><strong>Dr. Juan Mar\u00eda Terradillos Basoco.<\/strong><br>Catedr\u00e1tico de Derecho Penal de la Universidad de C\u00e1diz.<\/p>\n\n\n\n<p><strong>Dr\u00aa. Rosario de Vicente Mart\u00ednez.<\/strong><br>Catedr\u00e1tica de Derecho Penal en la Facultad de Derecho de Albacete de la Universidad de Castilla-La Mancha. Integrante del Panel de expertos externos del programa ACADEMIA desde 2009. Evaluadora de la Investigaci\u00f3n de la Pontificia Universidad Cat\u00f3lica del Per\u00fa, desde febrero 2012.<\/p>\n","protected":false},"excerpt":{"rendered":"<p>Derecho penal econ\u00f3mico y empresarial: Desaf\u00edos ante la crisis internacional. Presentaci\u00f3n Cada edici\u00f3n buscamos un perfil espec\u00edfico que lo diferencie de otras anteriores y que haga atractivo el curso incluso para quienes ya se hayan matriculado en el mismo con anterioridad. Por este motivo, en esta ocasi\u00f3n hemos querido centrarnos en las implicaciones jur\u00eddico-penales de &hellip; <\/p>\n<p class=\"link-more\"><a href=\"https:\/\/blog.uclm.es\/areadpenalto\/curso-de-postgrado-2013\/\" class=\"more-link\">Continuar leyendo<span class=\"screen-reader-text\"> \u00abCurso de postgrado 2013\u00bb<\/span><\/a><\/p>\n","protected":false},"author":132,"featured_media":0,"parent":0,"menu_order":0,"comment_status":"closed","ping_status":"closed","template":"","meta":{"footnotes":""},"class_list":["post-7582","page","type-page","status-publish","hentry"],"_links":{"self":[{"href":"https:\/\/blog.uclm.es\/areadpenalto\/wp-json\/wp\/v2\/pages\/7582","targetHints":{"allow":["GET"]}}],"collection":[{"href":"https:\/\/blog.uclm.es\/areadpenalto\/wp-json\/wp\/v2\/pages"}],"about":[{"href":"https:\/\/blog.uclm.es\/areadpenalto\/wp-json\/wp\/v2\/types\/page"}],"author":[{"embeddable":true,"href":"https:\/\/blog.uclm.es\/areadpenalto\/wp-json\/wp\/v2\/users\/132"}],"replies":[{"embeddable":true,"href":"https:\/\/blog.uclm.es\/areadpenalto\/wp-json\/wp\/v2\/comments?post=7582"}],"version-history":[{"count":3,"href":"https:\/\/blog.uclm.es\/areadpenalto\/wp-json\/wp\/v2\/pages\/7582\/revisions"}],"predecessor-version":[{"id":9503,"href":"https:\/\/blog.uclm.es\/areadpenalto\/wp-json\/wp\/v2\/pages\/7582\/revisions\/9503"}],"wp:attachment":[{"href":"https:\/\/blog.uclm.es\/areadpenalto\/wp-json\/wp\/v2\/media?parent=7582"}],"curies":[{"name":"wp","href":"https:\/\/api.w.org\/{rel}","templated":true}]}}