{"id":6094,"date":"2019-11-20T15:20:17","date_gmt":"2019-11-20T14:20:17","guid":{"rendered":"http:\/\/blog.uclm.es\/eduardodemetrio\/?page_id=6094"},"modified":"2022-12-21T18:46:29","modified_gmt":"2022-12-21T18:46:29","slug":"marcelo-castillo","status":"publish","type":"page","link":"https:\/\/blog.uclm.es\/areadpenalto\/marcelo-castillo\/","title":{"rendered":"Marcelo Castillo"},"content":{"rendered":"\n<h2 class=\"wp-block-heading\"><strong>Marcelo A. Castillo-Monterrey<\/strong><\/h2>\n\n\n\n<p class=\"has-text-align-right\">Universidad Nacional Aut\u00f3noma de Nicaragua<\/p>\n\n\n<div class=\"wp-block-image\">\n<figure class=\"aligncenter size-full\"><img loading=\"lazy\" decoding=\"async\" width=\"200\" height=\"200\" src=\"https:\/\/blog.uclm.es\/areadpenalto\/wp-content\/uploads\/sites\/142\/2019\/11\/marcecas-1.jpg\" alt=\"\" class=\"wp-image-6607\" srcset=\"https:\/\/blog.uclm.es\/areadpenalto\/wp-content\/uploads\/sites\/142\/2019\/11\/marcecas-1.jpg 200w, https:\/\/blog.uclm.es\/areadpenalto\/wp-content\/uploads\/sites\/142\/2019\/11\/marcecas-1-150x150.jpg 150w\" sizes=\"auto, (max-width: 200px) 100vw, 200px\" \/><\/figure>\n<\/div>\n\n\n<figure class=\"wp-block-table\"><table><thead><tr><th>Formaci\u00f3n acad\u00e9mica<\/th><\/tr><\/thead><tbody><tr><td>Nacido en Le\u00f3n, Nicaragua. Doctor Internacional en Derecho por la Universidad de Salamanca, con la tesis titulada \u201cExpoliaci\u00f3n y recuperaci\u00f3n de las riquezas nacionales: nuevos retos para el Derecho Penal Internacional\u201d, que obtuvo la distinci\u00f3n de \u201ccum laude\u201d por unanimidad. Es Licenciado en Derecho por la Universidad Nacional Aut\u00f3noma de Nicaragua (UNAN)-Le\u00f3n (1999); M\u00e1ster (2002) y Especialista (2001) en Derecho Penal por la Universidad de Salamanca en coordinaci\u00f3n con la UNAN-Le\u00f3n; en 2007 obtuvo el Grado de Salamanca; Experto en Derecho Penal Espa\u00f1ol para Juristas Extranjeros por la Universidad de Alcal\u00e1 (2009). A partir de 2012 se incorpora a la Facultad de Ciencias Jur\u00eddicas y Sociales de la Universidad Centroamericana como Profesor de Derecho Penal en los cursos de pregrado y postgrado.<\/td><\/tr><\/tbody><\/table><\/figure>\n\n\n\n<figure class=\"wp-block-table\"><table><thead><tr><th>Trayectoria acad\u00e9mica<\/th><\/tr><\/thead><tbody><tr><td>Desde 2007 se desempe\u00f1a como Investigador Cient\u00edfico del Instituto de Derecho Penal Europeo e Internacional de la Universidad de Castilla-La Mancha; es Profesor invitado en el \u00c1rea de Derecho Penal de la Facultad de Ciencias Jur\u00eddicas y Sociales de Toledo de la Universidad de Castilla-La Mancha. Asimismo, es miembro del Consejo Cient\u00edfico Internacional del Curso de Postgrado en Derecho Penal Econ\u00f3mico y Empresarial, el cual se inserta en el marco de los Cursos de Postgrado para Iberoam\u00e9rica ofrecidos por esta universidad espa\u00f1ola en su campus universitario de Toledo.<br><br>Becario, entre otras, de la Agencia Espa\u00f1ola de Cooperaci\u00f3n Internacional y Desarrollo (AECID-2002\/2005); del Instituto Internacional de Educaci\u00f3n (IIE) financiado por el Programa Internacional de Becas de la Fundaci\u00f3n Ford (IFP) en el marco del Programa Regional para M\u00e9xico y Centroam\u00e9rica de Becas de Posgrado en las Ciencias Sociales (2006\/2008); del Servicio Alem\u00e1n de Intercambio Acad\u00e9mico (DAAD-2008) en el programa de Becas para cursos intensivos de alem\u00e1n en Alemania en el Instituto Goethe de Friburgo de Brisgovia; del Banco Mundial en el Programa Robert S. McNamara Fellowships (RSM-2008\/2009).<\/td><\/tr><\/tbody><\/table><\/figure>\n\n\n\n<figure class=\"wp-block-table\"><table><thead><tr><th>Investigaci\u00f3n<\/th><\/tr><\/thead><tbody><tr><td>Ha realizado estancias de investigaci\u00f3n predoctorales en el Instituto Max Planck para el Derecho Penal Extranjero e Internacional en Friburgo de Brisgovia (2008\/2009); en el Instituto de Criminolog\u00eda de la Universidad de Panam\u00e1 (2009); en el Departamento de Disciplinas Jur\u00eddicas y Econ\u00f3micas Italianas, Europeas y Comparadas de la Facultad de Derecho de la Segunda Universidad de N\u00e1poles dentro del programa de doctorado \u201cInternacionalizaci\u00f3n de la Pol\u00edtica Criminal y sistemas penales\u201d (2010); en el Departamento de Ciencias Penales, Criminol\u00f3gicas y Penitenciarias de la Facultad de Derecho de la Universidad de N\u00e1poles \u201cFederico II\u201d (2010); en el \u00c1rea de Derecho Penal de la Facultad de Ciencias Jur\u00eddicas y Sociales de Toledo de la Universidad de Castilla-La Mancha.<br><br>Actual miembro de la Asociaci\u00f3n Latinoamericana de Derecho Penal y Criminolog\u00eda (ALPEC) y de la Sociedad Internacional de Defensa Social para una Pol\u00edtica Criminal Humanista (ISSD).<br><br>Su principal l\u00ednea de investigaci\u00f3n versa sobre el Derecho Penal Internacional y la criminalidad macroecon\u00f3mica, con atenci\u00f3n a la corrupci\u00f3n internacional y al sistema de medidas de prevenci\u00f3n y recuperaci\u00f3n de activos de origen il\u00edcito. Entre sus art\u00edculos publicados cabe mencionar: \u201cEl comiso como instrumento para la recuperaci\u00f3n de activos producto de la corrupci\u00f3n: Su desaprovechada reforma mediante Ley Org\u00e1nica 5\/2010\u201d. En: ZU\u00d1IGA RODR\u00cdGUEZ, Laura\/GORJ\u00d3N BARRANCO, M\u00aa Concepci\u00f3n\/ FERN\u00c1NDEZ GARC\u00cdA, Julio, La reforma penal de 2010. Salamanca: Ratio Legis, 2011; \u201cLa corrupci\u00f3n y sus efectos en el modelo de Estado constitucional\u201d, Revista cient\u00edfica Estudios en derecho y buen gobierno, Universidad Cat\u00f3lica de Colombia, N\u00ba 2 (1), Junio 2009.<\/td><\/tr><\/tbody><\/table><\/figure>\n","protected":false},"excerpt":{"rendered":"<p>Marcelo A. Castillo-Monterrey Universidad Nacional Aut\u00f3noma de Nicaragua Formaci\u00f3n acad\u00e9mica Nacido en Le\u00f3n, Nicaragua. Doctor Internacional en Derecho por la Universidad de Salamanca, con la tesis titulada \u201cExpoliaci\u00f3n y recuperaci\u00f3n de las riquezas nacionales: nuevos retos para el Derecho Penal Internacional\u201d, que obtuvo la distinci\u00f3n de \u201ccum laude\u201d por unanimidad. Es Licenciado en Derecho por &hellip; <\/p>\n<p class=\"link-more\"><a href=\"https:\/\/blog.uclm.es\/areadpenalto\/marcelo-castillo\/\" class=\"more-link\">Continuar leyendo<span class=\"screen-reader-text\"> \u00abMarcelo Castillo\u00bb<\/span><\/a><\/p>\n","protected":false},"author":132,"featured_media":0,"parent":0,"menu_order":0,"comment_status":"closed","ping_status":"closed","template":"","meta":{"footnotes":""},"class_list":["post-6094","page","type-page","status-publish","hentry"],"_links":{"self":[{"href":"https:\/\/blog.uclm.es\/areadpenalto\/wp-json\/wp\/v2\/pages\/6094","targetHints":{"allow":["GET"]}}],"collection":[{"href":"https:\/\/blog.uclm.es\/areadpenalto\/wp-json\/wp\/v2\/pages"}],"about":[{"href":"https:\/\/blog.uclm.es\/areadpenalto\/wp-json\/wp\/v2\/types\/page"}],"author":[{"embeddable":true,"href":"https:\/\/blog.uclm.es\/areadpenalto\/wp-json\/wp\/v2\/users\/132"}],"replies":[{"embeddable":true,"href":"https:\/\/blog.uclm.es\/areadpenalto\/wp-json\/wp\/v2\/comments?post=6094"}],"version-history":[{"count":4,"href":"https:\/\/blog.uclm.es\/areadpenalto\/wp-json\/wp\/v2\/pages\/6094\/revisions"}],"predecessor-version":[{"id":9610,"href":"https:\/\/blog.uclm.es\/areadpenalto\/wp-json\/wp\/v2\/pages\/6094\/revisions\/9610"}],"wp:attachment":[{"href":"https:\/\/blog.uclm.es\/areadpenalto\/wp-json\/wp\/v2\/media?parent=6094"}],"curies":[{"name":"wp","href":"https:\/\/api.w.org\/{rel}","templated":true}]}}