{"id":6082,"date":"2019-11-20T14:50:31","date_gmt":"2019-11-20T13:50:31","guid":{"rendered":"http:\/\/blog.uclm.es\/eduardodemetrio\/?page_id=6082"},"modified":"2022-12-21T18:20:46","modified_gmt":"2022-12-21T18:20:46","slug":"m-angel-mercado-morales","status":"publish","type":"page","link":"https:\/\/blog.uclm.es\/areadpenalto\/m-angel-mercado-morales\/","title":{"rendered":"M. \u00c1ngel Mercado Morales"},"content":{"rendered":"\n<h2 class=\"wp-block-heading\"><strong>Miguel \u00c1ngel Mercado Morales<\/strong><\/h2>\n\n\n\n<p class=\"has-text-align-right\">Universidad Nacional Aut\u00f3noma de M\u00e9xico<\/p>\n\n\n<div class=\"wp-block-image\">\n<figure class=\"aligncenter size-full\"><img loading=\"lazy\" decoding=\"async\" width=\"200\" height=\"200\" src=\"https:\/\/blog.uclm.es\/areadpenalto\/wp-content\/uploads\/sites\/142\/2019\/11\/Captura-de-pantalla-2016-06-28-a-las-10.44.38.jpg\" alt=\"\" class=\"wp-image-6600\" srcset=\"https:\/\/blog.uclm.es\/areadpenalto\/wp-content\/uploads\/sites\/142\/2019\/11\/Captura-de-pantalla-2016-06-28-a-las-10.44.38.jpg 200w, https:\/\/blog.uclm.es\/areadpenalto\/wp-content\/uploads\/sites\/142\/2019\/11\/Captura-de-pantalla-2016-06-28-a-las-10.44.38-150x150.jpg 150w\" sizes=\"auto, (max-width: 200px) 100vw, 200px\" \/><\/figure>\n<\/div>\n\n\n<figure class=\"wp-block-table\"><table><thead><tr><th>Formaci\u00f3n acad\u00e9mica<\/th><\/tr><\/thead><tbody><tr><td>Maestro en Derecho con orientaci\u00f3n terminal en Derecho Constitucional egresado de la Divisi\u00f3n de Estudios de Posgrado de la Facultad de Derecho de la Universidad Nacional Aut\u00f3noma de M\u00e9xico.<br><br>Licenciado en Derecho egresado de la Facultad de Derecho de la Universidad Nacional Aut\u00f3noma de M\u00e9xico.<br><br>Curso \u201cDerechos Humanos\u201d, impartido por el Instituto Nacional de Ciencias Penales de la Procuradur\u00eda General de la Rep\u00fablica del 24 de febrero de 2015 al 9 de abril de 2015.<br><br>Curso-Taller \u201cDerecho Constitucional comparado Am\u00e9rica latina y Am\u00e9rica del norte\u201d, Impartido por el Instituto de Investigaciones Jur\u00eddicas de la Universidad Nacional Aut\u00f3noma de M\u00e9xico del 8 al 11 de diciembre de 2014.<br><br>Diplomado \u201cSistema Acusatorio en el Proceso Penal\u201d, impartido por la Facultad de Derecho de la Universidad Nacional Aut\u00f3noma de M\u00e9xico de Septiembre de 2012 a febrero de 2013.<\/td><\/tr><\/tbody><\/table><\/figure>\n\n\n\n<figure class=\"wp-block-table\"><table><thead><tr><th>Investigaci\u00f3n<\/th><\/tr><\/thead><tbody><tr><td>Estancia de Investigaci\u00f3n en el \u00c1rea de Derecho Penal de la Facultad de Ciencias Jur\u00eddicas y Sociales de Toledo, Universidad de Castilla \u2013 La Mancha a cargo del Doctor Eduardo Demetrio Crespo. Durante el periodo que comprende febrero de 2016 a julio de 2016. T\u00edtulo de la investigaci\u00f3n \u201cLa observancia del principio de presunci\u00f3n de inocencia en M\u00e9xico, dentro del marco de la reforma constitucional en materia de justicia penal y seguridad p\u00fablica de 2008\u201d.<\/td><\/tr><\/tbody><\/table><\/figure>\n\n\n\n<h2 class=\"wp-block-heading\" style=\"text-decoration:underline\"><strong>Galer\u00eda de im\u00e1genes<\/strong><\/h2>\n\n\n\n<figure class=\"wp-block-gallery has-nested-images columns-default is-cropped wp-block-gallery-1 is-layout-flex wp-block-gallery-is-layout-flex\">\n<figure class=\"wp-block-image size-large\"><img loading=\"lazy\" decoding=\"async\" width=\"921\" height=\"691\" data-id=\"2791\" src=\"https:\/\/blog.uclm.es\/areadpenalto\/wp-content\/uploads\/sites\/142\/2016\/07\/DSCN5394.1.jpg\" alt=\"\" class=\"wp-image-2791\" srcset=\"https:\/\/blog.uclm.es\/areadpenalto\/wp-content\/uploads\/sites\/142\/2016\/07\/DSCN5394.1.jpg 921w, https:\/\/blog.uclm.es\/areadpenalto\/wp-content\/uploads\/sites\/142\/2016\/07\/DSCN5394.1-300x225.jpg 300w, https:\/\/blog.uclm.es\/areadpenalto\/wp-content\/uploads\/sites\/142\/2016\/07\/DSCN5394.1-768x576.jpg 768w\" sizes=\"auto, (max-width: 767px) 89vw, (max-width: 1000px) 54vw, (max-width: 1071px) 543px, 580px\" \/><\/figure>\n\n\n\n<figure class=\"wp-block-image size-large\"><img loading=\"lazy\" decoding=\"async\" width=\"921\" height=\"691\" data-id=\"2793\" src=\"https:\/\/blog.uclm.es\/areadpenalto\/wp-content\/uploads\/sites\/142\/2016\/07\/DSCN5396.1.jpg\" alt=\"\" class=\"wp-image-2793\" srcset=\"https:\/\/blog.uclm.es\/areadpenalto\/wp-content\/uploads\/sites\/142\/2016\/07\/DSCN5396.1.jpg 921w, https:\/\/blog.uclm.es\/areadpenalto\/wp-content\/uploads\/sites\/142\/2016\/07\/DSCN5396.1-300x225.jpg 300w, https:\/\/blog.uclm.es\/areadpenalto\/wp-content\/uploads\/sites\/142\/2016\/07\/DSCN5396.1-768x576.jpg 768w\" sizes=\"auto, (max-width: 767px) 89vw, (max-width: 1000px) 54vw, (max-width: 1071px) 543px, 580px\" \/><\/figure>\n<\/figure>\n","protected":false},"excerpt":{"rendered":"<p>Miguel \u00c1ngel Mercado Morales Universidad Nacional Aut\u00f3noma de M\u00e9xico Formaci\u00f3n acad\u00e9mica Maestro en Derecho con orientaci\u00f3n terminal en Derecho Constitucional egresado de la Divisi\u00f3n de Estudios de Posgrado de la Facultad de Derecho de la Universidad Nacional Aut\u00f3noma de M\u00e9xico. Licenciado en Derecho egresado de la Facultad de Derecho de la Universidad Nacional Aut\u00f3noma de &hellip; <\/p>\n<p class=\"link-more\"><a href=\"https:\/\/blog.uclm.es\/areadpenalto\/m-angel-mercado-morales\/\" class=\"more-link\">Continuar leyendo<span class=\"screen-reader-text\"> \u00abM. \u00c1ngel Mercado Morales\u00bb<\/span><\/a><\/p>\n","protected":false},"author":132,"featured_media":0,"parent":0,"menu_order":0,"comment_status":"closed","ping_status":"closed","template":"","meta":{"footnotes":""},"class_list":["post-6082","page","type-page","status-publish","hentry"],"_links":{"self":[{"href":"https:\/\/blog.uclm.es\/areadpenalto\/wp-json\/wp\/v2\/pages\/6082","targetHints":{"allow":["GET"]}}],"collection":[{"href":"https:\/\/blog.uclm.es\/areadpenalto\/wp-json\/wp\/v2\/pages"}],"about":[{"href":"https:\/\/blog.uclm.es\/areadpenalto\/wp-json\/wp\/v2\/types\/page"}],"author":[{"embeddable":true,"href":"https:\/\/blog.uclm.es\/areadpenalto\/wp-json\/wp\/v2\/users\/132"}],"replies":[{"embeddable":true,"href":"https:\/\/blog.uclm.es\/areadpenalto\/wp-json\/wp\/v2\/comments?post=6082"}],"version-history":[{"count":2,"href":"https:\/\/blog.uclm.es\/areadpenalto\/wp-json\/wp\/v2\/pages\/6082\/revisions"}],"predecessor-version":[{"id":9608,"href":"https:\/\/blog.uclm.es\/areadpenalto\/wp-json\/wp\/v2\/pages\/6082\/revisions\/9608"}],"wp:attachment":[{"href":"https:\/\/blog.uclm.es\/areadpenalto\/wp-json\/wp\/v2\/media?parent=6082"}],"curies":[{"name":"wp","href":"https:\/\/api.w.org\/{rel}","templated":true}]}}