{"id":6073,"date":"2019-11-20T14:08:14","date_gmt":"2019-11-20T13:08:14","guid":{"rendered":"http:\/\/blog.uclm.es\/eduardodemetrio\/?page_id=6073"},"modified":"2022-12-21T18:11:25","modified_gmt":"2022-12-21T18:11:25","slug":"m-eugenia-escobar","status":"publish","type":"page","link":"https:\/\/blog.uclm.es\/areadpenalto\/m-eugenia-escobar\/","title":{"rendered":"M.Eugenia Escobar"},"content":{"rendered":"\n<h2 class=\"wp-block-heading\"><strong>M\u00aa Eugenia Escobar Bravo<\/strong><\/h2>\n\n\n\n<p class=\"has-text-align-right\">Westf\u00e4lischen Wilhelms Universit\u00e4t M\u00fcnster<\/p>\n\n\n<div class=\"wp-block-image\">\n<figure class=\"aligncenter size-full\"><img loading=\"lazy\" decoding=\"async\" width=\"200\" height=\"200\" src=\"https:\/\/blog.uclm.es\/areadpenalto\/wp-content\/uploads\/sites\/142\/2019\/11\/Escobar-Bravo-web.jpg\" alt=\"\" class=\"wp-image-6578\" srcset=\"https:\/\/blog.uclm.es\/areadpenalto\/wp-content\/uploads\/sites\/142\/2019\/11\/Escobar-Bravo-web.jpg 200w, https:\/\/blog.uclm.es\/areadpenalto\/wp-content\/uploads\/sites\/142\/2019\/11\/Escobar-Bravo-web-150x150.jpg 150w\" sizes=\"auto, (max-width: 200px) 100vw, 200px\" \/><\/figure>\n<\/div>\n\n\n<figure class=\"wp-block-table\"><table><thead><tr><th>Formaci\u00f3n acad\u00e9mica<\/th><\/tr><\/thead><tbody><tr><td>Doctoranda en Derecho Penal en cotutela Universidad de M\u00fcnster y la Universidad de Barcelona, bajo la direcci\u00f3n del Prof. Dr. Stein y el Prof. Deiters en el Instituto de Derecho Penal de la Westf\u00e4lischen Wilhelms Universit\u00e4t M\u00fcnster, Alemania y en Cotutor\u00eda con la Prof. Mirentxu Corcoy Bidasolo y Prof. Jordi Nieva Fenoll del Instituto de Derecho Penal de la Universidad de Barcelona, Espa\u00f1a. Tesis titulada: \u201eDie Unrechtsvereinbarung als Kern der Bestechungsdelikte unter Ber\u00fccksichtigung internationaler Bez\u00fcge in Deutschland und Spanien\u201c. \u201eEl acuerdo de injusto como punto central de los delitos de corrupci\u00f3n en relaci\u00f3n con Alemania y Espa\u00f1a\u201c.<\/td><\/tr><\/tbody><\/table><\/figure>\n\n\n\n<figure class=\"wp-block-table\"><table><thead><tr><th>Trayectoria Profesional<\/th><\/tr><\/thead><tbody><tr><td>Asistente cient\u00edfica de la C\u00e1tedra de Derecho Penal, Procesal Penal y Derecho Penal Econ\u00f3mico a cargo del Prof. Mark Deiters de la Westf\u00e4lischen Wilhelms Universit\u00e4t M\u00fcnster.<br><br>Docente en la Facultades de Derecho de las Universidades de M\u00fcnster y Osnabr\u00fcck.<br><br>Coordinadora y Docente en la Academia Alemana de Formaci\u00f3n de Jueces y Fiscales en Tr\u00e9veris, Deutsche Richterakademie, Trier, Alemania.<\/td><\/tr><\/tbody><\/table><\/figure>\n\n\n\n<figure class=\"wp-block-table\"><table><thead><tr><th>Investigaci\u00f3n<\/th><\/tr><\/thead><tbody><tr><td>Sus principales l\u00edneas de investigaci\u00f3n son Delitos de Derecho Penal Econ\u00f3mico, en especial delitos relacionados a la corrupci\u00f3n, enriquecimiento il\u00edcito y lavado de dinero. Adem\u00e1s de aspectos de prevenci\u00f3n de la Corrupci\u00f3n y Compliance de Empresas. En el \u00e1mbito de derechos humanos se dedica a su vez a realizar investigaciones relacionadas en el marco de las garant\u00edas judiciales, acceso a la justicia y su relaci\u00f3n con la corrupci\u00f3n. Ha participado como ponente en diferentes congresos y seminarios en Derecho Penal y tambi\u00e9n en Derechos Humanos en Alemania, Argentina, Brasil, Costa Rica, Espa\u00f1a y Paraguay.<\/td><\/tr><\/tbody><\/table><\/figure>\n\n\n\n<h2 class=\"wp-block-heading\" style=\"text-decoration:underline\"><strong>Galer\u00eda de im\u00e1genes<\/strong><\/h2>\n\n\n\n<figure class=\"wp-block-gallery has-nested-images columns-default is-cropped wp-block-gallery-1 is-layout-flex wp-block-gallery-is-layout-flex\">\n<figure class=\"wp-block-image size-large\"><img loading=\"lazy\" decoding=\"async\" width=\"768\" height=\"1024\" data-id=\"4224\" src=\"https:\/\/blog.uclm.es\/areadpenalto\/wp-content\/uploads\/sites\/142\/2019\/02\/IMG_4763-768x1024.jpg\" alt=\"\" class=\"wp-image-4224\" srcset=\"https:\/\/blog.uclm.es\/areadpenalto\/wp-content\/uploads\/sites\/142\/2019\/02\/IMG_4763-768x1024.jpg 768w, https:\/\/blog.uclm.es\/areadpenalto\/wp-content\/uploads\/sites\/142\/2019\/02\/IMG_4763-225x300.jpg 225w, https:\/\/blog.uclm.es\/areadpenalto\/wp-content\/uploads\/sites\/142\/2019\/02\/IMG_4763-1152x1536.jpg 1152w, https:\/\/blog.uclm.es\/areadpenalto\/wp-content\/uploads\/sites\/142\/2019\/02\/IMG_4763-1536x2048.jpg 1536w, https:\/\/blog.uclm.es\/areadpenalto\/wp-content\/uploads\/sites\/142\/2019\/02\/IMG_4763-scaled.jpg 1920w\" sizes=\"auto, (max-width: 767px) 89vw, (max-width: 1000px) 54vw, (max-width: 1071px) 543px, 580px\" \/><\/figure>\n\n\n\n<figure class=\"wp-block-image size-large\"><img loading=\"lazy\" decoding=\"async\" width=\"768\" height=\"1024\" data-id=\"4268\" src=\"https:\/\/blog.uclm.es\/areadpenalto\/wp-content\/uploads\/sites\/142\/2019\/02\/IMG_5093-768x1024.jpg\" alt=\"\" class=\"wp-image-4268\" srcset=\"https:\/\/blog.uclm.es\/areadpenalto\/wp-content\/uploads\/sites\/142\/2019\/02\/IMG_5093-768x1024.jpg 768w, https:\/\/blog.uclm.es\/areadpenalto\/wp-content\/uploads\/sites\/142\/2019\/02\/IMG_5093-225x300.jpg 225w, https:\/\/blog.uclm.es\/areadpenalto\/wp-content\/uploads\/sites\/142\/2019\/02\/IMG_5093-1152x1536.jpg 1152w, https:\/\/blog.uclm.es\/areadpenalto\/wp-content\/uploads\/sites\/142\/2019\/02\/IMG_5093-1536x2048.jpg 1536w, https:\/\/blog.uclm.es\/areadpenalto\/wp-content\/uploads\/sites\/142\/2019\/02\/IMG_5093-scaled.jpg 1920w\" sizes=\"auto, (max-width: 767px) 89vw, (max-width: 1000px) 54vw, (max-width: 1071px) 543px, 580px\" \/><\/figure>\n\n\n\n<figure class=\"wp-block-image size-large\"><img loading=\"lazy\" decoding=\"async\" width=\"768\" height=\"1024\" data-id=\"4251\" src=\"https:\/\/blog.uclm.es\/areadpenalto\/wp-content\/uploads\/sites\/142\/2019\/02\/IMG_5012-768x1024.jpg\" alt=\"\" class=\"wp-image-4251\" srcset=\"https:\/\/blog.uclm.es\/areadpenalto\/wp-content\/uploads\/sites\/142\/2019\/02\/IMG_5012-768x1024.jpg 768w, https:\/\/blog.uclm.es\/areadpenalto\/wp-content\/uploads\/sites\/142\/2019\/02\/IMG_5012-225x300.jpg 225w, https:\/\/blog.uclm.es\/areadpenalto\/wp-content\/uploads\/sites\/142\/2019\/02\/IMG_5012-1152x1536.jpg 1152w, https:\/\/blog.uclm.es\/areadpenalto\/wp-content\/uploads\/sites\/142\/2019\/02\/IMG_5012-1536x2048.jpg 1536w, https:\/\/blog.uclm.es\/areadpenalto\/wp-content\/uploads\/sites\/142\/2019\/02\/IMG_5012-scaled.jpg 1920w\" sizes=\"auto, (max-width: 767px) 89vw, (max-width: 1000px) 54vw, (max-width: 1071px) 543px, 580px\" \/><\/figure>\n\n\n\n<figure class=\"wp-block-image size-large\"><img loading=\"lazy\" decoding=\"async\" width=\"1024\" height=\"768\" data-id=\"4258\" src=\"https:\/\/blog.uclm.es\/areadpenalto\/wp-content\/uploads\/sites\/142\/2019\/02\/IMG_5040-1024x768.jpg\" alt=\"\" class=\"wp-image-4258\" srcset=\"https:\/\/blog.uclm.es\/areadpenalto\/wp-content\/uploads\/sites\/142\/2019\/02\/IMG_5040-1024x768.jpg 1024w, https:\/\/blog.uclm.es\/areadpenalto\/wp-content\/uploads\/sites\/142\/2019\/02\/IMG_5040-300x225.jpg 300w, https:\/\/blog.uclm.es\/areadpenalto\/wp-content\/uploads\/sites\/142\/2019\/02\/IMG_5040-768x576.jpg 768w, https:\/\/blog.uclm.es\/areadpenalto\/wp-content\/uploads\/sites\/142\/2019\/02\/IMG_5040-1536x1152.jpg 1536w, https:\/\/blog.uclm.es\/areadpenalto\/wp-content\/uploads\/sites\/142\/2019\/02\/IMG_5040-2048x1536.jpg 2048w\" sizes=\"auto, (max-width: 767px) 89vw, (max-width: 1000px) 54vw, (max-width: 1071px) 543px, 580px\" \/><\/figure>\n\n\n\n<figure class=\"wp-block-image size-large\"><img loading=\"lazy\" decoding=\"async\" width=\"1024\" height=\"768\" data-id=\"4239\" src=\"https:\/\/blog.uclm.es\/areadpenalto\/wp-content\/uploads\/sites\/142\/2019\/02\/IMG_4851-1024x768.jpg\" alt=\"\" class=\"wp-image-4239\" srcset=\"https:\/\/blog.uclm.es\/areadpenalto\/wp-content\/uploads\/sites\/142\/2019\/02\/IMG_4851-1024x768.jpg 1024w, https:\/\/blog.uclm.es\/areadpenalto\/wp-content\/uploads\/sites\/142\/2019\/02\/IMG_4851-300x225.jpg 300w, https:\/\/blog.uclm.es\/areadpenalto\/wp-content\/uploads\/sites\/142\/2019\/02\/IMG_4851-768x576.jpg 768w, https:\/\/blog.uclm.es\/areadpenalto\/wp-content\/uploads\/sites\/142\/2019\/02\/IMG_4851-1536x1152.jpg 1536w, https:\/\/blog.uclm.es\/areadpenalto\/wp-content\/uploads\/sites\/142\/2019\/02\/IMG_4851-2048x1536.jpg 2048w\" sizes=\"auto, (max-width: 767px) 89vw, (max-width: 1000px) 54vw, (max-width: 1071px) 543px, 580px\" \/><\/figure>\n\n\n\n<figure class=\"wp-block-image size-large\"><img loading=\"lazy\" decoding=\"async\" width=\"1024\" height=\"768\" data-id=\"4223\" src=\"https:\/\/blog.uclm.es\/areadpenalto\/wp-content\/uploads\/sites\/142\/2019\/02\/IMG_4761-1024x768.jpg\" alt=\"\" class=\"wp-image-4223\" srcset=\"https:\/\/blog.uclm.es\/areadpenalto\/wp-content\/uploads\/sites\/142\/2019\/02\/IMG_4761-1024x768.jpg 1024w, https:\/\/blog.uclm.es\/areadpenalto\/wp-content\/uploads\/sites\/142\/2019\/02\/IMG_4761-300x225.jpg 300w, https:\/\/blog.uclm.es\/areadpenalto\/wp-content\/uploads\/sites\/142\/2019\/02\/IMG_4761-768x576.jpg 768w, https:\/\/blog.uclm.es\/areadpenalto\/wp-content\/uploads\/sites\/142\/2019\/02\/IMG_4761-1536x1152.jpg 1536w, https:\/\/blog.uclm.es\/areadpenalto\/wp-content\/uploads\/sites\/142\/2019\/02\/IMG_4761-2048x1536.jpg 2048w\" sizes=\"auto, (max-width: 767px) 89vw, (max-width: 1000px) 54vw, (max-width: 1071px) 543px, 580px\" \/><\/figure>\n\n\n\n<figure class=\"wp-block-image size-large\"><img loading=\"lazy\" decoding=\"async\" width=\"1024\" height=\"908\" data-id=\"4202\" src=\"https:\/\/blog.uclm.es\/areadpenalto\/wp-content\/uploads\/sites\/142\/2019\/02\/e5d18727-2290-4b6e-8fdf-e4397142410b-1024x908.jpg\" alt=\"\" class=\"wp-image-4202\" srcset=\"https:\/\/blog.uclm.es\/areadpenalto\/wp-content\/uploads\/sites\/142\/2019\/02\/e5d18727-2290-4b6e-8fdf-e4397142410b-1024x908.jpg 1024w, https:\/\/blog.uclm.es\/areadpenalto\/wp-content\/uploads\/sites\/142\/2019\/02\/e5d18727-2290-4b6e-8fdf-e4397142410b-300x266.jpg 300w, https:\/\/blog.uclm.es\/areadpenalto\/wp-content\/uploads\/sites\/142\/2019\/02\/e5d18727-2290-4b6e-8fdf-e4397142410b-768x681.jpg 768w, https:\/\/blog.uclm.es\/areadpenalto\/wp-content\/uploads\/sites\/142\/2019\/02\/e5d18727-2290-4b6e-8fdf-e4397142410b.jpg 1054w\" sizes=\"auto, (max-width: 767px) 89vw, (max-width: 1000px) 54vw, (max-width: 1071px) 543px, 580px\" \/><\/figure>\n\n\n\n<figure class=\"wp-block-image size-large\"><img loading=\"lazy\" decoding=\"async\" width=\"1024\" height=\"768\" data-id=\"4195\" src=\"https:\/\/blog.uclm.es\/areadpenalto\/wp-content\/uploads\/sites\/142\/2019\/02\/18676005-6734-4dd3-b068-65a242181a6f-1024x768.jpg\" alt=\"\" class=\"wp-image-4195\" srcset=\"https:\/\/blog.uclm.es\/areadpenalto\/wp-content\/uploads\/sites\/142\/2019\/02\/18676005-6734-4dd3-b068-65a242181a6f-1024x768.jpg 1024w, https:\/\/blog.uclm.es\/areadpenalto\/wp-content\/uploads\/sites\/142\/2019\/02\/18676005-6734-4dd3-b068-65a242181a6f-300x225.jpg 300w, https:\/\/blog.uclm.es\/areadpenalto\/wp-content\/uploads\/sites\/142\/2019\/02\/18676005-6734-4dd3-b068-65a242181a6f-768x576.jpg 768w, https:\/\/blog.uclm.es\/areadpenalto\/wp-content\/uploads\/sites\/142\/2019\/02\/18676005-6734-4dd3-b068-65a242181a6f.jpg 1280w\" sizes=\"auto, (max-width: 767px) 89vw, (max-width: 1000px) 54vw, (max-width: 1071px) 543px, 580px\" \/><\/figure>\n\n\n\n<figure class=\"wp-block-image size-large\"><img loading=\"lazy\" decoding=\"async\" width=\"1024\" height=\"768\" data-id=\"4188\" src=\"https:\/\/blog.uclm.es\/areadpenalto\/wp-content\/uploads\/sites\/142\/2019\/02\/71ebdbfa-2787-4cae-ad04-a619b15b6893.jpg\" alt=\"\" class=\"wp-image-4188\" srcset=\"https:\/\/blog.uclm.es\/areadpenalto\/wp-content\/uploads\/sites\/142\/2019\/02\/71ebdbfa-2787-4cae-ad04-a619b15b6893.jpg 1024w, https:\/\/blog.uclm.es\/areadpenalto\/wp-content\/uploads\/sites\/142\/2019\/02\/71ebdbfa-2787-4cae-ad04-a619b15b6893-300x225.jpg 300w, https:\/\/blog.uclm.es\/areadpenalto\/wp-content\/uploads\/sites\/142\/2019\/02\/71ebdbfa-2787-4cae-ad04-a619b15b6893-768x576.jpg 768w\" sizes=\"auto, (max-width: 767px) 89vw, (max-width: 1000px) 54vw, (max-width: 1071px) 543px, 580px\" \/><\/figure>\n<\/figure>\n","protected":false},"excerpt":{"rendered":"<p>M\u00aa Eugenia Escobar Bravo Westf\u00e4lischen Wilhelms Universit\u00e4t M\u00fcnster Formaci\u00f3n acad\u00e9mica Doctoranda en Derecho Penal en cotutela Universidad de M\u00fcnster y la Universidad de Barcelona, bajo la direcci\u00f3n del Prof. Dr. Stein y el Prof. Deiters en el Instituto de Derecho Penal de la Westf\u00e4lischen Wilhelms Universit\u00e4t M\u00fcnster, Alemania y en Cotutor\u00eda con la Prof. Mirentxu &hellip; <\/p>\n<p class=\"link-more\"><a href=\"https:\/\/blog.uclm.es\/areadpenalto\/m-eugenia-escobar\/\" class=\"more-link\">Continuar leyendo<span class=\"screen-reader-text\"> \u00abM.Eugenia Escobar\u00bb<\/span><\/a><\/p>\n","protected":false},"author":132,"featured_media":0,"parent":0,"menu_order":0,"comment_status":"closed","ping_status":"closed","template":"","meta":{"footnotes":""},"class_list":["post-6073","page","type-page","status-publish","hentry"],"_links":{"self":[{"href":"https:\/\/blog.uclm.es\/areadpenalto\/wp-json\/wp\/v2\/pages\/6073","targetHints":{"allow":["GET"]}}],"collection":[{"href":"https:\/\/blog.uclm.es\/areadpenalto\/wp-json\/wp\/v2\/pages"}],"about":[{"href":"https:\/\/blog.uclm.es\/areadpenalto\/wp-json\/wp\/v2\/types\/page"}],"author":[{"embeddable":true,"href":"https:\/\/blog.uclm.es\/areadpenalto\/wp-json\/wp\/v2\/users\/132"}],"replies":[{"embeddable":true,"href":"https:\/\/blog.uclm.es\/areadpenalto\/wp-json\/wp\/v2\/comments?post=6073"}],"version-history":[{"count":3,"href":"https:\/\/blog.uclm.es\/areadpenalto\/wp-json\/wp\/v2\/pages\/6073\/revisions"}],"predecessor-version":[{"id":9604,"href":"https:\/\/blog.uclm.es\/areadpenalto\/wp-json\/wp\/v2\/pages\/6073\/revisions\/9604"}],"wp:attachment":[{"href":"https:\/\/blog.uclm.es\/areadpenalto\/wp-json\/wp\/v2\/media?parent=6073"}],"curies":[{"name":"wp","href":"https:\/\/api.w.org\/{rel}","templated":true}]}}