{"id":6068,"date":"2019-11-20T14:01:02","date_gmt":"2019-11-20T13:01:02","guid":{"rendered":"http:\/\/blog.uclm.es\/eduardodemetrio\/?page_id=6068"},"modified":"2022-12-21T18:03:19","modified_gmt":"2022-12-21T18:03:19","slug":"andre-sota-sanchez","status":"publish","type":"page","link":"https:\/\/blog.uclm.es\/areadpenalto\/andre-sota-sanchez\/","title":{"rendered":"Andre sota Sanchez"},"content":{"rendered":"\n<h2 class=\"wp-block-heading\"><strong>Andr\u00e9 Sota S\u00e1nchez<\/strong><\/h2>\n\n\n\n<p class=\"has-text-align-right\">Universidad de San Mart\u00edn de Porres (Per\u00fa)<\/p>\n\n\n<div class=\"wp-block-image\">\n<figure class=\"aligncenter size-full\"><img loading=\"lazy\" decoding=\"async\" width=\"200\" height=\"200\" src=\"https:\/\/blog.uclm.es\/areadpenalto\/wp-content\/uploads\/sites\/142\/2019\/11\/Andre-Sota-Sanchez-web-01-1.jpg\" alt=\"\" class=\"wp-image-6573\" srcset=\"https:\/\/blog.uclm.es\/areadpenalto\/wp-content\/uploads\/sites\/142\/2019\/11\/Andre-Sota-Sanchez-web-01-1.jpg 200w, https:\/\/blog.uclm.es\/areadpenalto\/wp-content\/uploads\/sites\/142\/2019\/11\/Andre-Sota-Sanchez-web-01-1-150x150.jpg 150w\" sizes=\"auto, (max-width: 200px) 100vw, 200px\" \/><\/figure>\n<\/div>\n\n\n<figure class=\"wp-block-table\"><table><thead><tr><th>Formaci\u00f3n acad\u00e9mica<\/th><\/tr><\/thead><tbody><tr><td>Abogado por la Universidad de San Mart\u00edn de Porres (Per\u00fa). Maestr\u00eda en Ciencias Penales por la Universidad de San Mart\u00edn de Porres (Per\u00fa). T\u00edtulo de Especialista en prevenci\u00f3n y represi\u00f3n del blanqueo de dinero, responsabilidad criminal de las personas jur\u00eddicas y fraude fiscal, por la Universidad de Santiago de Compostela (Espa\u00f1a). T\u00edtulo de Especialista en Compliance y Buenas Pr\u00e1cticas Corporativas, por la Universidad del Pac\u00edfico (Per\u00fa). T\u00edtulo de Especialista en Compliance, por Aenor (Espa\u00f1a).<\/td><\/tr><\/tbody><\/table><\/figure>\n\n\n\n<figure class=\"wp-block-table\"><table><thead><tr><th>Investigaci\u00f3n<\/th><\/tr><\/thead><tbody><tr><td>Periodo de la estancia de investigaci\u00f3n: 9.1.2019 al 25.1.2019<br>Tema de investigaci\u00f3n: \u201cTest de eficacia de los programas de cumplimiento normativo en materia penal\u201d.<\/td><\/tr><\/tbody><\/table><\/figure>\n","protected":false},"excerpt":{"rendered":"<p>Andr\u00e9 Sota S\u00e1nchez Universidad de San Mart\u00edn de Porres (Per\u00fa) Formaci\u00f3n acad\u00e9mica Abogado por la Universidad de San Mart\u00edn de Porres (Per\u00fa). Maestr\u00eda en Ciencias Penales por la Universidad de San Mart\u00edn de Porres (Per\u00fa). T\u00edtulo de Especialista en prevenci\u00f3n y represi\u00f3n del blanqueo de dinero, responsabilidad criminal de las personas jur\u00eddicas y fraude fiscal, &hellip; <\/p>\n<p class=\"link-more\"><a href=\"https:\/\/blog.uclm.es\/areadpenalto\/andre-sota-sanchez\/\" class=\"more-link\">Continuar leyendo<span class=\"screen-reader-text\"> \u00abAndre sota Sanchez\u00bb<\/span><\/a><\/p>\n","protected":false},"author":132,"featured_media":0,"parent":0,"menu_order":0,"comment_status":"closed","ping_status":"closed","template":"","meta":{"footnotes":""},"class_list":["post-6068","page","type-page","status-publish","hentry"],"_links":{"self":[{"href":"https:\/\/blog.uclm.es\/areadpenalto\/wp-json\/wp\/v2\/pages\/6068","targetHints":{"allow":["GET"]}}],"collection":[{"href":"https:\/\/blog.uclm.es\/areadpenalto\/wp-json\/wp\/v2\/pages"}],"about":[{"href":"https:\/\/blog.uclm.es\/areadpenalto\/wp-json\/wp\/v2\/types\/page"}],"author":[{"embeddable":true,"href":"https:\/\/blog.uclm.es\/areadpenalto\/wp-json\/wp\/v2\/users\/132"}],"replies":[{"embeddable":true,"href":"https:\/\/blog.uclm.es\/areadpenalto\/wp-json\/wp\/v2\/comments?post=6068"}],"version-history":[{"count":2,"href":"https:\/\/blog.uclm.es\/areadpenalto\/wp-json\/wp\/v2\/pages\/6068\/revisions"}],"predecessor-version":[{"id":9601,"href":"https:\/\/blog.uclm.es\/areadpenalto\/wp-json\/wp\/v2\/pages\/6068\/revisions\/9601"}],"wp:attachment":[{"href":"https:\/\/blog.uclm.es\/areadpenalto\/wp-json\/wp\/v2\/media?parent=6068"}],"curies":[{"name":"wp","href":"https:\/\/api.w.org\/{rel}","templated":true}]}}