{"id":6062,"date":"2019-11-20T12:32:14","date_gmt":"2019-11-20T11:32:14","guid":{"rendered":"http:\/\/blog.uclm.es\/eduardodemetrio\/?page_id=6062"},"modified":"2022-12-21T17:57:44","modified_gmt":"2022-12-21T17:57:44","slug":"freddy-guerrero-aguirre","status":"publish","type":"page","link":"https:\/\/blog.uclm.es\/areadpenalto\/freddy-guerrero-aguirre\/","title":{"rendered":"Freddy Guerrero Aguirre"},"content":{"rendered":"\n<h2 class=\"wp-block-heading\"><strong>Freddy Gustavo Guerrero Aguirre<\/strong><\/h2>\n\n\n\n<p class=\"has-text-align-right\">Universit\u00e0 di Bologna<\/p>\n\n\n<div class=\"wp-block-image\">\n<figure class=\"aligncenter size-full\"><img loading=\"lazy\" decoding=\"async\" width=\"200\" height=\"200\" src=\"https:\/\/blog.uclm.es\/areadpenalto\/wp-content\/uploads\/sites\/142\/2019\/11\/Guerrero-Aguirre-web.jpg\" alt=\"\" class=\"wp-image-6566\" srcset=\"https:\/\/blog.uclm.es\/areadpenalto\/wp-content\/uploads\/sites\/142\/2019\/11\/Guerrero-Aguirre-web.jpg 200w, https:\/\/blog.uclm.es\/areadpenalto\/wp-content\/uploads\/sites\/142\/2019\/11\/Guerrero-Aguirre-web-150x150.jpg 150w\" sizes=\"auto, (max-width: 200px) 100vw, 200px\" \/><\/figure>\n<\/div>\n\n\n<figure class=\"wp-block-table\"><table><thead><tr><th>Formaci\u00f3n acad\u00e9mica<\/th><\/tr><\/thead><tbody><tr><td>Doctor en Derecho Constitucional (Alma Mater Studiorum \u2013 Universit\u00e1 di Bologna \u2013 Italia) y Doctor en Derecho Penal (Universidad Rey Juan Carlos \u2013 Espa\u00f1a). Master en Derecho P\u00fablico General (2008), y Derecho Comparado Europeo (2009) \u2013 Universit\u00e9 Panth\u00e9on Sorbonne (Paris 1) \u2013 Francia. Estancia Post Doctoral \u2013 Max Planck Institut (Alemania). Diplomado por la Escuela Diplom\u00e1tica de Espa\u00f1a. Actualmente, Subgerente de Investigaci\u00f3n \u2013 Escuela del MInisterio P\u00fablico \u201cDr. Gonzalo Ortiz de Zevallos Roedel\u201d \u2013 Fiscal\u00eda de la Naci\u00f3n (Lima \u2013 Per\u00fa).<\/td><\/tr><\/tbody><\/table><\/figure>\n\n\n\n<figure class=\"wp-block-table\"><table><thead><tr><th>Experiencia profesional<\/th><\/tr><\/thead><tbody><tr><td>Abogado Consejero ante la Corte Penal Internacional (La Haya \u2013 Holanda).<\/td><\/tr><\/tbody><\/table><\/figure>\n\n\n\n<figure class=\"wp-block-table\"><table><thead><tr><th>Investigaci\u00f3n<\/th><\/tr><\/thead><tbody><tr><td>T\u00f3picos de investigaci\u00f3n: En Derecho Penal: Crimen organizado: Mafia y Terrorismo, Apolog\u00eda del Terrorismo, Financiaci\u00f3n de organizaciones terroristas y mafiosas, Colaborador externo en asociaci\u00f3n mafiosa (concorrente esterno). En Derecho Constitucional:: Principio de Legalidad, Legitimidad Convencional (CEDH) de tipos penales jurisprudenciales.<br><br>Periodo de la estancia de investigaci\u00f3n: 17.1.2019 al 25.1.2019<br><br>Tema de investigaci\u00f3n: \u201cEl tratamiento penal de los delitos organizados en Espa\u00f1a, Italia y Per\u00fa\u201d.<\/td><\/tr><\/tbody><\/table><\/figure>\n\n\n\n<h2 class=\"wp-block-heading\" style=\"text-decoration:underline\"><strong>Galer\u00eda de im\u00e1genes<\/strong><\/h2>\n\n\n\n<figure class=\"wp-block-gallery has-nested-images columns-default is-cropped wp-block-gallery-1 is-layout-flex wp-block-gallery-is-layout-flex\">\n<figure class=\"wp-block-image size-large\"><img loading=\"lazy\" decoding=\"async\" width=\"1024\" height=\"768\" data-id=\"4258\" src=\"https:\/\/blog.uclm.es\/areadpenalto\/wp-content\/uploads\/sites\/142\/2019\/02\/IMG_5040-1024x768.jpg\" alt=\"\" class=\"wp-image-4258\" srcset=\"https:\/\/blog.uclm.es\/areadpenalto\/wp-content\/uploads\/sites\/142\/2019\/02\/IMG_5040-1024x768.jpg 1024w, https:\/\/blog.uclm.es\/areadpenalto\/wp-content\/uploads\/sites\/142\/2019\/02\/IMG_5040-300x225.jpg 300w, https:\/\/blog.uclm.es\/areadpenalto\/wp-content\/uploads\/sites\/142\/2019\/02\/IMG_5040-768x576.jpg 768w, https:\/\/blog.uclm.es\/areadpenalto\/wp-content\/uploads\/sites\/142\/2019\/02\/IMG_5040-1536x1152.jpg 1536w, https:\/\/blog.uclm.es\/areadpenalto\/wp-content\/uploads\/sites\/142\/2019\/02\/IMG_5040-2048x1536.jpg 2048w\" sizes=\"auto, (max-width: 767px) 89vw, (max-width: 1000px) 54vw, (max-width: 1071px) 543px, 580px\" \/><\/figure>\n\n\n\n<figure class=\"wp-block-image size-large\"><img loading=\"lazy\" decoding=\"async\" width=\"1024\" height=\"768\" data-id=\"4182\" src=\"https:\/\/blog.uclm.es\/areadpenalto\/wp-content\/uploads\/sites\/142\/2019\/02\/7a1100be-795b-415f-a8a8-0b29e1877179-1024x768.jpg\" alt=\"\" class=\"wp-image-4182\" srcset=\"https:\/\/blog.uclm.es\/areadpenalto\/wp-content\/uploads\/sites\/142\/2019\/02\/7a1100be-795b-415f-a8a8-0b29e1877179-1024x768.jpg 1024w, https:\/\/blog.uclm.es\/areadpenalto\/wp-content\/uploads\/sites\/142\/2019\/02\/7a1100be-795b-415f-a8a8-0b29e1877179-300x225.jpg 300w, https:\/\/blog.uclm.es\/areadpenalto\/wp-content\/uploads\/sites\/142\/2019\/02\/7a1100be-795b-415f-a8a8-0b29e1877179-768x576.jpg 768w, https:\/\/blog.uclm.es\/areadpenalto\/wp-content\/uploads\/sites\/142\/2019\/02\/7a1100be-795b-415f-a8a8-0b29e1877179-1536x1152.jpg 1536w, https:\/\/blog.uclm.es\/areadpenalto\/wp-content\/uploads\/sites\/142\/2019\/02\/7a1100be-795b-415f-a8a8-0b29e1877179.jpg 1600w\" sizes=\"auto, (max-width: 767px) 89vw, (max-width: 1000px) 54vw, (max-width: 1071px) 543px, 580px\" \/><\/figure>\n<\/figure>\n","protected":false},"excerpt":{"rendered":"<p>Freddy Gustavo Guerrero Aguirre Universit\u00e0 di Bologna Formaci\u00f3n acad\u00e9mica Doctor en Derecho Constitucional (Alma Mater Studiorum \u2013 Universit\u00e1 di Bologna \u2013 Italia) y Doctor en Derecho Penal (Universidad Rey Juan Carlos \u2013 Espa\u00f1a). Master en Derecho P\u00fablico General (2008), y Derecho Comparado Europeo (2009) \u2013 Universit\u00e9 Panth\u00e9on Sorbonne (Paris 1) \u2013 Francia. Estancia Post Doctoral &hellip; <\/p>\n<p class=\"link-more\"><a href=\"https:\/\/blog.uclm.es\/areadpenalto\/freddy-guerrero-aguirre\/\" class=\"more-link\">Continuar leyendo<span class=\"screen-reader-text\"> \u00abFreddy Guerrero Aguirre\u00bb<\/span><\/a><\/p>\n","protected":false},"author":132,"featured_media":0,"parent":0,"menu_order":0,"comment_status":"closed","ping_status":"closed","template":"","meta":{"footnotes":""},"class_list":["post-6062","page","type-page","status-publish","hentry"],"_links":{"self":[{"href":"https:\/\/blog.uclm.es\/areadpenalto\/wp-json\/wp\/v2\/pages\/6062","targetHints":{"allow":["GET"]}}],"collection":[{"href":"https:\/\/blog.uclm.es\/areadpenalto\/wp-json\/wp\/v2\/pages"}],"about":[{"href":"https:\/\/blog.uclm.es\/areadpenalto\/wp-json\/wp\/v2\/types\/page"}],"author":[{"embeddable":true,"href":"https:\/\/blog.uclm.es\/areadpenalto\/wp-json\/wp\/v2\/users\/132"}],"replies":[{"embeddable":true,"href":"https:\/\/blog.uclm.es\/areadpenalto\/wp-json\/wp\/v2\/comments?post=6062"}],"version-history":[{"count":2,"href":"https:\/\/blog.uclm.es\/areadpenalto\/wp-json\/wp\/v2\/pages\/6062\/revisions"}],"predecessor-version":[{"id":9598,"href":"https:\/\/blog.uclm.es\/areadpenalto\/wp-json\/wp\/v2\/pages\/6062\/revisions\/9598"}],"wp:attachment":[{"href":"https:\/\/blog.uclm.es\/areadpenalto\/wp-json\/wp\/v2\/media?parent=6062"}],"curies":[{"name":"wp","href":"https:\/\/api.w.org\/{rel}","templated":true}]}}