{"id":6049,"date":"2019-11-20T11:50:00","date_gmt":"2019-11-20T10:50:00","guid":{"rendered":"http:\/\/blog.uclm.es\/eduardodemetrio\/?page_id=6049"},"modified":"2022-12-20T13:18:33","modified_gmt":"2022-12-20T13:18:33","slug":"ivan-mora-gonzalez","status":"publish","type":"page","link":"https:\/\/blog.uclm.es\/areadpenalto\/ivan-mora-gonzalez\/","title":{"rendered":"Ivan Mora Gonzalez"},"content":{"rendered":"\n<p class=\"has-medium-font-size\"><strong>Jes\u00fas Iv\u00e1n Mora Gonz\u00e1lez<\/strong><\/p>\n\n\n\n<p class=\"has-text-align-right\">Universidad de Granada<\/p>\n\n\n<div class=\"wp-block-image\">\n<figure class=\"aligncenter size-full is-resized\"><img loading=\"lazy\" decoding=\"async\" src=\"https:\/\/blog.uclm.es\/areadpenalto\/wp-content\/uploads\/sites\/142\/2020\/09\/Jesus-Ivan-Mora-Gonzalez-1.jpg\" alt=\"\" class=\"wp-image-8653\" width=\"203\" height=\"203\" \/><\/figure>\n<\/div>\n\n\n<figure class=\"wp-block-table\"><table><thead><tr><th>Formaci\u00f3n acad\u00e9mica<\/th><\/tr><\/thead><tbody><tr><td>Licenciado y doctor en Derecho por la Universidad de Castilla-La Mancha.<\/td><\/tr><\/tbody><\/table><\/figure>\n\n\n\n<figure class=\"wp-block-table\"><table><thead><tr><th>Experiencia profesional<\/th><\/tr><\/thead><tbody><tr><td>Profesor en la Universidad Internacional de Valencia (VIU), donde imparte Derecho penal y Derecho comparado.<\/td><\/tr><\/tbody><\/table><\/figure>\n\n\n\n<figure class=\"wp-block-table\"><table><thead><tr><th>Investigaci\u00f3n<\/th><\/tr><\/thead><tbody><tr><td>Su tesis doctoral obtiene la calificaci\u00f3n de sobresaliente cum laude, siendo base para su primera monograf\u00eda, \u201cLa proteccion Penal del derecho de marca: caminando hacia el monologo\u201d. Posteriormente trabaja como investigador en el Centre for Intellectual Property Policy &amp; Management (Bournemouth University) donde colabora en varios proyectos financiados por la Uni\u00f3n Europea desarrollando un an\u00e1lisis econ\u00f3mico y semi\u00f3tico de los derechos de propiedad intelectual. Tras su estancia en Reino Unido, trabaja como investigador en el Max Planck Institute for Innovation and Competition (M\u00fanich) en procesos de armonizaci\u00f3n penal europea relativa a los derechos de propiedad industrial.<\/td><\/tr><\/tbody><\/table><\/figure>\n","protected":false},"excerpt":{"rendered":"<p>Jes\u00fas Iv\u00e1n Mora Gonz\u00e1lez Universidad de Granada Formaci\u00f3n acad\u00e9mica Licenciado y doctor en Derecho por la Universidad de Castilla-La Mancha. Experiencia profesional Profesor en la Universidad Internacional de Valencia (VIU), donde imparte Derecho penal y Derecho comparado. Investigaci\u00f3n Su tesis doctoral obtiene la calificaci\u00f3n de sobresaliente cum laude, siendo base para su primera monograf\u00eda, \u201cLa &hellip; <\/p>\n<p class=\"link-more\"><a href=\"https:\/\/blog.uclm.es\/areadpenalto\/ivan-mora-gonzalez\/\" class=\"more-link\">Continuar leyendo<span class=\"screen-reader-text\"> \u00abIvan Mora Gonzalez\u00bb<\/span><\/a><\/p>\n","protected":false},"author":132,"featured_media":0,"parent":0,"menu_order":0,"comment_status":"closed","ping_status":"closed","template":"","meta":{"footnotes":""},"class_list":["post-6049","page","type-page","status-publish","hentry"],"_links":{"self":[{"href":"https:\/\/blog.uclm.es\/areadpenalto\/wp-json\/wp\/v2\/pages\/6049","targetHints":{"allow":["GET"]}}],"collection":[{"href":"https:\/\/blog.uclm.es\/areadpenalto\/wp-json\/wp\/v2\/pages"}],"about":[{"href":"https:\/\/blog.uclm.es\/areadpenalto\/wp-json\/wp\/v2\/types\/page"}],"author":[{"embeddable":true,"href":"https:\/\/blog.uclm.es\/areadpenalto\/wp-json\/wp\/v2\/users\/132"}],"replies":[{"embeddable":true,"href":"https:\/\/blog.uclm.es\/areadpenalto\/wp-json\/wp\/v2\/comments?post=6049"}],"version-history":[{"count":2,"href":"https:\/\/blog.uclm.es\/areadpenalto\/wp-json\/wp\/v2\/pages\/6049\/revisions"}],"predecessor-version":[{"id":9524,"href":"https:\/\/blog.uclm.es\/areadpenalto\/wp-json\/wp\/v2\/pages\/6049\/revisions\/9524"}],"wp:attachment":[{"href":"https:\/\/blog.uclm.es\/areadpenalto\/wp-json\/wp\/v2\/media?parent=6049"}],"curies":[{"name":"wp","href":"https:\/\/api.w.org\/{rel}","templated":true}]}}