{"id":6046,"date":"2019-11-20T11:36:55","date_gmt":"2019-11-20T10:36:55","guid":{"rendered":"http:\/\/blog.uclm.es\/eduardodemetrio\/?page_id=6046"},"modified":"2022-12-20T13:31:22","modified_gmt":"2022-12-20T13:31:22","slug":"manuel-maroto-calatayud","status":"publish","type":"page","link":"https:\/\/blog.uclm.es\/areadpenalto\/manuel-maroto-calatayud\/","title":{"rendered":"Manuel Maroto Calatayud"},"content":{"rendered":"\n<p class=\"has-medium-font-size\"><strong>Manuel Maroto Calatayud<\/strong><\/p>\n\n\n\n<p class=\"has-text-align-right\">Universidad Complutense de Madrid<\/p>\n\n\n<div class=\"wp-block-image\">\n<figure class=\"aligncenter size-full is-resized\"><img loading=\"lazy\" decoding=\"async\" src=\"https:\/\/blog.uclm.es\/areadpenalto\/wp-content\/uploads\/sites\/142\/2019\/11\/mmar-1.jpg\" alt=\"\" class=\"wp-image-6556\" width=\"243\" height=\"243\" srcset=\"https:\/\/blog.uclm.es\/areadpenalto\/wp-content\/uploads\/sites\/142\/2019\/11\/mmar-1.jpg 200w, https:\/\/blog.uclm.es\/areadpenalto\/wp-content\/uploads\/sites\/142\/2019\/11\/mmar-1-150x150.jpg 150w\" sizes=\"auto, (max-width: 243px) 100vw, 243px\" \/><\/figure>\n<\/div>\n\n\n<figure class=\"wp-block-table\"><table><thead><tr><th>Formaci\u00f3n acad\u00e9mica<\/th><\/tr><\/thead><tbody><tr><td>Doctor en derecho por la Universidad de Castilla-La Mancha, con una tesis titulada \u201cCorrupci\u00f3n y financiaci\u00f3n de partidos pol\u00edticos: un an\u00e1lisis pol\u00edtico-criminal\u201d (2012), un tema escasamente tratado con anterioridad en la doctrina penal.<\/td><\/tr><\/tbody><\/table><\/figure>\n\n\n\n<figure class=\"wp-block-table\"><table><thead><tr><th>Experiencia profesional<\/th><\/tr><\/thead><tbody><tr><td>En 2005-6 y 2008 fue investigador invitado en el Departamento de \u00c9tica Empresarial y Estudios Jur\u00eddicos de la Wharton School, en la Universidad de Pennsilvania, Filadelfia, as\u00ed como en el Zicklin Center for Business Ethics de la misma universidad. Coautor durante varios a\u00f1os de la rese\u00f1a semestral de jurisprudencia del Tribunal Europeo de Derechos Humanos que publica la Revista General de Derecho Penal.<\/td><\/tr><\/tbody><\/table><\/figure>\n\n\n\n<figure class=\"wp-block-table\"><table><thead><tr><th>Investigaci\u00f3n<\/th><\/tr><\/thead><tbody><tr><td>Sus principales l\u00edneas de investigaci\u00f3n han sido la corrupci\u00f3n y la financiaci\u00f3n de partidos, la responsabilidad penal de las personas jur\u00eddicas y ciertas tendencias pol\u00edtico criminales en materia tecnol\u00f3gica, tema \u00e9ste que ha analizado en publicaciones como El \u2018robo de identidad\u201d como producto de consumo pol\u00edtico-criminal, Revista de Derecho Penal y Criminolog\u00eda (La Ley: Argentina), n. 4, 2011 o Redes sociales en internet y \u201cdata mining\u201d en la prospecci\u00f3n e investigaci\u00f3n de comportamientos delictivos (en coautor\u00eda con Ad\u00e1n Nieto Mart\u00edn), en Derecho y redes sociales, Aranzadi, 2010. Desde 2011 forma parte del Comit\u00e9 Acad\u00e9mico de la Asociaci\u00f3n Latinoamericana de Derecho Penal y Criminolog\u00eda.<\/td><\/tr><\/tbody><\/table><\/figure>\n\n\n\n<h2 class=\"wp-block-heading\" style=\"text-decoration:underline\"><strong>Galer\u00eda de im\u00e1genes<\/strong><\/h2>\n\n\n\n<figure class=\"wp-block-gallery has-nested-images columns-default is-cropped wp-block-gallery-1 is-layout-flex wp-block-gallery-is-layout-flex\">\n<figure class=\"wp-block-image size-large\"><img loading=\"lazy\" decoding=\"async\" width=\"972\" height=\"730\" data-id=\"4211\" src=\"https:\/\/blog.uclm.es\/areadpenalto\/wp-content\/uploads\/sites\/142\/2019\/02\/IMG_4664-ANIMATION.gif\" alt=\"\" class=\"wp-image-4211\" \/><\/figure>\n\n\n\n<figure class=\"wp-block-image size-large\"><img loading=\"lazy\" decoding=\"async\" width=\"1024\" height=\"768\" data-id=\"4210\" src=\"https:\/\/blog.uclm.es\/areadpenalto\/wp-content\/uploads\/sites\/142\/2019\/02\/IMG_4657-1024x768.jpg\" alt=\"\" class=\"wp-image-4210\" srcset=\"https:\/\/blog.uclm.es\/areadpenalto\/wp-content\/uploads\/sites\/142\/2019\/02\/IMG_4657-1024x768.jpg 1024w, https:\/\/blog.uclm.es\/areadpenalto\/wp-content\/uploads\/sites\/142\/2019\/02\/IMG_4657-300x225.jpg 300w, https:\/\/blog.uclm.es\/areadpenalto\/wp-content\/uploads\/sites\/142\/2019\/02\/IMG_4657-768x576.jpg 768w, https:\/\/blog.uclm.es\/areadpenalto\/wp-content\/uploads\/sites\/142\/2019\/02\/IMG_4657-1536x1152.jpg 1536w, https:\/\/blog.uclm.es\/areadpenalto\/wp-content\/uploads\/sites\/142\/2019\/02\/IMG_4657-2048x1536.jpg 2048w\" sizes=\"auto, (max-width: 767px) 89vw, (max-width: 1000px) 54vw, (max-width: 1071px) 543px, 580px\" \/><\/figure>\n\n\n\n<figure class=\"wp-block-image size-large\"><img loading=\"lazy\" decoding=\"async\" width=\"1024\" height=\"768\" data-id=\"4205\" src=\"https:\/\/blog.uclm.es\/areadpenalto\/wp-content\/uploads\/sites\/142\/2019\/02\/IMG_4644-1024x768.jpg\" alt=\"\" class=\"wp-image-4205\" srcset=\"https:\/\/blog.uclm.es\/areadpenalto\/wp-content\/uploads\/sites\/142\/2019\/02\/IMG_4644-1024x768.jpg 1024w, https:\/\/blog.uclm.es\/areadpenalto\/wp-content\/uploads\/sites\/142\/2019\/02\/IMG_4644-300x225.jpg 300w, https:\/\/blog.uclm.es\/areadpenalto\/wp-content\/uploads\/sites\/142\/2019\/02\/IMG_4644-768x576.jpg 768w, https:\/\/blog.uclm.es\/areadpenalto\/wp-content\/uploads\/sites\/142\/2019\/02\/IMG_4644-1536x1152.jpg 1536w, https:\/\/blog.uclm.es\/areadpenalto\/wp-content\/uploads\/sites\/142\/2019\/02\/IMG_4644-2048x1536.jpg 2048w\" sizes=\"auto, (max-width: 767px) 89vw, (max-width: 1000px) 54vw, (max-width: 1071px) 543px, 580px\" \/><\/figure>\n\n\n\n<figure class=\"wp-block-image size-large\"><img loading=\"lazy\" decoding=\"async\" width=\"921\" height=\"691\" data-id=\"2793\" src=\"https:\/\/blog.uclm.es\/areadpenalto\/wp-content\/uploads\/sites\/142\/2016\/07\/DSCN5396.1.jpg\" alt=\"\" class=\"wp-image-2793\" srcset=\"https:\/\/blog.uclm.es\/areadpenalto\/wp-content\/uploads\/sites\/142\/2016\/07\/DSCN5396.1.jpg 921w, https:\/\/blog.uclm.es\/areadpenalto\/wp-content\/uploads\/sites\/142\/2016\/07\/DSCN5396.1-300x225.jpg 300w, https:\/\/blog.uclm.es\/areadpenalto\/wp-content\/uploads\/sites\/142\/2016\/07\/DSCN5396.1-768x576.jpg 768w\" sizes=\"auto, (max-width: 767px) 89vw, (max-width: 1000px) 54vw, (max-width: 1071px) 543px, 580px\" \/><\/figure>\n\n\n\n<figure class=\"wp-block-image size-large\"><img loading=\"lazy\" decoding=\"async\" width=\"921\" height=\"691\" data-id=\"2792\" src=\"https:\/\/blog.uclm.es\/areadpenalto\/wp-content\/uploads\/sites\/142\/2016\/07\/DSCN5395.1.jpg\" alt=\"\" class=\"wp-image-2792\" srcset=\"https:\/\/blog.uclm.es\/areadpenalto\/wp-content\/uploads\/sites\/142\/2016\/07\/DSCN5395.1.jpg 921w, https:\/\/blog.uclm.es\/areadpenalto\/wp-content\/uploads\/sites\/142\/2016\/07\/DSCN5395.1-300x225.jpg 300w, https:\/\/blog.uclm.es\/areadpenalto\/wp-content\/uploads\/sites\/142\/2016\/07\/DSCN5395.1-768x576.jpg 768w\" sizes=\"auto, (max-width: 767px) 89vw, (max-width: 1000px) 54vw, (max-width: 1071px) 543px, 580px\" \/><\/figure>\n\n\n\n<figure class=\"wp-block-image size-large\"><img loading=\"lazy\" decoding=\"async\" width=\"921\" height=\"691\" data-id=\"2791\" src=\"https:\/\/blog.uclm.es\/areadpenalto\/wp-content\/uploads\/sites\/142\/2016\/07\/DSCN5394.1.jpg\" alt=\"\" class=\"wp-image-2791\" srcset=\"https:\/\/blog.uclm.es\/areadpenalto\/wp-content\/uploads\/sites\/142\/2016\/07\/DSCN5394.1.jpg 921w, https:\/\/blog.uclm.es\/areadpenalto\/wp-content\/uploads\/sites\/142\/2016\/07\/DSCN5394.1-300x225.jpg 300w, https:\/\/blog.uclm.es\/areadpenalto\/wp-content\/uploads\/sites\/142\/2016\/07\/DSCN5394.1-768x576.jpg 768w\" sizes=\"auto, (max-width: 767px) 89vw, (max-width: 1000px) 54vw, (max-width: 1071px) 543px, 580px\" \/><\/figure>\n<\/figure>\n","protected":false},"excerpt":{"rendered":"<p>Manuel Maroto Calatayud Universidad Complutense de Madrid Formaci\u00f3n acad\u00e9mica Doctor en derecho por la Universidad de Castilla-La Mancha, con una tesis titulada \u201cCorrupci\u00f3n y financiaci\u00f3n de partidos pol\u00edticos: un an\u00e1lisis pol\u00edtico-criminal\u201d (2012), un tema escasamente tratado con anterioridad en la doctrina penal. Experiencia profesional En 2005-6 y 2008 fue investigador invitado en el Departamento de &hellip; <\/p>\n<p class=\"link-more\"><a href=\"https:\/\/blog.uclm.es\/areadpenalto\/manuel-maroto-calatayud\/\" class=\"more-link\">Continuar leyendo<span class=\"screen-reader-text\"> \u00abManuel Maroto Calatayud\u00bb<\/span><\/a><\/p>\n","protected":false},"author":132,"featured_media":0,"parent":0,"menu_order":0,"comment_status":"closed","ping_status":"closed","template":"","meta":{"footnotes":""},"class_list":["post-6046","page","type-page","status-publish","hentry"],"_links":{"self":[{"href":"https:\/\/blog.uclm.es\/areadpenalto\/wp-json\/wp\/v2\/pages\/6046","targetHints":{"allow":["GET"]}}],"collection":[{"href":"https:\/\/blog.uclm.es\/areadpenalto\/wp-json\/wp\/v2\/pages"}],"about":[{"href":"https:\/\/blog.uclm.es\/areadpenalto\/wp-json\/wp\/v2\/types\/page"}],"author":[{"embeddable":true,"href":"https:\/\/blog.uclm.es\/areadpenalto\/wp-json\/wp\/v2\/users\/132"}],"replies":[{"embeddable":true,"href":"https:\/\/blog.uclm.es\/areadpenalto\/wp-json\/wp\/v2\/comments?post=6046"}],"version-history":[{"count":3,"href":"https:\/\/blog.uclm.es\/areadpenalto\/wp-json\/wp\/v2\/pages\/6046\/revisions"}],"predecessor-version":[{"id":9528,"href":"https:\/\/blog.uclm.es\/areadpenalto\/wp-json\/wp\/v2\/pages\/6046\/revisions\/9528"}],"wp:attachment":[{"href":"https:\/\/blog.uclm.es\/areadpenalto\/wp-json\/wp\/v2\/media?parent=6046"}],"curies":[{"name":"wp","href":"https:\/\/api.w.org\/{rel}","templated":true}]}}