{"id":6034,"date":"2019-11-20T11:24:20","date_gmt":"2019-11-20T10:24:20","guid":{"rendered":"http:\/\/blog.uclm.es\/eduardodemetrio\/?page_id=6034"},"modified":"2022-12-23T10:59:28","modified_gmt":"2022-12-23T10:59:28","slug":"juan-ramon-serrano-piedecasas","status":"publish","type":"page","link":"https:\/\/blog.uclm.es\/areadpenalto\/juan-ramon-serrano-piedecasas\/","title":{"rendered":"Jos\u00e9 Ram\u00f3n Serrano-Piedecasas"},"content":{"rendered":"\n<p class=\"has-medium-font-size\"><strong>Jos\u00e9 Ram\u00f3n Serrano-Piedecasas Fern\u00e1ndez<\/strong><\/p>\n\n\n\n<p class=\"has-text-align-right\">Catedr\u00e1tico em\u00e9rito de Derecho Penal<\/p>\n\n\n<div class=\"wp-block-image\">\n<figure class=\"aligncenter size-full\"><img loading=\"lazy\" decoding=\"async\" width=\"200\" height=\"200\" src=\"https:\/\/blog.uclm.es\/areadpenalto\/wp-content\/uploads\/sites\/142\/2019\/11\/piedecasas_jose_ramon-2.jpg\" alt=\"\" class=\"wp-image-6268\" srcset=\"https:\/\/blog.uclm.es\/areadpenalto\/wp-content\/uploads\/sites\/142\/2019\/11\/piedecasas_jose_ramon-2.jpg 200w, https:\/\/blog.uclm.es\/areadpenalto\/wp-content\/uploads\/sites\/142\/2019\/11\/piedecasas_jose_ramon-2-150x150.jpg 150w\" sizes=\"auto, (max-width: 200px) 100vw, 200px\" \/><\/figure>\n<\/div>\n\n<div class=\"wp-block-image\">\n<figure class=\"aligncenter size-full\"><a href=\"https:\/\/dialnet.unirioja.es\/servlet\/autor?codigo=279622\" target=\"_blank\" rel=\"noreferrer noopener\"><img loading=\"lazy\" decoding=\"async\" width=\"120\" height=\"50\" src=\"https:\/\/blog.uclm.es\/areadpenalto\/wp-content\/uploads\/sites\/142\/2019\/11\/Dialnet-1.png\" alt=\"\" class=\"wp-image-6342\" \/><\/a><\/figure>\n<\/div>\n\n\n<figure class=\"wp-block-table\"><table><thead><tr><th>Formaci\u00f3n acad\u00e9mica<\/th><\/tr><\/thead><tbody><tr><td>Licenciado por la Universidad de Salamanca en 1988 con premio extraordinario de Licenciatura, en 1988 es nombrado Doctor en Derecho por la Universidad de Salamanca. Complet\u00f3 estudios en el Instituto de Criminolog\u00eda de la Universidad de Cambridge (RU) y en el Instituto de Criminolog\u00eda y Ciencias Penales de la Universidad de Colonia (Alemania). Miembro de diversos comit\u00e9s editoriales.<\/td><\/tr><\/tbody><\/table><\/figure>\n\n\n\n<figure class=\"wp-block-table\"><table><thead><tr><th>Experiencia profesional<\/th><\/tr><\/thead><tbody><tr><td>Profesor titular de Derecho Penal de la Universidad de Salamanca (1991), obtuvo la C\u00e1tedra de Derecho Penal en la Universidad de Las Palmas de Gran Canaria en 1998) y, posteriormente, la de la Universidad de Castilla La Mancha en 2002 hasta 2011).&nbsp;<\/td><\/tr><\/tbody><\/table><\/figure>\n\n\n\n<figure class=\"wp-block-table\"><table><thead><tr><th>Investigaci\u00f3n<\/th><\/tr><\/thead><tbody><tr><td>Sus l\u00edneas de investigaci\u00f3n se centran en \u00e1mbitos transversales, como la teor\u00eda del delito, teor\u00eda del Estado, y l\u00f3gica jur\u00eddica, las neurociencias y la filosof\u00eda del lenguaje.<br>Entre sus publicaciones destacan: Emergencia y crisis del Estado social (1988), La estafa en el contrato de seguro (1991), Conocimiento cient\u00edfico y fundamentos de Derecho Penal (1999), Fundamentaci\u00f3n del injusto en la tentativa (2001), Curso de Derecho Penal Parte General (2004), as\u00ed como la coedici\u00f3n de Cuestiones actuales de Derecho penal econ\u00f3mico ( 2008), Terrorismo y Estado de Derecho (2010), Cuestiones actuales de Derecho penal empresarial (2010).<\/td><\/tr><\/tbody><\/table><\/figure>\n","protected":false},"excerpt":{"rendered":"<p>Jos\u00e9 Ram\u00f3n Serrano-Piedecasas Fern\u00e1ndez Catedr\u00e1tico em\u00e9rito de Derecho Penal Formaci\u00f3n acad\u00e9mica Licenciado por la Universidad de Salamanca en 1988 con premio extraordinario de Licenciatura, en 1988 es nombrado Doctor en Derecho por la Universidad de Salamanca. Complet\u00f3 estudios en el Instituto de Criminolog\u00eda de la Universidad de Cambridge (RU) y en el Instituto de Criminolog\u00eda &hellip; <\/p>\n<p class=\"link-more\"><a href=\"https:\/\/blog.uclm.es\/areadpenalto\/juan-ramon-serrano-piedecasas\/\" class=\"more-link\">Continuar leyendo<span class=\"screen-reader-text\"> \u00abJos\u00e9 Ram\u00f3n Serrano-Piedecasas\u00bb<\/span><\/a><\/p>\n","protected":false},"author":132,"featured_media":0,"parent":0,"menu_order":0,"comment_status":"closed","ping_status":"closed","template":"","meta":{"footnotes":""},"class_list":["post-6034","page","type-page","status-publish","hentry"],"_links":{"self":[{"href":"https:\/\/blog.uclm.es\/areadpenalto\/wp-json\/wp\/v2\/pages\/6034","targetHints":{"allow":["GET"]}}],"collection":[{"href":"https:\/\/blog.uclm.es\/areadpenalto\/wp-json\/wp\/v2\/pages"}],"about":[{"href":"https:\/\/blog.uclm.es\/areadpenalto\/wp-json\/wp\/v2\/types\/page"}],"author":[{"embeddable":true,"href":"https:\/\/blog.uclm.es\/areadpenalto\/wp-json\/wp\/v2\/users\/132"}],"replies":[{"embeddable":true,"href":"https:\/\/blog.uclm.es\/areadpenalto\/wp-json\/wp\/v2\/comments?post=6034"}],"version-history":[{"count":5,"href":"https:\/\/blog.uclm.es\/areadpenalto\/wp-json\/wp\/v2\/pages\/6034\/revisions"}],"predecessor-version":[{"id":9724,"href":"https:\/\/blog.uclm.es\/areadpenalto\/wp-json\/wp\/v2\/pages\/6034\/revisions\/9724"}],"wp:attachment":[{"href":"https:\/\/blog.uclm.es\/areadpenalto\/wp-json\/wp\/v2\/media?parent=6034"}],"curies":[{"name":"wp","href":"https:\/\/api.w.org\/{rel}","templated":true}]}}