{"id":6005,"date":"2019-11-20T10:34:20","date_gmt":"2019-11-20T09:34:20","guid":{"rendered":"http:\/\/blog.uclm.es\/eduardodemetrio\/?page_id=6005"},"modified":"2022-12-20T16:02:05","modified_gmt":"2022-12-20T16:02:05","slug":"faustino-garcia-de-la-torre","status":"publish","type":"page","link":"https:\/\/blog.uclm.es\/areadpenalto\/faustino-garcia-de-la-torre\/","title":{"rendered":"Faustino Garc\u00eda de la Torre"},"content":{"rendered":"\n<p class=\"has-medium-font-size\"><strong>Faustino Garc\u00eda de la Torre<\/strong><\/p>\n\n\n\n<p class=\"has-text-align-right\"><a rel=\"noreferrer noopener\" href=\"mailto:Faustino.GarciaTorre@uclm.es\" target=\"_blank\">Faustino.GarciaTorre@uclm.es<\/a><br>Becario FPU MECD<\/p>\n\n\n<div class=\"wp-block-image\">\n<figure class=\"aligncenter size-full is-resized\"><img loading=\"lazy\" decoding=\"async\" src=\"https:\/\/blog.uclm.es\/areadpenalto\/wp-content\/uploads\/sites\/142\/2020\/09\/Faustino-Garcia-de-la-Torre-Garcia-Ok-1.png\" alt=\"\" class=\"wp-image-8651\" width=\"194\" height=\"194\" \/><\/figure>\n<\/div>\n\n\n<figure class=\"wp-block-table\"><table><thead><tr><th>Formaci\u00f3n acad\u00e9mica<\/th><\/tr><\/thead><tbody><tr><td>Graduado en Derecho por la UCLM con premio extraordinario de Grado (2016) curs\u00f3 el Master universitario en Derecho Constitucional (MUDECO) por la misma Universidad obteniendo tambi\u00e9n el premio extraordinario de M\u00e1ster (2017)<\/td><\/tr><\/tbody><\/table><\/figure>\n\n\n\n<figure class=\"wp-block-table\"><table><thead><tr><th>Experiencia profesional<\/th><\/tr><\/thead><tbody><tr><td>Ha sido becario de colaboraci\u00f3n del MECD durante el curso 2015\/2016 y becario de iniciaci\u00f3n de investigaci\u00f3n de la UCLM durante el curso 2016\/2017 en el \u00c1rea de Derecho penal. Actualmente sigue vinculado al \u00c1rea como beneficiado de una beca FPU del MECD.\u00a0<\/td><\/tr><\/tbody><\/table><\/figure>\n\n\n\n<figure class=\"wp-block-table\"><table><thead><tr><th>Investigaci\u00f3n<\/th><\/tr><\/thead><tbody><tr><td>Doctorando en Derecho penal, en su proyecto de tesis doctoral estudia las obligaciones estatales positivas en materia penal y la existencia y configuraci\u00f3n de una prohibici\u00f3n constitucional dirigida sobre el Estado de proteger deficientemente a los individuos.<\/td><\/tr><\/tbody><\/table><\/figure>\n\n\n\n<h2 class=\"wp-block-heading\"><strong>Galer\u00eda de im\u00e1genes<\/strong><\/h2>\n\n\n\n<figure class=\"wp-block-gallery has-nested-images columns-default is-cropped wp-block-gallery-1 is-layout-flex wp-block-gallery-is-layout-flex\">\n<figure class=\"wp-block-image size-large\"><img loading=\"lazy\" decoding=\"async\" width=\"1024\" height=\"768\" data-id=\"3563\" src=\"https:\/\/blog.uclm.es\/areadpenalto\/wp-content\/uploads\/sites\/142\/2018\/01\/IV-Seminario-de-estudio-02-1024x768.jpg\" alt=\"\" class=\"wp-image-3563\" srcset=\"https:\/\/blog.uclm.es\/areadpenalto\/wp-content\/uploads\/sites\/142\/2018\/01\/IV-Seminario-de-estudio-02-1024x768.jpg 1024w, https:\/\/blog.uclm.es\/areadpenalto\/wp-content\/uploads\/sites\/142\/2018\/01\/IV-Seminario-de-estudio-02-300x225.jpg 300w, https:\/\/blog.uclm.es\/areadpenalto\/wp-content\/uploads\/sites\/142\/2018\/01\/IV-Seminario-de-estudio-02-768x576.jpg 768w, https:\/\/blog.uclm.es\/areadpenalto\/wp-content\/uploads\/sites\/142\/2018\/01\/IV-Seminario-de-estudio-02.jpg 1152w\" sizes=\"auto, (max-width: 767px) 89vw, (max-width: 1000px) 54vw, (max-width: 1071px) 543px, 580px\" \/><figcaption class=\"wp-element-caption\">De izq. a dcha. D. Faustino Garc\u00eda de la Torre Garc\u00eda, D\u00f1a. M\u00f3nica de la Cuerda Mart\u00edn, D\u00f1a. Teresa Montero Ruiz y Prof. Dr. D. Eduardo Demetrio Crespo<\/figcaption><\/figure>\n\n\n\n<figure class=\"wp-block-image size-large\"><img loading=\"lazy\" decoding=\"async\" width=\"1024\" height=\"768\" data-id=\"4258\" src=\"https:\/\/blog.uclm.es\/areadpenalto\/wp-content\/uploads\/sites\/142\/2019\/02\/IMG_5040-1024x768.jpg\" alt=\"\" class=\"wp-image-4258\" srcset=\"https:\/\/blog.uclm.es\/areadpenalto\/wp-content\/uploads\/sites\/142\/2019\/02\/IMG_5040-1024x768.jpg 1024w, https:\/\/blog.uclm.es\/areadpenalto\/wp-content\/uploads\/sites\/142\/2019\/02\/IMG_5040-300x225.jpg 300w, https:\/\/blog.uclm.es\/areadpenalto\/wp-content\/uploads\/sites\/142\/2019\/02\/IMG_5040-768x576.jpg 768w, https:\/\/blog.uclm.es\/areadpenalto\/wp-content\/uploads\/sites\/142\/2019\/02\/IMG_5040-1536x1152.jpg 1536w, https:\/\/blog.uclm.es\/areadpenalto\/wp-content\/uploads\/sites\/142\/2019\/02\/IMG_5040-2048x1536.jpg 2048w\" sizes=\"auto, (max-width: 767px) 89vw, (max-width: 1000px) 54vw, (max-width: 1071px) 543px, 580px\" \/><\/figure>\n\n\n\n<figure class=\"wp-block-image size-large\"><img loading=\"lazy\" decoding=\"async\" width=\"1024\" height=\"768\" data-id=\"4214\" src=\"https:\/\/blog.uclm.es\/areadpenalto\/wp-content\/uploads\/sites\/142\/2019\/02\/IMG_4682-1024x768.jpg\" alt=\"\" class=\"wp-image-4214\" srcset=\"https:\/\/blog.uclm.es\/areadpenalto\/wp-content\/uploads\/sites\/142\/2019\/02\/IMG_4682-1024x768.jpg 1024w, https:\/\/blog.uclm.es\/areadpenalto\/wp-content\/uploads\/sites\/142\/2019\/02\/IMG_4682-300x225.jpg 300w, https:\/\/blog.uclm.es\/areadpenalto\/wp-content\/uploads\/sites\/142\/2019\/02\/IMG_4682-768x576.jpg 768w, https:\/\/blog.uclm.es\/areadpenalto\/wp-content\/uploads\/sites\/142\/2019\/02\/IMG_4682-1536x1152.jpg 1536w, https:\/\/blog.uclm.es\/areadpenalto\/wp-content\/uploads\/sites\/142\/2019\/02\/IMG_4682-2048x1536.jpg 2048w\" sizes=\"auto, (max-width: 767px) 89vw, (max-width: 1000px) 54vw, (max-width: 1071px) 543px, 580px\" \/><\/figure>\n\n\n\n<figure class=\"wp-block-image size-large\"><img loading=\"lazy\" decoding=\"async\" width=\"972\" height=\"730\" data-id=\"4211\" src=\"https:\/\/blog.uclm.es\/areadpenalto\/wp-content\/uploads\/sites\/142\/2019\/02\/IMG_4664-ANIMATION.gif\" alt=\"\" class=\"wp-image-4211\" \/><\/figure>\n\n\n\n<figure class=\"wp-block-image size-large\"><img loading=\"lazy\" decoding=\"async\" width=\"1024\" height=\"768\" data-id=\"4188\" src=\"https:\/\/blog.uclm.es\/areadpenalto\/wp-content\/uploads\/sites\/142\/2019\/02\/71ebdbfa-2787-4cae-ad04-a619b15b6893.jpg\" alt=\"\" class=\"wp-image-4188\" srcset=\"https:\/\/blog.uclm.es\/areadpenalto\/wp-content\/uploads\/sites\/142\/2019\/02\/71ebdbfa-2787-4cae-ad04-a619b15b6893.jpg 1024w, https:\/\/blog.uclm.es\/areadpenalto\/wp-content\/uploads\/sites\/142\/2019\/02\/71ebdbfa-2787-4cae-ad04-a619b15b6893-300x225.jpg 300w, https:\/\/blog.uclm.es\/areadpenalto\/wp-content\/uploads\/sites\/142\/2019\/02\/71ebdbfa-2787-4cae-ad04-a619b15b6893-768x576.jpg 768w\" sizes=\"auto, (max-width: 767px) 89vw, (max-width: 1000px) 54vw, (max-width: 1071px) 543px, 580px\" \/><\/figure>\n\n\n\n<figure class=\"wp-block-image size-large\"><img loading=\"lazy\" decoding=\"async\" width=\"1024\" height=\"768\" data-id=\"3254\" src=\"https:\/\/blog.uclm.es\/areadpenalto\/wp-content\/uploads\/sites\/142\/2017\/10\/DSCN7182.1-1024x768.jpg\" alt=\"\" class=\"wp-image-3254\" srcset=\"https:\/\/blog.uclm.es\/areadpenalto\/wp-content\/uploads\/sites\/142\/2017\/10\/DSCN7182.1-1024x768.jpg 1024w, https:\/\/blog.uclm.es\/areadpenalto\/wp-content\/uploads\/sites\/142\/2017\/10\/DSCN7182.1-300x225.jpg 300w, https:\/\/blog.uclm.es\/areadpenalto\/wp-content\/uploads\/sites\/142\/2017\/10\/DSCN7182.1-768x576.jpg 768w, https:\/\/blog.uclm.es\/areadpenalto\/wp-content\/uploads\/sites\/142\/2017\/10\/DSCN7182.1.jpg 1152w\" sizes=\"auto, (max-width: 767px) 89vw, (max-width: 1000px) 54vw, (max-width: 1071px) 543px, 580px\" \/><\/figure>\n\n\n\n<figure class=\"wp-block-image size-large\"><img loading=\"lazy\" decoding=\"async\" width=\"921\" height=\"691\" data-id=\"2793\" src=\"https:\/\/blog.uclm.es\/areadpenalto\/wp-content\/uploads\/sites\/142\/2016\/07\/DSCN5396.1.jpg\" alt=\"\" class=\"wp-image-2793\" srcset=\"https:\/\/blog.uclm.es\/areadpenalto\/wp-content\/uploads\/sites\/142\/2016\/07\/DSCN5396.1.jpg 921w, https:\/\/blog.uclm.es\/areadpenalto\/wp-content\/uploads\/sites\/142\/2016\/07\/DSCN5396.1-300x225.jpg 300w, https:\/\/blog.uclm.es\/areadpenalto\/wp-content\/uploads\/sites\/142\/2016\/07\/DSCN5396.1-768x576.jpg 768w\" sizes=\"auto, (max-width: 767px) 89vw, (max-width: 1000px) 54vw, (max-width: 1071px) 543px, 580px\" \/><\/figure>\n\n\n\n<figure class=\"wp-block-image size-large\"><img loading=\"lazy\" decoding=\"async\" width=\"921\" height=\"691\" data-id=\"2792\" src=\"https:\/\/blog.uclm.es\/areadpenalto\/wp-content\/uploads\/sites\/142\/2016\/07\/DSCN5395.1.jpg\" alt=\"\" class=\"wp-image-2792\" srcset=\"https:\/\/blog.uclm.es\/areadpenalto\/wp-content\/uploads\/sites\/142\/2016\/07\/DSCN5395.1.jpg 921w, https:\/\/blog.uclm.es\/areadpenalto\/wp-content\/uploads\/sites\/142\/2016\/07\/DSCN5395.1-300x225.jpg 300w, https:\/\/blog.uclm.es\/areadpenalto\/wp-content\/uploads\/sites\/142\/2016\/07\/DSCN5395.1-768x576.jpg 768w\" sizes=\"auto, (max-width: 767px) 89vw, (max-width: 1000px) 54vw, (max-width: 1071px) 543px, 580px\" \/><\/figure>\n\n\n\n<figure class=\"wp-block-image size-large\"><img loading=\"lazy\" decoding=\"async\" width=\"921\" height=\"691\" data-id=\"2791\" src=\"https:\/\/blog.uclm.es\/areadpenalto\/wp-content\/uploads\/sites\/142\/2016\/07\/DSCN5394.1.jpg\" alt=\"\" class=\"wp-image-2791\" srcset=\"https:\/\/blog.uclm.es\/areadpenalto\/wp-content\/uploads\/sites\/142\/2016\/07\/DSCN5394.1.jpg 921w, https:\/\/blog.uclm.es\/areadpenalto\/wp-content\/uploads\/sites\/142\/2016\/07\/DSCN5394.1-300x225.jpg 300w, https:\/\/blog.uclm.es\/areadpenalto\/wp-content\/uploads\/sites\/142\/2016\/07\/DSCN5394.1-768x576.jpg 768w\" sizes=\"auto, (max-width: 767px) 89vw, (max-width: 1000px) 54vw, (max-width: 1071px) 543px, 580px\" \/><\/figure>\n<\/figure>\n","protected":false},"excerpt":{"rendered":"<p>Faustino Garc\u00eda de la Torre Faustino.GarciaTorre@uclm.esBecario FPU MECD Formaci\u00f3n acad\u00e9mica Graduado en Derecho por la UCLM con premio extraordinario de Grado (2016) curs\u00f3 el Master universitario en Derecho Constitucional (MUDECO) por la misma Universidad obteniendo tambi\u00e9n el premio extraordinario de M\u00e1ster (2017) Experiencia profesional Ha sido becario de colaboraci\u00f3n del MECD durante el curso 2015\/2016 &hellip; <\/p>\n<p class=\"link-more\"><a href=\"https:\/\/blog.uclm.es\/areadpenalto\/faustino-garcia-de-la-torre\/\" class=\"more-link\">Continuar leyendo<span class=\"screen-reader-text\"> \u00abFaustino Garc\u00eda de la Torre\u00bb<\/span><\/a><\/p>\n","protected":false},"author":132,"featured_media":0,"parent":0,"menu_order":0,"comment_status":"closed","ping_status":"closed","template":"","meta":{"footnotes":""},"class_list":["post-6005","page","type-page","status-publish","hentry"],"_links":{"self":[{"href":"https:\/\/blog.uclm.es\/areadpenalto\/wp-json\/wp\/v2\/pages\/6005","targetHints":{"allow":["GET"]}}],"collection":[{"href":"https:\/\/blog.uclm.es\/areadpenalto\/wp-json\/wp\/v2\/pages"}],"about":[{"href":"https:\/\/blog.uclm.es\/areadpenalto\/wp-json\/wp\/v2\/types\/page"}],"author":[{"embeddable":true,"href":"https:\/\/blog.uclm.es\/areadpenalto\/wp-json\/wp\/v2\/users\/132"}],"replies":[{"embeddable":true,"href":"https:\/\/blog.uclm.es\/areadpenalto\/wp-json\/wp\/v2\/comments?post=6005"}],"version-history":[{"count":2,"href":"https:\/\/blog.uclm.es\/areadpenalto\/wp-json\/wp\/v2\/pages\/6005\/revisions"}],"predecessor-version":[{"id":9543,"href":"https:\/\/blog.uclm.es\/areadpenalto\/wp-json\/wp\/v2\/pages\/6005\/revisions\/9543"}],"wp:attachment":[{"href":"https:\/\/blog.uclm.es\/areadpenalto\/wp-json\/wp\/v2\/media?parent=6005"}],"curies":[{"name":"wp","href":"https:\/\/api.w.org\/{rel}","templated":true}]}}