{"id":5999,"date":"2019-11-20T10:21:40","date_gmt":"2019-11-20T09:21:40","guid":{"rendered":"http:\/\/blog.uclm.es\/eduardodemetrio\/?page_id=5999"},"modified":"2022-12-20T15:55:42","modified_gmt":"2022-12-20T15:55:42","slug":"monica-de-la-cuerda","status":"publish","type":"page","link":"https:\/\/blog.uclm.es\/areadpenalto\/monica-de-la-cuerda\/","title":{"rendered":"M\u00f3nica de la Cuerda"},"content":{"rendered":"\n<p class=\"has-medium-font-size\"><strong>M\u00f3nica de la Cuerda Mart\u00edn<\/strong><\/p>\n\n\n\n<p class=\"has-text-align-right\">Investigadora contratada en proyecto de investigaci\u00f3n \u201cCRESTA\u201d<br><a href=\"mailto:Monica.CuerdaMartin@uclm.es\" target=\"_blank\" rel=\"noreferrer noopener\">Monica.CuerdaMartin@uclm.es<\/a><\/p>\n\n\n<div class=\"wp-block-image\">\n<figure class=\"aligncenter size-full\"><img loading=\"lazy\" decoding=\"async\" width=\"291\" height=\"281\" src=\"https:\/\/blog.uclm.es\/areadpenalto\/wp-content\/uploads\/sites\/142\/2018\/01\/Monica-de-la-Cuerda-Martin.jpg\" alt=\"\" class=\"wp-image-3555\" \/><\/figure>\n<\/div>\n\n\n<div class=\"wp-block-columns is-layout-flex wp-container-core-columns-is-layout-9d6595d7 wp-block-columns-is-layout-flex\">\n<div class=\"wp-block-column is-layout-flow wp-block-column-is-layout-flow\"><div class=\"wp-block-image\">\n<figure class=\"aligncenter size-full\"><a href=\"https:\/\/dialnet.unirioja.es\/servlet\/autor?codigo=4318316\" target=\"_blank\" rel=\"noreferrer noopener\"><img loading=\"lazy\" decoding=\"async\" width=\"120\" height=\"50\" src=\"https:\/\/blog.uclm.es\/areadpenalto\/wp-content\/uploads\/sites\/142\/2019\/11\/Dialnet-1.png\" alt=\"\" class=\"wp-image-6342\" \/><\/a><\/figure>\n<\/div><\/div>\n\n\n\n<div class=\"wp-block-column is-layout-flow wp-block-column-is-layout-flow\"><div class=\"wp-block-image\">\n<figure class=\"aligncenter size-full\"><a href=\"https:\/\/es.linkedin.com\/in\/m%C3%B3nica-de-la-cuerda-mart%C3%ADn-600b9b188\" target=\"_blank\" rel=\"noreferrer noopener\"><img loading=\"lazy\" decoding=\"async\" width=\"146\" height=\"40\" src=\"https:\/\/blog.uclm.es\/areadpenalto\/wp-content\/uploads\/sites\/142\/2019\/11\/1338996950_466073_1338998336_noticia_normal-1.png\" alt=\"\" class=\"wp-image-6328\" \/><\/a><\/figure>\n<\/div><\/div>\n<\/div>\n\n\n\n<figure class=\"wp-block-table\"><table><thead><tr><th>Formaci\u00f3n acad\u00e9mica<\/th><\/tr><\/thead><tbody><tr><td>Graduada en Derecho por la UCLM en el a\u00f1o 2015, con calificaci\u00f3n de Matr\u00edcula de Honor en su Trabajo de Fin de Grado, que realizado bajo la tutela del Prof. Dr. Eduardo Demetrio Crespo se titul\u00f3\u00a0<a href=\"https:\/\/gabilex.castillalamancha.es\/articulos\/aspectos-generales-del-delito-de-defraudacion-la-hacienda-publica\" target=\"_blank\" rel=\"noreferrer noopener\">\u201cAn\u00e1lisis del art. 305 CP: El delito de fraude fiscal y la cl\u00e1usula de regularizaci\u00f3n tributaria\u201d<\/a>. Dicho trabajo fue objeto de publicaci\u00f3n de forma \u00edntegra por la propia Universidad. Y posteriormente cada uno de los dos cap\u00edtulos que lo integran, fueron publicados, respectivamente en el\u00a0<a href=\"https:\/\/gabilex.castillalamancha.es\/articulos\/aspectos-generales-del-delito-de-defraudacion-la-hacienda-publica\">N\u00ba 9<\/a>\u00a0y el\u00a0<a href=\"https:\/\/gabilex.castillalamancha.es\/articulos\/la-clausula-de-regularizacion-tributaria\">N\u00ba 10<\/a>\u00a0del a\u00f1o 2017, de la revista \u201cGabilex. Revista del Gabinete Jur\u00eddico de Castilla la Mancha\u201d.<br><br>Curs\u00f3 el M\u00e1ster Universitario de Acceso a la Abogac\u00eda en la UCLM entre los a\u00f1os 2015 -2017, y obtuvo el t\u00edtulo profesional de abogada en el a\u00f1o 2017. Su trabajo de Fin de M\u00e1ster, bajo la tutela nuevamente del Prof. Dr. Eduardo Demetrio Crespo, y titulado\u00a0<a href=\"https:\/\/gabilex.castillalamancha.es\/articulos\/el-fraude-fiscal-como-delito-previo-al-blanqueo-de-capitales\" target=\"_blank\" rel=\"noreferrer noopener\">\u201cEl fraude fiscal como delito previo al blanqueo de capitales\u201d<\/a>\u00a0tambi\u00e9n obtuvo la calificaci\u00f3n de Matr\u00edcula de Honor, y ha sido publicado en el\u00a0<a href=\"https:\/\/gabilex.castillalamancha.es\/articulos\/el-fraude-fiscal-como-delito-previo-al-blanqueo-de-capitales\">N\u00ba 12<\/a>\u00a0del a\u00f1o 2017 de la revista \u201cGabilex. Revista del Gabinete Jur\u00eddico de Castilla la Mancha\u201d<\/td><\/tr><\/tbody><\/table><\/figure>\n\n\n\n<figure class=\"wp-block-table\"><table><thead><tr><th>Investigaci\u00f3n<\/th><\/tr><\/thead><tbody><tr><td>Doctoranda en Derecho Penal. En su proyecto de tesis, bajo la direcci\u00f3n de. Prof. Dr. Eduardo Demetrio Crespo, analizar\u00e1 el delito de blanqueo de capitales y la teor\u00eda de los actos neutrales.<\/td><\/tr><\/tbody><\/table><\/figure>\n\n\n\n<h2 class=\"wp-block-heading\"><strong>Galer\u00eda de im\u00e1genes<\/strong><\/h2>\n\n\n\n<figure class=\"wp-block-gallery has-nested-images columns-default is-cropped wp-block-gallery-1 is-layout-flex wp-block-gallery-is-layout-flex\">\n<figure class=\"wp-block-image size-large\"><img loading=\"lazy\" decoding=\"async\" width=\"1024\" height=\"768\" data-id=\"3563\" src=\"https:\/\/blog.uclm.es\/areadpenalto\/wp-content\/uploads\/sites\/142\/2018\/01\/IV-Seminario-de-estudio-02-1024x768.jpg\" alt=\"\" class=\"wp-image-3563\" srcset=\"https:\/\/blog.uclm.es\/areadpenalto\/wp-content\/uploads\/sites\/142\/2018\/01\/IV-Seminario-de-estudio-02-1024x768.jpg 1024w, https:\/\/blog.uclm.es\/areadpenalto\/wp-content\/uploads\/sites\/142\/2018\/01\/IV-Seminario-de-estudio-02-300x225.jpg 300w, https:\/\/blog.uclm.es\/areadpenalto\/wp-content\/uploads\/sites\/142\/2018\/01\/IV-Seminario-de-estudio-02-768x576.jpg 768w, https:\/\/blog.uclm.es\/areadpenalto\/wp-content\/uploads\/sites\/142\/2018\/01\/IV-Seminario-de-estudio-02.jpg 1152w\" sizes=\"auto, (max-width: 767px) 89vw, (max-width: 1000px) 54vw, (max-width: 1071px) 543px, 580px\" \/><figcaption class=\"wp-element-caption\">De izq. a dcha. D. Faustino Garc\u00eda de la Torre Garc\u00eda, D\u00f1a. M\u00f3nica de la Cuerda Mart\u00edn, D\u00f1a. Teresa Montero Ruiz y Prof. Dr. D. Eduardo Demetrio Crespo<\/figcaption><\/figure>\n\n\n\n<figure class=\"wp-block-image size-large\"><img loading=\"lazy\" decoding=\"async\" width=\"1024\" height=\"768\" data-id=\"4266\" src=\"https:\/\/blog.uclm.es\/areadpenalto\/wp-content\/uploads\/sites\/142\/2019\/02\/IMG_5083-1024x768.jpg\" alt=\"\" class=\"wp-image-4266\" srcset=\"https:\/\/blog.uclm.es\/areadpenalto\/wp-content\/uploads\/sites\/142\/2019\/02\/IMG_5083-1024x768.jpg 1024w, https:\/\/blog.uclm.es\/areadpenalto\/wp-content\/uploads\/sites\/142\/2019\/02\/IMG_5083-300x225.jpg 300w, https:\/\/blog.uclm.es\/areadpenalto\/wp-content\/uploads\/sites\/142\/2019\/02\/IMG_5083-768x576.jpg 768w, https:\/\/blog.uclm.es\/areadpenalto\/wp-content\/uploads\/sites\/142\/2019\/02\/IMG_5083-1536x1152.jpg 1536w, https:\/\/blog.uclm.es\/areadpenalto\/wp-content\/uploads\/sites\/142\/2019\/02\/IMG_5083-2048x1536.jpg 2048w\" sizes=\"auto, (max-width: 767px) 89vw, (max-width: 1000px) 54vw, (max-width: 1071px) 543px, 580px\" \/><\/figure>\n\n\n\n<figure class=\"wp-block-image size-large\"><img loading=\"lazy\" decoding=\"async\" width=\"640\" height=\"640\" data-id=\"4264\" src=\"https:\/\/blog.uclm.es\/areadpenalto\/wp-content\/uploads\/sites\/142\/2019\/02\/IMG_5063.jpg\" alt=\"\" class=\"wp-image-4264\" srcset=\"https:\/\/blog.uclm.es\/areadpenalto\/wp-content\/uploads\/sites\/142\/2019\/02\/IMG_5063.jpg 640w, https:\/\/blog.uclm.es\/areadpenalto\/wp-content\/uploads\/sites\/142\/2019\/02\/IMG_5063-300x300.jpg 300w, https:\/\/blog.uclm.es\/areadpenalto\/wp-content\/uploads\/sites\/142\/2019\/02\/IMG_5063-150x150.jpg 150w\" sizes=\"auto, (max-width: 640px) 100vw, 640px\" \/><\/figure>\n\n\n\n<figure class=\"wp-block-image size-large\"><img loading=\"lazy\" decoding=\"async\" width=\"1024\" height=\"768\" data-id=\"4258\" src=\"https:\/\/blog.uclm.es\/areadpenalto\/wp-content\/uploads\/sites\/142\/2019\/02\/IMG_5040-1024x768.jpg\" alt=\"\" class=\"wp-image-4258\" srcset=\"https:\/\/blog.uclm.es\/areadpenalto\/wp-content\/uploads\/sites\/142\/2019\/02\/IMG_5040-1024x768.jpg 1024w, https:\/\/blog.uclm.es\/areadpenalto\/wp-content\/uploads\/sites\/142\/2019\/02\/IMG_5040-300x225.jpg 300w, https:\/\/blog.uclm.es\/areadpenalto\/wp-content\/uploads\/sites\/142\/2019\/02\/IMG_5040-768x576.jpg 768w, https:\/\/blog.uclm.es\/areadpenalto\/wp-content\/uploads\/sites\/142\/2019\/02\/IMG_5040-1536x1152.jpg 1536w, https:\/\/blog.uclm.es\/areadpenalto\/wp-content\/uploads\/sites\/142\/2019\/02\/IMG_5040-2048x1536.jpg 2048w\" sizes=\"auto, (max-width: 767px) 89vw, (max-width: 1000px) 54vw, (max-width: 1071px) 543px, 580px\" \/><\/figure>\n\n\n\n<figure class=\"wp-block-image size-large\"><img loading=\"lazy\" decoding=\"async\" width=\"1024\" height=\"768\" data-id=\"4262\" src=\"https:\/\/blog.uclm.es\/areadpenalto\/wp-content\/uploads\/sites\/142\/2019\/02\/IMG_5057-1024x768.jpg\" alt=\"\" class=\"wp-image-4262\" srcset=\"https:\/\/blog.uclm.es\/areadpenalto\/wp-content\/uploads\/sites\/142\/2019\/02\/IMG_5057-1024x768.jpg 1024w, https:\/\/blog.uclm.es\/areadpenalto\/wp-content\/uploads\/sites\/142\/2019\/02\/IMG_5057-300x225.jpg 300w, https:\/\/blog.uclm.es\/areadpenalto\/wp-content\/uploads\/sites\/142\/2019\/02\/IMG_5057-768x576.jpg 768w, https:\/\/blog.uclm.es\/areadpenalto\/wp-content\/uploads\/sites\/142\/2019\/02\/IMG_5057-1536x1152.jpg 1536w, https:\/\/blog.uclm.es\/areadpenalto\/wp-content\/uploads\/sites\/142\/2019\/02\/IMG_5057-2048x1536.jpg 2048w\" sizes=\"auto, (max-width: 767px) 89vw, (max-width: 1000px) 54vw, (max-width: 1071px) 543px, 580px\" \/><\/figure>\n\n\n\n<figure class=\"wp-block-image size-large\"><img loading=\"lazy\" decoding=\"async\" width=\"1024\" height=\"768\" data-id=\"4222\" src=\"https:\/\/blog.uclm.es\/areadpenalto\/wp-content\/uploads\/sites\/142\/2019\/02\/IMG_4751-1024x768.jpg\" alt=\"\" class=\"wp-image-4222\" srcset=\"https:\/\/blog.uclm.es\/areadpenalto\/wp-content\/uploads\/sites\/142\/2019\/02\/IMG_4751-1024x768.jpg 1024w, https:\/\/blog.uclm.es\/areadpenalto\/wp-content\/uploads\/sites\/142\/2019\/02\/IMG_4751-300x225.jpg 300w, https:\/\/blog.uclm.es\/areadpenalto\/wp-content\/uploads\/sites\/142\/2019\/02\/IMG_4751-768x576.jpg 768w, https:\/\/blog.uclm.es\/areadpenalto\/wp-content\/uploads\/sites\/142\/2019\/02\/IMG_4751-1536x1152.jpg 1536w, https:\/\/blog.uclm.es\/areadpenalto\/wp-content\/uploads\/sites\/142\/2019\/02\/IMG_4751-2048x1536.jpg 2048w\" sizes=\"auto, (max-width: 767px) 89vw, (max-width: 1000px) 54vw, (max-width: 1071px) 543px, 580px\" \/><\/figure>\n\n\n\n<figure class=\"wp-block-image size-large\"><img loading=\"lazy\" decoding=\"async\" width=\"1024\" height=\"768\" data-id=\"3562\" src=\"https:\/\/blog.uclm.es\/areadpenalto\/wp-content\/uploads\/sites\/142\/2018\/01\/IV-Seminario-de-estudio-01-1024x768.jpg\" alt=\"\" class=\"wp-image-3562\" srcset=\"https:\/\/blog.uclm.es\/areadpenalto\/wp-content\/uploads\/sites\/142\/2018\/01\/IV-Seminario-de-estudio-01-1024x768.jpg 1024w, https:\/\/blog.uclm.es\/areadpenalto\/wp-content\/uploads\/sites\/142\/2018\/01\/IV-Seminario-de-estudio-01-300x225.jpg 300w, https:\/\/blog.uclm.es\/areadpenalto\/wp-content\/uploads\/sites\/142\/2018\/01\/IV-Seminario-de-estudio-01-768x576.jpg 768w, https:\/\/blog.uclm.es\/areadpenalto\/wp-content\/uploads\/sites\/142\/2018\/01\/IV-Seminario-de-estudio-01.jpg 1152w\" sizes=\"auto, (max-width: 767px) 89vw, (max-width: 1000px) 54vw, (max-width: 1071px) 543px, 580px\" \/><figcaption class=\"wp-element-caption\">De izq. a dcha. D. Oscar L\u00f3pez Rey, D\u00f1a. M\u00f3nica de la Cuerda Mart\u00edn, D\u00f1a. Teresa Montero Ruiz y Prof. Dr. D. Eduardo Demetrio Crespo<\/figcaption><\/figure>\n\n\n\n<figure class=\"wp-block-image size-large\"><img loading=\"lazy\" decoding=\"async\" width=\"1024\" height=\"768\" data-id=\"3254\" src=\"https:\/\/blog.uclm.es\/areadpenalto\/wp-content\/uploads\/sites\/142\/2017\/10\/DSCN7182.1-1024x768.jpg\" alt=\"\" class=\"wp-image-3254\" srcset=\"https:\/\/blog.uclm.es\/areadpenalto\/wp-content\/uploads\/sites\/142\/2017\/10\/DSCN7182.1-1024x768.jpg 1024w, https:\/\/blog.uclm.es\/areadpenalto\/wp-content\/uploads\/sites\/142\/2017\/10\/DSCN7182.1-300x225.jpg 300w, https:\/\/blog.uclm.es\/areadpenalto\/wp-content\/uploads\/sites\/142\/2017\/10\/DSCN7182.1-768x576.jpg 768w, https:\/\/blog.uclm.es\/areadpenalto\/wp-content\/uploads\/sites\/142\/2017\/10\/DSCN7182.1.jpg 1152w\" sizes=\"auto, (max-width: 767px) 89vw, (max-width: 1000px) 54vw, (max-width: 1071px) 543px, 580px\" \/><\/figure>\n\n\n\n<figure class=\"wp-block-image size-large\"><img loading=\"lazy\" decoding=\"async\" width=\"1024\" height=\"768\" data-id=\"3255\" src=\"https:\/\/blog.uclm.es\/areadpenalto\/wp-content\/uploads\/sites\/142\/2017\/10\/DSCN7184.1-1024x768.jpg\" alt=\"\" class=\"wp-image-3255\" srcset=\"https:\/\/blog.uclm.es\/areadpenalto\/wp-content\/uploads\/sites\/142\/2017\/10\/DSCN7184.1-1024x768.jpg 1024w, https:\/\/blog.uclm.es\/areadpenalto\/wp-content\/uploads\/sites\/142\/2017\/10\/DSCN7184.1-300x225.jpg 300w, https:\/\/blog.uclm.es\/areadpenalto\/wp-content\/uploads\/sites\/142\/2017\/10\/DSCN7184.1-768x576.jpg 768w, https:\/\/blog.uclm.es\/areadpenalto\/wp-content\/uploads\/sites\/142\/2017\/10\/DSCN7184.1.jpg 1152w\" sizes=\"auto, (max-width: 767px) 89vw, (max-width: 1000px) 54vw, (max-width: 1071px) 543px, 580px\" \/><\/figure>\n<\/figure>\n","protected":false},"excerpt":{"rendered":"<p>M\u00f3nica de la Cuerda Mart\u00edn Investigadora contratada en proyecto de investigaci\u00f3n \u201cCRESTA\u201dMonica.CuerdaMartin@uclm.es Formaci\u00f3n acad\u00e9mica Graduada en Derecho por la UCLM en el a\u00f1o 2015, con calificaci\u00f3n de Matr\u00edcula de Honor en su Trabajo de Fin de Grado, que realizado bajo la tutela del Prof. Dr. Eduardo Demetrio Crespo se titul\u00f3\u00a0\u201cAn\u00e1lisis del art. 305 CP: El &hellip; <\/p>\n<p class=\"link-more\"><a href=\"https:\/\/blog.uclm.es\/areadpenalto\/monica-de-la-cuerda\/\" class=\"more-link\">Continuar leyendo<span class=\"screen-reader-text\"> \u00abM\u00f3nica de la Cuerda\u00bb<\/span><\/a><\/p>\n","protected":false},"author":132,"featured_media":0,"parent":0,"menu_order":0,"comment_status":"closed","ping_status":"closed","template":"","meta":{"footnotes":""},"class_list":["post-5999","page","type-page","status-publish","hentry"],"_links":{"self":[{"href":"https:\/\/blog.uclm.es\/areadpenalto\/wp-json\/wp\/v2\/pages\/5999","targetHints":{"allow":["GET"]}}],"collection":[{"href":"https:\/\/blog.uclm.es\/areadpenalto\/wp-json\/wp\/v2\/pages"}],"about":[{"href":"https:\/\/blog.uclm.es\/areadpenalto\/wp-json\/wp\/v2\/types\/page"}],"author":[{"embeddable":true,"href":"https:\/\/blog.uclm.es\/areadpenalto\/wp-json\/wp\/v2\/users\/132"}],"replies":[{"embeddable":true,"href":"https:\/\/blog.uclm.es\/areadpenalto\/wp-json\/wp\/v2\/comments?post=5999"}],"version-history":[{"count":5,"href":"https:\/\/blog.uclm.es\/areadpenalto\/wp-json\/wp\/v2\/pages\/5999\/revisions"}],"predecessor-version":[{"id":9538,"href":"https:\/\/blog.uclm.es\/areadpenalto\/wp-json\/wp\/v2\/pages\/5999\/revisions\/9538"}],"wp:attachment":[{"href":"https:\/\/blog.uclm.es\/areadpenalto\/wp-json\/wp\/v2\/media?parent=5999"}],"curies":[{"name":"wp","href":"https:\/\/api.w.org\/{rel}","templated":true}]}}