{"id":5960,"date":"2019-11-19T18:14:40","date_gmt":"2019-11-19T17:14:40","guid":{"rendered":"http:\/\/blog.uclm.es\/eduardodemetrio\/?page_id=5960"},"modified":"2022-12-16T12:16:11","modified_gmt":"2022-12-16T12:16:11","slug":"teresa-martin-lopez","status":"publish","type":"page","link":"https:\/\/blog.uclm.es\/areadpenalto\/teresa-martin-lopez\/","title":{"rendered":"Teresa Mart\u00edn L\u00f3pez"},"content":{"rendered":"\n<h2 class=\"wp-block-heading\"><strong>Teresa Mart\u00edn L\u00f3pez<\/strong><\/h2>\n\n\n\n<p class=\"has-text-align-right\">Profesora titular de Derecho penal<br><a href=\"mailto:Teresa.Mlopez@uclm.es\" target=\"_blank\" rel=\"noreferrer noopener\">Teresa.Mlopez@uclm.es<\/a><\/p>\n\n\n<div class=\"wp-block-image\">\n<figure class=\"aligncenter size-full\"><img loading=\"lazy\" decoding=\"async\" width=\"200\" height=\"200\" src=\"https:\/\/blog.uclm.es\/areadpenalto\/wp-content\/uploads\/sites\/142\/2019\/11\/image-3.png\" alt=\"\" class=\"wp-image-5959\" srcset=\"https:\/\/blog.uclm.es\/areadpenalto\/wp-content\/uploads\/sites\/142\/2019\/11\/image-3.png 200w, https:\/\/blog.uclm.es\/areadpenalto\/wp-content\/uploads\/sites\/142\/2019\/11\/image-3-150x150.png 150w\" sizes=\"auto, (max-width: 200px) 100vw, 200px\" \/><\/figure>\n<\/div>\n\n\n<figure class=\"wp-block-table\"><table><thead><tr><th>Formaci\u00f3n acad\u00e9mica<\/th><\/tr><\/thead><tbody><tr><td>Licenciada en Derecho por la Universidad de Salamanca, fue Premio Extraordinario de Licenciatura con la tesina\u00a0<em>Introducci\u00f3n al estudio de la criminalidad de cuello blanco<\/em>.<\/td><\/tr><\/tbody><\/table><\/figure>\n\n\n\n<figure class=\"wp-block-table\"><table><thead><tr><th>Experiencia profesional<\/th><\/tr><\/thead><tbody><tr><td>Pofesora Titular de Derecho Penal de la Facultad de Ciencias Jur\u00eddicas y Sociales de Toledo.<\/td><\/tr><\/tbody><\/table><\/figure>\n\n\n\n<figure class=\"wp-block-table\"><table><thead><tr><th>Investigaci\u00f3n<\/th><\/tr><\/thead><tbody><tr><td>Siguiendo con el estudio de la delincuencia econ\u00f3mica present\u00f3 su tesis doctoral bajo el t\u00edtulo Problemas dogm\u00e1ticos y criminol\u00f3gicos del delito fiscal en la Universidad de Salamanca. Sobre estos temas ha publicado varios art\u00edculos y rese\u00f1as de sentencias en revistas especializadas, as\u00ed como estancias de investigaci\u00f3n en el Instituto de Friburgo. Magistrada Suplente de la Audiencia Provincial de Toledo. Directora Acad\u00e9mica de la Primera Edici\u00f3n de los Cursos de Postgrado en Derecho para Juristas iberoamericanos de la UCLM.<\/td><\/tr><\/tbody><\/table><\/figure>\n","protected":false},"excerpt":{"rendered":"<p>Teresa Mart\u00edn L\u00f3pez Profesora titular de Derecho penalTeresa.Mlopez@uclm.es Formaci\u00f3n acad\u00e9mica Licenciada en Derecho por la Universidad de Salamanca, fue Premio Extraordinario de Licenciatura con la tesina\u00a0Introducci\u00f3n al estudio de la criminalidad de cuello blanco. Experiencia profesional Pofesora Titular de Derecho Penal de la Facultad de Ciencias Jur\u00eddicas y Sociales de Toledo. Investigaci\u00f3n Siguiendo con el &hellip; <\/p>\n<p class=\"link-more\"><a href=\"https:\/\/blog.uclm.es\/areadpenalto\/teresa-martin-lopez\/\" class=\"more-link\">Continuar leyendo<span class=\"screen-reader-text\"> \u00abTeresa Mart\u00edn L\u00f3pez\u00bb<\/span><\/a><\/p>\n","protected":false},"author":132,"featured_media":0,"parent":0,"menu_order":0,"comment_status":"closed","ping_status":"closed","template":"","meta":{"footnotes":""},"class_list":["post-5960","page","type-page","status-publish","hentry"],"_links":{"self":[{"href":"https:\/\/blog.uclm.es\/areadpenalto\/wp-json\/wp\/v2\/pages\/5960","targetHints":{"allow":["GET"]}}],"collection":[{"href":"https:\/\/blog.uclm.es\/areadpenalto\/wp-json\/wp\/v2\/pages"}],"about":[{"href":"https:\/\/blog.uclm.es\/areadpenalto\/wp-json\/wp\/v2\/types\/page"}],"author":[{"embeddable":true,"href":"https:\/\/blog.uclm.es\/areadpenalto\/wp-json\/wp\/v2\/users\/132"}],"replies":[{"embeddable":true,"href":"https:\/\/blog.uclm.es\/areadpenalto\/wp-json\/wp\/v2\/comments?post=5960"}],"version-history":[{"count":2,"href":"https:\/\/blog.uclm.es\/areadpenalto\/wp-json\/wp\/v2\/pages\/5960\/revisions"}],"predecessor-version":[{"id":9436,"href":"https:\/\/blog.uclm.es\/areadpenalto\/wp-json\/wp\/v2\/pages\/5960\/revisions\/9436"}],"wp:attachment":[{"href":"https:\/\/blog.uclm.es\/areadpenalto\/wp-json\/wp\/v2\/media?parent=5960"}],"curies":[{"name":"wp","href":"https:\/\/api.w.org\/{rel}","templated":true}]}}