{"id":5736,"date":"2019-11-18T14:39:31","date_gmt":"2019-11-18T13:39:31","guid":{"rendered":"http:\/\/blog.uclm.es\/eduardodemetrio\/?page_id=5736"},"modified":"2022-12-20T12:59:07","modified_gmt":"2022-12-20T12:59:07","slug":"lineas-de-investigacion","status":"publish","type":"page","link":"https:\/\/blog.uclm.es\/areadpenalto\/lineas-de-investigacion\/","title":{"rendered":"L\u00edneas de investigaci\u00f3n"},"content":{"rendered":"\n<h2 class=\"wp-block-heading\"><strong>Teor\u00eda de la Pena<\/strong><\/h2>\n\n\n\n<p>L\u00ednea de investigaci\u00f3n 1:\u00a0Modelos de pensamiento en las ciencias penales; Prevenci\u00f3n general negativa; Dogm\u00e1tica de la prohibici\u00f3n y del castigo, marcos abstractos de pena e individualizaci\u00f3n judicial.<\/p>\n\n\n\n<div class=\"wp-block-buttons is-layout-flex wp-block-buttons-is-layout-flex\">\n<div class=\"wp-block-button is-style-outline is-style-outline--1\"><a class=\"wp-block-button__link has-text-color wp-element-button\" href=\"https:\/\/blog.uclm.es\/areadpenalto\/linea-i\/\" style=\"color:#b30033\">Click aqu\u00ed<\/a><\/div>\n<\/div>\n\n\n\n<hr class=\"wp-block-separator has-alpha-channel-opacity\" \/>\n\n\n\n<h2 class=\"wp-block-heading\"><strong>Teor\u00eda del Delito<\/strong><\/h2>\n\n\n\n<p>L\u00ednea de investigaci\u00f3n 2:&nbsp;Modelos de metodolog\u00eda en las ciencias penales; l\u00edmites de la prohibici\u00f3n penal y de la imposici\u00f3n del castigo; acci\u00f3n y omisi\u00f3n con relevancia penal.<\/p>\n\n\n\n<div class=\"wp-block-buttons is-layout-flex wp-block-buttons-is-layout-flex\">\n<div class=\"wp-block-button is-style-outline is-style-outline--2\"><a class=\"wp-block-button__link has-text-color wp-element-button\" href=\"https:\/\/blog.uclm.es\/areadpenalto\/linea-ii\/\" style=\"color:#b30033\">Click aqu\u00ed<\/a><\/div>\n<\/div>\n\n\n\n<hr class=\"wp-block-separator has-alpha-channel-opacity\" \/>\n\n\n\n<h2 class=\"wp-block-heading\"><strong>Derecho penal y Constituci\u00f3n<\/strong><\/h2>\n\n\n\n<p>L\u00ednea de investigaci\u00f3n 3:&nbsp;modelos de metodolog\u00eda normativa de las ciencias penales: l\u00edmites normativos de la prohibici\u00f3n y la pena; dogm\u00e1tica constitucional en las ciencias penales.<\/p>\n\n\n\n<div class=\"wp-block-buttons is-layout-flex wp-block-buttons-is-layout-flex\">\n<div class=\"wp-block-button is-style-outline is-style-outline--3\"><a class=\"wp-block-button__link has-text-color wp-element-button\" href=\"https:\/\/blog.uclm.es\/areadpenalto\/linea-iii\/\" style=\"color:#b30033\">Click aqu\u00ed<\/a><\/div>\n<\/div>\n\n\n\n<hr class=\"wp-block-separator has-alpha-channel-opacity\" \/>\n\n\n\n<h2 class=\"wp-block-heading\"><strong>Derecho penal econ\u00f3mico y de la empresa<\/strong><\/h2>\n\n\n\n<p>L\u00ednea de investigaci\u00f3n 4:&nbsp;modelos de metodolog\u00eda normativa de las ciencias penales en la delincuencia econ\u00f3mica y de la empresa: Teor\u00eda del Delito y Derecho penal econ\u00f3mico y de la empresa; acci\u00f3n y omisi\u00f3n con relevancia penal en el \u00e1mbito econ\u00f3mico y de la empresa.<\/p>\n\n\n\n<div class=\"wp-block-buttons is-layout-flex wp-block-buttons-is-layout-flex\">\n<div class=\"wp-block-button is-style-outline is-style-outline--4\"><a class=\"wp-block-button__link has-text-color wp-element-button\" href=\"https:\/\/blog.uclm.es\/areadpenalto\/linea-iv\/\" style=\"color:#b30033\">Click aqu\u00ed<\/a><\/div>\n<\/div>\n\n\n\n<hr class=\"wp-block-separator has-alpha-channel-opacity\" \/>\n\n\n\n<h2 class=\"wp-block-heading\"><strong>Derecho penal y Neurociencias<\/strong><\/h2>\n\n\n\n<p>L\u00ednea de investigaci\u00f3n 5:\u00a0modelos de metodolog\u00eda normativa de las ciencias penales y nuevos descubrimientos de las ciencias emp\u00edricas: estudio de la culpabilidad tras nuevos aportes de las ciencias del comportamiento humano; acci\u00f3n y omisi\u00f3n con relevancia penal tras nuevas aportaciones de las ciencias del comportamiento humano.<\/p>\n\n\n\n<div class=\"wp-block-buttons is-layout-flex wp-block-buttons-is-layout-flex\">\n<div class=\"wp-block-button is-style-outline is-style-outline--5\"><a class=\"wp-block-button__link has-text-color wp-element-button\" href=\"https:\/\/blog.uclm.es\/areadpenalto\/linea-v\/\" style=\"color:#b30033\">Click aqu\u00ed<\/a><\/div>\n<\/div>\n\n\n\n<hr class=\"wp-block-separator has-alpha-channel-opacity\" \/>\n","protected":false},"excerpt":{"rendered":"<p>Teor\u00eda de la Pena L\u00ednea de investigaci\u00f3n 1:\u00a0Modelos de pensamiento en las ciencias penales; Prevenci\u00f3n general negativa; Dogm\u00e1tica de la prohibici\u00f3n y del castigo, marcos abstractos de pena e individualizaci\u00f3n judicial. Teor\u00eda del Delito L\u00ednea de investigaci\u00f3n 2:&nbsp;Modelos de metodolog\u00eda en las ciencias penales; l\u00edmites de la prohibici\u00f3n penal y de la imposici\u00f3n del castigo; &hellip; <\/p>\n<p class=\"link-more\"><a href=\"https:\/\/blog.uclm.es\/areadpenalto\/lineas-de-investigacion\/\" class=\"more-link\">Continuar leyendo<span class=\"screen-reader-text\"> \u00abL\u00edneas de investigaci\u00f3n\u00bb<\/span><\/a><\/p>\n","protected":false},"author":132,"featured_media":0,"parent":0,"menu_order":0,"comment_status":"closed","ping_status":"closed","template":"","meta":{"footnotes":""},"class_list":["post-5736","page","type-page","status-publish","hentry"],"_links":{"self":[{"href":"https:\/\/blog.uclm.es\/areadpenalto\/wp-json\/wp\/v2\/pages\/5736","targetHints":{"allow":["GET"]}}],"collection":[{"href":"https:\/\/blog.uclm.es\/areadpenalto\/wp-json\/wp\/v2\/pages"}],"about":[{"href":"https:\/\/blog.uclm.es\/areadpenalto\/wp-json\/wp\/v2\/types\/page"}],"author":[{"embeddable":true,"href":"https:\/\/blog.uclm.es\/areadpenalto\/wp-json\/wp\/v2\/users\/132"}],"replies":[{"embeddable":true,"href":"https:\/\/blog.uclm.es\/areadpenalto\/wp-json\/wp\/v2\/comments?post=5736"}],"version-history":[{"count":4,"href":"https:\/\/blog.uclm.es\/areadpenalto\/wp-json\/wp\/v2\/pages\/5736\/revisions"}],"predecessor-version":[{"id":9519,"href":"https:\/\/blog.uclm.es\/areadpenalto\/wp-json\/wp\/v2\/pages\/5736\/revisions\/9519"}],"wp:attachment":[{"href":"https:\/\/blog.uclm.es\/areadpenalto\/wp-json\/wp\/v2\/media?parent=5736"}],"curies":[{"name":"wp","href":"https:\/\/api.w.org\/{rel}","templated":true}]}}