{"id":5267,"date":"2019-11-10T12:33:13","date_gmt":"2019-11-10T11:33:13","guid":{"rendered":"http:\/\/blog.uclm.es\/eduardodemetrio\/?page_id=5267"},"modified":"2022-12-20T12:29:22","modified_gmt":"2022-12-20T12:29:22","slug":"cursos-de-postgrado","status":"publish","type":"page","link":"https:\/\/blog.uclm.es\/areadpenalto\/cursos-de-postgrado\/","title":{"rendered":"Cursos de Postgrado"},"content":{"rendered":"\n<h2 class=\"wp-block-heading\"><strong>Presentaci\u00f3n<\/strong><\/h2>\n\n\n\n<p>El \u00c1rea de Derecho penal de la Universidad de Castilla-La Mancha viene ofreciendo un curso especializado en el campo del Derecho penal econ\u00f3mico y de la empresa en el marco de los Cursos de Postgrado en Derecho desde la puesta en marcha de estos \u00faltimos en el a\u00f1o 2000. Por tanto cuenta ya con una cierta tradici\u00f3n que respalda su calidad y alto nivel, como ponen de relieve las seis obras colectivas publicadas hasta el momento que re\u00fanen las ponencias presentadas en ediciones anteriores, cuyo objetivo es ofrecer un material de estudio riguroso y actualizado.<\/p>\n\n\n\n<p>La peculiaridad de este curso radica en que, adem\u00e1s de los aspectos formativos nucleares de esta disciplina, tales como los par\u00e1metros de imputaci\u00f3n de responsabilidad penal y los sujetos de la misma, se pueden adquirir conocimientos avanzados en cuestiones que se sit\u00faan en la vanguardia tanto de la investigaci\u00f3n acad\u00e9mica como de la pr\u00e1ctica.&nbsp;Por otro lado, hemos querido dotar al curso de una cierta estructura estableciendo marcos de cooperaci\u00f3n estable con Centros de Estudio e Institutos de investigaci\u00f3n iberoamericanos dedicados al estudio del Derecho penal econ\u00f3mico y empresarial y liderados por personalidades cient\u00edficas que forman parte de su Comit\u00e9 Cient\u00edfico.<\/p>\n\n\n\n<p>Hasta el momento son los siguientes: Centro de Investigaci\u00f3n interdisciplinaria en Derecho penal econ\u00f3mico (Argentina), Universidad de Buenos Aires (Argentina), Universidad Nacional de Mar del Plata (Argentina), Associa\u00e7\u00e3o Brasileira de Professores de Ci\u00eancias Penais y Universidade Estadual de Maring\u00e1 (Brasil), Universidad Federal de Paran\u00e1 (Brasil), Asociaci\u00f3n Iberoamericana de Derecho penal econ\u00f3mico y de la empresa (Bolivia), Universidad de Chile (Chile), Universidad Sergio Arboleda (Colombia), Instituto de Derecho penal europeo e internacional de la Universidad de Castilla-La Mancha (Espa\u00f1a), International Center of Economic Penal Studies (Estados Unidos) a trav\u00e9s de su Secretario General para Iberoam\u00e9rica, Centro de Estudios de Pol\u00edtica Criminal y Ciencias Penales (M\u00e9xico), Centro Mexicano de Estudio en lo Penal Tributario A. C. (M\u00e9xico) Centro de Estudios de Derecho Penal Econ\u00f3mico y de la Empresa (Per\u00fa), Universidad Cat\u00f3lica del Uruguay (Uruguay).<\/p>\n\n\n\n<p class=\"has-text-align-right\">Eduardo Demetrio Crespo<br>Catedr\u00e1tico de Derecho penal<br>\u00c1rea de Derecho penal Facultad de Toledo<\/p>\n\n\n\n<h2 class=\"wp-block-heading\"><strong>Organigrama<\/strong><\/h2>\n\n\n\n<p><strong>Director<\/strong><br>Prof. Dr. Eduardo Demetrio Crespo<br><a href=\"http:\/\/www.uclm.es\/\" target=\"_blank\" rel=\"noreferrer noopener\">Universidad de Castilla-La Mancha<\/a><\/p>\n\n\n\n<p><strong>Coordinadores<\/strong><br>D.&nbsp;Faustino Garc\u00eda de la Torre Garc\u00eda<br><a href=\"http:\/\/www.uclm.es\/\" target=\"_blank\" rel=\"noreferrer noopener\">Universidad de Castilla-La Mancha<\/a><\/p>\n\n\n\n<p>D.&nbsp;M\u00f3nica de la Cuerda Mart\u00edn<br><a href=\"http:\/\/www.uclm.es\/\" target=\"_blank\" rel=\"noreferrer noopener\">Universidad de Castilla-La Mancha<\/a><\/p>\n\n\n\n<p><strong>Presidente del Comit\u00e9 Cient\u00edfico<\/strong><br>Prof. Dr. Dr. h. c. mult. Luis Arroyo Zapatero<br><a href=\"http:\/\/www.uclm.es\/\" target=\"_blank\" rel=\"noreferrer noopener\">Universidad de Castilla-La Mancha<\/a><\/p>\n\n\n\n<p><strong>Presidentes de Honor<\/strong><br>Prof. Dr. Dr. h. c. mult. Francisco Mu\u00f1oz Conde<br>Doctor Honoris Causa UCLM-Toledo<\/p>\n\n\n\n<p>Prof. Dr. Dr. h. c. mult. Ra\u00fal Zaffaroni<br>Doctor Honoris Causa UCLM-Toledo<\/p>\n\n\n\n<p><strong>Comit\u00e9 cient\u00edfico internacional<\/strong><br>Prof. Dr. Gustavo Alberto Arocena (Argentina)<br><a href=\"http:\/\/www.ciidpe.com.ar\/\" target=\"_blank\" rel=\"noreferrer noopener\">Centro de investigaci\u00f3n interdisciplinaria en Derecho penal econ\u00f3mico<\/a><\/p>\n\n\n\n<p>Prof. Dr. Paulo C\u00e9sar Busato (Brasil)<br><a href=\"http:\/\/www.ufpr.br\/portalufpr\/\" target=\"_blank\" rel=\"noreferrer noopener\">Universidad Federal de Paran\u00e1<\/a><\/p>\n\n\n\n<p>Prof. Dr. Dino Carlos Caro Coria (Per\u00fa)<br><a href=\"http:\/\/www.cedpe.com\/web\/\" target=\"_blank\" rel=\"noreferrer noopener\">Centro de Estudios de Derecho Penal Econ\u00f3mico y de la Empresa<\/a><\/p>\n\n\n\n<p>Prof. Dr. Jes\u00fas Agust\u00edn Celorio Vela (M\u00e9xico)<br><a href=\"http:\/\/www.cmeptac.com\/\" target=\"_blank\" rel=\"noreferrer noopener\">Centro Mexicano de Estudios en lo Penal Tributario A. C.<\/a><\/p>\n\n\n\n<p>Prof. Dr. Ra\u00fal Cervini (Uruguay)<br><a href=\"http:\/\/ucu.edu.uy\/es\" target=\"_blank\" rel=\"noreferrer noopener\">Universidad Cat\u00f3lica del Uruguay<\/a><\/p>\n\n\n\n<p>Prof. Dr. Jos\u00e9 Daniel Cesano (Argentina)<br><a href=\"http:\/\/www.ciidpe.com.ar\/\" target=\"_blank\" rel=\"noreferrer noopener\">Centro de investigaci\u00f3n interdisciplinaria en Derecho penal econ\u00f3mico<\/a><\/p>\n\n\n\n<p>Prof. Dr. Edgardo Donna (Argentina)<br><a href=\"http:\/\/www.uba.ar\/\" target=\"_blank\" rel=\"noreferrer noopener\">Universidad de Buenos Aires<\/a><\/p>\n\n\n\n<p>Prof. Dr. Carlos Lascano (Argentina)<br><a href=\"http:\/\/www.unc.edu.ar\/\" target=\"_blank\" rel=\"noreferrer noopener\">Universidad Nacional de C\u00f3rdoba<\/a><\/p>\n\n\n\n<p>Prof. Dr.&nbsp;Javier Eduardo&nbsp;Llobet (Costa Rica)<br><a href=\"https:\/\/www.ucr.ac.cr\/\" target=\"_blank\" rel=\"noreferrer noopener\">Universidad de Costa Rica<\/a><\/p>\n\n\n\n<p>Prof. Dr. Jean Pierre Matus Acu\u00f1a (Chile)<br><a href=\"http:\/\/www.uchile.cl\/\" target=\"_blank\" rel=\"noreferrer noopener\">Universidad de Chile<\/a><\/p>\n\n\n\n<p>Prof. Dr. Mois\u00e9s Moreno Hern\u00e1ndez (M\u00e9xico)<br><a href=\"http:\/\/www.cepolcrim.com\/\" target=\"_blank\" rel=\"noreferrer noopener\">Centro de Estudios de Pol\u00edtica Criminal y Ciencias Penales<\/a><\/p>\n\n\n\n<p>Prof. Dr. Miguel Ontiveros Alonso (M\u00e9xico)<br><a href=\"http:\/\/www.criminalcompliancemexico.com\/\" target=\"_blank\" rel=\"noreferrer noopener\">Criminal Compliance M\u00e9xico<\/a><\/p>\n\n\n\n<p>Prof. Dr. Luiz Regis Prado (Brasil)<br><a href=\"http:\/\/www.uem.br\/\" target=\"_blank\" rel=\"noreferrer noopener\">Universidade Estadual de Maring\u00e1<\/a><\/p>\n\n\n\n<p>Prof. Dr. Marcelo Riquert (Argentina)<br><a href=\"http:\/\/www.mdp.edu.ar\/\" target=\"_blank\" rel=\"noreferrer noopener\">Universidad Nacional de Mar del Plata<\/a><\/p>\n\n\n\n<p>Prof. Dr. Fernando Vel\u00e1squez (Colombia)<br><a href=\"http:\/\/www.usergioarboleda.edu.co\/\" target=\"_blank\" rel=\"noreferrer noopener\">Universidad Sergio Arboleda<\/a><\/p>\n\n\n\n<h2 class=\"wp-block-heading\"><strong>Jornadas latinoamericanas de Derecho penal<\/strong><\/h2>\n\n\n\n<p>Las Jornadas latinoamericanas de Derecho Penal (JLDP) pretenden constituirse en un punto de encuentro -de debate e intercambio cient\u00edfico, pero tambi\u00e9n de aproximaci\u00f3n personal- de especialistas en Derecho Penal y de juristas interesados en la protecci\u00f3n de los derechos de los ciudadanos en la justicia penal, que, aunque formados y activos en culturas jur\u00eddicas muy diferentes, son conscientes de que la globalizaci\u00f3n exige la renovaci\u00f3n de las reflexiones sobre las cuestiones b\u00e1sicas del sistema penal.<\/p>\n\n\n\n<p>Por ello, conscientes de la rica pluralidad y diversidad de experiencias de juristas de distintos pa\u00edses latinoamericanos que asisten al Curso, el objetivo de estas Jornadas es constituir un foro de reflexi\u00f3n entre los mismos y de est\u00edmulo a fin de exponer de manera oral y concisa los aspectos problem\u00e1ticos que estimen de mayor relevancia actual en base a los ejes tem\u00e1ticos del curso.<\/p>\n\n\n\n<p>De ah\u00ed que la organizaci\u00f3n de las JLDP invite a todos los participantes del Curso interesados en esta materia a presentar comunicaciones sobre los diferentes temas que componen el programa del curso de postgrado.<\/p>\n\n\n\n<h2 class=\"wp-block-heading\"><strong>Ediciones<\/strong><\/h2>\n\n\n\n<div class=\"wp-block-buttons is-content-justification-right is-layout-flex wp-container-core-buttons-is-layout-765c4724 wp-block-buttons-is-layout-flex\">\n<div class=\"wp-block-button is-style-outline is-style-outline--1\"><a class=\"wp-block-button__link has-text-color wp-element-button\" href=\"http:\/\/blog.uclm.es\/areadpenalto\/postgrado2021dpch\" style=\"color:#b30033\" target=\"_blank\" rel=\"noreferrer noopener\">2021<\/a><\/div>\n<\/div>\n\n\n\n<p>Derecho penal y Comportamiento humano: avances desde las Neurociencias y la inteligencia artificial.<\/p>\n\n\n\n<div class=\"wp-block-buttons is-content-justification-right is-layout-flex wp-container-core-buttons-is-layout-765c4724 wp-block-buttons-is-layout-flex\">\n<div class=\"wp-block-button is-style-outline is-style-outline--2\"><a class=\"wp-block-button__link has-text-color wp-element-button\" href=\"http:\/\/blog.uclm.es\/areadpenalto\/curso-postgrado-2019-dpetd\" style=\"color:#b30033\" target=\"_blank\" rel=\"noreferrer noopener\">2019<\/a><\/div>\n<\/div>\n\n\n\n<p>Derecho penal econ\u00f3mico y Teor\u00eda del Delito.<\/p>\n\n\n\n<div class=\"wp-block-buttons is-content-justification-right is-layout-flex wp-container-core-buttons-is-layout-765c4724 wp-block-buttons-is-layout-flex\">\n<div class=\"wp-block-button is-style-outline is-style-outline--3\"><a class=\"wp-block-button__link has-text-color wp-element-button\" href=\"http:\/\/blog.uclm.es\/areadpenalto\/curso-de-postgrado-2017-dpeddhh\/\" style=\"color:#b30033\" target=\"_blank\" rel=\"noreferrer noopener\">2017<\/a><\/div>\n<\/div>\n\n\n\n<p>Derecho penal econ\u00f3mico y Derechos Humanos.<\/p>\n\n\n\n<div class=\"wp-block-buttons is-content-justification-right is-layout-flex wp-container-core-buttons-is-layout-765c4724 wp-block-buttons-is-layout-flex\">\n<div class=\"wp-block-button is-style-outline is-style-outline--4\"><a class=\"wp-block-button__link has-text-color wp-element-button\" href=\"https:\/\/blog.uclm.es\/areadpenalto\/curso-de-postgrado-2013\/\" style=\"color:#b30033\" target=\"_blank\" rel=\"noreferrer noopener\">2013<\/a><\/div>\n<\/div>\n\n\n\n<p>Derecho Penal Econ\u00f3mico y Empresarial: Desaf\u00edos ante la crisis econ\u00f3mica internacional.<\/p>\n\n\n\n<hr class=\"wp-block-separator has-alpha-channel-opacity\" \/>\n","protected":false},"excerpt":{"rendered":"<p>Presentaci\u00f3n El \u00c1rea de Derecho penal de la Universidad de Castilla-La Mancha viene ofreciendo un curso especializado en el campo del Derecho penal econ\u00f3mico y de la empresa en el marco de los Cursos de Postgrado en Derecho desde la puesta en marcha de estos \u00faltimos en el a\u00f1o 2000. Por tanto cuenta ya con &hellip; <\/p>\n<p class=\"link-more\"><a href=\"https:\/\/blog.uclm.es\/areadpenalto\/cursos-de-postgrado\/\" class=\"more-link\">Continuar leyendo<span class=\"screen-reader-text\"> \u00abCursos de Postgrado\u00bb<\/span><\/a><\/p>\n","protected":false},"author":132,"featured_media":0,"parent":0,"menu_order":0,"comment_status":"closed","ping_status":"closed","template":"","meta":{"footnotes":""},"class_list":["post-5267","page","type-page","status-publish","hentry"],"_links":{"self":[{"href":"https:\/\/blog.uclm.es\/areadpenalto\/wp-json\/wp\/v2\/pages\/5267","targetHints":{"allow":["GET"]}}],"collection":[{"href":"https:\/\/blog.uclm.es\/areadpenalto\/wp-json\/wp\/v2\/pages"}],"about":[{"href":"https:\/\/blog.uclm.es\/areadpenalto\/wp-json\/wp\/v2\/types\/page"}],"author":[{"embeddable":true,"href":"https:\/\/blog.uclm.es\/areadpenalto\/wp-json\/wp\/v2\/users\/132"}],"replies":[{"embeddable":true,"href":"https:\/\/blog.uclm.es\/areadpenalto\/wp-json\/wp\/v2\/comments?post=5267"}],"version-history":[{"count":7,"href":"https:\/\/blog.uclm.es\/areadpenalto\/wp-json\/wp\/v2\/pages\/5267\/revisions"}],"predecessor-version":[{"id":9512,"href":"https:\/\/blog.uclm.es\/areadpenalto\/wp-json\/wp\/v2\/pages\/5267\/revisions\/9512"}],"wp:attachment":[{"href":"https:\/\/blog.uclm.es\/areadpenalto\/wp-json\/wp\/v2\/media?parent=5267"}],"curies":[{"name":"wp","href":"https:\/\/api.w.org\/{rel}","templated":true}]}}