{"id":4789,"date":"2019-10-06T18:12:28","date_gmt":"2019-10-06T17:12:28","guid":{"rendered":"http:\/\/blog.uclm.es\/eduardodemetrio\/?page_id=4789"},"modified":"2022-12-20T12:50:33","modified_gmt":"2022-12-20T12:50:33","slug":"investigacion-2","status":"publish","type":"page","link":"https:\/\/blog.uclm.es\/areadpenalto\/investigacion-2\/","title":{"rendered":"INVESTIGACI\u00d3N"},"content":{"rendered":"\n<h2 class=\"wp-block-heading\"><strong>L\u00edneas de investigaci\u00f3n<\/strong><\/h2>\n\n\n\n<p>Encuentre informaci\u00f3n acerca de las l\u00edneas de investigaci\u00f3n que ocupan a los investigadores del \u00c1rea de Derecho penal de la Facultad CCSS de Toledo, as\u00ed como los proyectos, eventos y publicaciones respecto a cada una de ellas.<\/p>\n\n\n\n<div class=\"wp-block-buttons is-layout-flex wp-block-buttons-is-layout-flex\">\n<div class=\"wp-block-button is-style-outline is-style-outline--1\"><a class=\"wp-block-button__link has-text-color wp-element-button\" href=\"https:\/\/blog.uclm.es\/areadpenalto\/lineas-de-investigacion\/\" style=\"color:#b30033\">Click aqu\u00ed<\/a><\/div>\n<\/div>\n\n\n\n<hr class=\"wp-block-separator has-alpha-channel-opacity\" \/>\n\n\n\n<h2 class=\"wp-block-heading\"><strong>Personal investigador<\/strong><\/h2>\n\n\n\n<p>Encuentre informaci\u00f3n acerca de los investigadores que ejercen su actividad en el \u00c1rea de Derecho penal de la Facultad CCSS de Toledo.<\/p>\n\n\n\n<div class=\"wp-block-buttons is-layout-flex wp-block-buttons-is-layout-flex\">\n<div class=\"wp-block-button is-style-outline is-style-outline--2\"><a class=\"wp-block-button__link has-text-color wp-element-button\" href=\"https:\/\/blog.uclm.es\/areadpenalto\/personal-investigador\/\" style=\"color:#b30033\">Click aqu\u00ed<\/a><\/div>\n<\/div>\n\n\n\n<hr class=\"wp-block-separator has-alpha-channel-opacity\" \/>\n\n\n\n<h2 class=\"wp-block-heading\"><strong>Proyectos de investigaci\u00f3n<\/strong><\/h2>\n\n\n\n<p>Encuentre informaci\u00f3n acerca de los proyectos que se desarrollan en el \u00c1rea de Derecho penal de la Facultad CCSS de Toledo.<\/p>\n\n\n\n<div class=\"wp-block-buttons is-layout-flex wp-block-buttons-is-layout-flex\">\n<div class=\"wp-block-button is-style-outline is-style-outline--3\"><a class=\"wp-block-button__link has-text-color wp-element-button\" href=\"https:\/\/blog.uclm.es\/areadpenalto\/proyectos-investigacion\/\" style=\"color:#b30033\">Click aqu\u00ed<\/a><\/div>\n<\/div>\n\n\n\n<hr class=\"wp-block-separator has-alpha-channel-opacity\" \/>\n\n\n\n<h2 class=\"wp-block-heading\"><strong>Publicaciones<\/strong><\/h2>\n\n\n\n<p>Encuentre informaci\u00f3n acerca de las publicaciones desarrolladas por los investigadores del \u00c1rea de Derecho penal de la Facultad CCSS de Toledo.<\/p>\n\n\n\n<div class=\"wp-block-buttons is-layout-flex wp-block-buttons-is-layout-flex\">\n<div class=\"wp-block-button is-style-outline is-style-outline--4\"><a class=\"wp-block-button__link has-text-color wp-element-button\" href=\"https:\/\/blog.uclm.es\/areadpenalto\/publicaciones-2-2\/\" style=\"color:#b30033\">Click aqu\u00ed<\/a><\/div>\n<\/div>\n\n\n\n<hr class=\"wp-block-separator has-alpha-channel-opacity\" \/>\n","protected":false},"excerpt":{"rendered":"<p>L\u00edneas de investigaci\u00f3n Encuentre informaci\u00f3n acerca de las l\u00edneas de investigaci\u00f3n que ocupan a los investigadores del \u00c1rea de Derecho penal de la Facultad CCSS de Toledo, as\u00ed como los proyectos, eventos y publicaciones respecto a cada una de ellas. Personal investigador Encuentre informaci\u00f3n acerca de los investigadores que ejercen su actividad en el \u00c1rea &hellip; <\/p>\n<p class=\"link-more\"><a href=\"https:\/\/blog.uclm.es\/areadpenalto\/investigacion-2\/\" class=\"more-link\">Continuar leyendo<span class=\"screen-reader-text\"> \u00abINVESTIGACI\u00d3N\u00bb<\/span><\/a><\/p>\n","protected":false},"author":132,"featured_media":0,"parent":0,"menu_order":0,"comment_status":"closed","ping_status":"closed","template":"","meta":{"footnotes":""},"class_list":["post-4789","page","type-page","status-publish","hentry"],"_links":{"self":[{"href":"https:\/\/blog.uclm.es\/areadpenalto\/wp-json\/wp\/v2\/pages\/4789","targetHints":{"allow":["GET"]}}],"collection":[{"href":"https:\/\/blog.uclm.es\/areadpenalto\/wp-json\/wp\/v2\/pages"}],"about":[{"href":"https:\/\/blog.uclm.es\/areadpenalto\/wp-json\/wp\/v2\/types\/page"}],"author":[{"embeddable":true,"href":"https:\/\/blog.uclm.es\/areadpenalto\/wp-json\/wp\/v2\/users\/132"}],"replies":[{"embeddable":true,"href":"https:\/\/blog.uclm.es\/areadpenalto\/wp-json\/wp\/v2\/comments?post=4789"}],"version-history":[{"count":3,"href":"https:\/\/blog.uclm.es\/areadpenalto\/wp-json\/wp\/v2\/pages\/4789\/revisions"}],"predecessor-version":[{"id":9516,"href":"https:\/\/blog.uclm.es\/areadpenalto\/wp-json\/wp\/v2\/pages\/4789\/revisions\/9516"}],"wp:attachment":[{"href":"https:\/\/blog.uclm.es\/areadpenalto\/wp-json\/wp\/v2\/media?parent=4789"}],"curies":[{"name":"wp","href":"https:\/\/api.w.org\/{rel}","templated":true}]}}