{"id":4787,"date":"2019-10-06T18:12:01","date_gmt":"2019-10-06T17:12:01","guid":{"rendered":"http:\/\/blog.uclm.es\/eduardodemetrio\/?page_id=4787"},"modified":"2022-12-23T11:02:38","modified_gmt":"2022-12-23T11:02:38","slug":"docencia-2","status":"publish","type":"page","link":"https:\/\/blog.uclm.es\/areadpenalto\/docencia-2\/","title":{"rendered":"DOCENCIA"},"content":{"rendered":"\n<h2 class=\"has-large-font-size wp-block-heading\"><strong>Profesores<\/strong><\/h2>\n\n\n\n<p>Encuentre informaci\u00f3n acerca de la plantilla docente del \u00c1rea de Derecho penal de la Facultad CCSS de Toledo.<\/p>\n\n\n\n<div class=\"wp-block-buttons is-layout-flex wp-block-buttons-is-layout-flex\">\n<div class=\"wp-block-button is-style-outline is-style-outline--1\"><a class=\"wp-block-button__link has-text-color wp-element-button\" href=\"https:\/\/blog.uclm.es\/areadpenalto\/plantilla-docente\/\" style=\"color:#b30033\">Click aqu\u00ed<\/a><\/div>\n<\/div>\n\n\n\n<hr class=\"wp-block-separator has-alpha-channel-opacity is-style-wide\" \/>\n\n\n\n<h2 class=\"has-large-font-size wp-block-heading\"><strong>Estudios<\/strong><\/h2>\n\n\n\n<p>Encuentre informaci\u00f3n acerca de las asignaturas en las que imparte docencia del \u00c1rea de Derecho penal de la Facultad CCSS de Toledo.<\/p>\n\n\n\n<div class=\"wp-block-buttons is-layout-flex wp-block-buttons-is-layout-flex\">\n<div class=\"wp-block-button is-style-outline is-style-outline--2\"><a class=\"wp-block-button__link has-text-color wp-element-button\" href=\"https:\/\/blog.uclm.es\/areadpenalto\/estudios\/\" style=\"color:#b30033\">Click aqu\u00ed<\/a><\/div>\n<\/div>\n\n\n\n<hr class=\"wp-block-separator has-alpha-channel-opacity is-style-wide\" \/>\n\n\n\n<h2 class=\"has-large-font-size wp-block-heading\"><strong>Becarios<\/strong><\/h2>\n\n\n\n<p>Encuentre informaci\u00f3n acerca de los estudiantes que disfrutan de becas de colaboraci\u00f3n en el \u00c1rea de Derecho penal de la Facultad CCSS de Toledo.<\/p>\n\n\n\n<div class=\"wp-block-buttons is-layout-flex wp-block-buttons-is-layout-flex\">\n<div class=\"wp-block-button is-style-outline is-style-outline--3\"><a class=\"wp-block-button__link has-text-color wp-element-button\" href=\"https:\/\/blog.uclm.es\/areadpenalto\/becarios-de-colaboracion\/\" style=\"color:#b30033\">Click aqu\u00ed<\/a><\/div>\n<\/div>\n\n\n\n<p><\/p>\n\n\n\n<hr class=\"wp-block-separator has-alpha-channel-opacity is-style-wide\" \/>\n","protected":false},"excerpt":{"rendered":"<p>Profesores Encuentre informaci\u00f3n acerca de la plantilla docente del \u00c1rea de Derecho penal de la Facultad CCSS de Toledo. Estudios Encuentre informaci\u00f3n acerca de las asignaturas en las que imparte docencia del \u00c1rea de Derecho penal de la Facultad CCSS de Toledo. Becarios Encuentre informaci\u00f3n acerca de los estudiantes que disfrutan de becas de colaboraci\u00f3n &hellip; <\/p>\n<p class=\"link-more\"><a href=\"https:\/\/blog.uclm.es\/areadpenalto\/docencia-2\/\" class=\"more-link\">Continuar leyendo<span class=\"screen-reader-text\"> \u00abDOCENCIA\u00bb<\/span><\/a><\/p>\n","protected":false},"author":132,"featured_media":0,"parent":0,"menu_order":0,"comment_status":"closed","ping_status":"closed","template":"","meta":{"footnotes":""},"class_list":["post-4787","page","type-page","status-publish","hentry"],"_links":{"self":[{"href":"https:\/\/blog.uclm.es\/areadpenalto\/wp-json\/wp\/v2\/pages\/4787","targetHints":{"allow":["GET"]}}],"collection":[{"href":"https:\/\/blog.uclm.es\/areadpenalto\/wp-json\/wp\/v2\/pages"}],"about":[{"href":"https:\/\/blog.uclm.es\/areadpenalto\/wp-json\/wp\/v2\/types\/page"}],"author":[{"embeddable":true,"href":"https:\/\/blog.uclm.es\/areadpenalto\/wp-json\/wp\/v2\/users\/132"}],"replies":[{"embeddable":true,"href":"https:\/\/blog.uclm.es\/areadpenalto\/wp-json\/wp\/v2\/comments?post=4787"}],"version-history":[{"count":4,"href":"https:\/\/blog.uclm.es\/areadpenalto\/wp-json\/wp\/v2\/pages\/4787\/revisions"}],"predecessor-version":[{"id":9730,"href":"https:\/\/blog.uclm.es\/areadpenalto\/wp-json\/wp\/v2\/pages\/4787\/revisions\/9730"}],"wp:attachment":[{"href":"https:\/\/blog.uclm.es\/areadpenalto\/wp-json\/wp\/v2\/media?parent=4787"}],"curies":[{"name":"wp","href":"https:\/\/api.w.org\/{rel}","templated":true}]}}