{"id":4584,"date":"2019-07-21T17:39:23","date_gmt":"2019-07-21T16:39:23","guid":{"rendered":"http:\/\/blog.uclm.es\/eduardodemetrio\/?page_id=4584"},"modified":"2022-12-16T11:24:19","modified_gmt":"2022-12-16T11:24:19","slug":"pagina-web-del-area-de-derecho-penal-de-toledo","status":"publish","type":"page","link":"https:\/\/blog.uclm.es\/areadpenalto\/","title":{"rendered":"P\u00e1gina web del \u00c1rea de Derecho penal de Toledo"},"content":{"rendered":"\n<h2 class=\"has-large-font-size wp-block-heading\"><strong>NOVEDADES<\/strong><\/h2>\n\n\n\n<p>Encuentre informaci\u00f3n acerca de las \u00faltimas noticias en la actividad docente, investigadora y transferencia del \u00c1rea de Derecho penal de la Facultad CCSS de Toledo.<\/p>\n\n\n\n<div class=\"wp-block-buttons is-layout-flex wp-block-buttons-is-layout-flex\">\n<div class=\"wp-block-button is-style-outline is-style-outline--1\"><a class=\"wp-block-button__link has-text-color wp-element-button\" href=\"https:\/\/blog.uclm.es\/areadpenalto\/proxevents\/\" style=\"color:#b30033\">Click aqu\u00ed<\/a><\/div>\n<\/div>\n\n\n\n<hr class=\"wp-block-separator has-alpha-channel-opacity\" \/>\n\n\n\n<h2 class=\"has-large-font-size wp-block-heading\"><strong>DOCENCIA<\/strong><\/h2>\n\n\n\n<p>Encuentre informaci\u00f3n acerca de la plantilla de profesores, investigadores y becarios que forman parte del \u00c1rea de Derecho penal de la Facultad CCSS de Toledo (UCLM).<\/p>\n\n\n\n<div class=\"wp-block-buttons is-layout-flex wp-block-buttons-is-layout-flex\">\n<div class=\"wp-block-button is-style-outline is-style-outline--2\"><a class=\"wp-block-button__link has-text-color wp-element-button\" href=\"https:\/\/blog.uclm.es\/areadpenalto\/docencia-2\/\" style=\"color:#b30033\">Click aqu\u00ed<\/a><\/div>\n<\/div>\n\n\n\n<hr class=\"wp-block-separator has-alpha-channel-opacity\" \/>\n\n\n\n<h2 class=\"has-large-font-size wp-block-heading\"><strong>INVESTIGACI\u00d3N<\/strong><\/h2>\n\n\n\n<p>Encuentre informaci\u00f3n acerca de las l\u00edneas de investigaci\u00f3n que se desarrollan en el \u00e1rea de Derecho penal de la Facultad CCSS de Toledo, los investigadores adscritos, as\u00ed como los proyectos de investigaci\u00f3n y las publicaciones&nbsp; de sus miembros.<\/p>\n\n\n\n<div class=\"wp-block-buttons is-layout-flex wp-block-buttons-is-layout-flex\">\n<div class=\"wp-block-button is-style-outline is-style-outline--3\"><a class=\"wp-block-button__link has-text-color wp-element-button\" href=\"https:\/\/blog.uclm.es\/areadpenalto\/investigacion-2\/\" style=\"color:#b30033\">Click aqu\u00ed<\/a><\/div>\n<\/div>\n\n\n\n<hr class=\"wp-block-separator has-alpha-channel-opacity\" \/>\n\n\n\n<h2 class=\"has-large-font-size wp-block-heading\"><strong>TRANSFERENCIA<\/strong><\/h2>\n\n\n\n<p>Encuentre informaci\u00f3n acerca de los eventos que organiza el \u00e1rea de Derecho penal (Congresos, Seminarios, Ciclos de conferencias, etc.), de los Cursos de Postgrado en nuestra materias y otras actividades.<\/p>\n\n\n\n<div class=\"wp-block-buttons is-layout-flex wp-block-buttons-is-layout-flex\">\n<div class=\"wp-block-button is-style-outline is-style-outline--4\"><a class=\"wp-block-button__link has-text-color wp-element-button\" href=\"https:\/\/blog.uclm.es\/areadpenalto\/transferenciaconocimientos\/\" style=\"color:#b30033\">Click aqu\u00ed<\/a><\/div>\n<\/div>\n\n\n\n<hr class=\"wp-block-separator has-alpha-channel-opacity\" \/>\n\n\n\n<h2 class=\"has-large-font-size wp-block-heading\" style=\"text-decoration:underline\"><strong>P\u00e1ginas web relacionadas<\/strong><\/h2>\n\n\n\n<div class=\"wp-block-columns is-layout-flex wp-container-core-columns-is-layout-9d6595d7 wp-block-columns-is-layout-flex\">\n<div class=\"wp-block-column is-layout-flow wp-block-column-is-layout-flow\" style=\"flex-basis:33.33%\"><div class=\"wp-block-image\">\n<figure class=\"aligncenter size-full is-resized\"><img loading=\"lazy\" decoding=\"async\" src=\"https:\/\/blog.uclm.es\/areadpenalto\/wp-content\/uploads\/sites\/142\/2021\/09\/thumbnail_logo-CRESTA_IMAGEN-2.jpg\" alt=\"\" class=\"wp-image-9149\" width=\"63\" height=\"64\" \/><\/figure>\n<\/div><\/div>\n\n\n\n<div class=\"wp-block-column is-layout-flow wp-block-column-is-layout-flow\" style=\"flex-basis:66.66%\">\n<figure class=\"wp-block-table has-small-font-size\"><table><thead><tr><th><a href=\"https:\/\/blog.uclm.es\/proyectocresta\/\" target=\"_blank\" rel=\"noreferrer noopener\">PROYECTO INVESTIGACI\u00d3N CRESTA<\/a><\/th><\/tr><\/thead><tbody><tr><td>&#8211; <a href=\"https:\/\/blog.uclm.es\/proyectocresta\/subproyectos\/\" target=\"_blank\" rel=\"noreferrer noopener\">SUBPROYECTOS<\/a><br>&#8211; <a href=\"https:\/\/blog.uclm.es\/proyectocresta\/investigadores\/\" target=\"_blank\" rel=\"noreferrer noopener\">INVESTIGADORES<\/a><br>&#8211; <a href=\"https:\/\/blog.uclm.es\/proyectocresta\/eventos-2\/\" target=\"_blank\" rel=\"noreferrer noopener\">SEMINARIOS<\/a><br>&#8211; <a href=\"https:\/\/blog.uclm.es\/proyectocresta\/publicaciones-2\/\" target=\"_blank\" rel=\"noreferrer noopener\">PUBLICACIONES<\/a><\/td><\/tr><\/tbody><\/table><\/figure>\n<\/div>\n<\/div>\n\n\n\n<div class=\"wp-block-columns is-layout-flex wp-container-core-columns-is-layout-9d6595d7 wp-block-columns-is-layout-flex\">\n<div class=\"wp-block-column is-layout-flow wp-block-column-is-layout-flow\" style=\"flex-basis:33.33%\"><div class=\"wp-block-image\">\n<figure class=\"aligncenter size-full is-resized\"><img loading=\"lazy\" decoding=\"async\" src=\"https:\/\/blog.uclm.es\/areadpenalto\/wp-content\/uploads\/sites\/142\/2022\/02\/NACL_1_fondo.jpg\" alt=\"\" class=\"wp-image-9241\" width=\"99\" height=\"47\" \/><\/figure>\n<\/div><\/div>\n\n\n\n<div class=\"wp-block-column is-vertically-aligned-center is-layout-flow wp-block-column-is-layout-flow\" style=\"flex-basis:66.66%\">\n<p class=\"has-text-align-left has-small-font-size\"><strong><a href=\"https:\/\/www.facebook.com\/people\/Neuro-Artificial-Criminal-Law\/100066970129338\/\" target=\"_blank\" rel=\"noreferrer noopener\">NEURO ARTICIFIAL CRIMINAL LAW<\/a><\/strong><\/p>\n<\/div>\n<\/div>\n\n\n\n<div class=\"wp-block-columns is-layout-flex wp-container-core-columns-is-layout-9d6595d7 wp-block-columns-is-layout-flex\">\n<div class=\"wp-block-column is-layout-flow wp-block-column-is-layout-flow\" style=\"flex-basis:33.33%\"><div class=\"wp-block-image\">\n<figure class=\"aligncenter size-full is-resized\"><img loading=\"lazy\" decoding=\"async\" src=\"https:\/\/blog.uclm.es\/areadpenalto\/wp-content\/uploads\/sites\/142\/2021\/09\/image-2.png\" alt=\"\" class=\"wp-image-9182\" width=\"77\" height=\"77\" \/><\/figure>\n<\/div><\/div>\n\n\n\n<div class=\"wp-block-column is-layout-flow wp-block-column-is-layout-flow\" style=\"flex-basis:66.66%\">\n<figure class=\"wp-block-table has-small-font-size\"><table><thead><tr><th><a href=\"https:\/\/blog.uclm.es\/eduardodemetrio\/\">BLOG WEB PROF. EDUARDO DEMETRIO CRESPO<\/a><\/th><\/tr><\/thead><tbody><tr><td>&#8211; <a href=\"https:\/\/blog.uclm.es\/eduardodemetrio\/curriculum-detallado\/\" target=\"_blank\" rel=\"noreferrer noopener\">CURR\u00cdCULUM VITAE<\/a><br>&#8211; <a href=\"https:\/\/blog.uclm.es\/eduardodemetrio\/lineas-de-investigacion-2\/\" target=\"_blank\" rel=\"noreferrer noopener\">INVESTIGACI\u00d3N<\/a><br>&#8211; <a href=\"https:\/\/blog.uclm.es\/eduardodemetrio\/publicaciones-2\/\" target=\"_blank\" rel=\"noreferrer noopener\">PUBLICACIONES<\/a><br>&#8211; <a href=\"https:\/\/blog.uclm.es\/eduardodemetrio\/publicaciones-articulos-en-otros-idiomas\/\" target=\"_blank\" rel=\"noreferrer noopener\">TRANSFERENCIA<\/a><\/td><\/tr><\/tbody><\/table><\/figure>\n<\/div>\n<\/div>\n","protected":false},"excerpt":{"rendered":"<p>NOVEDADES Encuentre informaci\u00f3n acerca de las \u00faltimas noticias en la actividad docente, investigadora y transferencia del \u00c1rea de Derecho penal de la Facultad CCSS de Toledo. DOCENCIA Encuentre informaci\u00f3n acerca de la plantilla de profesores, investigadores y becarios que forman parte del \u00c1rea de Derecho penal de la Facultad CCSS de Toledo (UCLM). INVESTIGACI\u00d3N Encuentre &hellip; <\/p>\n<p class=\"link-more\"><a href=\"https:\/\/blog.uclm.es\/areadpenalto\/\" class=\"more-link\">Continuar leyendo<span class=\"screen-reader-text\"> \u00abP\u00e1gina web del \u00c1rea de Derecho penal de Toledo\u00bb<\/span><\/a><\/p>\n","protected":false},"author":132,"featured_media":0,"parent":0,"menu_order":0,"comment_status":"closed","ping_status":"closed","template":"","meta":{"footnotes":""},"class_list":["post-4584","page","type-page","status-publish","hentry"],"_links":{"self":[{"href":"https:\/\/blog.uclm.es\/areadpenalto\/wp-json\/wp\/v2\/pages\/4584","targetHints":{"allow":["GET"]}}],"collection":[{"href":"https:\/\/blog.uclm.es\/areadpenalto\/wp-json\/wp\/v2\/pages"}],"about":[{"href":"https:\/\/blog.uclm.es\/areadpenalto\/wp-json\/wp\/v2\/types\/page"}],"author":[{"embeddable":true,"href":"https:\/\/blog.uclm.es\/areadpenalto\/wp-json\/wp\/v2\/users\/132"}],"replies":[{"embeddable":true,"href":"https:\/\/blog.uclm.es\/areadpenalto\/wp-json\/wp\/v2\/comments?post=4584"}],"version-history":[{"count":12,"href":"https:\/\/blog.uclm.es\/areadpenalto\/wp-json\/wp\/v2\/pages\/4584\/revisions"}],"predecessor-version":[{"id":9402,"href":"https:\/\/blog.uclm.es\/areadpenalto\/wp-json\/wp\/v2\/pages\/4584\/revisions\/9402"}],"wp:attachment":[{"href":"https:\/\/blog.uclm.es\/areadpenalto\/wp-json\/wp\/v2\/media?parent=4584"}],"curies":[{"name":"wp","href":"https:\/\/api.w.org\/{rel}","templated":true}]}}