{"id":47,"date":"2025-11-26T00:48:03","date_gmt":"2025-11-25T23:48:03","guid":{"rendered":"https:\/\/blog.uclm.es\/areaderconscr\/?page_id=47"},"modified":"2025-12-04T14:45:56","modified_gmt":"2025-12-04T13:45:56","slug":"equipo","status":"publish","type":"page","link":"https:\/\/blog.uclm.es\/areaderconscr\/equipo\/","title":{"rendered":"Equipo"},"content":{"rendered":"\n<p>El \u00c1rea de Derecho Constitucional de Ciudad Real forma parte de la Universidad de Castilla-La Mancha y est\u00e1 formada el personal docente e investigador de la Facultad de Derecho y Ciencias Sociales que se dedica al estudio del Derecho Constitucional.<\/p>\n\n\n\n<p>Entre nuestro equipo, se encuentran:<\/p>\n\n\n\n<p class=\"has-large-font-size\">Dr. D. Tom\u00e1s Vidal Mar\u00edn<\/p>\n\n\n\n<p>Director del \u00e1rea de Derecho Constitucional <\/p>\n\n\n\n<p>Catedr\u00e1tico de Derecho Constitucional<\/p>\n\n\n\n<hr class=\"wp-block-separator has-alpha-channel-opacity\" \/>\n\n\n\n<p class=\"has-large-font-size\">Dr. D. Enrique Belda P\u00e9rez-Pedrero<\/p>\n\n\n\n<p>Catedr\u00e1tico de Derecho Constitucional<\/p>\n\n\n\n<p>(Actualmente, en servicios especiales)<\/p>\n\n\n\n<hr class=\"wp-block-separator has-alpha-channel-opacity\" \/>\n\n\n\n<p class=\"has-large-font-size\">Dra. D.\u00aa Mar\u00eda Mart\u00edn S\u00e1nchez<\/p>\n\n\n\n<p>Profesora Titular de Derecho Constitucional<\/p>\n\n\n\n<p>Vicedecana de Derecho en la Facultad de Derecho y Ciencias Sociales<\/p>\n\n\n\n<hr class=\"wp-block-separator has-alpha-channel-opacity\" \/>\n\n\n\n<p class=\"has-large-font-size\">Dra. D.\u00aa Mar\u00eda Ru\u00edz Dorado<\/p>\n\n\n\n<p>Profesora Ayudante Doctora de Derecho Constitucional<\/p>\n\n\n\n<p>Coordinadora de Relaciones Internacionales de la Facultad de Derecho y Ciencias Sociales<\/p>\n\n\n\n<hr class=\"wp-block-separator has-alpha-channel-opacity\" \/>\n\n\n\n<p class=\"has-large-font-size\">D. Jos\u00e9 Luis Lara Corral<\/p>\n\n\n\n<p>Profesor Asociado de Derecho Constitucional<\/p>\n\n\n\n<hr class=\"wp-block-separator has-alpha-channel-opacity\" \/>\n\n\n\n<p class=\"has-large-font-size\">D. Luis Alejandro Tercero Rodr\u00edguez<\/p>\n\n\n\n<p>Investigador contratado predoctoral (FPU) de Derecho Constitucional en la Universidad de Castilla &#8211; La Mancha<\/p>\n\n\n\n<hr class=\"wp-block-separator has-alpha-channel-opacity\" \/>\n","protected":false},"excerpt":{"rendered":"<p>El \u00c1rea de Derecho Constitucional de Ciudad Real forma parte de la Universidad de Castilla-La Mancha y est\u00e1 formada el personal docente e investigador de la Facultad de Derecho y Ciencias Sociales que se dedica al estudio del Derecho Constitucional. Entre nuestro equipo, se encuentran: Dr. D. Tom\u00e1s Vidal Mar\u00edn Director del \u00e1rea de Derecho [&hellip;]<\/p>\n","protected":false},"author":555,"featured_media":0,"parent":0,"menu_order":2,"comment_status":"closed","ping_status":"closed","template":"","meta":{"footnotes":""},"class_list":["post-47","page","type-page","status-publish","hentry"],"_links":{"self":[{"href":"https:\/\/blog.uclm.es\/areaderconscr\/wp-json\/wp\/v2\/pages\/47","targetHints":{"allow":["GET"]}}],"collection":[{"href":"https:\/\/blog.uclm.es\/areaderconscr\/wp-json\/wp\/v2\/pages"}],"about":[{"href":"https:\/\/blog.uclm.es\/areaderconscr\/wp-json\/wp\/v2\/types\/page"}],"author":[{"embeddable":true,"href":"https:\/\/blog.uclm.es\/areaderconscr\/wp-json\/wp\/v2\/users\/555"}],"replies":[{"embeddable":true,"href":"https:\/\/blog.uclm.es\/areaderconscr\/wp-json\/wp\/v2\/comments?post=47"}],"version-history":[{"count":4,"href":"https:\/\/blog.uclm.es\/areaderconscr\/wp-json\/wp\/v2\/pages\/47\/revisions"}],"predecessor-version":[{"id":144,"href":"https:\/\/blog.uclm.es\/areaderconscr\/wp-json\/wp\/v2\/pages\/47\/revisions\/144"}],"wp:attachment":[{"href":"https:\/\/blog.uclm.es\/areaderconscr\/wp-json\/wp\/v2\/media?parent=47"}],"curies":[{"name":"wp","href":"https:\/\/api.w.org\/{rel}","templated":true}]}}