{"id":2,"date":"2025-10-30T11:09:03","date_gmt":"2025-10-30T10:09:03","guid":{"rendered":"https:\/\/blog.uclm.es\/areaderconscr\/?page_id=2"},"modified":"2025-12-04T14:45:48","modified_gmt":"2025-12-04T13:45:48","slug":"sobre-nosotros","status":"publish","type":"page","link":"https:\/\/blog.uclm.es\/areaderconscr\/sobre-nosotros\/","title":{"rendered":"Sobre nosotros"},"content":{"rendered":"\n<figure class=\"wp-block-image alignfull size-large\"><img loading=\"lazy\" decoding=\"async\" width=\"1024\" height=\"576\" src=\"https:\/\/blog.uclm.es\/areaderconscr\/wp-content\/uploads\/sites\/332\/2025\/11\/FONDO-AREA-1024x576.png\" alt=\"\" class=\"wp-image-33\" srcset=\"https:\/\/blog.uclm.es\/areaderconscr\/wp-content\/uploads\/sites\/332\/2025\/11\/FONDO-AREA-1024x576.png 1024w, https:\/\/blog.uclm.es\/areaderconscr\/wp-content\/uploads\/sites\/332\/2025\/11\/FONDO-AREA-300x169.png 300w, https:\/\/blog.uclm.es\/areaderconscr\/wp-content\/uploads\/sites\/332\/2025\/11\/FONDO-AREA-768x432.png 768w, https:\/\/blog.uclm.es\/areaderconscr\/wp-content\/uploads\/sites\/332\/2025\/11\/FONDO-AREA-1536x864.png 1536w, https:\/\/blog.uclm.es\/areaderconscr\/wp-content\/uploads\/sites\/332\/2025\/11\/FONDO-AREA-2048x1152.png 2048w\" sizes=\"auto, (max-width: 1024px) 100vw, 1024px\" \/><\/figure>\n\n\n\n<p>El <strong>\u00c1rea de Derecho Constitucional <\/strong>de Ciudad Real, integrada en el Departamento de Ciencia Jur\u00eddica y Derecho P\u00fablico de la UCLM, se encuentra en la Facultad de Derecho y Ciencias Sociales y est\u00e1 formada por el personal docente e investigador de la Universidad de Castilla &#8211; La Mancha adscrito a esta facultad.<\/p>\n\n\n\n<p>Nuestro \u00e1mbito de estudio se centra en el Derecho Constitucional como disciplina cient\u00edfico-jur\u00eddica y en la Constituci\u00f3n Espa\u00f1ola de 1978. El Derecho Constitucional es la rama del Derecho que estudia la Constituci\u00f3n y, por tanto, las normas e instituciones fundamentales de un Estado, as\u00ed como las relaciones entre el Estado y los ciudadanos (reconocimiento de los derechos fundamentales y libertades p\u00fablicas). En este sentido, la Constituci\u00f3n constituye un claro l\u00edmite al poder pol\u00edtico, regulando la organizaci\u00f3n del poder, de los derechos y libertades fundamentales y de las relaciones entre el Estado y los ciudadanos, marcando l\u00edmites al poder para que este sea ejercido con pleno respeto a la Constituci\u00f3n.<\/p>\n\n\n\n<div class=\"wp-block-columns is-layout-flex wp-container-core-columns-is-layout-28f84493 wp-block-columns-is-layout-flex\">\n<div class=\"wp-block-column is-layout-flow wp-block-column-is-layout-flow\" style=\"flex-basis:33.33%\">\n<figure class=\"wp-block-image size-large\"><img loading=\"lazy\" decoding=\"async\" width=\"1024\" height=\"1022\" src=\"https:\/\/blog.uclm.es\/areaderconscr\/wp-content\/uploads\/sites\/332\/2025\/11\/Imagen-1-2-1024x1022.png\" alt=\"\" class=\"wp-image-31\" srcset=\"https:\/\/blog.uclm.es\/areaderconscr\/wp-content\/uploads\/sites\/332\/2025\/11\/Imagen-1-2-1024x1022.png 1024w, https:\/\/blog.uclm.es\/areaderconscr\/wp-content\/uploads\/sites\/332\/2025\/11\/Imagen-1-2-300x300.png 300w, https:\/\/blog.uclm.es\/areaderconscr\/wp-content\/uploads\/sites\/332\/2025\/11\/Imagen-1-2-150x150.png 150w, https:\/\/blog.uclm.es\/areaderconscr\/wp-content\/uploads\/sites\/332\/2025\/11\/Imagen-1-2-768x767.png 768w, https:\/\/blog.uclm.es\/areaderconscr\/wp-content\/uploads\/sites\/332\/2025\/11\/Imagen-1-2-1536x1534.png 1536w, https:\/\/blog.uclm.es\/areaderconscr\/wp-content\/uploads\/sites\/332\/2025\/11\/Imagen-1-2-2048x2045.png 2048w\" sizes=\"auto, (max-width: 1024px) 100vw, 1024px\" \/><\/figure>\n<\/div>\n\n\n\n<div class=\"wp-block-column is-layout-flow wp-block-column-is-layout-flow\" style=\"flex-basis:66.66%\">\n<p>Desde el \u00c1rea de Derecho Constitucional se llevan a cabo diversos proyectos de investigaci\u00f3n con el objetivo de desarrollar la ciencia jur\u00eddica en el campo del Derecho Constitucional. Tambi\u00e9n imparte docencia reglada de grado y de m\u00e1ster en la Facultad de Derecho y Ciencias Sociales y en otros centros de la UCLM, en aquellas materias relacionadas con el Derecho constitucional.<\/p>\n<\/div>\n<\/div>\n\n\n\n<p>El \u00c1rea de Derecho Constitucional de Ciudad Real forma parte de la Universidad de Castilla-La Mancha, la cual, desde 1985, tiene entre sus objetivos principales facilitar el acceso de los j\u00f3venes a la educaci\u00f3n superior, impulsar el desarrollo econ\u00f3mico, social, cultural y tecnol\u00f3gico de la regi\u00f3n y actuar como factor de cohesi\u00f3n territorial, conectando el conocimiento universitario con las necesidades presentes y futuras de la sociedad castellano-manchega.&nbsp;<\/p>\n\n\n\n<p>Por este motivo, desde el \u00c1rea de Derecho Constitucional contribuimos con la formaci\u00f3n jur\u00eddica de los estudiantes universitarios y colaboramos con las entidades e instituciones de la regi\u00f3n, ofrecemos actividades transversales de alta formaci\u00f3n jur\u00eddica, colaboramos con la producci\u00f3n cient\u00edfico-jur\u00eddica de nuestra regi\u00f3n y con la creaci\u00f3n de nuevo conocimiento, y fomentamos la educaci\u00f3n jur\u00eddica de la sociedad a trav\u00e9s de diversas actividades de divulgaci\u00f3n cient\u00edfica.<\/p>\n\n\n\n<div class=\"wp-block-columns is-layout-flex wp-container-core-columns-is-layout-28f84493 wp-block-columns-is-layout-flex\">\n<div class=\"wp-block-column is-layout-flow wp-block-column-is-layout-flow\" style=\"flex-basis:33.33%\">\n<div style=\"height:0px\" aria-hidden=\"true\" class=\"wp-block-spacer\"><\/div>\n\n\n\n<h2 class=\"wp-block-heading has-text-align-right\" style=\"font-size:2rem\"><strong>FACULTA DE DERECHO Y CIENCIAS SOCIALES<\/strong><\/h2>\n\n\n\n<p class=\"has-text-align-right\">Nos encontramos en la Facultad de Derecho y Ciencias Sociales de Ciudad Real.<\/p>\n<\/div>\n\n\n\n<div class=\"wp-block-column is-layout-flow wp-block-column-is-layout-flow\" style=\"flex-basis:66.66%\">\n<figure class=\"wp-block-image size-large\"><img loading=\"lazy\" decoding=\"async\" width=\"1024\" height=\"768\" src=\"https:\/\/blog.uclm.es\/areaderconscr\/wp-content\/uploads\/sites\/332\/2025\/11\/IMG_9050-1024x768.jpeg\" alt=\"\" class=\"wp-image-51\" srcset=\"https:\/\/blog.uclm.es\/areaderconscr\/wp-content\/uploads\/sites\/332\/2025\/11\/IMG_9050-1024x768.jpeg 1024w, https:\/\/blog.uclm.es\/areaderconscr\/wp-content\/uploads\/sites\/332\/2025\/11\/IMG_9050-300x225.jpeg 300w, https:\/\/blog.uclm.es\/areaderconscr\/wp-content\/uploads\/sites\/332\/2025\/11\/IMG_9050-768x576.jpeg 768w, https:\/\/blog.uclm.es\/areaderconscr\/wp-content\/uploads\/sites\/332\/2025\/11\/IMG_9050-1536x1152.jpeg 1536w, https:\/\/blog.uclm.es\/areaderconscr\/wp-content\/uploads\/sites\/332\/2025\/11\/IMG_9050-2048x1536.jpeg 2048w\" sizes=\"auto, (max-width: 1024px) 100vw, 1024px\" \/><\/figure>\n<\/div>\n<\/div>\n\n\n\n<pre class=\"wp-block-verse has-text-align-right\"><strong>Facultad de Derecho y Ciencias Sociales<\/strong>\nUniversidad de Castilla - La Mancha\nRonda de Toledo, s\/n\n13071, Ciudad Real\nEspa\u00f1a<\/pre>\n","protected":false},"excerpt":{"rendered":"<p>El \u00c1rea de Derecho Constitucional de Ciudad Real, integrada en el Departamento de Ciencia Jur\u00eddica y Derecho P\u00fablico de la UCLM, se encuentra en la Facultad de Derecho y Ciencias Sociales y est\u00e1 formada por el personal docente e investigador de la Universidad de Castilla &#8211; La Mancha adscrito a esta facultad. Nuestro \u00e1mbito de [&hellip;]<\/p>\n","protected":false},"author":555,"featured_media":0,"parent":0,"menu_order":1,"comment_status":"closed","ping_status":"closed","template":"","meta":{"footnotes":""},"class_list":["post-2","page","type-page","status-publish","hentry"],"_links":{"self":[{"href":"https:\/\/blog.uclm.es\/areaderconscr\/wp-json\/wp\/v2\/pages\/2","targetHints":{"allow":["GET"]}}],"collection":[{"href":"https:\/\/blog.uclm.es\/areaderconscr\/wp-json\/wp\/v2\/pages"}],"about":[{"href":"https:\/\/blog.uclm.es\/areaderconscr\/wp-json\/wp\/v2\/types\/page"}],"author":[{"embeddable":true,"href":"https:\/\/blog.uclm.es\/areaderconscr\/wp-json\/wp\/v2\/users\/555"}],"replies":[{"embeddable":true,"href":"https:\/\/blog.uclm.es\/areaderconscr\/wp-json\/wp\/v2\/comments?post=2"}],"version-history":[{"count":9,"href":"https:\/\/blog.uclm.es\/areaderconscr\/wp-json\/wp\/v2\/pages\/2\/revisions"}],"predecessor-version":[{"id":158,"href":"https:\/\/blog.uclm.es\/areaderconscr\/wp-json\/wp\/v2\/pages\/2\/revisions\/158"}],"wp:attachment":[{"href":"https:\/\/blog.uclm.es\/areaderconscr\/wp-json\/wp\/v2\/media?parent=2"}],"curies":[{"name":"wp","href":"https:\/\/api.w.org\/{rel}","templated":true}]}}