{"id":960,"date":"2017-07-11T12:37:00","date_gmt":"2017-07-11T10:37:00","guid":{"rendered":"https:\/\/blog.uclm.es\/archivoartea\/?page_id=960"},"modified":"2026-04-17T20:19:16","modified_gmt":"2026-04-17T18:19:16","slug":"presentacion","status":"publish","type":"page","link":"https:\/\/blog.uclm.es\/archivoartea\/presentacion\/","title":{"rendered":"Presentaci\u00f3n"},"content":{"rendered":"\n<h3 class=\"wp-block-heading\">Presentaci\u00f3n<\/h3>\n\n\n\n<p>Este proyecto naci\u00f3 en 2002 con el nombre de <em>Archivo Virtual de Artes Esc\u00e9nicas<\/em>. Nuestro objetivo era hacer accesibles materiales sobre obras y procesos de teatro, danza y arte de acci\u00f3n en el \u00e1mbito iberoamericano. Se nutri\u00f3 de aportaciones de investigadores e investigadoras de diferentes pa\u00edses y fue posible gracias a la financiaci\u00f3n de sucesivos proyectos de investigaci\u00f3n nacionales y regionales. Desde 2017, de acuerdo con las nuevas l\u00edneas de investigaci\u00f3n iniciadas por el grupo, se decidi\u00f3 ampliar el campo de estudio y renombrarlo como <em>Archivo Artea: artes vivas \/ artes esc\u00e9nicas<\/em>, pero manteniendo el acr\u00f3nico: <em>AVAE<\/em>. Dado que en estos a\u00f1os el acceso a informaci\u00f3n en l\u00ednea y a v\u00eddeos se ha hecho m\u00e1s f\u00e1cil y que han surgido numerosos repositorios, se decidi\u00f3 tambi\u00e9n priorizar la publicaci\u00f3n de textos y contextos relacionados con las investigaciones de quienes componemos el grupo o colaboran con \u00e9l. La integraci\u00f3n en los proyectos recientes de artistas provenientes de la arquitectura, el cine experimental, la escritura de creaci\u00f3n y las artes visuales ha abierto otras l\u00edneas de trabajo, que ir\u00e1n dando lugar a nuevos campos tem\u00e1ticos e itinerarios para el Archivo.<\/p>\n\n\n\n<h3 class=\"wp-block-heading\">Un proyecto de:<\/h3>\n\n\n\n<figure class=\"wp-block-image aligncenter size-full is-resized\"><a href=\"https:\/\/blog.uclm.es\/artea\/\" target=\"_blank\" rel=\" noreferrer noopener\"><img loading=\"lazy\" decoding=\"async\" width=\"1020\" height=\"932\" src=\"https:\/\/blog.uclm.es\/archivoartea\/wp-content\/uploads\/sites\/323\/2025\/07\/artea-logo.png\" alt=\"\" class=\"wp-image-1314\" style=\"width:230px;height:auto\" srcset=\"https:\/\/blog.uclm.es\/archivoartea\/wp-content\/uploads\/sites\/323\/2025\/07\/artea-logo.png 1020w, https:\/\/blog.uclm.es\/archivoartea\/wp-content\/uploads\/sites\/323\/2025\/07\/artea-logo-300x274.png 300w, https:\/\/blog.uclm.es\/archivoartea\/wp-content\/uploads\/sites\/323\/2025\/07\/artea-logo-768x702.png 768w\" sizes=\"auto, (max-width: 1020px) 100vw, 1020px\" \/><\/a><\/figure>\n\n\n\n<h4 class=\"wp-block-heading has-text-align-center\">Con la financiaci\u00f3n de las siguientes instituciones:<\/h4>\n\n\n\n<div style=\"height:16px\" aria-hidden=\"true\" class=\"wp-block-spacer\"><\/div>\n\n\n\n<div class=\"wp-block-columns is-layout-flex wp-container-core-columns-is-layout-28f84493 wp-block-columns-is-layout-flex\">\n<div class=\"wp-block-column is-vertically-aligned-center is-layout-flow wp-block-column-is-layout-flow\">\n<figure class=\"wp-block-image aligncenter size-full is-resized\"><a href=\"https:\/\/www.uclm.es\" target=\"_blank\" rel=\" noreferrer noopener\"><img loading=\"lazy\" decoding=\"async\" width=\"1474\" height=\"647\" src=\"https:\/\/blog.uclm.es\/archivoartea\/wp-content\/uploads\/sites\/323\/2026\/02\/Logo_UCLM_2025.jpg\" alt=\"\" class=\"wp-image-8388\" style=\"aspect-ratio:2.2783749825492112;width:200px;height:auto\" srcset=\"https:\/\/blog.uclm.es\/archivoartea\/wp-content\/uploads\/sites\/323\/2026\/02\/Logo_UCLM_2025.jpg 1474w, https:\/\/blog.uclm.es\/archivoartea\/wp-content\/uploads\/sites\/323\/2026\/02\/Logo_UCLM_2025-300x132.jpg 300w, https:\/\/blog.uclm.es\/archivoartea\/wp-content\/uploads\/sites\/323\/2026\/02\/Logo_UCLM_2025-1024x449.jpg 1024w, https:\/\/blog.uclm.es\/archivoartea\/wp-content\/uploads\/sites\/323\/2026\/02\/Logo_UCLM_2025-768x337.jpg 768w\" sizes=\"auto, (max-width: 1474px) 100vw, 1474px\" \/><\/a><\/figure>\n<\/div>\n\n\n\n<div class=\"wp-block-column is-vertically-aligned-center is-layout-flow wp-block-column-is-layout-flow\">\n<figure class=\"wp-block-image aligncenter size-full is-resized\"><a href=\"https:\/\/innocam.castillalamancha.es\" target=\"_blank\" rel=\" noreferrer noopener\"><img loading=\"lazy\" decoding=\"async\" width=\"470\" height=\"116\" src=\"https:\/\/blog.uclm.es\/archivoartea\/wp-content\/uploads\/sites\/323\/2026\/02\/Fondos-Feder-CLM-1.png\" alt=\"\" class=\"wp-image-8393\" style=\"aspect-ratio:4.052599635848675;width:285px;height:auto\" srcset=\"https:\/\/blog.uclm.es\/archivoartea\/wp-content\/uploads\/sites\/323\/2026\/02\/Fondos-Feder-CLM-1.png 470w, https:\/\/blog.uclm.es\/archivoartea\/wp-content\/uploads\/sites\/323\/2026\/02\/Fondos-Feder-CLM-1-300x74.png 300w\" sizes=\"auto, (max-width: 470px) 100vw, 470px\" \/><\/a><\/figure>\n<\/div>\n<\/div>\n\n\n\n<div style=\"height:12px\" aria-hidden=\"true\" class=\"wp-block-spacer\"><\/div>\n\n\n\n<figure class=\"wp-block-image aligncenter size-full is-resized\"><img loading=\"lazy\" decoding=\"async\" width=\"860\" height=\"160\" src=\"https:\/\/blog.uclm.es\/archivoartea\/wp-content\/uploads\/sites\/323\/2026\/03\/AEI.-MICIU-2026.png\" alt=\"\" class=\"wp-image-9868\" style=\"aspect-ratio:5.3342049354469685;width:409px;height:auto\" srcset=\"https:\/\/blog.uclm.es\/archivoartea\/wp-content\/uploads\/sites\/323\/2026\/03\/AEI.-MICIU-2026.png 860w, https:\/\/blog.uclm.es\/archivoartea\/wp-content\/uploads\/sites\/323\/2026\/03\/AEI.-MICIU-2026-300x56.png 300w, https:\/\/blog.uclm.es\/archivoartea\/wp-content\/uploads\/sites\/323\/2026\/03\/AEI.-MICIU-2026-768x143.png 768w\" sizes=\"auto, (max-width: 860px) 100vw, 860px\" \/><\/figure>\n\n\n\n<div style=\"height:11px\" aria-hidden=\"true\" class=\"wp-block-spacer\"><\/div>\n\n\n\n<div class=\"wp-block-columns is-layout-flex wp-container-core-columns-is-layout-28f84493 wp-block-columns-is-layout-flex\">\n<div class=\"wp-block-column is-vertically-aligned-center is-layout-flow wp-block-column-is-layout-flow\">\n<figure class=\"wp-block-image aligncenter size-large is-resized\"><a href=\"https:\/\/www.csic.es\/es\" target=\"_blank\" rel=\" noreferrer noopener\"><img loading=\"lazy\" decoding=\"async\" width=\"1024\" height=\"406\" src=\"https:\/\/blog.uclm.es\/archivoartea\/wp-content\/uploads\/sites\/323\/2026\/02\/CSIC-1024x406.jpg\" alt=\"\" class=\"wp-image-8389\" style=\"aspect-ratio:2.522490669809468;width:181px;height:auto\" srcset=\"https:\/\/blog.uclm.es\/archivoartea\/wp-content\/uploads\/sites\/323\/2026\/02\/CSIC-1024x406.jpg 1024w, https:\/\/blog.uclm.es\/archivoartea\/wp-content\/uploads\/sites\/323\/2026\/02\/CSIC-300x119.jpg 300w, https:\/\/blog.uclm.es\/archivoartea\/wp-content\/uploads\/sites\/323\/2026\/02\/CSIC-768x304.jpg 768w, https:\/\/blog.uclm.es\/archivoartea\/wp-content\/uploads\/sites\/323\/2026\/02\/CSIC.jpg 1032w\" sizes=\"auto, (max-width: 1024px) 100vw, 1024px\" \/><\/a><\/figure>\n<\/div>\n\n\n\n<div class=\"wp-block-column is-vertically-aligned-center is-layout-flow wp-block-column-is-layout-flow\">\n<figure class=\"wp-block-image aligncenter size-full is-resized\"><a href=\"https:\/\/www.aecid.es\" target=\"_blank\" rel=\" noreferrer noopener\"><img loading=\"lazy\" decoding=\"async\" width=\"226\" height=\"71\" src=\"https:\/\/blog.uclm.es\/archivoartea\/wp-content\/uploads\/sites\/323\/2025\/07\/aecid-logo.png\" alt=\"\" class=\"wp-image-1308\" style=\"aspect-ratio:3.1842301016612944;width:178px;height:auto\" \/><\/a><\/figure>\n<\/div>\n\n\n\n<div class=\"wp-block-column is-vertically-aligned-center is-layout-flow wp-block-column-is-layout-flow\">\n<figure class=\"wp-block-image aligncenter size-full is-resized\"><a href=\"https:\/\/www.itaucultural.org.br\" target=\"_blank\" rel=\" noreferrer noopener\"><img loading=\"lazy\" decoding=\"async\" width=\"522\" height=\"98\" src=\"https:\/\/blog.uclm.es\/archivoartea\/wp-content\/uploads\/sites\/323\/2025\/07\/itau-logo.png\" alt=\"\" class=\"wp-image-1311\" style=\"aspect-ratio:5.328630705394191;width:169px;height:auto\" srcset=\"https:\/\/blog.uclm.es\/archivoartea\/wp-content\/uploads\/sites\/323\/2025\/07\/itau-logo.png 522w, https:\/\/blog.uclm.es\/archivoartea\/wp-content\/uploads\/sites\/323\/2025\/07\/itau-logo-300x56.png 300w\" sizes=\"auto, (max-width: 522px) 100vw, 522px\" \/><\/a><\/figure>\n<\/div>\n<\/div>\n\n\n\n<div style=\"height:12px\" aria-hidden=\"true\" class=\"wp-block-spacer\"><\/div>\n\n\n\n<h4 class=\"wp-block-heading has-text-align-center\">Gracias al trabajo realizado en sucesivos proyectos de investigaci\u00f3n:<\/h4>\n\n\n\n<div class=\"wp-block-buttons is-content-justification-center is-layout-flex wp-container-core-buttons-is-layout-a89b3969 wp-block-buttons-is-layout-flex\">\n<div class=\"wp-block-button\"><a class=\"wp-block-button__link wp-element-button\" href=\"https:\/\/blog.uclm.es\/archivoartea\/category\/proyectos-id\/\">Ver proyectos<\/a><\/div>\n<\/div>\n\n\n\n<div style=\"height:29px\" aria-hidden=\"true\" class=\"wp-block-spacer\"><\/div>\n\n\n\n<h4 class=\"wp-block-heading\">Versiones previas del archivo:<\/h4>\n\n\n\n<div style=\"height:17px\" aria-hidden=\"true\" class=\"wp-block-spacer\"><\/div>\n\n\n\n<p><strong>2019-2025:<\/strong><\/p>\n\n\n\n<figure class=\"wp-block-image size-large\"><a href=\"https:\/\/archivoartea.uclm.es\" target=\"_blank\" rel=\" noreferrer noopener\"><img loading=\"lazy\" decoding=\"async\" width=\"1024\" height=\"669\" src=\"https:\/\/blog.uclm.es\/archivoartea\/wp-content\/uploads\/sites\/323\/2026\/03\/AVAE.-2024.4-1024x669.png\" alt=\"\" class=\"wp-image-9704\" srcset=\"https:\/\/blog.uclm.es\/archivoartea\/wp-content\/uploads\/sites\/323\/2026\/03\/AVAE.-2024.4-1024x669.png 1024w, https:\/\/blog.uclm.es\/archivoartea\/wp-content\/uploads\/sites\/323\/2026\/03\/AVAE.-2024.4-300x196.png 300w, https:\/\/blog.uclm.es\/archivoartea\/wp-content\/uploads\/sites\/323\/2026\/03\/AVAE.-2024.4-768x502.png 768w, https:\/\/blog.uclm.es\/archivoartea\/wp-content\/uploads\/sites\/323\/2026\/03\/AVAE.-2024.4.png 1334w\" sizes=\"auto, (max-width: 1024px) 100vw, 1024px\" \/><\/a><\/figure>\n\n\n\n<figure class=\"wp-block-gallery has-nested-images columns-default is-cropped wp-block-gallery-1 is-layout-flex wp-block-gallery-is-layout-flex\">\n<figure class=\"wp-block-image size-large\"><img loading=\"lazy\" decoding=\"async\" width=\"1024\" height=\"673\" data-id=\"9706\" src=\"https:\/\/blog.uclm.es\/archivoartea\/wp-content\/uploads\/sites\/323\/2026\/03\/AVAE.-2024.3-1024x673.png\" alt=\"\" class=\"wp-image-9706\" srcset=\"https:\/\/blog.uclm.es\/archivoartea\/wp-content\/uploads\/sites\/323\/2026\/03\/AVAE.-2024.3-1024x673.png 1024w, https:\/\/blog.uclm.es\/archivoartea\/wp-content\/uploads\/sites\/323\/2026\/03\/AVAE.-2024.3-300x197.png 300w, https:\/\/blog.uclm.es\/archivoartea\/wp-content\/uploads\/sites\/323\/2026\/03\/AVAE.-2024.3-768x505.png 768w, https:\/\/blog.uclm.es\/archivoartea\/wp-content\/uploads\/sites\/323\/2026\/03\/AVAE.-2024.3.png 1332w\" sizes=\"auto, (max-width: 1024px) 100vw, 1024px\" \/><\/figure>\n\n\n\n<figure class=\"wp-block-image size-large\"><img loading=\"lazy\" decoding=\"async\" width=\"1024\" height=\"672\" data-id=\"9705\" src=\"https:\/\/blog.uclm.es\/archivoartea\/wp-content\/uploads\/sites\/323\/2026\/03\/AVAE.-2024.-2-1024x672.png\" alt=\"\" class=\"wp-image-9705\" srcset=\"https:\/\/blog.uclm.es\/archivoartea\/wp-content\/uploads\/sites\/323\/2026\/03\/AVAE.-2024.-2-1024x672.png 1024w, https:\/\/blog.uclm.es\/archivoartea\/wp-content\/uploads\/sites\/323\/2026\/03\/AVAE.-2024.-2-300x197.png 300w, https:\/\/blog.uclm.es\/archivoartea\/wp-content\/uploads\/sites\/323\/2026\/03\/AVAE.-2024.-2-768x504.png 768w, https:\/\/blog.uclm.es\/archivoartea\/wp-content\/uploads\/sites\/323\/2026\/03\/AVAE.-2024.-2.png 1333w\" sizes=\"auto, (max-width: 1024px) 100vw, 1024px\" \/><\/figure>\n\n\n\n<figure class=\"wp-block-image size-large\"><img loading=\"lazy\" decoding=\"async\" width=\"1024\" height=\"671\" data-id=\"9703\" src=\"https:\/\/blog.uclm.es\/archivoartea\/wp-content\/uploads\/sites\/323\/2026\/03\/AVAE.-2024.1-1024x671.png\" alt=\"\" class=\"wp-image-9703\" srcset=\"https:\/\/blog.uclm.es\/archivoartea\/wp-content\/uploads\/sites\/323\/2026\/03\/AVAE.-2024.1-1024x671.png 1024w, https:\/\/blog.uclm.es\/archivoartea\/wp-content\/uploads\/sites\/323\/2026\/03\/AVAE.-2024.1-300x197.png 300w, https:\/\/blog.uclm.es\/archivoartea\/wp-content\/uploads\/sites\/323\/2026\/03\/AVAE.-2024.1-768x503.png 768w, https:\/\/blog.uclm.es\/archivoartea\/wp-content\/uploads\/sites\/323\/2026\/03\/AVAE.-2024.1.png 1335w\" sizes=\"auto, (max-width: 1024px) 100vw, 1024px\" \/><\/figure>\n<\/figure>\n\n\n\n<hr class=\"wp-block-separator has-alpha-channel-opacity\" \/>\n\n\n\n<div style=\"height:37px\" aria-hidden=\"true\" class=\"wp-block-spacer\"><\/div>\n\n\n\n<p><strong>Hasta 2019:<\/strong><\/p>\n\n\n\n<figure class=\"wp-block-image size-full\"><img loading=\"lazy\" decoding=\"async\" width=\"772\" height=\"734\" src=\"https:\/\/blog.uclm.es\/archivoartea\/wp-content\/uploads\/sites\/323\/2002\/01\/AVAE.-2013.png\" alt=\"\" class=\"wp-image-9055\" srcset=\"https:\/\/blog.uclm.es\/archivoartea\/wp-content\/uploads\/sites\/323\/2002\/01\/AVAE.-2013.png 772w, https:\/\/blog.uclm.es\/archivoartea\/wp-content\/uploads\/sites\/323\/2002\/01\/AVAE.-2013-300x285.png 300w, https:\/\/blog.uclm.es\/archivoartea\/wp-content\/uploads\/sites\/323\/2002\/01\/AVAE.-2013-768x730.png 768w\" sizes=\"auto, (max-width: 772px) 100vw, 772px\" \/><\/figure>\n","protected":false},"excerpt":{"rendered":"<p>Presentaci\u00f3n Este proyecto naci\u00f3 en 2002 con el nombre de Archivo Virtual de Artes Esc\u00e9nicas. Nuestro objetivo era hacer accesibles materiales sobre obras y procesos de teatro, danza y arte de acci\u00f3n en el \u00e1mbito iberoamericano. Se nutri\u00f3 de aportaciones de investigadores e investigadoras de diferentes pa\u00edses y fue posible gracias a la financiaci\u00f3n de [&hellip;]<\/p>\n","protected":false},"author":285,"featured_media":0,"parent":0,"menu_order":0,"comment_status":"closed","ping_status":"closed","template":"","meta":{"footnotes":""},"class_list":["post-960","page","type-page","status-publish","hentry"],"_links":{"self":[{"href":"https:\/\/blog.uclm.es\/archivoartea\/wp-json\/wp\/v2\/pages\/960","targetHints":{"allow":["GET"]}}],"collection":[{"href":"https:\/\/blog.uclm.es\/archivoartea\/wp-json\/wp\/v2\/pages"}],"about":[{"href":"https:\/\/blog.uclm.es\/archivoartea\/wp-json\/wp\/v2\/types\/page"}],"author":[{"embeddable":true,"href":"https:\/\/blog.uclm.es\/archivoartea\/wp-json\/wp\/v2\/users\/285"}],"replies":[{"embeddable":true,"href":"https:\/\/blog.uclm.es\/archivoartea\/wp-json\/wp\/v2\/comments?post=960"}],"version-history":[{"count":34,"href":"https:\/\/blog.uclm.es\/archivoartea\/wp-json\/wp\/v2\/pages\/960\/revisions"}],"predecessor-version":[{"id":12564,"href":"https:\/\/blog.uclm.es\/archivoartea\/wp-json\/wp\/v2\/pages\/960\/revisions\/12564"}],"wp:attachment":[{"href":"https:\/\/blog.uclm.es\/archivoartea\/wp-json\/wp\/v2\/media?parent=960"}],"curies":[{"name":"wp","href":"https:\/\/api.w.org\/{rel}","templated":true}]}}