{"id":8257,"date":"2026-02-11T11:01:59","date_gmt":"2026-02-11T10:01:59","guid":{"rendered":"https:\/\/blog.uclm.es\/archivoartea\/?page_id=8257"},"modified":"2026-04-05T20:00:23","modified_gmt":"2026-04-05T18:00:23","slug":"acto-de-inauguracion-del-curso-academico-2018-2018-los-limites-de-la-ficcion","status":"publish","type":"page","link":"https:\/\/blog.uclm.es\/archivoartea\/acto-de-inauguracion-del-curso-academico-2018-2018-los-limites-de-la-ficcion\/","title":{"rendered":"Acto de inauguraci\u00f3n del curso acad\u00e9mico 2018-2018. Los l\u00edmites de la ficci\u00f3n"},"content":{"rendered":"\n<h5 class=\"wp-block-heading\">Acto de inauguraci\u00f3n del curso acad\u00e9mico 2018-2019. uclM<\/h5>\n\n\n\n<p>Lecci\u00f3n magistral: <a href=\"https:\/\/blog.uclm.es\/archivoartea\/2018\/09\/28\/los-limites-de-la-ficcion\/\" data-type=\"post\" data-id=\"6446\">Los l\u00edmites de la ficci\u00f3n<\/a>, por Jos\u00e9 A. S\u00e1nchez<\/p>\n\n\n\n<p>Cuenca. Paraninfo universitario. 28 de septiembre de 2018<\/p>\n\n\n\n<figure class=\"wp-block-gallery has-nested-images columns-default is-cropped wp-block-gallery-1 is-layout-flex wp-block-gallery-is-layout-flex\">\n<figure class=\"wp-block-image size-large\"><img loading=\"lazy\" decoding=\"async\" width=\"1024\" height=\"680\" data-id=\"8258\" src=\"https:\/\/blog.uclm.es\/archivoartea\/wp-content\/uploads\/sites\/323\/2026\/02\/Apertura-curso-academico-2018.-Los-limites-de-la-ficcion_7-1024x680.jpg\" alt=\"\" class=\"wp-image-8258\" srcset=\"https:\/\/blog.uclm.es\/archivoartea\/wp-content\/uploads\/sites\/323\/2026\/02\/Apertura-curso-academico-2018.-Los-limites-de-la-ficcion_7-1024x680.jpg 1024w, https:\/\/blog.uclm.es\/archivoartea\/wp-content\/uploads\/sites\/323\/2026\/02\/Apertura-curso-academico-2018.-Los-limites-de-la-ficcion_7-300x199.jpg 300w, https:\/\/blog.uclm.es\/archivoartea\/wp-content\/uploads\/sites\/323\/2026\/02\/Apertura-curso-academico-2018.-Los-limites-de-la-ficcion_7-768x510.jpg 768w, https:\/\/blog.uclm.es\/archivoartea\/wp-content\/uploads\/sites\/323\/2026\/02\/Apertura-curso-academico-2018.-Los-limites-de-la-ficcion_7-1536x1020.jpg 1536w, https:\/\/blog.uclm.es\/archivoartea\/wp-content\/uploads\/sites\/323\/2026\/02\/Apertura-curso-academico-2018.-Los-limites-de-la-ficcion_7.jpg 1975w\" sizes=\"auto, (max-width: 1024px) 100vw, 1024px\" \/><\/figure>\n\n\n\n<figure class=\"wp-block-image size-large\"><img loading=\"lazy\" decoding=\"async\" width=\"1024\" height=\"680\" data-id=\"8259\" src=\"https:\/\/blog.uclm.es\/archivoartea\/wp-content\/uploads\/sites\/323\/2026\/02\/Apertura-curso-academico-2018.-Los-limites-de-la-ficcion_6-1024x680.jpg\" alt=\"\" class=\"wp-image-8259\" srcset=\"https:\/\/blog.uclm.es\/archivoartea\/wp-content\/uploads\/sites\/323\/2026\/02\/Apertura-curso-academico-2018.-Los-limites-de-la-ficcion_6-1024x680.jpg 1024w, https:\/\/blog.uclm.es\/archivoartea\/wp-content\/uploads\/sites\/323\/2026\/02\/Apertura-curso-academico-2018.-Los-limites-de-la-ficcion_6-300x199.jpg 300w, https:\/\/blog.uclm.es\/archivoartea\/wp-content\/uploads\/sites\/323\/2026\/02\/Apertura-curso-academico-2018.-Los-limites-de-la-ficcion_6-768x510.jpg 768w, https:\/\/blog.uclm.es\/archivoartea\/wp-content\/uploads\/sites\/323\/2026\/02\/Apertura-curso-academico-2018.-Los-limites-de-la-ficcion_6-1536x1020.jpg 1536w, https:\/\/blog.uclm.es\/archivoartea\/wp-content\/uploads\/sites\/323\/2026\/02\/Apertura-curso-academico-2018.-Los-limites-de-la-ficcion_6.jpg 1975w\" sizes=\"auto, (max-width: 1024px) 100vw, 1024px\" \/><\/figure>\n\n\n\n<figure class=\"wp-block-image size-large\"><img loading=\"lazy\" decoding=\"async\" width=\"1024\" height=\"683\" data-id=\"8260\" src=\"https:\/\/blog.uclm.es\/archivoartea\/wp-content\/uploads\/sites\/323\/2026\/02\/Apertura-curso-academico-2018.-Los-limites-de-la-ficcion_8-1024x683.jpg\" alt=\"\" class=\"wp-image-8260\" srcset=\"https:\/\/blog.uclm.es\/archivoartea\/wp-content\/uploads\/sites\/323\/2026\/02\/Apertura-curso-academico-2018.-Los-limites-de-la-ficcion_8-1024x683.jpg 1024w, https:\/\/blog.uclm.es\/archivoartea\/wp-content\/uploads\/sites\/323\/2026\/02\/Apertura-curso-academico-2018.-Los-limites-de-la-ficcion_8-300x200.jpg 300w, https:\/\/blog.uclm.es\/archivoartea\/wp-content\/uploads\/sites\/323\/2026\/02\/Apertura-curso-academico-2018.-Los-limites-de-la-ficcion_8-768x512.jpg 768w, https:\/\/blog.uclm.es\/archivoartea\/wp-content\/uploads\/sites\/323\/2026\/02\/Apertura-curso-academico-2018.-Los-limites-de-la-ficcion_8-1536x1024.jpg 1536w, https:\/\/blog.uclm.es\/archivoartea\/wp-content\/uploads\/sites\/323\/2026\/02\/Apertura-curso-academico-2018.-Los-limites-de-la-ficcion_8.jpg 1968w\" sizes=\"auto, (max-width: 1024px) 100vw, 1024px\" \/><\/figure>\n\n\n\n<figure class=\"wp-block-image size-large\"><img loading=\"lazy\" decoding=\"async\" width=\"1024\" height=\"683\" data-id=\"8261\" src=\"https:\/\/blog.uclm.es\/archivoartea\/wp-content\/uploads\/sites\/323\/2026\/02\/Apertura-curso-academico-2018.-Los-limites-de-la-ficcion_9-1024x683.jpg\" alt=\"\" class=\"wp-image-8261\" srcset=\"https:\/\/blog.uclm.es\/archivoartea\/wp-content\/uploads\/sites\/323\/2026\/02\/Apertura-curso-academico-2018.-Los-limites-de-la-ficcion_9-1024x683.jpg 1024w, https:\/\/blog.uclm.es\/archivoartea\/wp-content\/uploads\/sites\/323\/2026\/02\/Apertura-curso-academico-2018.-Los-limites-de-la-ficcion_9-300x200.jpg 300w, https:\/\/blog.uclm.es\/archivoartea\/wp-content\/uploads\/sites\/323\/2026\/02\/Apertura-curso-academico-2018.-Los-limites-de-la-ficcion_9-768x512.jpg 768w, https:\/\/blog.uclm.es\/archivoartea\/wp-content\/uploads\/sites\/323\/2026\/02\/Apertura-curso-academico-2018.-Los-limites-de-la-ficcion_9-1536x1024.jpg 1536w, https:\/\/blog.uclm.es\/archivoartea\/wp-content\/uploads\/sites\/323\/2026\/02\/Apertura-curso-academico-2018.-Los-limites-de-la-ficcion_9.jpg 1968w\" sizes=\"auto, (max-width: 1024px) 100vw, 1024px\" \/><\/figure>\n\n\n\n<figure class=\"wp-block-image size-large\"><img loading=\"lazy\" decoding=\"async\" width=\"1024\" height=\"680\" data-id=\"8262\" src=\"https:\/\/blog.uclm.es\/archivoartea\/wp-content\/uploads\/sites\/323\/2026\/02\/Apertura-curso-academico-2018.-Los-limites-de-la-ficcion_10-1024x680.jpg\" alt=\"\" class=\"wp-image-8262\" srcset=\"https:\/\/blog.uclm.es\/archivoartea\/wp-content\/uploads\/sites\/323\/2026\/02\/Apertura-curso-academico-2018.-Los-limites-de-la-ficcion_10-1024x680.jpg 1024w, https:\/\/blog.uclm.es\/archivoartea\/wp-content\/uploads\/sites\/323\/2026\/02\/Apertura-curso-academico-2018.-Los-limites-de-la-ficcion_10-300x199.jpg 300w, https:\/\/blog.uclm.es\/archivoartea\/wp-content\/uploads\/sites\/323\/2026\/02\/Apertura-curso-academico-2018.-Los-limites-de-la-ficcion_10-768x510.jpg 768w, https:\/\/blog.uclm.es\/archivoartea\/wp-content\/uploads\/sites\/323\/2026\/02\/Apertura-curso-academico-2018.-Los-limites-de-la-ficcion_10-1536x1020.jpg 1536w, https:\/\/blog.uclm.es\/archivoartea\/wp-content\/uploads\/sites\/323\/2026\/02\/Apertura-curso-academico-2018.-Los-limites-de-la-ficcion_10.jpg 1975w\" sizes=\"auto, (max-width: 1024px) 100vw, 1024px\" \/><\/figure>\n\n\n\n<figure class=\"wp-block-image size-large\"><img loading=\"lazy\" decoding=\"async\" width=\"1024\" height=\"683\" data-id=\"8263\" src=\"https:\/\/blog.uclm.es\/archivoartea\/wp-content\/uploads\/sites\/323\/2026\/02\/Apertura-curso-academico-2018.-Los-limites-de-la-ficcion_1-1024x683.jpg\" alt=\"\" class=\"wp-image-8263\" srcset=\"https:\/\/blog.uclm.es\/archivoartea\/wp-content\/uploads\/sites\/323\/2026\/02\/Apertura-curso-academico-2018.-Los-limites-de-la-ficcion_1-1024x683.jpg 1024w, https:\/\/blog.uclm.es\/archivoartea\/wp-content\/uploads\/sites\/323\/2026\/02\/Apertura-curso-academico-2018.-Los-limites-de-la-ficcion_1-300x200.jpg 300w, https:\/\/blog.uclm.es\/archivoartea\/wp-content\/uploads\/sites\/323\/2026\/02\/Apertura-curso-academico-2018.-Los-limites-de-la-ficcion_1-768x512.jpg 768w, https:\/\/blog.uclm.es\/archivoartea\/wp-content\/uploads\/sites\/323\/2026\/02\/Apertura-curso-academico-2018.-Los-limites-de-la-ficcion_1-1536x1024.jpg 1536w, https:\/\/blog.uclm.es\/archivoartea\/wp-content\/uploads\/sites\/323\/2026\/02\/Apertura-curso-academico-2018.-Los-limites-de-la-ficcion_1.jpg 1968w\" sizes=\"auto, (max-width: 1024px) 100vw, 1024px\" \/><\/figure>\n\n\n\n<figure class=\"wp-block-image size-large\"><img loading=\"lazy\" decoding=\"async\" width=\"1024\" height=\"728\" data-id=\"8264\" src=\"https:\/\/blog.uclm.es\/archivoartea\/wp-content\/uploads\/sites\/323\/2026\/02\/Apertura-curso-academico-2018.-Los-limites-de-la-ficcion_2-1024x728.jpg\" alt=\"\" class=\"wp-image-8264\" srcset=\"https:\/\/blog.uclm.es\/archivoartea\/wp-content\/uploads\/sites\/323\/2026\/02\/Apertura-curso-academico-2018.-Los-limites-de-la-ficcion_2-1024x728.jpg 1024w, https:\/\/blog.uclm.es\/archivoartea\/wp-content\/uploads\/sites\/323\/2026\/02\/Apertura-curso-academico-2018.-Los-limites-de-la-ficcion_2-300x213.jpg 300w, https:\/\/blog.uclm.es\/archivoartea\/wp-content\/uploads\/sites\/323\/2026\/02\/Apertura-curso-academico-2018.-Los-limites-de-la-ficcion_2-768x546.jpg 768w, https:\/\/blog.uclm.es\/archivoartea\/wp-content\/uploads\/sites\/323\/2026\/02\/Apertura-curso-academico-2018.-Los-limites-de-la-ficcion_2-1536x1092.jpg 1536w, https:\/\/blog.uclm.es\/archivoartea\/wp-content\/uploads\/sites\/323\/2026\/02\/Apertura-curso-academico-2018.-Los-limites-de-la-ficcion_2.jpg 1845w\" sizes=\"auto, (max-width: 1024px) 100vw, 1024px\" \/><\/figure>\n\n\n\n<figure class=\"wp-block-image size-large\"><img loading=\"lazy\" decoding=\"async\" width=\"1024\" height=\"683\" data-id=\"8265\" src=\"https:\/\/blog.uclm.es\/archivoartea\/wp-content\/uploads\/sites\/323\/2026\/02\/Apertura-curso-academico-2018.-Los-limites-de-la-ficcion_4-1024x683.jpg\" alt=\"\" class=\"wp-image-8265\" srcset=\"https:\/\/blog.uclm.es\/archivoartea\/wp-content\/uploads\/sites\/323\/2026\/02\/Apertura-curso-academico-2018.-Los-limites-de-la-ficcion_4-1024x683.jpg 1024w, https:\/\/blog.uclm.es\/archivoartea\/wp-content\/uploads\/sites\/323\/2026\/02\/Apertura-curso-academico-2018.-Los-limites-de-la-ficcion_4-300x200.jpg 300w, https:\/\/blog.uclm.es\/archivoartea\/wp-content\/uploads\/sites\/323\/2026\/02\/Apertura-curso-academico-2018.-Los-limites-de-la-ficcion_4-768x512.jpg 768w, https:\/\/blog.uclm.es\/archivoartea\/wp-content\/uploads\/sites\/323\/2026\/02\/Apertura-curso-academico-2018.-Los-limites-de-la-ficcion_4-1536x1024.jpg 1536w, https:\/\/blog.uclm.es\/archivoartea\/wp-content\/uploads\/sites\/323\/2026\/02\/Apertura-curso-academico-2018.-Los-limites-de-la-ficcion_4.jpg 1968w\" sizes=\"auto, (max-width: 1024px) 100vw, 1024px\" \/><\/figure>\n\n\n\n<figure class=\"wp-block-image size-large\"><img loading=\"lazy\" decoding=\"async\" width=\"1024\" height=\"683\" data-id=\"8266\" src=\"https:\/\/blog.uclm.es\/archivoartea\/wp-content\/uploads\/sites\/323\/2026\/02\/Apertura-curso-academico-2018.-Los-limites-de-la-ficcion_5-1024x683.jpg\" alt=\"\" class=\"wp-image-8266\" srcset=\"https:\/\/blog.uclm.es\/archivoartea\/wp-content\/uploads\/sites\/323\/2026\/02\/Apertura-curso-academico-2018.-Los-limites-de-la-ficcion_5-1024x683.jpg 1024w, https:\/\/blog.uclm.es\/archivoartea\/wp-content\/uploads\/sites\/323\/2026\/02\/Apertura-curso-academico-2018.-Los-limites-de-la-ficcion_5-300x200.jpg 300w, https:\/\/blog.uclm.es\/archivoartea\/wp-content\/uploads\/sites\/323\/2026\/02\/Apertura-curso-academico-2018.-Los-limites-de-la-ficcion_5-768x512.jpg 768w, https:\/\/blog.uclm.es\/archivoartea\/wp-content\/uploads\/sites\/323\/2026\/02\/Apertura-curso-academico-2018.-Los-limites-de-la-ficcion_5-1536x1024.jpg 1536w, https:\/\/blog.uclm.es\/archivoartea\/wp-content\/uploads\/sites\/323\/2026\/02\/Apertura-curso-academico-2018.-Los-limites-de-la-ficcion_5.jpg 1968w\" sizes=\"auto, (max-width: 1024px) 100vw, 1024px\" \/><\/figure>\n\n\n\n<figure class=\"wp-block-image size-large\"><img loading=\"lazy\" decoding=\"async\" width=\"1024\" height=\"680\" data-id=\"8275\" src=\"https:\/\/blog.uclm.es\/archivoartea\/wp-content\/uploads\/sites\/323\/2026\/02\/Apertura-curso-academico-2018.-Los-limites-de-la-ficcion_21-1024x680.jpg\" alt=\"\" class=\"wp-image-8275\" srcset=\"https:\/\/blog.uclm.es\/archivoartea\/wp-content\/uploads\/sites\/323\/2026\/02\/Apertura-curso-academico-2018.-Los-limites-de-la-ficcion_21-1024x680.jpg 1024w, https:\/\/blog.uclm.es\/archivoartea\/wp-content\/uploads\/sites\/323\/2026\/02\/Apertura-curso-academico-2018.-Los-limites-de-la-ficcion_21-300x199.jpg 300w, https:\/\/blog.uclm.es\/archivoartea\/wp-content\/uploads\/sites\/323\/2026\/02\/Apertura-curso-academico-2018.-Los-limites-de-la-ficcion_21-768x510.jpg 768w, https:\/\/blog.uclm.es\/archivoartea\/wp-content\/uploads\/sites\/323\/2026\/02\/Apertura-curso-academico-2018.-Los-limites-de-la-ficcion_21-1536x1020.jpg 1536w, https:\/\/blog.uclm.es\/archivoartea\/wp-content\/uploads\/sites\/323\/2026\/02\/Apertura-curso-academico-2018.-Los-limites-de-la-ficcion_21.jpg 2048w\" sizes=\"auto, (max-width: 1024px) 100vw, 1024px\" \/><\/figure>\n\n\n\n<figure class=\"wp-block-image size-large\"><img loading=\"lazy\" decoding=\"async\" width=\"1024\" height=\"683\" data-id=\"8267\" src=\"https:\/\/blog.uclm.es\/archivoartea\/wp-content\/uploads\/sites\/323\/2026\/02\/Apertura-curso-academico-2018.-Los-limites-de-la-ficcion_15-1024x683.jpg\" alt=\"\" class=\"wp-image-8267\" srcset=\"https:\/\/blog.uclm.es\/archivoartea\/wp-content\/uploads\/sites\/323\/2026\/02\/Apertura-curso-academico-2018.-Los-limites-de-la-ficcion_15-1024x683.jpg 1024w, https:\/\/blog.uclm.es\/archivoartea\/wp-content\/uploads\/sites\/323\/2026\/02\/Apertura-curso-academico-2018.-Los-limites-de-la-ficcion_15-300x200.jpg 300w, https:\/\/blog.uclm.es\/archivoartea\/wp-content\/uploads\/sites\/323\/2026\/02\/Apertura-curso-academico-2018.-Los-limites-de-la-ficcion_15-768x512.jpg 768w, https:\/\/blog.uclm.es\/archivoartea\/wp-content\/uploads\/sites\/323\/2026\/02\/Apertura-curso-academico-2018.-Los-limites-de-la-ficcion_15-1536x1024.jpg 1536w, https:\/\/blog.uclm.es\/archivoartea\/wp-content\/uploads\/sites\/323\/2026\/02\/Apertura-curso-academico-2018.-Los-limites-de-la-ficcion_15.jpg 1968w\" sizes=\"auto, (max-width: 1024px) 100vw, 1024px\" \/><\/figure>\n\n\n\n<figure class=\"wp-block-image size-large\"><img loading=\"lazy\" decoding=\"async\" width=\"1024\" height=\"680\" data-id=\"8272\" src=\"https:\/\/blog.uclm.es\/archivoartea\/wp-content\/uploads\/sites\/323\/2026\/02\/Apertura-curso-academico-2018.-Los-limites-de-la-ficcion_17-1024x680.jpg\" alt=\"\" class=\"wp-image-8272\" srcset=\"https:\/\/blog.uclm.es\/archivoartea\/wp-content\/uploads\/sites\/323\/2026\/02\/Apertura-curso-academico-2018.-Los-limites-de-la-ficcion_17-1024x680.jpg 1024w, https:\/\/blog.uclm.es\/archivoartea\/wp-content\/uploads\/sites\/323\/2026\/02\/Apertura-curso-academico-2018.-Los-limites-de-la-ficcion_17-300x199.jpg 300w, https:\/\/blog.uclm.es\/archivoartea\/wp-content\/uploads\/sites\/323\/2026\/02\/Apertura-curso-academico-2018.-Los-limites-de-la-ficcion_17-768x510.jpg 768w, https:\/\/blog.uclm.es\/archivoartea\/wp-content\/uploads\/sites\/323\/2026\/02\/Apertura-curso-academico-2018.-Los-limites-de-la-ficcion_17-1536x1020.jpg 1536w, https:\/\/blog.uclm.es\/archivoartea\/wp-content\/uploads\/sites\/323\/2026\/02\/Apertura-curso-academico-2018.-Los-limites-de-la-ficcion_17.jpg 2048w\" sizes=\"auto, (max-width: 1024px) 100vw, 1024px\" \/><\/figure>\n\n\n\n<figure class=\"wp-block-image size-large\"><img loading=\"lazy\" decoding=\"async\" width=\"1024\" height=\"680\" data-id=\"8268\" src=\"https:\/\/blog.uclm.es\/archivoartea\/wp-content\/uploads\/sites\/323\/2026\/02\/Apertura-curso-academico-2018.-Los-limites-de-la-ficcion_12-1024x680.jpg\" alt=\"\" class=\"wp-image-8268\" srcset=\"https:\/\/blog.uclm.es\/archivoartea\/wp-content\/uploads\/sites\/323\/2026\/02\/Apertura-curso-academico-2018.-Los-limites-de-la-ficcion_12-1024x680.jpg 1024w, https:\/\/blog.uclm.es\/archivoartea\/wp-content\/uploads\/sites\/323\/2026\/02\/Apertura-curso-academico-2018.-Los-limites-de-la-ficcion_12-300x199.jpg 300w, https:\/\/blog.uclm.es\/archivoartea\/wp-content\/uploads\/sites\/323\/2026\/02\/Apertura-curso-academico-2018.-Los-limites-de-la-ficcion_12-768x510.jpg 768w, https:\/\/blog.uclm.es\/archivoartea\/wp-content\/uploads\/sites\/323\/2026\/02\/Apertura-curso-academico-2018.-Los-limites-de-la-ficcion_12-1536x1020.jpg 1536w, https:\/\/blog.uclm.es\/archivoartea\/wp-content\/uploads\/sites\/323\/2026\/02\/Apertura-curso-academico-2018.-Los-limites-de-la-ficcion_12.jpg 1975w\" sizes=\"auto, (max-width: 1024px) 100vw, 1024px\" \/><\/figure>\n\n\n\n<figure class=\"wp-block-image size-large\"><img loading=\"lazy\" decoding=\"async\" width=\"1024\" height=\"680\" data-id=\"8269\" src=\"https:\/\/blog.uclm.es\/archivoartea\/wp-content\/uploads\/sites\/323\/2026\/02\/Apertura-curso-academico-2018.-Los-limites-de-la-ficcion_13-1024x680.jpg\" alt=\"\" class=\"wp-image-8269\" srcset=\"https:\/\/blog.uclm.es\/archivoartea\/wp-content\/uploads\/sites\/323\/2026\/02\/Apertura-curso-academico-2018.-Los-limites-de-la-ficcion_13-1024x680.jpg 1024w, https:\/\/blog.uclm.es\/archivoartea\/wp-content\/uploads\/sites\/323\/2026\/02\/Apertura-curso-academico-2018.-Los-limites-de-la-ficcion_13-300x199.jpg 300w, https:\/\/blog.uclm.es\/archivoartea\/wp-content\/uploads\/sites\/323\/2026\/02\/Apertura-curso-academico-2018.-Los-limites-de-la-ficcion_13-768x510.jpg 768w, https:\/\/blog.uclm.es\/archivoartea\/wp-content\/uploads\/sites\/323\/2026\/02\/Apertura-curso-academico-2018.-Los-limites-de-la-ficcion_13-1536x1020.jpg 1536w, https:\/\/blog.uclm.es\/archivoartea\/wp-content\/uploads\/sites\/323\/2026\/02\/Apertura-curso-academico-2018.-Los-limites-de-la-ficcion_13.jpg 2048w\" sizes=\"auto, (max-width: 1024px) 100vw, 1024px\" \/><\/figure>\n\n\n\n<figure class=\"wp-block-image size-large\"><img loading=\"lazy\" decoding=\"async\" width=\"1024\" height=\"680\" data-id=\"8270\" src=\"https:\/\/blog.uclm.es\/archivoartea\/wp-content\/uploads\/sites\/323\/2026\/02\/Apertura-curso-academico-2018.-Los-limites-de-la-ficcion_14-1024x680.jpg\" alt=\"\" class=\"wp-image-8270\" srcset=\"https:\/\/blog.uclm.es\/archivoartea\/wp-content\/uploads\/sites\/323\/2026\/02\/Apertura-curso-academico-2018.-Los-limites-de-la-ficcion_14-1024x680.jpg 1024w, https:\/\/blog.uclm.es\/archivoartea\/wp-content\/uploads\/sites\/323\/2026\/02\/Apertura-curso-academico-2018.-Los-limites-de-la-ficcion_14-300x199.jpg 300w, https:\/\/blog.uclm.es\/archivoartea\/wp-content\/uploads\/sites\/323\/2026\/02\/Apertura-curso-academico-2018.-Los-limites-de-la-ficcion_14-768x510.jpg 768w, https:\/\/blog.uclm.es\/archivoartea\/wp-content\/uploads\/sites\/323\/2026\/02\/Apertura-curso-academico-2018.-Los-limites-de-la-ficcion_14-1536x1020.jpg 1536w, https:\/\/blog.uclm.es\/archivoartea\/wp-content\/uploads\/sites\/323\/2026\/02\/Apertura-curso-academico-2018.-Los-limites-de-la-ficcion_14.jpg 1975w\" sizes=\"auto, (max-width: 1024px) 100vw, 1024px\" \/><\/figure>\n\n\n\n<figure class=\"wp-block-image size-large\"><img loading=\"lazy\" decoding=\"async\" width=\"1024\" height=\"683\" data-id=\"8277\" src=\"https:\/\/blog.uclm.es\/archivoartea\/wp-content\/uploads\/sites\/323\/2026\/02\/Apertura-curso-academico-2018.-Los-limites-de-la-ficcion_20-1024x683.jpg\" alt=\"\" class=\"wp-image-8277\" srcset=\"https:\/\/blog.uclm.es\/archivoartea\/wp-content\/uploads\/sites\/323\/2026\/02\/Apertura-curso-academico-2018.-Los-limites-de-la-ficcion_20-1024x683.jpg 1024w, https:\/\/blog.uclm.es\/archivoartea\/wp-content\/uploads\/sites\/323\/2026\/02\/Apertura-curso-academico-2018.-Los-limites-de-la-ficcion_20-300x200.jpg 300w, https:\/\/blog.uclm.es\/archivoartea\/wp-content\/uploads\/sites\/323\/2026\/02\/Apertura-curso-academico-2018.-Los-limites-de-la-ficcion_20-768x512.jpg 768w, https:\/\/blog.uclm.es\/archivoartea\/wp-content\/uploads\/sites\/323\/2026\/02\/Apertura-curso-academico-2018.-Los-limites-de-la-ficcion_20-1536x1024.jpg 1536w, https:\/\/blog.uclm.es\/archivoartea\/wp-content\/uploads\/sites\/323\/2026\/02\/Apertura-curso-academico-2018.-Los-limites-de-la-ficcion_20.jpg 1968w\" sizes=\"auto, (max-width: 1024px) 100vw, 1024px\" \/><\/figure>\n\n\n\n<figure class=\"wp-block-image size-large\"><img loading=\"lazy\" decoding=\"async\" width=\"1024\" height=\"683\" data-id=\"8273\" src=\"https:\/\/blog.uclm.es\/archivoartea\/wp-content\/uploads\/sites\/323\/2026\/02\/Apertura-curso-academico-2018.-Los-limites-de-la-ficcion_16-1024x683.jpg\" alt=\"\" class=\"wp-image-8273\" srcset=\"https:\/\/blog.uclm.es\/archivoartea\/wp-content\/uploads\/sites\/323\/2026\/02\/Apertura-curso-academico-2018.-Los-limites-de-la-ficcion_16-1024x683.jpg 1024w, https:\/\/blog.uclm.es\/archivoartea\/wp-content\/uploads\/sites\/323\/2026\/02\/Apertura-curso-academico-2018.-Los-limites-de-la-ficcion_16-300x200.jpg 300w, https:\/\/blog.uclm.es\/archivoartea\/wp-content\/uploads\/sites\/323\/2026\/02\/Apertura-curso-academico-2018.-Los-limites-de-la-ficcion_16-768x512.jpg 768w, https:\/\/blog.uclm.es\/archivoartea\/wp-content\/uploads\/sites\/323\/2026\/02\/Apertura-curso-academico-2018.-Los-limites-de-la-ficcion_16-1536x1024.jpg 1536w, https:\/\/blog.uclm.es\/archivoartea\/wp-content\/uploads\/sites\/323\/2026\/02\/Apertura-curso-academico-2018.-Los-limites-de-la-ficcion_16.jpg 1968w\" sizes=\"auto, (max-width: 1024px) 100vw, 1024px\" \/><\/figure>\n\n\n\n<figure class=\"wp-block-image size-large\"><img loading=\"lazy\" decoding=\"async\" width=\"1024\" height=\"683\" data-id=\"8274\" src=\"https:\/\/blog.uclm.es\/archivoartea\/wp-content\/uploads\/sites\/323\/2026\/02\/Apertura-curso-academico-2018.-Los-limites-de-la-ficcion_18-1024x683.jpg\" alt=\"\" class=\"wp-image-8274\" srcset=\"https:\/\/blog.uclm.es\/archivoartea\/wp-content\/uploads\/sites\/323\/2026\/02\/Apertura-curso-academico-2018.-Los-limites-de-la-ficcion_18-1024x683.jpg 1024w, https:\/\/blog.uclm.es\/archivoartea\/wp-content\/uploads\/sites\/323\/2026\/02\/Apertura-curso-academico-2018.-Los-limites-de-la-ficcion_18-300x200.jpg 300w, https:\/\/blog.uclm.es\/archivoartea\/wp-content\/uploads\/sites\/323\/2026\/02\/Apertura-curso-academico-2018.-Los-limites-de-la-ficcion_18-768x512.jpg 768w, https:\/\/blog.uclm.es\/archivoartea\/wp-content\/uploads\/sites\/323\/2026\/02\/Apertura-curso-academico-2018.-Los-limites-de-la-ficcion_18-1536x1024.jpg 1536w, https:\/\/blog.uclm.es\/archivoartea\/wp-content\/uploads\/sites\/323\/2026\/02\/Apertura-curso-academico-2018.-Los-limites-de-la-ficcion_18.jpg 2048w\" sizes=\"auto, (max-width: 1024px) 100vw, 1024px\" \/><\/figure>\n\n\n\n<figure class=\"wp-block-image size-large\"><img loading=\"lazy\" decoding=\"async\" width=\"1024\" height=\"683\" data-id=\"8276\" src=\"https:\/\/blog.uclm.es\/archivoartea\/wp-content\/uploads\/sites\/323\/2026\/02\/Apertura-curso-academico-2018.-Los-limites-de-la-ficcion_22-1024x683.jpg\" alt=\"\" class=\"wp-image-8276\" srcset=\"https:\/\/blog.uclm.es\/archivoartea\/wp-content\/uploads\/sites\/323\/2026\/02\/Apertura-curso-academico-2018.-Los-limites-de-la-ficcion_22-1024x683.jpg 1024w, https:\/\/blog.uclm.es\/archivoartea\/wp-content\/uploads\/sites\/323\/2026\/02\/Apertura-curso-academico-2018.-Los-limites-de-la-ficcion_22-300x200.jpg 300w, https:\/\/blog.uclm.es\/archivoartea\/wp-content\/uploads\/sites\/323\/2026\/02\/Apertura-curso-academico-2018.-Los-limites-de-la-ficcion_22-768x512.jpg 768w, https:\/\/blog.uclm.es\/archivoartea\/wp-content\/uploads\/sites\/323\/2026\/02\/Apertura-curso-academico-2018.-Los-limites-de-la-ficcion_22-1536x1024.jpg 1536w, https:\/\/blog.uclm.es\/archivoartea\/wp-content\/uploads\/sites\/323\/2026\/02\/Apertura-curso-academico-2018.-Los-limites-de-la-ficcion_22.jpg 1968w\" sizes=\"auto, (max-width: 1024px) 100vw, 1024px\" \/><\/figure>\n<\/figure>\n","protected":false},"excerpt":{"rendered":"<p>Acto de inauguraci\u00f3n del curso acad\u00e9mico 2018-2019. uclM Lecci\u00f3n magistral: Los l\u00edmites de la ficci\u00f3n, por Jos\u00e9 A. S\u00e1nchez Cuenca. Paraninfo universitario. 28 de septiembre de 2018<\/p>\n","protected":false},"author":285,"featured_media":8270,"parent":0,"menu_order":0,"comment_status":"closed","ping_status":"closed","template":"","meta":{"footnotes":""},"class_list":["post-8257","page","type-page","status-publish","has-post-thumbnail","hentry"],"_links":{"self":[{"href":"https:\/\/blog.uclm.es\/archivoartea\/wp-json\/wp\/v2\/pages\/8257","targetHints":{"allow":["GET"]}}],"collection":[{"href":"https:\/\/blog.uclm.es\/archivoartea\/wp-json\/wp\/v2\/pages"}],"about":[{"href":"https:\/\/blog.uclm.es\/archivoartea\/wp-json\/wp\/v2\/types\/page"}],"author":[{"embeddable":true,"href":"https:\/\/blog.uclm.es\/archivoartea\/wp-json\/wp\/v2\/users\/285"}],"replies":[{"embeddable":true,"href":"https:\/\/blog.uclm.es\/archivoartea\/wp-json\/wp\/v2\/comments?post=8257"}],"version-history":[{"count":5,"href":"https:\/\/blog.uclm.es\/archivoartea\/wp-json\/wp\/v2\/pages\/8257\/revisions"}],"predecessor-version":[{"id":10431,"href":"https:\/\/blog.uclm.es\/archivoartea\/wp-json\/wp\/v2\/pages\/8257\/revisions\/10431"}],"wp:featuredmedia":[{"embeddable":true,"href":"https:\/\/blog.uclm.es\/archivoartea\/wp-json\/wp\/v2\/media\/8270"}],"wp:attachment":[{"href":"https:\/\/blog.uclm.es\/archivoartea\/wp-json\/wp\/v2\/media?parent=8257"}],"curies":[{"name":"wp","href":"https:\/\/api.w.org\/{rel}","templated":true}]}}