{"id":1404,"date":"2016-10-20T19:40:00","date_gmt":"2016-10-20T17:40:00","guid":{"rendered":"https:\/\/blog.uclm.es\/archivoartea\/?page_id=1404"},"modified":"2026-04-05T20:06:52","modified_gmt":"2026-04-05T18:06:52","slug":"situacion-borrosa-la-mirada-resonante","status":"publish","type":"page","link":"https:\/\/blog.uclm.es\/archivoartea\/situacion-borrosa-la-mirada-resonante\/","title":{"rendered":"Situaci\u00f3n borrosa. La mirada resonante"},"content":{"rendered":"\n<p><br><strong>Concierto: 20 de octubre a las 20:30 horas<\/strong><br><strong>Lugar: Teatro Auditorio de Cuenca (sala 2)<\/strong><br><strong>Participa: Orquesta ACuOSO, Panspermia Sonora, \u2018if\u2026then\u2019<\/strong><\/p>\n\n\n\n<p>Tras su participaci\u00f3n en el grupo INDEVOL, Sylvia Molina y Daniel del Saz contin\u00faan con la l\u00ednea espec\u00edfica de m\u00fasica e interfaces que se hab\u00edan ido desarrollando en este grupo de la mano de ambos.<\/p>\n\n\n\n<p>Con el grupo Fuzzy Gab .4 colaboran los profesores Jose Antonio Sarmiento y Javier Ariza y los investigadores externos a la UCLM: Javier Osona, Julio Sanz V\u00e1zquez, Joaqu\u00edn D\u00edaz, Olivia Caro, Fabi\u00e1n Esteban Luna, Javier Alonso, Natalia Fari\u00f1as y Mat\u00edas Jim\u00e9nez.<\/p>\n\n\n\n<p>El proyecto planteado para \u2018La Situaci\u00f3n 2016\u2019 est\u00e1 ligado a varias de nuestras l\u00edneas de investigaci\u00f3n. As\u00ed, el grupo de investigaci\u00f3n propone varias intervenciones en el espacio p\u00fablico abordando el Posicionamiento (Sistema de localizaci\u00f3n y orientaci\u00f3n en espacios \u201cin-out\u201d) a trav\u00e9s de Balizas, &nbsp;enfocado tanto desde un objetivo informativo para el festival, como intervenci\u00f3n sonoro-visual.<\/p>\n\n\n\n<p>De este modo, la intervenci\u00f3n en \u2018La Situaci\u00f3n 2016\u2019 forma parte de&nbsp;otra de las l\u00edneas fundamentales del grupo: las Interfaces Humanas y Relaciones Interdisciplinares entre imagen y sonido y sus Paisajes Sonoros, creando as\u00ed un espacio Cartogr\u00e1fico, como si de una Partitura viva se tratase, en base al tr\u00e1nsito generado en \u2018La Situaci\u00f3n 2016\u2019.<\/p>\n\n\n\n<p>Este proyecto pretende subvertir no s\u00f3lo el destino, habitualmente sociol\u00f3gico, comercial y estad\u00edstico, de los datos que generan las TIC, sino tambi\u00e9n el papel del espectador-usuario que ve ampliada su intervenci\u00f3n, en este caso involuntaria, para convertirse en el verdadero actor-autor compartido. Espacio y tiempo se a\u00fanan en una creaci\u00f3n sonora elaborada por el propio sistema de interpretaci\u00f3n de datos que producir\u00e1, simult\u00e1neamente, una partitura gr\u00e1fico-visual.<\/p>\n\n\n\n<p>El grupo, en colaboraci\u00f3n con la asociaci\u00f3n ACuOSO y el grupo art\u00edstico \u2018If\u2026then\u2019, propone as\u00ed mismo intervenciones en donde los gestos de un&nbsp;<em>actuado<\/em><em>r<\/em>, un ponente y el propio flujo del espectador se suman para producir un mundo sonoro en tiempo real. En ciertas ocasiones, y seg\u00fan intereses del propio&nbsp;<em>actuador<\/em>&nbsp;podr\u00e1 ser escuchado&nbsp;<em>in situ&nbsp;<\/em>o bien in tempo en otro espacio, en&nbsp;<em>streaming<\/em>&nbsp;y reproyectado en el espacio de conciertos de ese mismo d\u00eda.<\/p>\n","protected":false},"excerpt":{"rendered":"<p>Concierto: 20 de octubre a las 20:30 horasLugar: Teatro Auditorio de Cuenca (sala 2)Participa: Orquesta ACuOSO, Panspermia Sonora, \u2018if\u2026then\u2019 Tras su participaci\u00f3n en el grupo INDEVOL, Sylvia Molina y Daniel del Saz contin\u00faan con la l\u00ednea espec\u00edfica de m\u00fasica e interfaces que se hab\u00edan ido desarrollando en este grupo de la mano de ambos. Con [&hellip;]<\/p>\n","protected":false},"author":285,"featured_media":1111,"parent":0,"menu_order":0,"comment_status":"closed","ping_status":"closed","template":"","meta":{"footnotes":""},"class_list":["post-1404","page","type-page","status-publish","has-post-thumbnail","hentry"],"_links":{"self":[{"href":"https:\/\/blog.uclm.es\/archivoartea\/wp-json\/wp\/v2\/pages\/1404","targetHints":{"allow":["GET"]}}],"collection":[{"href":"https:\/\/blog.uclm.es\/archivoartea\/wp-json\/wp\/v2\/pages"}],"about":[{"href":"https:\/\/blog.uclm.es\/archivoartea\/wp-json\/wp\/v2\/types\/page"}],"author":[{"embeddable":true,"href":"https:\/\/blog.uclm.es\/archivoartea\/wp-json\/wp\/v2\/users\/285"}],"replies":[{"embeddable":true,"href":"https:\/\/blog.uclm.es\/archivoartea\/wp-json\/wp\/v2\/comments?post=1404"}],"version-history":[{"count":1,"href":"https:\/\/blog.uclm.es\/archivoartea\/wp-json\/wp\/v2\/pages\/1404\/revisions"}],"predecessor-version":[{"id":1405,"href":"https:\/\/blog.uclm.es\/archivoartea\/wp-json\/wp\/v2\/pages\/1404\/revisions\/1405"}],"wp:featuredmedia":[{"embeddable":true,"href":"https:\/\/blog.uclm.es\/archivoartea\/wp-json\/wp\/v2\/media\/1111"}],"wp:attachment":[{"href":"https:\/\/blog.uclm.es\/archivoartea\/wp-json\/wp\/v2\/media?parent=1404"}],"curies":[{"name":"wp","href":"https:\/\/api.w.org\/{rel}","templated":true}]}}