{"id":13,"date":"2022-07-20T10:26:46","date_gmt":"2022-07-20T09:26:46","guid":{"rendered":"https:\/\/blogdev.uclm.es\/fullsite\/?page_id=13"},"modified":"2026-04-05T21:59:32","modified_gmt":"2026-04-05T19:59:32","slug":"blog","status":"publish","type":"page","link":"https:\/\/blog.uclm.es\/archivoartea\/blog\/","title":{"rendered":"Recientes"},"content":{"rendered":"\n<div class=\"wp-block-group alignfull has-global-padding is-layout-constrained wp-block-group-is-layout-constrained\" style=\"padding-top:var(--wp--custom--spacing--small, 1.25rem);padding-bottom:0px\">\n<div class=\"wp-block-columns alignwide is-layout-flex wp-container-core-columns-is-layout-2eb748b2 wp-block-columns-is-layout-flex\" style=\"margin-top:0px;margin-bottom:0px\">\n<div class=\"wp-block-column is-layout-flow wp-block-column-is-layout-flow\" style=\"flex-basis:80%\">\n<div class=\"wp-block-query has-global-padding is-layout-constrained wp-block-query-is-layout-constrained\"><ul class=\"columns-3 wp-block-post-template is-layout-grid wp-container-core-post-template-is-layout-6d3fbd8f wp-block-post-template-is-layout-grid\"><li class=\"wp-block-post post-7782 post type-post status-publish format-standard has-post-thumbnail hentry category-2024-experimenta category-proyectos-artea tag-curaduria tag-danza tag-lenguaje tag-poesia tag-traduccion\">\n<figure style=\"width:100%;height:200px;\" class=\"wp-block-post-featured-image\"><a href=\"https:\/\/blog.uclm.es\/archivoartea\/2025\/12\/18\/tell-it-slant\/\" target=\"_self\"  style=\"height:200px\"><img loading=\"lazy\" decoding=\"async\" width=\"345\" height=\"263\" src=\"https:\/\/blog.uclm.es\/archivoartea\/wp-content\/uploads\/sites\/323\/2026\/02\/2025.12.-Tell-it-Slant.png\" class=\"attachment-post-thumbnail size-post-thumbnail wp-post-image\" alt=\"Tell it slant. Fuego en las manos.\" style=\"height:200px;object-fit:cover;\" srcset=\"https:\/\/blog.uclm.es\/archivoartea\/wp-content\/uploads\/sites\/323\/2026\/02\/2025.12.-Tell-it-Slant.png 345w, https:\/\/blog.uclm.es\/archivoartea\/wp-content\/uploads\/sites\/323\/2026\/02\/2025.12.-Tell-it-Slant-300x229.png 300w\" sizes=\"auto, (max-width: 345px) 100vw, 345px\" \/><\/a><\/figure>\n\n\n<div class=\"wp-block-group is-content-justification-space-between is-layout-flex wp-container-core-group-is-layout-b2891da8 wp-block-group-is-layout-flex\"><h2 style=\"font-style:normal;font-weight:400;\" class=\"has-link-color wp-elements-9cfcdb54d33065e9947fd2c70dea3afe wp-block-post-title has-small-font-size has-system-font-font-family\"><a href=\"https:\/\/blog.uclm.es\/archivoartea\/2025\/12\/18\/tell-it-slant\/\" target=\"_self\" >Tell it slant. Fuego en las manos.<\/a><\/h2>\n\n<div style=\"font-style:italic;font-weight:400;\" class=\"wp-block-post-date has-small-font-size\"><time datetime=\"2025-12-18T18:29:00+01:00\">12.18.25<\/time><\/div><\/div>\n\n<\/li><li class=\"wp-block-post post-7857 post type-post status-publish format-standard has-post-thumbnail hentry category-textos-es category-textos-de-jose-a-sanchez tag-cuerpo tag-curaduria tag-efimero tag-materia tag-tiempo tag-trabajo\">\n<figure style=\"width:100%;height:200px;\" class=\"wp-block-post-featured-image\"><a href=\"https:\/\/blog.uclm.es\/archivoartea\/2025\/11\/22\/materia-en-fuga\/\" target=\"_self\"  style=\"height:200px\"><img loading=\"lazy\" decoding=\"async\" width=\"344\" height=\"458\" src=\"https:\/\/blog.uclm.es\/archivoartea\/wp-content\/uploads\/sites\/323\/2026\/02\/image-6.jpeg\" class=\"attachment-post-thumbnail size-post-thumbnail wp-post-image\" alt=\"Materia en fuga\" style=\"height:200px;object-fit:cover;\" srcset=\"https:\/\/blog.uclm.es\/archivoartea\/wp-content\/uploads\/sites\/323\/2026\/02\/image-6.jpeg 344w, https:\/\/blog.uclm.es\/archivoartea\/wp-content\/uploads\/sites\/323\/2026\/02\/image-6-225x300.jpeg 225w\" sizes=\"auto, (max-width: 344px) 100vw, 344px\" \/><\/a><\/figure>\n\n\n<div class=\"wp-block-group is-content-justification-space-between is-layout-flex wp-container-core-group-is-layout-b2891da8 wp-block-group-is-layout-flex\"><h2 style=\"font-style:normal;font-weight:400;\" class=\"has-link-color wp-elements-9cfcdb54d33065e9947fd2c70dea3afe wp-block-post-title has-small-font-size has-system-font-font-family\"><a href=\"https:\/\/blog.uclm.es\/archivoartea\/2025\/11\/22\/materia-en-fuga\/\" target=\"_self\" >Materia en fuga<\/a><\/h2>\n\n<div style=\"font-style:italic;font-weight:400;\" class=\"wp-block-post-date has-small-font-size\"><time datetime=\"2025-11-22T20:07:00+01:00\">11.22.25<\/time><\/div><\/div>\n\n<\/li><li class=\"wp-block-post post-7826 post type-post status-publish format-standard has-post-thumbnail hentry category-2024-experimenta category-proyectos-artea tag-artes-en-vivo-en-el-museo tag-curaduria tag-efimero tag-materia tag-risa tag-tiempo tag-trabajo\">\n<figure style=\"width:100%;height:200px;\" class=\"wp-block-post-featured-image\"><a href=\"https:\/\/blog.uclm.es\/archivoartea\/2025\/11\/22\/materia-en-fuga-la-ribot\/\" target=\"_self\"  style=\"height:200px\"><img loading=\"lazy\" decoding=\"async\" width=\"1587\" height=\"716\" src=\"https:\/\/blog.uclm.es\/archivoartea\/wp-content\/uploads\/sites\/323\/2026\/02\/2025.11.Materia-en-fuga_22-1.jpeg\" class=\"attachment-post-thumbnail size-post-thumbnail wp-post-image\" alt=\"Materia en fuga &#8211; La Ribot\" style=\"height:200px;object-fit:cover;\" srcset=\"https:\/\/blog.uclm.es\/archivoartea\/wp-content\/uploads\/sites\/323\/2026\/02\/2025.11.Materia-en-fuga_22-1.jpeg 1587w, https:\/\/blog.uclm.es\/archivoartea\/wp-content\/uploads\/sites\/323\/2026\/02\/2025.11.Materia-en-fuga_22-1-300x135.jpeg 300w, https:\/\/blog.uclm.es\/archivoartea\/wp-content\/uploads\/sites\/323\/2026\/02\/2025.11.Materia-en-fuga_22-1-1024x462.jpeg 1024w, https:\/\/blog.uclm.es\/archivoartea\/wp-content\/uploads\/sites\/323\/2026\/02\/2025.11.Materia-en-fuga_22-1-768x346.jpeg 768w, https:\/\/blog.uclm.es\/archivoartea\/wp-content\/uploads\/sites\/323\/2026\/02\/2025.11.Materia-en-fuga_22-1-1536x693.jpeg 1536w\" sizes=\"auto, (max-width: 1587px) 100vw, 1587px\" \/><\/a><\/figure>\n\n\n<div class=\"wp-block-group is-content-justification-space-between is-layout-flex wp-container-core-group-is-layout-b2891da8 wp-block-group-is-layout-flex\"><h2 style=\"font-style:normal;font-weight:400;\" class=\"has-link-color wp-elements-9cfcdb54d33065e9947fd2c70dea3afe wp-block-post-title has-small-font-size has-system-font-font-family\"><a href=\"https:\/\/blog.uclm.es\/archivoartea\/2025\/11\/22\/materia-en-fuga-la-ribot\/\" target=\"_self\" >Materia en fuga &#8211; La Ribot<\/a><\/h2>\n\n<div style=\"font-style:italic;font-weight:400;\" class=\"wp-block-post-date has-small-font-size\"><time datetime=\"2025-11-22T19:48:00+01:00\">11.22.25<\/time><\/div><\/div>\n\n<\/li><li class=\"wp-block-post post-5525 post type-post status-publish format-standard has-post-thumbnail hentry category-libro tag-aeclm tag-enfermedad tag-performatividad\">\n<figure style=\"width:100%;height:200px;\" class=\"wp-block-post-featured-image\"><a href=\"https:\/\/blog.uclm.es\/archivoartea\/2025\/10\/10\/representacion-y-performatividad-de-la-enfermedad\/\" target=\"_self\"  style=\"height:200px\"><img loading=\"lazy\" decoding=\"async\" width=\"705\" height=\"1000\" src=\"https:\/\/blog.uclm.es\/archivoartea\/wp-content\/uploads\/sites\/323\/2026\/01\/2025.-Representaciones-de-la-enfermedad.jpeg\" class=\"attachment-post-thumbnail size-post-thumbnail wp-post-image\" alt=\"Representaci\u00f3n y performatividad de la enfermedad\" style=\"height:200px;object-fit:cover;\" srcset=\"https:\/\/blog.uclm.es\/archivoartea\/wp-content\/uploads\/sites\/323\/2026\/01\/2025.-Representaciones-de-la-enfermedad.jpeg 705w, https:\/\/blog.uclm.es\/archivoartea\/wp-content\/uploads\/sites\/323\/2026\/01\/2025.-Representaciones-de-la-enfermedad-212x300.jpeg 212w\" sizes=\"auto, (max-width: 705px) 100vw, 705px\" \/><\/a><\/figure>\n\n\n<div class=\"wp-block-group is-content-justification-space-between is-layout-flex wp-container-core-group-is-layout-b2891da8 wp-block-group-is-layout-flex\"><h2 style=\"font-style:normal;font-weight:400;\" class=\"has-link-color wp-elements-9cfcdb54d33065e9947fd2c70dea3afe wp-block-post-title has-small-font-size has-system-font-font-family\"><a href=\"https:\/\/blog.uclm.es\/archivoartea\/2025\/10\/10\/representacion-y-performatividad-de-la-enfermedad\/\" target=\"_self\" >Representaci\u00f3n y performatividad de la enfermedad<\/a><\/h2>\n\n<div style=\"font-style:italic;font-weight:400;\" class=\"wp-block-post-date has-small-font-size\"><time datetime=\"2025-10-10T12:51:00+02:00\">10.10.25<\/time><\/div><\/div>\n\n<\/li><li class=\"wp-block-post post-7596 post type-post status-publish format-standard has-post-thumbnail hentry category-2022-artes-efimeras-en-castilla-la-mancha category-libro tag-aeclm tag-investigacion tag-investigacion-creacion tag-ruralidad\">\n<figure style=\"width:100%;height:200px;\" class=\"wp-block-post-featured-image\"><a href=\"https:\/\/blog.uclm.es\/archivoartea\/2025\/09\/05\/investigacion-en-practicas-efimeras-y-contextos-desde-lo-rural\/\" target=\"_self\"  style=\"height:200px\"><img loading=\"lazy\" decoding=\"async\" width=\"705\" height=\"1000\" src=\"https:\/\/blog.uclm.es\/archivoartea\/wp-content\/uploads\/sites\/323\/2026\/02\/2025.-Practicas-desde-lo-rural.jpeg\" class=\"attachment-post-thumbnail size-post-thumbnail wp-post-image\" alt=\"Investigaci\u00f3n en pr\u00e1cticas ef\u00edmeras y contextos desde lo rural\" style=\"height:200px;object-fit:cover;\" srcset=\"https:\/\/blog.uclm.es\/archivoartea\/wp-content\/uploads\/sites\/323\/2026\/02\/2025.-Practicas-desde-lo-rural.jpeg 705w, https:\/\/blog.uclm.es\/archivoartea\/wp-content\/uploads\/sites\/323\/2026\/02\/2025.-Practicas-desde-lo-rural-212x300.jpeg 212w\" sizes=\"auto, (max-width: 705px) 100vw, 705px\" \/><\/a><\/figure>\n\n\n<div class=\"wp-block-group is-content-justification-space-between is-layout-flex wp-container-core-group-is-layout-b2891da8 wp-block-group-is-layout-flex\"><h2 style=\"font-style:normal;font-weight:400;\" class=\"has-link-color wp-elements-9cfcdb54d33065e9947fd2c70dea3afe wp-block-post-title has-small-font-size has-system-font-font-family\"><a href=\"https:\/\/blog.uclm.es\/archivoartea\/2025\/09\/05\/investigacion-en-practicas-efimeras-y-contextos-desde-lo-rural\/\" target=\"_self\" >Investigaci\u00f3n en pr\u00e1cticas ef\u00edmeras y contextos desde lo rural<\/a><\/h2>\n\n<div style=\"font-style:italic;font-weight:400;\" class=\"wp-block-post-date has-small-font-size\"><time datetime=\"2025-09-05T12:32:00+02:00\">09.05.25<\/time><\/div><\/div>\n\n<\/li><li class=\"wp-block-post post-7579 post type-post status-publish format-standard has-post-thumbnail hentry category-2022-artes-efimeras-en-castilla-la-mancha category-libro tag-aeclm tag-cultura-visual tag-investigacion tag-investigacion-creacion\">\n<figure style=\"width:100%;height:200px;\" class=\"wp-block-post-featured-image\"><a href=\"https:\/\/blog.uclm.es\/archivoartea\/2025\/09\/04\/investigacion-en-practicas-escenicas-y-cultura-visual\/\" target=\"_self\"  style=\"height:200px\"><img loading=\"lazy\" decoding=\"async\" width=\"281\" height=\"400\" src=\"https:\/\/blog.uclm.es\/archivoartea\/wp-content\/uploads\/sites\/323\/2026\/02\/2025.-Practicas-Escenicas-y-Cultura-Visual-1-281x400-1.png\" class=\"attachment-post-thumbnail size-post-thumbnail wp-post-image\" alt=\"Investigaci\u00f3n en pr\u00e1cticas esc\u00e9nicas y cultura visual\" style=\"height:200px;object-fit:cover;\" srcset=\"https:\/\/blog.uclm.es\/archivoartea\/wp-content\/uploads\/sites\/323\/2026\/02\/2025.-Practicas-Escenicas-y-Cultura-Visual-1-281x400-1.png 281w, https:\/\/blog.uclm.es\/archivoartea\/wp-content\/uploads\/sites\/323\/2026\/02\/2025.-Practicas-Escenicas-y-Cultura-Visual-1-281x400-1-211x300.png 211w\" sizes=\"auto, (max-width: 281px) 100vw, 281px\" \/><\/a><\/figure>\n\n\n<div class=\"wp-block-group is-content-justification-space-between is-layout-flex wp-container-core-group-is-layout-b2891da8 wp-block-group-is-layout-flex\"><h2 style=\"font-style:normal;font-weight:400;\" class=\"has-link-color wp-elements-9cfcdb54d33065e9947fd2c70dea3afe wp-block-post-title has-small-font-size has-system-font-font-family\"><a href=\"https:\/\/blog.uclm.es\/archivoartea\/2025\/09\/04\/investigacion-en-practicas-escenicas-y-cultura-visual\/\" target=\"_self\" >Investigaci\u00f3n en pr\u00e1cticas esc\u00e9nicas y cultura visual<\/a><\/h2>\n\n<div style=\"font-style:italic;font-weight:400;\" class=\"wp-block-post-date has-small-font-size\"><time datetime=\"2025-09-04T18:57:00+02:00\">09.04.25<\/time><\/div><\/div>\n\n<\/li><li class=\"wp-block-post post-11306 post type-post status-publish format-standard has-post-thumbnail hentry category-2024-experimenta category-textos-es category-textos-de-jose-a-sanchez tag-etica\">\n<figure style=\"width:100%;height:200px;\" class=\"wp-block-post-featured-image\"><a href=\"https:\/\/blog.uclm.es\/archivoartea\/2025\/08\/17\/etica-en-el-teatro\/\" target=\"_self\"  style=\"height:200px\"><img loading=\"lazy\" decoding=\"async\" width=\"900\" height=\"630\" src=\"https:\/\/blog.uclm.es\/archivoartea\/wp-content\/uploads\/sites\/323\/2026\/02\/La-Candelaria.1972.Nosotros-los-comunes_6.jpeg\" class=\"attachment-post-thumbnail size-post-thumbnail wp-post-image\" alt=\"\u00c9tica en el teatro\" style=\"height:200px;object-fit:cover;\" srcset=\"https:\/\/blog.uclm.es\/archivoartea\/wp-content\/uploads\/sites\/323\/2026\/02\/La-Candelaria.1972.Nosotros-los-comunes_6.jpeg 900w, https:\/\/blog.uclm.es\/archivoartea\/wp-content\/uploads\/sites\/323\/2026\/02\/La-Candelaria.1972.Nosotros-los-comunes_6-300x210.jpeg 300w, https:\/\/blog.uclm.es\/archivoartea\/wp-content\/uploads\/sites\/323\/2026\/02\/La-Candelaria.1972.Nosotros-los-comunes_6-768x538.jpeg 768w\" sizes=\"auto, (max-width: 900px) 100vw, 900px\" \/><\/a><\/figure>\n\n\n<div class=\"wp-block-group is-content-justification-space-between is-layout-flex wp-container-core-group-is-layout-b2891da8 wp-block-group-is-layout-flex\"><h2 style=\"font-style:normal;font-weight:400;\" class=\"has-link-color wp-elements-9cfcdb54d33065e9947fd2c70dea3afe wp-block-post-title has-small-font-size has-system-font-font-family\"><a href=\"https:\/\/blog.uclm.es\/archivoartea\/2025\/08\/17\/etica-en-el-teatro\/\" target=\"_self\" >\u00c9tica en el teatro<\/a><\/h2>\n\n<div style=\"font-style:italic;font-weight:400;\" class=\"wp-block-post-date has-small-font-size\"><time datetime=\"2025-08-17T19:32:00+02:00\">08.17.25<\/time><\/div><\/div>\n\n<\/li><li class=\"wp-block-post post-10395 post type-post status-publish format-standard has-post-thumbnail hentry category-2022-artes-efimeras-en-castilla-la-mancha category-proyectos-artea tag-aeclm\">\n<figure style=\"width:100%;height:200px;\" class=\"wp-block-post-featured-image\"><a href=\"https:\/\/blog.uclm.es\/archivoartea\/2025\/07\/23\/iii-jornada-de-artes-performativas\/\" target=\"_self\"  style=\"height:200px\"><img loading=\"lazy\" decoding=\"async\" width=\"1028\" height=\"1446\" src=\"https:\/\/blog.uclm.es\/archivoartea\/wp-content\/uploads\/sites\/323\/2026\/03\/2025.-III-Jornada-Artes-Performativas.jpeg\" class=\"attachment-post-thumbnail size-post-thumbnail wp-post-image\" alt=\"III Jornada de Artes Performativas\" style=\"height:200px;object-fit:cover;\" srcset=\"https:\/\/blog.uclm.es\/archivoartea\/wp-content\/uploads\/sites\/323\/2026\/03\/2025.-III-Jornada-Artes-Performativas.jpeg 1028w, https:\/\/blog.uclm.es\/archivoartea\/wp-content\/uploads\/sites\/323\/2026\/03\/2025.-III-Jornada-Artes-Performativas-213x300.jpeg 213w, https:\/\/blog.uclm.es\/archivoartea\/wp-content\/uploads\/sites\/323\/2026\/03\/2025.-III-Jornada-Artes-Performativas-768x1080.jpeg 768w\" sizes=\"auto, (max-width: 1028px) 100vw, 1028px\" \/><\/a><\/figure>\n\n\n<div class=\"wp-block-group is-content-justification-space-between is-layout-flex wp-container-core-group-is-layout-b2891da8 wp-block-group-is-layout-flex\"><h2 style=\"font-style:normal;font-weight:400;\" class=\"has-link-color wp-elements-9cfcdb54d33065e9947fd2c70dea3afe wp-block-post-title has-small-font-size has-system-font-font-family\"><a href=\"https:\/\/blog.uclm.es\/archivoartea\/2025\/07\/23\/iii-jornada-de-artes-performativas\/\" target=\"_self\" >III Jornada de Artes Performativas<\/a><\/h2>\n\n<div style=\"font-style:italic;font-weight:400;\" class=\"wp-block-post-date has-small-font-size\"><time datetime=\"2025-07-23T19:59:00+02:00\">07.23.25<\/time><\/div><\/div>\n\n<\/li><li class=\"wp-block-post post-8893 post type-post status-publish format-standard has-post-thumbnail hentry category-tesis tag-efimero tag-escucha tag-experimental tag-investigacion-creacion tag-musica tag-paisaje-sonoro\">\n<figure style=\"width:100%;height:200px;\" class=\"wp-block-post-featured-image\"><a href=\"https:\/\/blog.uclm.es\/archivoartea\/2025\/05\/20\/escuchando-hacia-una-musica-anterior-a-si-misma\/\" target=\"_self\"  style=\"height:200px\"><img loading=\"lazy\" decoding=\"async\" width=\"400\" height=\"266\" src=\"https:\/\/blog.uclm.es\/archivoartea\/wp-content\/uploads\/sites\/323\/2026\/02\/2025.-Martinez-del-Pozo-Rafael.-Tesis.png\" class=\"attachment-post-thumbnail size-post-thumbnail wp-post-image\" alt=\"Escuchando, hacia una m\u00fasica anterior a s\u00ed misma\" style=\"height:200px;object-fit:cover;\" srcset=\"https:\/\/blog.uclm.es\/archivoartea\/wp-content\/uploads\/sites\/323\/2026\/02\/2025.-Martinez-del-Pozo-Rafael.-Tesis.png 400w, https:\/\/blog.uclm.es\/archivoartea\/wp-content\/uploads\/sites\/323\/2026\/02\/2025.-Martinez-del-Pozo-Rafael.-Tesis-300x200.png 300w\" sizes=\"auto, (max-width: 400px) 100vw, 400px\" \/><\/a><\/figure>\n\n\n<div class=\"wp-block-group is-content-justification-space-between is-layout-flex wp-container-core-group-is-layout-b2891da8 wp-block-group-is-layout-flex\"><h2 style=\"font-style:normal;font-weight:400;\" class=\"has-link-color wp-elements-9cfcdb54d33065e9947fd2c70dea3afe wp-block-post-title has-small-font-size has-system-font-font-family\"><a href=\"https:\/\/blog.uclm.es\/archivoartea\/2025\/05\/20\/escuchando-hacia-una-musica-anterior-a-si-misma\/\" target=\"_self\" >Escuchando, hacia una m\u00fasica anterior a s\u00ed misma<\/a><\/h2>\n\n<div style=\"font-style:italic;font-weight:400;\" class=\"wp-block-post-date has-small-font-size\"><time datetime=\"2025-05-20T17:12:00+02:00\">05.20.25<\/time><\/div><\/div>\n\n<\/li><li class=\"wp-block-post post-8341 post type-post status-publish format-standard has-post-thumbnail hentry category-textos-es category-textos-de-jose-a-sanchez tag-animal tag-muerte tag-ritual tag-sacrificio tag-soledad\">\n<figure style=\"width:100%;height:200px;\" class=\"wp-block-post-featured-image\"><a href=\"https:\/\/blog.uclm.es\/archivoartea\/2024\/12\/15\/tardes-de-soledad\/\" target=\"_self\"  style=\"height:200px\"><img loading=\"lazy\" decoding=\"async\" width=\"439\" height=\"640\" src=\"https:\/\/blog.uclm.es\/archivoartea\/wp-content\/uploads\/sites\/323\/2026\/02\/2024.-Tardes-de-soledad-3.jpeg\" class=\"attachment-post-thumbnail size-post-thumbnail wp-post-image\" alt=\"Tardes de soledad (rese\u00f1a)\" style=\"height:200px;object-fit:cover;\" srcset=\"https:\/\/blog.uclm.es\/archivoartea\/wp-content\/uploads\/sites\/323\/2026\/02\/2024.-Tardes-de-soledad-3.jpeg 439w, https:\/\/blog.uclm.es\/archivoartea\/wp-content\/uploads\/sites\/323\/2026\/02\/2024.-Tardes-de-soledad-3-206x300.jpeg 206w\" sizes=\"auto, (max-width: 439px) 100vw, 439px\" \/><\/a><\/figure>\n\n\n<div class=\"wp-block-group is-content-justification-space-between is-layout-flex wp-container-core-group-is-layout-b2891da8 wp-block-group-is-layout-flex\"><h2 style=\"font-style:normal;font-weight:400;\" class=\"has-link-color wp-elements-9cfcdb54d33065e9947fd2c70dea3afe wp-block-post-title has-small-font-size has-system-font-font-family\"><a href=\"https:\/\/blog.uclm.es\/archivoartea\/2024\/12\/15\/tardes-de-soledad\/\" target=\"_self\" >Tardes de soledad (rese\u00f1a)<\/a><\/h2>\n\n<div style=\"font-style:italic;font-weight:400;\" class=\"wp-block-post-date has-small-font-size\"><time datetime=\"2024-12-15T19:48:00+01:00\">12.15.24<\/time><\/div><\/div>\n\n<\/li><li class=\"wp-block-post post-7444 post type-post status-publish format-standard has-post-thumbnail hentry category-catalogo category-libro tag-antifascismo tag-arte-politico tag-cultura-popular tag-esperpento tag-fascismo tag-mascaras tag-teatro-de-figuras\">\n<figure style=\"width:100%;height:200px;\" class=\"wp-block-post-featured-image\"><a href=\"https:\/\/blog.uclm.es\/archivoartea\/2024\/10\/04\/esperpento\/\" target=\"_self\"  style=\"height:200px\"><img loading=\"lazy\" decoding=\"async\" width=\"697\" height=\"973\" src=\"https:\/\/blog.uclm.es\/archivoartea\/wp-content\/uploads\/sites\/323\/2024\/10\/2024.-Esperpento.webp\" class=\"attachment-post-thumbnail size-post-thumbnail wp-post-image\" alt=\"Esperpento\" style=\"height:200px;object-fit:cover;\" srcset=\"https:\/\/blog.uclm.es\/archivoartea\/wp-content\/uploads\/sites\/323\/2024\/10\/2024.-Esperpento.webp 697w, https:\/\/blog.uclm.es\/archivoartea\/wp-content\/uploads\/sites\/323\/2024\/10\/2024.-Esperpento-215x300.webp 215w\" sizes=\"auto, (max-width: 697px) 100vw, 697px\" \/><\/a><\/figure>\n\n\n<div class=\"wp-block-group is-content-justification-space-between is-layout-flex wp-container-core-group-is-layout-b2891da8 wp-block-group-is-layout-flex\"><h2 style=\"font-style:normal;font-weight:400;\" class=\"has-link-color wp-elements-9cfcdb54d33065e9947fd2c70dea3afe wp-block-post-title has-small-font-size has-system-font-font-family\"><a href=\"https:\/\/blog.uclm.es\/archivoartea\/2024\/10\/04\/esperpento\/\" target=\"_self\" >Esperpento<\/a><\/h2>\n\n<div style=\"font-style:italic;font-weight:400;\" class=\"wp-block-post-date has-small-font-size\"><time datetime=\"2024-10-04T11:07:00+02:00\">10.04.24<\/time><\/div><\/div>\n\n<\/li><li class=\"wp-block-post post-10193 post type-post status-publish format-standard has-post-thumbnail hentry category-2024-experimenta category-proyectos-id tag-artes-vivas tag-cine-experimental tag-escritura tag-escritura-experimental tag-experimental tag-paracinema tag-practicas-expandidas\">\n<figure style=\"width:100%;height:200px;\" class=\"wp-block-post-featured-image\"><a href=\"https:\/\/blog.uclm.es\/archivoartea\/2024\/09\/01\/experimenta\/\" target=\"_self\"  style=\"height:200px\"><img loading=\"lazy\" decoding=\"async\" width=\"768\" height=\"768\" src=\"https:\/\/blog.uclm.es\/archivoartea\/wp-content\/uploads\/sites\/323\/2024\/09\/2024.-Experimenta.jpeg\" class=\"attachment-post-thumbnail size-post-thumbnail wp-post-image\" alt=\"Experimenta\" style=\"height:200px;object-fit:cover;\" srcset=\"https:\/\/blog.uclm.es\/archivoartea\/wp-content\/uploads\/sites\/323\/2024\/09\/2024.-Experimenta.jpeg 768w, https:\/\/blog.uclm.es\/archivoartea\/wp-content\/uploads\/sites\/323\/2024\/09\/2024.-Experimenta-300x300.jpeg 300w, https:\/\/blog.uclm.es\/archivoartea\/wp-content\/uploads\/sites\/323\/2024\/09\/2024.-Experimenta-150x150.jpeg 150w\" sizes=\"auto, (max-width: 768px) 100vw, 768px\" \/><\/a><\/figure>\n\n\n<div class=\"wp-block-group is-content-justification-space-between is-layout-flex wp-container-core-group-is-layout-b2891da8 wp-block-group-is-layout-flex\"><h2 style=\"font-style:normal;font-weight:400;\" class=\"has-link-color wp-elements-9cfcdb54d33065e9947fd2c70dea3afe wp-block-post-title has-small-font-size has-system-font-font-family\"><a href=\"https:\/\/blog.uclm.es\/archivoartea\/2024\/09\/01\/experimenta\/\" target=\"_self\" >Experimenta<\/a><\/h2>\n\n<div style=\"font-style:italic;font-weight:400;\" class=\"wp-block-post-date has-small-font-size\"><time datetime=\"2024-09-01T13:25:00+02:00\">09.01.24<\/time><\/div><\/div>\n\n<\/li><\/ul>\n\n<nav class=\"has-link-color alignwide wp-elements-11fd99807a3eb19e9257c9f3c66e250e wp-block-query-pagination is-content-justification-space-between is-layout-flex wp-container-core-query-pagination-is-layout-b2891da8 wp-block-query-pagination-is-layout-flex\" aria-label=\"Paginaci\u00f3n\">\n\n\n<div class=\"wp-block-query-pagination-numbers\"><span aria-current=\"page\" class=\"page-numbers current\">1<\/span>\n<a class=\"page-numbers\" href=\"?query-4-page=2\">2<\/a>\n<a class=\"page-numbers\" href=\"?query-4-page=3\">3<\/a>\n<span class=\"page-numbers dots\">&hellip;<\/span>\n<a class=\"page-numbers\" href=\"?query-4-page=140\">140<\/a><\/div>\n\n<a href=\"\/archivoartea\/wp-json\/wp\/v2\/pages\/13?query-4-page=2\" class=\"wp-block-query-pagination-next has-small-font-size\">P\u00e1gina siguiente<span class='wp-block-query-pagination-next-arrow is-arrow-arrow' aria-hidden='true'>\u2192<\/span><\/a>\n<\/nav><\/div>\n<\/div>\n<\/div>\n<\/div>\n\n\n\n<p><\/p>\n","protected":false},"excerpt":{"rendered":"","protected":false},"author":285,"featured_media":7848,"parent":0,"menu_order":0,"comment_status":"closed","ping_status":"closed","template":"","meta":{"footnotes":""},"class_list":["post-13","page","type-page","status-publish","has-post-thumbnail","hentry"],"_links":{"self":[{"href":"https:\/\/blog.uclm.es\/archivoartea\/wp-json\/wp\/v2\/pages\/13","targetHints":{"allow":["GET"]}}],"collection":[{"href":"https:\/\/blog.uclm.es\/archivoartea\/wp-json\/wp\/v2\/pages"}],"about":[{"href":"https:\/\/blog.uclm.es\/archivoartea\/wp-json\/wp\/v2\/types\/page"}],"author":[{"embeddable":true,"href":"https:\/\/blog.uclm.es\/archivoartea\/wp-json\/wp\/v2\/users\/285"}],"replies":[{"embeddable":true,"href":"https:\/\/blog.uclm.es\/archivoartea\/wp-json\/wp\/v2\/comments?post=13"}],"version-history":[{"count":9,"href":"https:\/\/blog.uclm.es\/archivoartea\/wp-json\/wp\/v2\/pages\/13\/revisions"}],"predecessor-version":[{"id":12244,"href":"https:\/\/blog.uclm.es\/archivoartea\/wp-json\/wp\/v2\/pages\/13\/revisions\/12244"}],"wp:featuredmedia":[{"embeddable":true,"href":"https:\/\/blog.uclm.es\/archivoartea\/wp-json\/wp\/v2\/media\/7848"}],"wp:attachment":[{"href":"https:\/\/blog.uclm.es\/archivoartea\/wp-json\/wp\/v2\/media?parent=13"}],"curies":[{"name":"wp","href":"https:\/\/api.w.org\/{rel}","templated":true}]}}