{"id":11878,"date":"2026-04-03T10:25:01","date_gmt":"2026-04-03T08:25:01","guid":{"rendered":"https:\/\/blog.uclm.es\/archivoartea\/?page_id=11878"},"modified":"2026-04-06T10:54:53","modified_gmt":"2026-04-06T08:54:53","slug":"bienvenid-s-al-archivo-artea","status":"publish","type":"page","link":"https:\/\/blog.uclm.es\/archivoartea\/","title":{"rendered":"Bienvenid- al Archivo Artea"},"content":{"rendered":"\n<div class=\"wp-block-columns alignwide is-layout-flex wp-container-core-columns-is-layout-28f84493 wp-block-columns-is-layout-flex\">\n<div class=\"wp-block-column is-layout-flow wp-block-column-is-layout-flow\">\n<h4 class=\"wp-block-heading\">Bienvenid_ al AVAE \/ Welcome to the AVAE<\/h4>\n<\/div>\n\n\n\n<div class=\"wp-block-column is-layout-flow wp-block-column-is-layout-flow\">\n<p class=\"has-text-align-right\">ES \/ <a href=\"https:\/\/blog.uclm.es\/archivoartea\/welcome-to-the-archive\/\">E<\/a><a href=\"https:\/\/blog.uclm.es\/archivoartea\/category\/texto\/texts-en\/\" data-type=\"category\" data-id=\"188\">N<\/a><\/p>\n<\/div>\n<\/div>\n\n\n\n<h2 class=\"wp-block-heading alignwide\" id=\"we-re-a-studio-in-berlin-with-an-international-practice-in-architecture-urban-planning-and-interior-design-we-believe-in-sharing-knowledge-and-promoting-dialogue-to-increase-the-creative-potential-of-collaboration\" style=\"font-size:clamp(14px, 0.875rem + ((1vw - 3.2px) * 0.455), 18px);line-height:1.5\">Un proyecto del grupo <a href=\"https:\/\/blog.uclm.es\/artea\/\" target=\"_blank\" rel=\"noreferrer noopener\">ARTEA<\/a> donde podr\u00e1s encontrar textos cr\u00edticos y de creaci\u00f3n, publicaciones, documentaci\u00f3n sobre proyectos, as\u00ed como informaci\u00f3n sobre obras y procesos de artistas con quienes hemos trabajado. <a href=\"https:\/\/blog.uclm.es\/archivoartea\/presentacion\/\">Leer m\u00e1s<\/a>.<\/h2>\n\n\n\n<h4 class=\"wp-block-heading alignwide\">Propuestas tem\u00e1ticas<\/h4>\n\n\n\n<div class=\"wp-block-columns alignwide is-layout-flex wp-container-core-columns-is-layout-28f84493 wp-block-columns-is-layout-flex\">\n<div class=\"wp-block-column is-layout-flow wp-block-column-is-layout-flow\">\n<div class=\"wp-block-group is-vertical is-layout-flex wp-container-core-group-is-layout-fe9cc265 wp-block-group-is-layout-flex\">\n<figure class=\"wp-block-image size-full wp-container-content-9cfa9a5a\"><a href=\"https:\/\/blog.uclm.es\/archivoartea\/2010\/04\/04\/la-investigacion-en-artes\/\"><img loading=\"lazy\" decoding=\"async\" width=\"2560\" height=\"1704\" src=\"https:\/\/blog.uclm.es\/archivoartea\/wp-content\/uploads\/sites\/323\/2026\/04\/Temas.-Investigacion-en-artes-copia-scaled.jpg\" alt=\"\" class=\"wp-image-12110\" style=\"aspect-ratio:3\/2;object-fit:cover\" srcset=\"https:\/\/blog.uclm.es\/archivoartea\/wp-content\/uploads\/sites\/323\/2026\/04\/Temas.-Investigacion-en-artes-copia-scaled.jpg 2560w, https:\/\/blog.uclm.es\/archivoartea\/wp-content\/uploads\/sites\/323\/2026\/04\/Temas.-Investigacion-en-artes-copia-300x200.jpg 300w, https:\/\/blog.uclm.es\/archivoartea\/wp-content\/uploads\/sites\/323\/2026\/04\/Temas.-Investigacion-en-artes-copia-768x511.jpg 768w, https:\/\/blog.uclm.es\/archivoartea\/wp-content\/uploads\/sites\/323\/2026\/04\/Temas.-Investigacion-en-artes-copia-1536x1023.jpg 1536w, https:\/\/blog.uclm.es\/archivoartea\/wp-content\/uploads\/sites\/323\/2026\/04\/Temas.-Investigacion-en-artes-copia-2048x1363.jpg 2048w\" sizes=\"auto, (max-width: 2560px) 100vw, 2560px\" \/><\/a><\/figure>\n<\/div>\n\n\n\n<h4 class=\"wp-block-heading\">La investigaci\u00f3n en artes<\/h4>\n\n\n\n<p><a href=\"https:\/\/blog.uclm.es\/archivoartea\/2010\/04\/04\/la-investigacion-en-artes\/\">Leer m\u00e1s<\/a><\/p>\n<\/div>\n\n\n\n<div class=\"wp-block-column is-layout-flow wp-block-column-is-layout-flow\">\n<div class=\"wp-block-group is-vertical is-layout-flex wp-container-core-group-is-layout-fe9cc265 wp-block-group-is-layout-flex\">\n<figure class=\"wp-block-image size-full\"><a href=\"https:\/\/blog.uclm.es\/archivoartea\/2018\/04\/05\/paracinema-y-cine-expandido\/\"><img loading=\"lazy\" decoding=\"async\" width=\"1000\" height=\"758\" src=\"https:\/\/blog.uclm.es\/archivoartea\/wp-content\/uploads\/sites\/323\/2026\/04\/Esperanza-Colllado.-2024.-Dinosaurs.jpeg\" alt=\"\" class=\"wp-image-12116\" style=\"aspect-ratio:3\/2;object-fit:cover\" srcset=\"https:\/\/blog.uclm.es\/archivoartea\/wp-content\/uploads\/sites\/323\/2026\/04\/Esperanza-Colllado.-2024.-Dinosaurs.jpeg 1000w, https:\/\/blog.uclm.es\/archivoartea\/wp-content\/uploads\/sites\/323\/2026\/04\/Esperanza-Colllado.-2024.-Dinosaurs-300x227.jpeg 300w, https:\/\/blog.uclm.es\/archivoartea\/wp-content\/uploads\/sites\/323\/2026\/04\/Esperanza-Colllado.-2024.-Dinosaurs-768x582.jpeg 768w\" sizes=\"auto, (max-width: 1000px) 100vw, 1000px\" \/><\/a><\/figure>\n<\/div>\n\n\n\n<h4 class=\"wp-block-heading\">Paracinema y cine expandido<\/h4>\n\n\n\n<p><a href=\"https:\/\/blog.uclm.es\/archivoartea\/2018\/04\/05\/paracinema-y-cine-expandido\/\" data-type=\"post\" data-id=\"12115\">Leer m\u00e1s<\/a><\/p>\n<\/div>\n\n\n\n<div class=\"wp-block-column is-layout-flow wp-block-column-is-layout-flow\">\n<div class=\"wp-block-group is-vertical is-layout-flex wp-container-core-group-is-layout-fe9cc265 wp-block-group-is-layout-flex\">\n<figure class=\"wp-block-image size-full\"><a href=\"https:\/\/blog.uclm.es\/archivoartea\/2016\/04\/04\/teatralidades-expandidas-3\/\"><img loading=\"lazy\" decoding=\"async\" width=\"710\" height=\"450\" src=\"https:\/\/blog.uclm.es\/archivoartea\/wp-content\/uploads\/sites\/323\/2026\/04\/Mapa-Teatro.-2001.-La-balsada.jpeg\" alt=\"\" class=\"wp-image-12107\" style=\"aspect-ratio:3\/2;object-fit:cover\" srcset=\"https:\/\/blog.uclm.es\/archivoartea\/wp-content\/uploads\/sites\/323\/2026\/04\/Mapa-Teatro.-2001.-La-balsada.jpeg 710w, https:\/\/blog.uclm.es\/archivoartea\/wp-content\/uploads\/sites\/323\/2026\/04\/Mapa-Teatro.-2001.-La-balsada-300x190.jpeg 300w\" sizes=\"auto, (max-width: 710px) 100vw, 710px\" \/><\/a><\/figure>\n\n\n\n<h4 class=\"wp-block-heading\">Teatralidades expandidas<\/h4>\n\n\n\n<p><a href=\"https:\/\/blog.uclm.es\/archivoartea\/2016\/04\/04\/teatralidades-expandidas-3\/\">Leer m\u00e1s<\/a><\/p>\n<\/div>\n<\/div>\n<\/div>\n\n\n\n<div class=\"wp-block-buttons is-content-justification-center is-layout-flex wp-container-core-buttons-is-layout-a89b3969 wp-block-buttons-is-layout-flex\">\n<div class=\"wp-block-button\"><a class=\"wp-block-button__link wp-element-button\" href=\"https:\/\/blog.uclm.es\/archivoartea\/category\/temas\/\">Ver m\u00e1s propuestas tem\u00e1ticas<\/a><\/div>\n<\/div>\n\n\n\n<h4 class=\"wp-block-heading alignwide\">Categor\u00edas principales<\/h4>\n\n\n\n<div class=\"wp-block-columns alignwide is-layout-flex wp-container-core-columns-is-layout-28f84493 wp-block-columns-is-layout-flex\">\n<div class=\"wp-block-column is-layout-flow wp-block-column-is-layout-flow\">\n<div class=\"wp-block-group is-vertical is-layout-flex wp-container-core-group-is-layout-fe9cc265 wp-block-group-is-layout-flex\">\n<figure class=\"wp-block-image size-full is-resized\"><a href=\"https:\/\/blog.uclm.es\/archivoartea\/category\/texto\/\"><img loading=\"lazy\" decoding=\"async\" width=\"232\" height=\"176\" src=\"https:\/\/blog.uclm.es\/archivoartea\/wp-content\/uploads\/sites\/323\/2026\/04\/AVAE.-Textos-2024-Time-has-fallen-Mette-Edvardsen.jpeg\" alt=\"\" class=\"wp-image-11910\" style=\"aspect-ratio:3\/2;object-fit:cover;width:384px;height:auto\" \/><\/a><\/figure>\n\n\n\n<h4 class=\"wp-block-heading\">Textos<\/h4>\n\n\n\n<p style=\"font-size:clamp(14px, 0.875rem + ((1vw - 3.2px) * 0.455), 18px);\">Art\u00edculos, cap\u00edtulos de libro, guiones y obras, bit\u00e1coras, manifiestos, rese\u00f1as&#8230;<\/p>\n\n\n\n<p><a href=\"https:\/\/blog.uclm.es\/archivoartea\/category\/texto\/\" data-type=\"category\" data-id=\"18\">Leer m\u00e1s<\/a><\/p>\n\n\n\n<p><\/p>\n<\/div>\n<\/div>\n\n\n\n<div class=\"wp-block-column is-layout-flow wp-block-column-is-layout-flow\">\n<figure class=\"wp-block-image size-full\"><a href=\"https:\/\/blog.uclm.es\/archivoartea\/category\/artista\/\"><img loading=\"lazy\" decoding=\"async\" width=\"960\" height=\"720\" src=\"https:\/\/blog.uclm.es\/archivoartea\/wp-content\/uploads\/sites\/323\/2026\/04\/AVAE.-Artistas-3-1.jpg\" alt=\"\" class=\"wp-image-11968\" style=\"aspect-ratio:3\/2;object-fit:cover\" srcset=\"https:\/\/blog.uclm.es\/archivoartea\/wp-content\/uploads\/sites\/323\/2026\/04\/AVAE.-Artistas-3-1.jpg 960w, https:\/\/blog.uclm.es\/archivoartea\/wp-content\/uploads\/sites\/323\/2026\/04\/AVAE.-Artistas-3-1-300x225.jpg 300w, https:\/\/blog.uclm.es\/archivoartea\/wp-content\/uploads\/sites\/323\/2026\/04\/AVAE.-Artistas-3-1-768x576.jpg 768w\" sizes=\"auto, (max-width: 960px) 100vw, 960px\" \/><\/a><\/figure>\n\n\n\n<h4 class=\"wp-block-heading\">Artistas<\/h4>\n\n\n\n<p style=\"font-size:clamp(14px, 0.875rem + ((1vw - 3.2px) * 0.455), 18px);\">Trayectorias, obras, procesos,  entrevistas,  documentos y textos relacionados.<\/p>\n\n\n\n<p><a href=\"https:\/\/blog.uclm.es\/archivoartea\/category\/artista\/\" data-type=\"category\" data-id=\"27\">Leer m\u00e1s<\/a><\/p>\n<\/div>\n\n\n\n<div class=\"wp-block-column is-layout-flow wp-block-column-is-layout-flow\">\n<figure class=\"wp-block-image size-full\"><a href=\"https:\/\/blog.uclm.es\/archivoartea\/category\/obra\/\"><img loading=\"lazy\" decoding=\"async\" width=\"640\" height=\"512\" src=\"https:\/\/blog.uclm.es\/archivoartea\/wp-content\/uploads\/sites\/323\/2026\/03\/1970.-Carles-Santos.-La-re-mi-la.avif\" alt=\"\" class=\"wp-image-10489\" style=\"aspect-ratio:3\/2;object-fit:cover\" srcset=\"https:\/\/blog.uclm.es\/archivoartea\/wp-content\/uploads\/sites\/323\/2026\/03\/1970.-Carles-Santos.-La-re-mi-la.avif 640w, https:\/\/blog.uclm.es\/archivoartea\/wp-content\/uploads\/sites\/323\/2026\/03\/1970.-Carles-Santos.-La-re-mi-la-300x240.avif 300w\" sizes=\"auto, (max-width: 640px) 100vw, 640px\" \/><\/a><\/figure>\n\n\n\n<h4 class=\"wp-block-heading\">Obras<\/h4>\n\n\n\n<p style=\"font-size:clamp(14px, 0.875rem + ((1vw - 3.2px) * 0.455), 18px);\">Despliegue cronol\u00f3gico de obras, procesos y proyectos de creaci\u00f3n: textos, programas, v\u00eddeos&#8230;<\/p>\n\n\n\n<p><a href=\"https:\/\/blog.uclm.es\/archivoartea\/category\/obra\/\" data-type=\"category\" data-id=\"28\">Leer m\u00e1s<\/a><\/p>\n<\/div>\n\n\n\n<div class=\"wp-block-column is-layout-flow wp-block-column-is-layout-flow\">\n<figure class=\"wp-block-image size-full\"><a href=\"https:\/\/blog.uclm.es\/archivoartea\/category\/contextos\/\"><img loading=\"lazy\" decoding=\"async\" width=\"1422\" height=\"1067\" src=\"https:\/\/blog.uclm.es\/archivoartea\/wp-content\/uploads\/sites\/323\/2026\/04\/AVAE.-Artistas.-Plebeya.-Azala-2025.jpeg\" alt=\"\" class=\"wp-image-11894\" style=\"aspect-ratio:3\/2;object-fit:cover\" srcset=\"https:\/\/blog.uclm.es\/archivoartea\/wp-content\/uploads\/sites\/323\/2026\/04\/AVAE.-Artistas.-Plebeya.-Azala-2025.jpeg 1422w, https:\/\/blog.uclm.es\/archivoartea\/wp-content\/uploads\/sites\/323\/2026\/04\/AVAE.-Artistas.-Plebeya.-Azala-2025-300x225.jpeg 300w, https:\/\/blog.uclm.es\/archivoartea\/wp-content\/uploads\/sites\/323\/2026\/04\/AVAE.-Artistas.-Plebeya.-Azala-2025-768x576.jpeg 768w\" sizes=\"auto, (max-width: 1422px) 100vw, 1422px\" \/><\/a><\/figure>\n\n\n\n<h4 class=\"wp-block-heading\">Contextos<\/h4>\n\n\n\n<p style=\"font-size:clamp(14px, 0.875rem + ((1vw - 3.2px) * 0.455), 18px);\">Proyectos de investigaci\u00f3n, cursos, seminarios, encuentros, festivales, espacios &#8230;<\/p>\n\n\n\n<p><a href=\"https:\/\/blog.uclm.es\/archivoartea\/category\/contextos\/\" data-type=\"category\" data-id=\"26\">Leer m\u00e1s<\/a><\/p>\n<\/div>\n<\/div>\n\n\n\n<div class=\"wp-block-columns alignwide is-layout-flex wp-container-core-columns-is-layout-28f84493 wp-block-columns-is-layout-flex\">\n<div class=\"wp-block-column is-layout-flow wp-block-column-is-layout-flow\">\n<figure class=\"wp-block-image size-full\"><a href=\"https:\/\/blog.uclm.es\/archivoartea\/category\/biblioteca\/\"><img loading=\"lazy\" decoding=\"async\" width=\"1042\" height=\"649\" src=\"https:\/\/blog.uclm.es\/archivoartea\/wp-content\/uploads\/sites\/323\/2026\/04\/AVAE.-Biblioteca.-Foto-Raul-Hidalgo.-Campos-de-atraccion.png\" alt=\"\" class=\"wp-image-11972\" style=\"aspect-ratio:3\/2;object-fit:cover\" srcset=\"https:\/\/blog.uclm.es\/archivoartea\/wp-content\/uploads\/sites\/323\/2026\/04\/AVAE.-Biblioteca.-Foto-Raul-Hidalgo.-Campos-de-atraccion.png 1042w, https:\/\/blog.uclm.es\/archivoartea\/wp-content\/uploads\/sites\/323\/2026\/04\/AVAE.-Biblioteca.-Foto-Raul-Hidalgo.-Campos-de-atraccion-300x187.png 300w, https:\/\/blog.uclm.es\/archivoartea\/wp-content\/uploads\/sites\/323\/2026\/04\/AVAE.-Biblioteca.-Foto-Raul-Hidalgo.-Campos-de-atraccion-768x478.png 768w\" sizes=\"auto, (max-width: 1042px) 100vw, 1042px\" \/><\/a><\/figure>\n\n\n\n<h4 class=\"wp-block-heading\">Biblioteca<\/h4>\n\n\n\n<p style=\"font-size:clamp(14px, 0.875rem + ((1vw - 3.2px) * 0.455), 18px);\">Libros, cat\u00e1logos y revistas en libre descarga<\/p>\n\n\n\n<p><a href=\"https:\/\/blog.uclm.es\/archivoartea\/category\/biblioteca\/\" data-type=\"category\" data-id=\"22\">Leer m\u00e1s<\/a><\/p>\n<\/div>\n\n\n\n<div class=\"wp-block-column is-layout-flow wp-block-column-is-layout-flow\">\n<div class=\"wp-block-group is-vertical is-layout-flex wp-container-core-group-is-layout-fe9cc265 wp-block-group-is-layout-flex\">\n<figure class=\"wp-block-image size-large\"><a href=\"https:\/\/blog.uclm.es\/archivoartea\/category\/video\/\"><img loading=\"lazy\" decoding=\"async\" width=\"2000\" height=\"1334\" src=\"https:\/\/blog.uclm.es\/archivoartea\/wp-content\/uploads\/sites\/323\/2026\/04\/AVAE.-Mediateca.-Youssef-Taki.-Extrnal-Memoires-2000x1334.jpg\" alt=\"\" class=\"wp-image-11956\" srcset=\"https:\/\/blog.uclm.es\/archivoartea\/wp-content\/uploads\/sites\/323\/2026\/04\/AVAE.-Mediateca.-Youssef-Taki.-Extrnal-Memoires-2000x1334.jpg 2000w, https:\/\/blog.uclm.es\/archivoartea\/wp-content\/uploads\/sites\/323\/2026\/04\/AVAE.-Mediateca.-Youssef-Taki.-Extrnal-Memoires-300x200.jpg 300w, https:\/\/blog.uclm.es\/archivoartea\/wp-content\/uploads\/sites\/323\/2026\/04\/AVAE.-Mediateca.-Youssef-Taki.-Extrnal-Memoires-768x512.jpg 768w, https:\/\/blog.uclm.es\/archivoartea\/wp-content\/uploads\/sites\/323\/2026\/04\/AVAE.-Mediateca.-Youssef-Taki.-Extrnal-Memoires-1536x1024.jpg 1536w, https:\/\/blog.uclm.es\/archivoartea\/wp-content\/uploads\/sites\/323\/2026\/04\/AVAE.-Mediateca.-Youssef-Taki.-Extrnal-Memoires-2048x1366.jpg 2048w\" sizes=\"auto, (max-width: 2000px) 100vw, 2000px\" \/><\/a><\/figure>\n\n\n\n<h4 class=\"wp-block-heading\">Mediateca<\/h4>\n\n\n\n<p>Pel\u00edculas, registros de obras esc\u00e9nicas, documentales, conferencias, entrevistas&#8230;<\/p>\n\n\n\n<p><a href=\"https:\/\/blog.uclm.es\/archivoartea\/category\/video\/\" data-type=\"category\" data-id=\"29\">Leer m\u00e1s<\/a><\/p>\n<\/div>\n<\/div>\n\n\n\n<div class=\"wp-block-column is-layout-flow wp-block-column-is-layout-flow\">\n<figure class=\"wp-block-image size-full\"><a href=\"https:\/\/blog.uclm.es\/archivoartea\/etiquetas\/\"><img loading=\"lazy\" decoding=\"async\" width=\"1089\" height=\"783\" src=\"https:\/\/blog.uclm.es\/archivoartea\/wp-content\/uploads\/sites\/323\/2026\/04\/AVAE.-Palabras.-Esperanza-Collado.-2023.-Tragame-nube-copia.jpeg\" alt=\"\" class=\"wp-image-11954\" style=\"aspect-ratio:3\/2;object-fit:cover\" srcset=\"https:\/\/blog.uclm.es\/archivoartea\/wp-content\/uploads\/sites\/323\/2026\/04\/AVAE.-Palabras.-Esperanza-Collado.-2023.-Tragame-nube-copia.jpeg 1089w, https:\/\/blog.uclm.es\/archivoartea\/wp-content\/uploads\/sites\/323\/2026\/04\/AVAE.-Palabras.-Esperanza-Collado.-2023.-Tragame-nube-copia-300x216.jpeg 300w, https:\/\/blog.uclm.es\/archivoartea\/wp-content\/uploads\/sites\/323\/2026\/04\/AVAE.-Palabras.-Esperanza-Collado.-2023.-Tragame-nube-copia-768x552.jpeg 768w\" sizes=\"auto, (max-width: 1089px) 100vw, 1089px\" \/><\/a><\/figure>\n\n\n\n<h4 class=\"wp-block-heading\">Palabras<\/h4>\n\n\n\n<p style=\"font-size:clamp(14px, 0.875rem + ((1vw - 3.2px) * 0.455), 18px);\">Temas de investigaci\u00f3n, etiquetas, categor\u00edas y b\u00fasqueda<\/p>\n\n\n\n<p><a href=\"https:\/\/blog.uclm.es\/archivoartea\/etiquetas\/\" data-type=\"page\" data-id=\"478\">Leer m\u00e1s<\/a><\/p>\n<\/div>\n\n\n\n<div class=\"wp-block-column is-layout-flow wp-block-column-is-layout-flow\">\n<figure class=\"wp-block-image size-large\"><a href=\"https:\/\/blog.uclm.es\/archivoartea\/presentacion\/\"><img loading=\"lazy\" decoding=\"async\" width=\"1024\" height=\"669\" src=\"https:\/\/blog.uclm.es\/archivoartea\/wp-content\/uploads\/sites\/323\/2026\/03\/AVAE.-2024.4-1024x669.png\" alt=\"\" class=\"wp-image-9704\" srcset=\"https:\/\/blog.uclm.es\/archivoartea\/wp-content\/uploads\/sites\/323\/2026\/03\/AVAE.-2024.4-1024x669.png 1024w, https:\/\/blog.uclm.es\/archivoartea\/wp-content\/uploads\/sites\/323\/2026\/03\/AVAE.-2024.4-300x196.png 300w, https:\/\/blog.uclm.es\/archivoartea\/wp-content\/uploads\/sites\/323\/2026\/03\/AVAE.-2024.4-768x502.png 768w, https:\/\/blog.uclm.es\/archivoartea\/wp-content\/uploads\/sites\/323\/2026\/03\/AVAE.-2024.4.png 1334w\" sizes=\"auto, (max-width: 1024px) 100vw, 1024px\" \/><\/a><\/figure>\n\n\n\n<h4 class=\"wp-block-heading\">AVAE<\/h4>\n\n\n\n<p>Sobre la historia del Archivo y los proyectos del grupo Artea.<\/p>\n\n\n\n<p><a href=\"https:\/\/blog.uclm.es\/archivoartea\/presentacion\/\" data-type=\"page\" data-id=\"960\">Leer m\u00e1s<\/a><\/p>\n<\/div>\n<\/div>\n\n\n\n<div class=\"wp-block-buttons is-content-justification-center is-layout-flex wp-container-core-buttons-is-layout-a89b3969 wp-block-buttons-is-layout-flex\">\n<div class=\"wp-block-button\"><a class=\"wp-block-button__link wp-element-button\" href=\"https:\/\/blog.uclm.es\/archivoartea\/blog\/\">Entradas recientes<\/a><\/div>\n<\/div>\n","protected":false},"excerpt":{"rendered":"<p>Bienvenid_ al AVAE \/ Welcome to the AVAE ES \/ EN Un proyecto del grupo ARTEA donde podr\u00e1s encontrar textos cr\u00edticos y de creaci\u00f3n, publicaciones, documentaci\u00f3n sobre proyectos, as\u00ed como informaci\u00f3n sobre obras y procesos de artistas con quienes hemos trabajado. Leer m\u00e1s. Propuestas tem\u00e1ticas La investigaci\u00f3n en artes Leer m\u00e1s Paracinema y cine expandido [&hellip;]<\/p>\n","protected":false},"author":285,"featured_media":0,"parent":0,"menu_order":0,"comment_status":"closed","ping_status":"closed","template":"","meta":{"footnotes":""},"class_list":["post-11878","page","type-page","status-publish","hentry"],"_links":{"self":[{"href":"https:\/\/blog.uclm.es\/archivoartea\/wp-json\/wp\/v2\/pages\/11878","targetHints":{"allow":["GET"]}}],"collection":[{"href":"https:\/\/blog.uclm.es\/archivoartea\/wp-json\/wp\/v2\/pages"}],"about":[{"href":"https:\/\/blog.uclm.es\/archivoartea\/wp-json\/wp\/v2\/types\/page"}],"author":[{"embeddable":true,"href":"https:\/\/blog.uclm.es\/archivoartea\/wp-json\/wp\/v2\/users\/285"}],"replies":[{"embeddable":true,"href":"https:\/\/blog.uclm.es\/archivoartea\/wp-json\/wp\/v2\/comments?post=11878"}],"version-history":[{"count":70,"href":"https:\/\/blog.uclm.es\/archivoartea\/wp-json\/wp\/v2\/pages\/11878\/revisions"}],"predecessor-version":[{"id":12250,"href":"https:\/\/blog.uclm.es\/archivoartea\/wp-json\/wp\/v2\/pages\/11878\/revisions\/12250"}],"wp:attachment":[{"href":"https:\/\/blog.uclm.es\/archivoartea\/wp-json\/wp\/v2\/media?parent=11878"}],"curies":[{"name":"wp","href":"https:\/\/api.w.org\/{rel}","templated":true}]}}