{"id":1168,"date":"2016-12-03T17:30:00","date_gmt":"2016-12-03T16:30:00","guid":{"rendered":"https:\/\/blog.uclm.es\/archivoartea\/?page_id=1168"},"modified":"2026-04-05T20:04:36","modified_gmt":"2026-04-05T18:04:36","slug":"la-situacion-2016-textos","status":"publish","type":"page","link":"https:\/\/blog.uclm.es\/archivoartea\/la-situacion-2016-textos\/","title":{"rendered":"La Situaci\u00f3n 2016. Textos"},"content":{"rendered":"\n<h3 class=\"wp-block-heading\">La Situaci\u00f3n 2016. Textos<\/h3>\n\n\n\n<p><strong>Luis Camnitzer<\/strong>. <a href=\"https:\/\/blog.uclm.es\/archivoartea\/2016\/10\/19\/curriculo\/\" data-type=\"post\" data-id=\"1125\">Curr\u00edculo<\/a>.<\/p>\n\n\n\n<p><strong>Internacional Errorista<\/strong>. <a href=\"https:\/\/blog.uclm.es\/archivoartea\/2016\/10\/18\/neoextractivismo\/\">Neoextractivismo<\/a>.<\/p>\n\n\n\n<p><strong>Leyla Dunia<\/strong>. Entrevistas sobre<strong> L<\/strong>a<strong> <\/strong>Situaci\u00f3n 1993. \u2018La tarea que nos cabe en el presente es revolver en el pasado los futuros enterrados.\u2019 (W. Benjamin)<\/p>\n\n\n\n<p>Isidoro Valc\u00e1rcel Medina. <a href=\"https:\/\/blog.uclm.es\/archivoartea\/2016\/12\/03\/arte-en-crisis\/\" data-type=\"post\" data-id=\"1166\">Arte en crisis<\/a>.<\/p>\n\n\n\n<p>Conversaci\u00f3n con <a href=\"https:\/\/blog.uclm.es\/archivoartea\/2016\/10\/18\/la-situacion-conversacion-con-manolo-quejido-y-jose-aja\/\">Manolo Quejido y Jos\u00e9 Aja<\/a>.<\/p>\n\n\n\n<p>Entrevista a <a href=\"https:\/\/blog.uclm.es\/archivoartea\/2016\/10\/18\/la-situacion-entrevista-a-horacio-fernandez\/\">Horacio Fern\u00e1ndez<\/a><\/p>\n\n\n\n<p>Entrevista con <a href=\"https:\/\/blog.uclm.es\/archivoartea\/2016\/10\/18\/entrevista-con-jaime-lorente-la-situacion\/\">Jaime Lorente<\/a>. <\/p>\n\n\n\n<p>Entrevista con <a href=\"https:\/\/blog.uclm.es\/archivoartea\/2016\/10\/13\/la-tarea-que-nos-cabe-en-el-presente-es-resolver-en-el-pasado-los-futuros-eterrados\/\">Ricardo Cadenas<\/a>.<\/p>\n\n\n\n<p>Entrevista con <a href=\"https:\/\/blog.uclm.es\/archivoartea\/2016\/10\/18\/la-situacion-entrevista-con-ignacio-oliva\/\">Ignacio Oliva<\/a><\/p>\n\n\n\n<p>Entrevista con <a href=\"https:\/\/blog.uclm.es\/archivoartea\/2016\/10\/18\/la-situacion-entrevista-con-simeon-saiz\/\">Sime\u00f3n Saiz<\/a><\/p>\n\n\n\n<p><\/p>\n","protected":false},"excerpt":{"rendered":"<p>La Situaci\u00f3n 2016. Textos Luis Camnitzer. Curr\u00edculo. Internacional Errorista. Neoextractivismo. Leyla Dunia. Entrevistas sobre La Situaci\u00f3n 1993. \u2018La tarea que nos cabe en el presente es revolver en el pasado los futuros enterrados.\u2019 (W. Benjamin) Isidoro Valc\u00e1rcel Medina. Arte en crisis. Conversaci\u00f3n con Manolo Quejido y Jos\u00e9 Aja. Entrevista a Horacio Fern\u00e1ndez Entrevista con Jaime [&hellip;]<\/p>\n","protected":false},"author":285,"featured_media":1111,"parent":0,"menu_order":0,"comment_status":"closed","ping_status":"closed","template":"","meta":{"footnotes":""},"class_list":["post-1168","page","type-page","status-publish","has-post-thumbnail","hentry"],"_links":{"self":[{"href":"https:\/\/blog.uclm.es\/archivoartea\/wp-json\/wp\/v2\/pages\/1168","targetHints":{"allow":["GET"]}}],"collection":[{"href":"https:\/\/blog.uclm.es\/archivoartea\/wp-json\/wp\/v2\/pages"}],"about":[{"href":"https:\/\/blog.uclm.es\/archivoartea\/wp-json\/wp\/v2\/types\/page"}],"author":[{"embeddable":true,"href":"https:\/\/blog.uclm.es\/archivoartea\/wp-json\/wp\/v2\/users\/285"}],"replies":[{"embeddable":true,"href":"https:\/\/blog.uclm.es\/archivoartea\/wp-json\/wp\/v2\/comments?post=1168"}],"version-history":[{"count":5,"href":"https:\/\/blog.uclm.es\/archivoartea\/wp-json\/wp\/v2\/pages\/1168\/revisions"}],"predecessor-version":[{"id":1220,"href":"https:\/\/blog.uclm.es\/archivoartea\/wp-json\/wp\/v2\/pages\/1168\/revisions\/1220"}],"wp:featuredmedia":[{"embeddable":true,"href":"https:\/\/blog.uclm.es\/archivoartea\/wp-json\/wp\/v2\/media\/1111"}],"wp:attachment":[{"href":"https:\/\/blog.uclm.es\/archivoartea\/wp-json\/wp\/v2\/media?parent=1168"}],"curies":[{"name":"wp","href":"https:\/\/api.w.org\/{rel}","templated":true}]}}