{"id":1156,"date":"2016-10-21T13:51:00","date_gmt":"2016-10-21T11:51:00","guid":{"rendered":"https:\/\/blog.uclm.es\/archivoartea\/?page_id=1156"},"modified":"2026-04-05T20:03:47","modified_gmt":"2026-04-05T18:03:47","slug":"la-situacion-2016-registros","status":"publish","type":"page","link":"https:\/\/blog.uclm.es\/archivoartea\/la-situacion-2016-registros\/","title":{"rendered":"La Situaci\u00f3n 2016. Registros"},"content":{"rendered":"\n<p><\/p>\n\n\n\n<h3 class=\"wp-block-heading\">Registros en v\u00eddeo<\/h3>\n\n\n\n<p><a href=\"https:\/\/www.youtube.com\/watch?v=xY7rjQQ5yoE\" target=\"_blank\" rel=\"noreferrer noopener\"><strong>Coloquio Isidoro Valc\u00e1rcel Medina<\/strong><\/a>. 18 de octubre, 17.00.&nbsp;<\/p>\n\n\n\n<p><strong>Foro 1. Po\u00e9ticas de la precariedad y la violencia.&nbsp;<\/strong>19 octubre, 10.00.<\/p>\n\n\n\n<p><a href=\"https:\/\/www.youtube.com\/watch?v=dTKxlXf1IVk\" target=\"_blank\" rel=\"noreferrer noopener\">Parte 1<\/a>&nbsp; <a href=\"https:\/\/www.youtube.com\/watch?v=nRPJpBjR_SE\" target=\"_blank\" rel=\"noreferrer noopener\">Parte 2<\/a><\/p>\n\n\n\n<p><strong>Conferencia de Luis Camnitzer \u2018Curr\u00edculo\u2019<\/strong>. 19 de octubre. 18.00 h.<\/p>\n\n\n\n<p><a href=\"https:\/\/www.youtube.com\/watch?v=luy7LlDLE7U\" target=\"_blank\" rel=\"noreferrer noopener\">Primera parte<\/a>&nbsp; <a href=\"https:\/\/www.youtube.com\/watch?v=qehkgIg0Pt8\" target=\"_blank\" rel=\"noreferrer noopener\">Segunda parte<\/a>&nbsp;<a href=\"https:\/\/www.youtube.com\/watch?v=-5MOrfzH3ho\">Tercera parte<\/a><\/p>\n\n\n\n<p><strong>Foro 2. Vivir y resistir.<\/strong>&nbsp;20 octubre, 10.0 h.<\/p>\n\n\n\n<p><a href=\"https:\/\/www.youtube.com\/watch?v=NBBQ4xc2-Qw\" target=\"_blank\" rel=\"noreferrer noopener\">Parte 1.<\/a>&nbsp;<a href=\"https:\/\/youtu.be\/vrfyD6vNuU4\" target=\"_blank\" rel=\"noreferrer noopener\">Parte 2<\/a>.&nbsp;<a href=\"https:\/\/www.youtube.com\/watch?v=Nm2ToXEt7FE\" target=\"_blank\" rel=\"noreferrer noopener\">Parte 3<\/a><\/p>\n\n\n\n<p>Foro 3.&nbsp;<strong>Rehacer desde lo com\u00fan.<\/strong>&nbsp;21 octubre, 10,00 h.<\/p>\n\n\n\n<p><a href=\"https:\/\/www.youtube.com\/watch?v=gw0yuvuvgQk\" target=\"_blank\" rel=\"noreferrer noopener\">Parte 1.<\/a>&nbsp; <a href=\"https:\/\/www.youtube.com\/watch?v=gw0yuvuvgQk\" target=\"_blank\" rel=\"noreferrer noopener\">Parte 2<\/a><\/p>\n\n\n\n<p>Isis Saz.&nbsp;<em><a href=\"https:\/\/www.youtube.com\/watch?v=omhL452g9Ok\" target=\"_blank\" rel=\"noreferrer noopener\"><strong>Nuestras Armas, nuestras manos<\/strong><\/a><\/em>. 20 octubre. 17.30<\/p>\n\n\n\n<p>Mujeres creando \u2013&nbsp;<em><strong><a href=\"https:\/\/www.youtube.com\/watch?v=9V75KjmDWMo\" target=\"_blank\" rel=\"noreferrer noopener\">No hay lucha sin palabra<\/a><\/strong><\/em>. 20 octubre. 18.00<\/p>\n\n\n\n<p>Roberto De la Torre.&nbsp;<a href=\"https:\/\/youtu.be\/rmWhSYtEIhs\" target=\"_blank\" rel=\"noreferrer noopener\"><strong>Bolsillos vac\u00edos<\/strong><\/a>. 20 octubre. 19.00<\/p>\n","protected":false},"excerpt":{"rendered":"<p>Registros en v\u00eddeo Coloquio Isidoro Valc\u00e1rcel Medina. 18 de octubre, 17.00.&nbsp; Foro 1. Po\u00e9ticas de la precariedad y la violencia.&nbsp;19 octubre, 10.00. Parte 1&nbsp; Parte 2 Conferencia de Luis Camnitzer \u2018Curr\u00edculo\u2019. 19 de octubre. 18.00 h. Primera parte&nbsp; Segunda parte&nbsp;Tercera parte Foro 2. Vivir y resistir.&nbsp;20 octubre, 10.0 h. Parte 1.&nbsp;Parte 2.&nbsp;Parte 3 Foro 3.&nbsp;Rehacer [&hellip;]<\/p>\n","protected":false},"author":285,"featured_media":1111,"parent":0,"menu_order":0,"comment_status":"closed","ping_status":"closed","template":"","meta":{"footnotes":""},"class_list":["post-1156","page","type-page","status-publish","has-post-thumbnail","hentry"],"_links":{"self":[{"href":"https:\/\/blog.uclm.es\/archivoartea\/wp-json\/wp\/v2\/pages\/1156","targetHints":{"allow":["GET"]}}],"collection":[{"href":"https:\/\/blog.uclm.es\/archivoartea\/wp-json\/wp\/v2\/pages"}],"about":[{"href":"https:\/\/blog.uclm.es\/archivoartea\/wp-json\/wp\/v2\/types\/page"}],"author":[{"embeddable":true,"href":"https:\/\/blog.uclm.es\/archivoartea\/wp-json\/wp\/v2\/users\/285"}],"replies":[{"embeddable":true,"href":"https:\/\/blog.uclm.es\/archivoartea\/wp-json\/wp\/v2\/comments?post=1156"}],"version-history":[{"count":1,"href":"https:\/\/blog.uclm.es\/archivoartea\/wp-json\/wp\/v2\/pages\/1156\/revisions"}],"predecessor-version":[{"id":1157,"href":"https:\/\/blog.uclm.es\/archivoartea\/wp-json\/wp\/v2\/pages\/1156\/revisions\/1157"}],"wp:featuredmedia":[{"embeddable":true,"href":"https:\/\/blog.uclm.es\/archivoartea\/wp-json\/wp\/v2\/media\/1111"}],"wp:attachment":[{"href":"https:\/\/blog.uclm.es\/archivoartea\/wp-json\/wp\/v2\/media?parent=1156"}],"curies":[{"name":"wp","href":"https:\/\/api.w.org\/{rel}","templated":true}]}}