{"id":1144,"date":"2016-10-18T13:31:00","date_gmt":"2016-10-18T11:31:00","guid":{"rendered":"https:\/\/blog.uclm.es\/archivoartea\/?page_id=1144"},"modified":"2026-04-05T20:04:15","modified_gmt":"2026-04-05T18:04:15","slug":"la-situacion-2016-referencias","status":"publish","type":"page","link":"https:\/\/blog.uclm.es\/archivoartea\/la-situacion-2016-referencias\/","title":{"rendered":"La Situaci\u00f3n 2016. Referencias"},"content":{"rendered":"\n<h3 class=\"wp-block-heading\"><strong>Materiales de referencia y documentos previos.<\/strong><\/h3>\n\n\n\n<h5 class=\"wp-block-heading\">DEJARSE AFECTAR<\/h5>\n\n\n\n<p>Suely Rolnik, \u201cLa nueva estrategia de poder del capitalismo\u201d (2016) &nbsp;<a href=\"https:\/\/lasituacion2016.wordpress.com\/la-nueva-estrategia-de-poder-del-capitalismo-mundial-suely-rolnik\/\" target=\"_blank\" rel=\"noreferrer noopener\">&gt;&gt; Leer<\/a><\/p>\n\n\n\n<p>Naomi Klein: \u201cLa doctrina del shock\u201d (documental)&nbsp;<a href=\"https:\/\/www.youtube.com\/watch?v=Nt44ivcC9rg\">&gt;&gt; Ver<\/a><\/p>\n\n\n\n<p>Doris Salcedo \u2013&nbsp;Sobre Bogot\u00e1: \u2018Las fuerzas que act\u00faan aqu\u00ed son brutales\u2019 \u2013&nbsp;<a href=\"https:\/\/lasituacion2016.wordpress.com\/la-artista-doris-salcedo-sobre-bogota-las-fuerzas-que-actuan-aqui-son-brutales-video\/\" target=\"_blank\" rel=\"noreferrer noopener\">&gt;&gt;Ver<\/a><\/p>\n\n\n\n<p>Rolf Abderhalden, \u201cEl artista como testigo: testimonio de un artista\u201d&nbsp;<a href=\"https:\/\/lasituacion2016.wordpress.com\/el-artista-como-testigo-testimonio-de-un-artista\/\">&gt;&gt; Leer<\/a><\/p>\n\n\n\n<p>Monika Anselment, \u201cFern sehen\u201d&nbsp;<a href=\"https:\/\/lasituacion2016.files.wordpress.com\/2016\/09\/anselment-fern-sehen-2014-72dpi1.pdf\">&gt;&gt; Leer<\/a><\/p>\n\n\n\n<p>Internacional Errorista \/ OMAL: Sobre el Neo-extractivismo&nbsp;<a href=\"https:\/\/lasituacion2016.org\/neo-extractivismo\/\">&gt;&gt; Leer<\/a><\/p>\n\n\n\n<p>Internacional Errorista: No, Se puede!&nbsp;<a href=\"http:\/\/www.erroristas.org\/es\/magazine\/2016\/04\/22\/no-you-can-t\/53\">&gt;&gt; Leer<\/a><\/p>\n\n\n\n<p>Stephen Wright, \u201cDemocracia gal\u00e1ctica\u201d,&nbsp;<em>Magazine I.E.<\/em>,&nbsp;<a href=\"http:\/\/www.erroristas.org\/es\/magazine\/2016\/10\/05\/democracia-galactica\/60\">&gt;&gt; Leer<\/a><\/p>\n\n\n\n<p>Daniela Ortiz, \u201cIus sanguinis\u201d,&nbsp;<em>Magazine I.E.<\/em>,&nbsp;<a href=\"http:\/\/www.erroristas.org\/es\/magazine\/2016\/10\/05\/jus-sanguinis\/62\">&gt;&gt; Leer<\/a><\/p>\n\n\n\n<p>Gregoire Chamayou, \u201cAn\u00e1lisis de las formas de vida\u201d,&nbsp;<em>Magazine I.E.&nbsp;<\/em>(abril 2016)&nbsp;<a href=\"http:\/\/www.erroristas.org\/es\/magazine\/2016\/04\/22\/analisis-de-las-formas-de-vida\/50\">&gt;&gt; Leer<\/a><\/p>\n\n\n\n<p>Amador Fern\u00e1ndez Savater, \u201cLa piel y el teatro. Salir de la pol\u00edtica\u201d (2016).&nbsp;<a href=\"http:\/\/www.eldiario.es\/interferencias\/piel-teatro-Salir-politica_6_442065819.html\" target=\"_blank\" rel=\"noreferrer noopener\">&gt;&gt;Leer<\/a><\/p>\n\n\n\n<p>Sime\u00f3n Saiz, \u201c\u00bfDe d\u00f3nde venimos? \u00bfQu\u00e9 somos? \u00bfA d\u00f3nde vamos?\u201d&nbsp;<a href=\"https:\/\/lasituacion2016.files.wordpress.com\/2016\/09\/simec3b3n-saiz-2.pdf\">&gt;&gt;Leer<\/a><\/p>\n\n\n\n<p>David Ortiz Juan, \u201cHipnagogia y la colonizaci\u00f3n de la memoria\u201d&nbsp;<a href=\"https:\/\/lasituacion2016.files.wordpress.com\/2016\/09\/hipnagogia-y-la-colonizaciocc81n-de-la-memoria-david-ortiz-juan-cas.pdf\">&gt;&gt;Leer<\/a><\/p>\n\n\n\n<h5 class=\"wp-block-heading\">SER PRECARIO<\/h5>\n\n\n\n<p>Miriam Jerade, \u201cCuerpos precarios: Judith Butler y la violencia en M\u00e9xico\u201d (2015)&nbsp;<a href=\"http:\/\/horizontal.mx\/cuerpos-precarios-judith-butler-y-la-violencia-en-mexico\/\">&gt;&gt; Leer<\/a><\/p>\n\n\n\n<p>Brian Holmes, \u201cLa personalidad flexible\u201d (2002)&nbsp;<a href=\"http:\/\/eipcp.net\/transversal\/1106\/holmes\/es\" target=\"_blank\" rel=\"noreferrer noopener\">&gt;&gt; Leer<\/a><\/p>\n\n\n\n<p>Sandro Mezzadra, \u201cCuantas historias del trabajo\u201d, eipcp (2012)&nbsp;<a href=\"http:\/\/eipcp.net\/transversal\/0112\/mezzadra\/es\">&gt;&gt; Leer<\/a><\/p>\n\n\n\n<p>Franco Berardi, \u201cAbout Blank\u201d&nbsp;<em>Magazine I.E.&nbsp;<\/em>(2016)&nbsp;<a href=\"http:\/\/www.erroristas.org\/es\/magazine\/2016\/09\/11\/about-blank\/58\">&gt;&gt; Leer<\/a><\/p>\n\n\n\n<p>Colectivo Situaciones, \u201cPolitizar la tristeza\u201d, Brumaria&nbsp;<a href=\"http:\/\/documentos.brumaria.net\/213-politizar-situaciones\">&gt;&gt; Leer<\/a><\/p>\n\n\n\n<p>Rodrigo Alonso, \u201cElogio de la Low Tech\u201d&nbsp;<a href=\"https:\/\/lasituacion2016.files.wordpress.com\/2016\/09\/low_tech_rodrigoalonso.pdf\">&gt;&gt;Leer<\/a><\/p>\n\n\n\n<p>Pascal Gielen, \u201cThe Art Scene. A Clever Working Model for Economic Exploitation?\u201d&nbsp;<a href=\"https:\/\/lasituacion2016.files.wordpress.com\/2016\/09\/citanje_021.pdf\">&gt;&gt;Leer<\/a><\/p>\n\n\n\n<p>Entrevista a Guy Standing, \u201cEl \u2018precariado\u2019 es una clase social muy radical, la \u00fanica que quiere ser lo suficientemente fuerte para abolirse a s\u00ed misma\u201d&nbsp;&gt;&gt;Leer<\/p>\n\n\n\n<h5 class=\"wp-block-heading\">HACER CON LO M\u00cdNIMO<\/h5>\n\n\n\n<p>Isidoro Valc\u00e1rcel Medina y Santiago Sierra: Conversaci\u00f3n&nbsp;<a href=\"https:\/\/www.youtube.com\/watch?v=m9h2oJPQvFk\">&gt;&gt; Ver<\/a><\/p>\n\n\n\n<p>Wilfredo Prieto en Metr\u00f3polis&nbsp;<a href=\"http:\/\/www.rtve.es\/television\/20160118\/wilfredo-prieto\/1285740.shtml\" target=\"_blank\" rel=\"noreferrer noopener\">&gt;&gt; Ver<\/a><\/p>\n\n\n\n<p>Roberto de la Torre, \u201cSomos el fino espacio que hay entre una v\u00e1lvula de escape y una olla<br>express, siempre al l\u00edmite de explotar\u201d&nbsp;<a href=\"https:\/\/lasituacion2016.wordpress.com\/somos-el-fino-espacio-que-hay-entre-una-valvula-de-escape-y-una-olla-express-siempre-al-limite-de-explotar\/\">&gt;&gt;Leer<\/a><\/p>\n\n\n\n<p>Cabello\/Carceller,&nbsp;<a href=\"http:\/\/www.cabellocarceller.info\/\">&gt;&gt;Ir al sitio web<\/a><\/p>\n\n\n\n<p>Cabello\/Carceller, \u201cPresupuesto 6 euros. Pr\u00e1cticas art\u00edsticas y precariedad\u201d&nbsp;<a href=\"https:\/\/contraindicaciones.net\/practicas_artisticas_y_precari\/\">&gt;&gt;Leer<\/a><\/p>\n\n\n\n<p>Cabello\/Carceller,\u201dBajo m\u00ednimos: \u00bfEs el arte precario?\u201d Art\u00edculo por Bea Espejo publicado en El Cultural&nbsp;<a href=\"http:\/\/www.elcultural.com\/noticias\/arte\/Bajo-minimos-Es-el-arte-precario\/427\">&gt;&gt;Leer<\/a><\/p>\n\n\n\n<p>Cabello\/Carceller, \u201cPresupuesto 5 euros\u201d&nbsp;<a href=\"http:\/\/www.ehu.eus\/ehusfera\/bbaa\/2014\/12\/05\/convocatoria-5e-practicas-artisticas-y-precariedad\/\">&gt;&gt;Ir al sitio web<\/a><\/p>\n\n\n\n<p>Maurizio Lazzarato, \u201cEl ciclo de la producci\u00f3n inmaterial\u201d,&nbsp;<a href=\"http:\/\/www.enmedio.info\/el-ciclo-de-la-produccion-inmaterial\/\">&gt;&gt;Leer<\/a><\/p>\n\n\n\n<p>Alain Badiou, \u201cLas condiciones del arte contempor\u00e1neo\u201d, Brumaria (2013)&nbsp;<a href=\"http:\/\/documentos.brumaria.net\/284-las-condiciones-del-arte-contemporaneo\">&gt;&gt; Leer<\/a><\/p>\n\n\n\n<h5 class=\"wp-block-heading\"><strong>AGITAR TODO LO AGITABLE<\/strong><\/h5>\n\n\n\n<p>Angela Davis \u2013 \u201cRaza, g\u00e9nero y clase son elementos entrelazados\u201d \u2013<a href=\"https:\/\/lasituacion2016.wordpress.com\/angela-davis-raza-genero-y-clase-son-elementos-entrelazados\/\">&gt;&gt;Leer<\/a><\/p>\n\n\n\n<p>Aida G\u00f3mez, entrevista Yorokobu&nbsp;<a href=\"http:\/\/www.yorokobu.es\/la-artista-que-lo-tiene-todo-en-cuenca\/\">&gt;&gt;Leer<\/a><\/p>\n\n\n\n<p>Aida G\u00f3mez, entrevista Open Walls&nbsp;<a href=\"https:\/\/openwallsgallery.com\/aida-gomez-reality-project\/\">&gt;&gt;Leer<\/a><\/p>\n\n\n\n<p>Mar\u00eda Ca\u00f1as, \u201cLa videoguerrilla nos har\u00e1 libres (o no). &nbsp;Por so\u00f1ar\u2026\u201d&nbsp;<a href=\"https:\/\/lasituacion2016.wordpress.com\/la-videoguerrilla-nos-hara-libres-o-no-por-sonar-maria-canas\/\" target=\"_blank\" rel=\"noreferrer noopener\">&gt;&gt;Leer&nbsp;<\/a><\/p>\n\n\n\n<p>Mar\u00eda Ca\u00f1as, \u201cTest de Rorschach: Ca\u00f1as vs. Ruido\u201d Revista numerocero&nbsp;<a href=\"http:\/\/numerocero.es\/cine\/articulo\/test-rorschach-canas-vs-ruido\/1368\">&gt;&gt;Leer<\/a><\/p>\n\n\n\n<p>Mar\u00eda Ca\u00f1as, \u201cEat my meat! Inscripciones y reinscripciones de la feminidad en la obra de Mar\u00eda Ca\u00f1as\u201d por Elena Oroz&nbsp;<a href=\"http:\/\/revistas.um.es\/api\/article\/view\/191691\">&gt;&gt;Leer<\/a><\/p>\n\n\n\n<p>Mar\u00eda Ca\u00f1as, entrevista con Iv\u00e1n Villarmea&nbsp;<a href=\"http:\/\/www.acuartaparede.com\/entrevista-maria-canas\/?lang=es\">&gt;&gt;Leer<\/a><\/p>\n\n\n\n<p>Mar\u00eda Ca\u00f1as, Metr\u00f3polis monogr\u00e1fico&nbsp;<a href=\"http:\/\/www.rtve.es\/alacarta\/videos\/metropolis\/metropolis-maria-canas\/3302145\/\">&gt;&gt;Ver<\/a><\/p>\n\n\n\n<p>Acoustic Mirror,&nbsp;&nbsp;entrevista sobre activismo sonoro&nbsp;en \u00c1gora Sol Radio&nbsp;<a href=\"https:\/\/youtube.com\/watch?v=RhDGMH0DFCY\">&gt;&gt;Ver<\/a><\/p>\n\n\n\n<p>Acoustic Mirror, (lectura propuesta)&nbsp;\u201cTen Preliminary Theses on Militan&nbsp;Sound Investigation\u201d de Ultra-red&nbsp;<a href=\"https:\/\/monoskop.org\/log\/?p=662\">&gt;&gt;Leer<\/a><\/p>\n\n\n\n<p>Gabriel Perezzan, \u201cMartha Rosler-Santiago Sierra. Posturas antag\u00f3nicas.\u201d&nbsp;<a href=\"https:\/\/lasituacion2016.files.wordpress.com\/2016\/09\/arte-y-activismo-martha-rosler-santiago-sierra-posturas-antagc3b3nicas-12-octubre2016-bjrsl.pdf\">&gt;&gt;Leer<\/a><\/p>\n\n\n\n<h5 class=\"wp-block-heading\">QU\u00c9 HACEMOS JUNTAS<\/h5>\n\n\n\n<p>Amador Fern\u00e1ndez Savater, \u201cLa piel y el teatro. Salir de la pol\u00edtica\u201d (2016).&nbsp;<a href=\"http:\/\/www.eldiario.es\/interferencias\/piel-teatro-Salir-politica_6_442065819.html\" target=\"_blank\" rel=\"noreferrer noopener\">&gt;&gt;Leer<\/a><\/p>\n\n\n\n<p>Andr\u00e9s Senra, \u201cPlaza Soluci\u00f3n\u201d&nbsp;<a href=\"https:\/\/vimeo.com\/38148963\">&gt;&gt;Ver<\/a><\/p>\n\n\n\n<p>Andr\u00e9s Senra, \u201cAlter Christiania\u201d&nbsp;<a href=\"https:\/\/youtu.be\/ZVsZs0dJgu8\">&gt;&gt;Ver<\/a><\/p>\n\n\n\n<p>Colectivo Out-Ziders, \u201c(Identidad) Obra #2\u201d&nbsp;<a href=\"https:\/\/outziders2016.wordpress.com\/2016\/06\/13\/identidad-obra-2-out-ziders-2016\/\">&gt;&gt;Ver<\/a><\/p>\n\n\n\n<p>Colectivo Out-Ziders, \u201cEjercicio de creaci\u00f3n colectiva\u201d&nbsp;<a href=\"https:\/\/outziders2016.wordpress.com\/2016\/05\/02\/propuesta-1-ejercicio-de-creacion-colectiva-2015\/\">&gt;&gt;Ir al sitio web<\/a><\/p>\n\n\n\n<h5 class=\"wp-block-heading\">CONSPIRACIONES PO\u00c9TICAS<\/h5>\n\n\n\n<p>Laura Torrado, Sobre su trabajo art\u00edstico y la marginaci\u00f3n del artista&nbsp;<a href=\"https:\/\/lasituacion2016.wordpress.com\/laura-torrado-habla-sobre-su-trabajo-y-la-marginacion-del-artista\/\" target=\"_blank\" rel=\"noreferrer noopener\">&gt;&gt; Ver<\/a><\/p>\n\n\n\n<p>Juan Dom\u00ednguez, Interview by &nbsp;Alice Chauchat y Gr\u00e9gory Cast\u00e9ra&nbsp;<a href=\"http:\/\/www.leslaboratoires.org\/en\/article\/interview-juan-dominguez\">&gt;&gt; Leer<\/a><\/p>\n\n\n\n<p>Dionisio Ca\u00f1as, El gran poema de nadie&nbsp;<a href=\"http:\/\/www.elgranpoemadenadie.com\/\">&gt;&gt; Ver<\/a><\/p>\n\n\n\n<p>Sally Guti\u00e9rrez, \u201cMargen de error\u201d trabajo como parte del colectivo Declinaci\u00f3n Magn\u00e9tica&nbsp;<a href=\"https:\/\/declinacionmagnetica.wordpress.com\/margen-de-error\/\">&gt;&gt; Leer<\/a><\/p>\n\n\n\n<p>Sally Guti\u00e9rrez, \u201cVencejo Film Ley\u201d&nbsp;trabajo como parte del colectivo Declinaci\u00f3n Magn\u00e9tica<\/p>\n\n\n\n<p>Sally Guti\u00e9rrez, \u201cVillalba Cuenta\u201d web doc realizada con Gabriela Guti\u00e9rrez&nbsp;<a href=\"http:\/\/www.mataderomadrid.org\/ficha\/1477\/villalba-cuenta.html\">&gt;&gt; Leer<\/a><\/p>\n\n\n\n<p>Sally Guti\u00e9rrez, \u201cTa Acorda Ba Tu el Filipinas<em>?<\/em>\u201d&nbsp;<a href=\"http:\/\/multiverso-videoarte-fbbva.es\/ta-acorda-ba-tu-el-filipinas\/\">&gt;&gt; Ir al sitio web<\/a><\/p>\n\n\n\n<p>Sally Guti\u00e9rrez, \u201cLo \u00faltimo en el videoarte espa\u00f1ol\u201d art\u00edculo de \u00c1ngeles Garc\u00eda publicado en El Cultural,&nbsp;<a href=\"http:\/\/cultura.elpais.com\/cultura\/2016\/10\/06\/actualidad\/1475773405_254784.html?id_externo_rsoc=FB_CC\">&gt;&gt;Leer<\/a><\/p>\n\n\n\n<p>Conversaci\u00f3n entre Sally Guti\u00e9rrez y Juan Guardiola,&nbsp;<a href=\"http:\/\/perroberde.com\/pb06\/do-you-remember-the-philippines\/?lang=es\">&gt;&gt;Leer<\/a><\/p>\n\n\n\n<p>Keti Chukhrov, \u201cOn the False Democracy of Contemporary Art\u201d, e-flux 57 (2014)&nbsp;<a href=\"http:\/\/www.e-flux.com\/journal\/57\/60430\/on-the-false-democracy-of-contemporary-art\/\">&gt;&gt; Leer<\/a><\/p>\n\n\n\n<p>Keti Chukhrov, Conferencia en CINAM (2012)&nbsp;<a href=\"https:\/\/vimeo.com\/57834416\">&gt;&gt; Ver<\/a><\/p>\n\n\n\n<p>Jos\u00e9 A. S\u00e1nchez \u201cDispositivos po\u00e9ticos 1: disidencia y cooperaci\u00f3n\u201d&nbsp;<a href=\"https:\/\/parataxis20.wordpress.com\/2016\/03\/21\/dispositivos-poeticos-i\/\">&gt;&gt; Leer<\/a><\/p>\n\n\n\n<p>Jos\u00e9 A. S\u00e1nchez, \u201cDispositivos po\u00e9ticos 2: conspiraciones\u201d&nbsp;<a href=\"https:\/\/parataxis20.wordpress.com\/2016\/04\/16\/dispositivos-poeticos-ii-conspiraciones\/\">&gt;&gt; Leer<\/a><\/p>\n\n\n\n<h5 class=\"wp-block-heading\"><strong>QUI\u00c9N ENSE\u00d1A A QUI\u00c9N<\/strong><\/h5>\n\n\n\n<p>El t\u00edtulo de esta mesa suscit\u00f3 un debate, del que derivaron otras propuestas, como:&nbsp;\u201cEl Museo que NO genera conocimiento\u201d&nbsp;y el siguiente, que se acept\u00f3 como subt\u00edtulo: \u00abDesmontando, produciendo y agitando conocimiento\u00bb<\/p>\n\n\n\n<p>Nicol\u00e1s Paris: \u201cToda obra de arte es material pedag\u00f3gico\u201d (2016) &nbsp;<a href=\"http:\/\/artishockrevista.com\/2016\/05\/03\/nicolas-paris\/\">&gt;&gt; Leer<\/a><\/p>\n\n\n\n<p>Nicol\u00e1s Paris: \u201cEntrevista sobre Classroom en La Biennale\u201d&nbsp;<a href=\"http:\/\/www.labiennale.org\/en\/videocenter\/paris.html?back=true\">&gt;&gt; Ver<\/a><\/p>\n\n\n\n<p>Jordi Ferreiro: \u201cC\u00f3mo explicarle qu\u00e9 es el arte a un departamento educativo muerto?\u201d&nbsp;<a href=\"https:\/\/lasituacion2016.files.wordpress.com\/2016\/09\/jordi-ferreiro-como-explicar-el-arte-a-un-deac-muerto.pdf\">&gt;&gt; Leer<\/a><\/p>\n\n\n\n<p>GED \/ Pedagog\u00edas invisibles: Ni arte ni educaci\u00f3n&nbsp;<a href=\"https:\/\/grupoeducaciondisruptiva.wordpress.com\/2015\/06\/17\/737\/\">&gt;&gt; Ir<\/a><\/p>\n\n\n\n<p>Paulo Freire: Pedagog\u00eda del Oprimido&nbsp;<a href=\"https:\/\/canalcultura.org\/2013\/03\/03\/pedagogia-del-oprimido-paulo-freire-descargar\/\">&gt;&gt; Ver<\/a><\/p>\n\n\n\n<p>Sylvia Molina, \u201cFMoLE(FuzzyMap of LiquidEducation) y la experiencia ACuOSO\u201d&nbsp;<a href=\"https:\/\/lasituacion2016.files.wordpress.com\/2016\/09\/mesa-7_sylviamolina_02.pdf\">&gt;&gt;Leer<\/a><\/p>\n\n\n\n<h5 class=\"wp-block-heading\">FICCIONES COMUNES<\/h5>\n\n\n\n<p>\u201cCarta de los comunes\u201d, Madrilonia \/ Observatorio Metropolitano \/ Traficantes de Sue\u00f1os, 2011&nbsp;<a href=\"https:\/\/lasituacion2016.files.wordpress.com\/2016\/09\/la-carta-de-los-comunes-traficantes-de-suec3b1os.pdf\">&gt;&gt; Leer<\/a><\/p>\n\n\n\n<p>Mar\u00eda Ruido, Conferencia \u201cPensar desde\/con el cuerpo, construir con\/en im\u00e1genes\u201d&nbsp;<a href=\"https:\/\/lasituacion2016.wordpress.com\/maria-ruido-pensar-desdecon-el-cuerpo-construir-conen-imagenes\/\">&gt;&gt;Ver<\/a><\/p>\n\n\n\n<p>Mar\u00eda Ruido, \u201cMam\u00e1, quiero ser artista!\u201d (2004)&nbsp;<a href=\"https:\/\/lasituacion2016.wordpress.com\/mama-quiero-ser-artista-maria-ruido\/\" target=\"_blank\" rel=\"noreferrer noopener\">&gt;&gt;Leer<\/a><\/p>\n\n\n\n<p>Mar\u00eda Ruido, \u201cJust do It! Cuerpos e im\u00e1genes de mujeres en la nueva divisi\u00f3n del trabajo\u201d (2006)&nbsp;<a href=\"https:\/\/lasituacion2016.wordpress.com\/just-do-it-cuerpos-e-imagenes-de-mujeres-en-la-nueva-division-del-trabajo-maria-ruido\/\" target=\"_blank\" rel=\"noreferrer noopener\">&gt;&gt;Leer<\/a><\/p>\n\n\n\n<p>Rogelio L\u00f3pez Cuenca, sobre su trabajo \u2018El par\u00edso de los extra\u00f1os\u2019 &nbsp;<a href=\"https:\/\/lasituacion2016.wordpress.com\/rogelio-lopez-cuenca-habla-sobre-su-trabajo-el-paraiso-de-los-extranos\/\">&gt;&gt;Ver<\/a><\/p>\n\n\n\n<p>Rogelio L\u00f3pez Cuenca, \u201cLo que llamamos realidad no es sino una ficci\u00f3n dominante\u201d&nbsp;<a href=\"http:\/\/sietedeungolpe.es\/entrevista-a-rogelio-lopez-cuenca-los-barbaros-sala-alcala-31\/\" target=\"_blank\" rel=\"noreferrer noopener\">&gt;&gt;Leer<\/a><\/p>\n\n\n\n<p>Maite Aldaz, \u201cLa caravana de Michael Asher (1977-2007). El espacio publico como espacio del com\u00fan\u201d&nbsp;<a href=\"http:\/\/fuerademarco.xyz\/archivos\/158\">&gt;&gt;Ver<\/a><\/p>\n\n\n\n<p>Maite Aldaz, \u201cWelcome to the Wadsworth. La interpelaci\u00f3n hist\u00f3rica de Andrea Fraser\u201d&nbsp;<a href=\"http:\/\/fuerademarco.xyz\/archivos\/119\">&gt;&gt;Ver<\/a><\/p>\n\n\n\n<p>Maite Aldaz, \u201cLa Agrupaci\u00f3n de Trabajadores del Arte: una iniciativa de colaboraci\u00f3n abierta con objetivos igualitarios\u201d&nbsp;<a href=\"http:\/\/fuerademarco.xyz\/archivos\/41\">&gt;&gt;Ver<\/a><\/p>\n\n\n\n<p>Selina Blasco, Lila Ins\u00faa, Alejandro Sim\u00f3n, \u201cUniversidad sin cr\u00e9ditos\u201d&nbsp;<a href=\"https:\/\/lasituacion2016.files.wordpress.com\/2016\/09\/uscreditos-1.pdf\">&gt;&gt;Leer<\/a><\/p>\n\n\n\n<p>Rub\u00e9n Ortiz, \u201cO lo tr\u00e1gico o el sistema de la memoria\u201d,&nbsp;<a href=\"http:\/\/registromx.net\/ws\/?p=6874\">&gt;&gt;Leer<\/a><\/p>\n\n\n\n<p>Rub\u00e9n Ortiz, \u201cCuerpos ocupados\u201d,&nbsp;<a href=\"http:\/\/registromx.net\/ws\/?p=6330\">&gt;&gt;Leer<\/a><\/p>\n\n\n\n<p>Rub\u00e9n Ortiz, \u201cMemoria, escenario, ensayo\u201d&nbsp;<a href=\"http:\/\/registromx.net\/ws\/?p=7914\">&gt;&gt;Leer<\/a><\/p>\n\n\n\n<h5 class=\"wp-block-heading\">LOS SABERES DEL ARTE<\/h5>\n\n\n\n<p>Luis Camnitzer, \u201cLa ense\u00f1anza del arte como fraude\u201d (2012)&nbsp;<a href=\"https:\/\/lasituacion2016.wordpress.com\/la-ensenanza-del-arte-como-fraude-por-luis-camnitzer\/\">&gt;&gt; Leer<\/a><\/p>\n\n\n\n<p>Ray Brassier, \u201cEn defensa del conocimiento\u201d, Brumaria&nbsp;<a href=\"http:\/\/documentos.brumaria.net\/317-conocimiento-brassier\">&gt;&gt; Leer<\/a><\/p>\n\n\n\n<p>Dieter Message, \u201cWho\u2019s afraid of artistic research. On measuring artistic research output\u201d (2009)&nbsp;<a href=\"https:\/\/lasituacion2016.files.wordpress.com\/2016\/09\/lesage-dieter-whos-afraid-of-artistic-research-on-measuring-artistic-research-output.pdf\">&gt;&gt; Leer<\/a><\/p>\n\n\n\n<p>Alberto L\u00f3pez Cuenca, \u201c\u00bfQu\u00e9 arte? \u00bfQu\u00e9 conocimiento? Tecnolog\u00eda, estupidez y la crisis del texto\u201d (2012)&nbsp;<a href=\"https:\/\/lasituacion2016.files.wordpress.com\/2016\/09\/lopez-cuenca-2012-que_arte_que_conocimiento_tecnologia_es.pdf\">&gt;&gt; Leer<\/a><\/p>\n\n\n\n<p>Alberto L\u00f3pez Cuenca, \u201cAcerca de la epistemolog\u00eda desbordada: conocimiento, pr\u00e1cticas art\u00edsticas y capitalismo cognitiva\u201d (2012)&nbsp;<a href=\"https:\/\/lasituacion2016.files.wordpress.com\/2016\/09\/lopez-cuenca-2012-acerca_de_la_epistemologia_desbordada_c.pdf\">&gt;&gt; Leer<\/a><\/p>\n\n\n\n<p>Alberto L\u00f3pez cuenca, Entrevista \u201cEl arte (com\u00fan) despu\u00e9s de internet\u201d (2016)&nbsp;<a href=\"http:\/\/horizontal.mx\/el-arte-comun-despues-de-internet-una-entrevista-con-alberto-lopez-cuenca\/\" target=\"_blank\" rel=\"noreferrer noopener\">&gt;&gt;Leer<\/a><\/p>\n\n\n\n<p>Conversaci\u00f3n con Alberto L\u00f3pez Cuenca, \u201cSoft [cover] revolution\u201d (2016)&nbsp;<a href=\"https:\/\/lasituacion2016.wordpress.com\/soft-cover-revolution-alberto-lopez-cuenca\/\" target=\"_blank\" rel=\"noreferrer noopener\">&gt;&gt; Leer<\/a><\/p>\n\n\n\n<p>Investigaci\u00f3n art\u00edstica y Universidad&nbsp;<a href=\"http:\/\/www.arteinvestigacion.net\/\" target=\"_blank\" rel=\"noreferrer noopener\">&gt;&gt; Ir a la web<\/a><\/p>\n\n\n\n<p>Alejandro Sim\u00f3n, \u201cUniversitario\u201d&nbsp;<a href=\"http:\/\/eprints.ucm.es\/35203\/\">&gt;&gt; Leer<\/a><\/p>\n\n\n\n<p>Alejandro Sim\u00f3n, \u201cInvestigaci\u00f3n art\u00edstica y universidad: materiales para un debate\u201d&nbsp;<a href=\"http:\/\/eprints.ucm.es\/27107\/\">&gt;&gt; Leer<\/a><\/p>\n","protected":false},"excerpt":{"rendered":"<p>Materiales de referencia y documentos previos. DEJARSE AFECTAR Suely Rolnik, \u201cLa nueva estrategia de poder del capitalismo\u201d (2016) &nbsp;&gt;&gt; Leer Naomi Klein: \u201cLa doctrina del shock\u201d (documental)&nbsp;&gt;&gt; Ver Doris Salcedo \u2013&nbsp;Sobre Bogot\u00e1: \u2018Las fuerzas que act\u00faan aqu\u00ed son brutales\u2019 \u2013&nbsp;&gt;&gt;Ver Rolf Abderhalden, \u201cEl artista como testigo: testimonio de un artista\u201d&nbsp;&gt;&gt; Leer Monika Anselment, \u201cFern sehen\u201d&nbsp;&gt;&gt; [&hellip;]<\/p>\n","protected":false},"author":285,"featured_media":1111,"parent":0,"menu_order":0,"comment_status":"closed","ping_status":"closed","template":"","meta":{"footnotes":""},"class_list":["post-1144","page","type-page","status-publish","has-post-thumbnail","hentry"],"_links":{"self":[{"href":"https:\/\/blog.uclm.es\/archivoartea\/wp-json\/wp\/v2\/pages\/1144","targetHints":{"allow":["GET"]}}],"collection":[{"href":"https:\/\/blog.uclm.es\/archivoartea\/wp-json\/wp\/v2\/pages"}],"about":[{"href":"https:\/\/blog.uclm.es\/archivoartea\/wp-json\/wp\/v2\/types\/page"}],"author":[{"embeddable":true,"href":"https:\/\/blog.uclm.es\/archivoartea\/wp-json\/wp\/v2\/users\/285"}],"replies":[{"embeddable":true,"href":"https:\/\/blog.uclm.es\/archivoartea\/wp-json\/wp\/v2\/comments?post=1144"}],"version-history":[{"count":1,"href":"https:\/\/blog.uclm.es\/archivoartea\/wp-json\/wp\/v2\/pages\/1144\/revisions"}],"predecessor-version":[{"id":1145,"href":"https:\/\/blog.uclm.es\/archivoartea\/wp-json\/wp\/v2\/pages\/1144\/revisions\/1145"}],"wp:featuredmedia":[{"embeddable":true,"href":"https:\/\/blog.uclm.es\/archivoartea\/wp-json\/wp\/v2\/media\/1111"}],"wp:attachment":[{"href":"https:\/\/blog.uclm.es\/archivoartea\/wp-json\/wp\/v2\/media?parent=1144"}],"curies":[{"name":"wp","href":"https:\/\/api.w.org\/{rel}","templated":true}]}}