{"id":1140,"date":"2016-10-18T13:26:00","date_gmt":"2016-10-18T11:26:00","guid":{"rendered":"https:\/\/blog.uclm.es\/archivoartea\/?page_id=1140"},"modified":"2025-07-15T19:59:38","modified_gmt":"2025-07-15T17:59:38","slug":"la-situacion-2016-programa","status":"publish","type":"page","link":"https:\/\/blog.uclm.es\/archivoartea\/la-situacion-2016-programa\/","title":{"rendered":"La Situaci\u00f3n 2016. Programa"},"content":{"rendered":"\n<h3 class=\"wp-block-heading\">La Situaci\u00f3n 2016. Programa del encuentro.<\/h3>\n\n\n\n<figure class=\"wp-block-image alignright size-full is-resized\"><a href=\"https:\/\/blog.uclm.es\/archivoartea\/wp-content\/uploads\/sites\/323\/2025\/07\/2016.-La-Situacion.-Programa_compressed.pdf\"><img loading=\"lazy\" decoding=\"async\" width=\"257\" height=\"363\" src=\"https:\/\/blog.uclm.es\/archivoartea\/wp-content\/uploads\/sites\/323\/2025\/07\/2016.-La-Sitaucion.-Cartel-Vertical.webp\" alt=\"\" class=\"wp-image-1110\" style=\"width:187px;height:auto\" srcset=\"https:\/\/blog.uclm.es\/archivoartea\/wp-content\/uploads\/sites\/323\/2025\/07\/2016.-La-Sitaucion.-Cartel-Vertical.webp 257w, https:\/\/blog.uclm.es\/archivoartea\/wp-content\/uploads\/sites\/323\/2025\/07\/2016.-La-Sitaucion.-Cartel-Vertical-212x300.webp 212w\" sizes=\"auto, (max-width: 257px) 100vw, 257px\" \/><\/a><\/figure>\n\n\n\n<p>Durante las ma\u00f1anas proponemos debates en torno a los ejes de trabajo y por las tardes proyecciones, acciones y tiempo para visitar las muestras de materiales cedidos por los artistas como documentaci\u00f3n de sus propuestas. Ser\u00e1 en la Facultad de Bellas Artes y en diferentes espacios de la ciudad de Cuenca.<\/p>\n\n\n\n<p>Talleres: Del 6 al 28 de octubre. Lugar: Facultad de Bellas Artes de Cuenca. Imparten: Daniel Miracle, Nicol\u00e1s Paris, Mar\u00eda Ca\u00f1as,<br>Internacional Errorista, Wilfredo Prieto.<\/p>\n\n\n\n<h5 class=\"wp-block-heading\"><strong>ENCUENTRO: 18, 19, 20 Y 21 DE OCTUBRE<\/strong><\/h5>\n\n\n\n<p><strong>Martes&nbsp;18<\/strong><\/p>\n\n\n\n<p>17:00. Luis Deltell y Miguel \u00c1lvarez-Fern\u00e1ndez:&nbsp;<em><a href=\"https:\/\/blog.uclm.es\/archivoartea\/2015\/07\/13\/no-escribire-arte-con-mayuscula\/\">No escribir\u00e9 arte con may\u00fascula<\/a> <\/em>(2015)<em>,&nbsp;<\/em>documental sobre la obra de Isidoro Valc\u00e1rcel Medina (110min). Coloquio con presencia del artista y los realizadores, moderado por Jos\u00e9 Antonio Sarmiento. Lugar: Aula Magna de la Facultad de Bellas Artes.&nbsp;<a href=\"https:\/\/www.youtube.com\/watch?v=xY7rjQQ5yoE\">Ver video<\/a><\/p>\n\n\n\n<p>19.00. Acto de apertura de <a href=\"https:\/\/blog.uclm.es\/archivoartea\/2016\/10\/21\/la-situacion-2016\/\" data-type=\"post\" data-id=\"1127\">La Situaci\u00f3n 2016<\/a>.<\/p>\n\n\n\n<p>Presentaci\u00f3n de la edici\u00f3n facs\u00edmil de La Situaci\u00f3n (Encuentro de Arte Espa\u00f1ol. Cuenca. 1993)<\/p>\n\n\n\n<p>Inauguraci\u00f3n de la&nbsp;Muestra de materiales (permanecer\u00e1 abierta durante los tres d\u00edas del evento)<\/p>\n\n\n\n<p>20:00.&nbsp;Juan Dom\u00ednguez:&nbsp;<em>Entre lo que es ya no est\u00e1 y lo que todav\u00eda no est\u00e1&nbsp;(<\/em>solo esc\u00e9nico).&nbsp;Lugar: Aula 111.<\/p>\n\n\n\n<p><strong>Mi\u00e9rcoles&nbsp;19<\/strong><\/p>\n\n\n\n<p>9:00. Encuentros con estudiantes: presentaciones de propuestas y di\u00e1logos con artistas invitados. Lugar: Punto de Encuentro. Facultad de Bellas Artes.<\/p>\n\n\n\n<p>10:00.&nbsp;<strong>FORO 1. Po\u00e9ticas de la precariedad y la violencia.&nbsp;<\/strong>Lugar: Aula Magna<\/p>\n\n\n\n<p>Intervienen: Internacional Errorista (Loreto Gar\u00edn y Federico Zukerfeld), Daniela Ortiz, Monika Anselment, Rolf Abderhalden, Miguel \u00c1ngel Rego. Modera: Jos\u00e9 A. S\u00e1nchez Ver v\u00eddeo:&nbsp;<a href=\"https:\/\/www.youtube.com\/watch?v=dTKxlXf1IVk\" target=\"_blank\" rel=\"noreferrer noopener\">Parte 1<\/a>&nbsp; <a href=\"https:\/\/www.youtube.com\/watch?v=nRPJpBjR_SE\" target=\"_blank\" rel=\"noreferrer noopener\">Parte 2<\/a><\/p>\n\n\n\n<p>12:00. Mesas de debate<\/p>\n\n\n\n<p>1)&nbsp;<strong>Dejarse afectar<\/strong>. Modera: Sime\u00f3n Saiz. Intervienen: Jos\u00e9 Aja, Federico Guzm\u00e1n. Participan: David Ortiz Juan, Rolf Abderhalden, Daniela Ortiz, Monika Anselment, Marino Herreros. Lugar: Aula 303<br>2)&nbsp;<strong>Ser precario<\/strong>. Modera: Miguel \u00c1ngel Rego y Ruth Sanju\u00e1n. Intervienen: Terrorismo de autor, Anna Katarina Mart\u00edn, Somos nosotros. Participan: Jos\u00e9 Jurado, Internacional Errorista. Lugar: Aula 111<br>3)&nbsp;<strong>Hacer con lo m\u00ednimo<\/strong>. Modera: Cabello\/Carceller. Intervienen: Roberto de la Torre, Javier Casado, Miguel \u00c1ngel Fern\u00e1ndez. Lugar: Aula: 304.<\/p>\n\n\n\n<p>14:15. Pausa<\/p>\n\n\n\n<p><strong>Situaciones&nbsp;<\/strong>(en programaci\u00f3n simult\u00e1nea)<\/p>\n\n\n\n<p>14.00. Jos\u00e9 Antonio Sarmiento:\u00a0<em>Grito\/Radio. Acci\u00f3n Radiof\u00f3nica<\/em>. Lugar: Aula de Arte Sonoro. Un estudio de radio. Alguien entra. Una mesa. Una silla. Un micr\u00f3fono. Una mesa. Dos altavoces. Espectadores. Un emisor. Oyentes. Alguien sale. Dedicado a Tristan Tzara\/Dick Higgins.<\/p>\n\n\n\n<p>15:30.\u00a0Jordi Claramonte:\u00a0<a href=\"https:\/\/archivoartea.uclm.es\/2019\/10\/31\/presentacion-de-estetica-modal-el-nuevo-libro-de-jordi-claramonte\/\">Presentaci\u00f3n del libro\u00a0<em>Est\u00e9tica modal<\/em><\/a>. Facultad de Bellas Artes: Aula 107<\/p>\n\n\n\n<p>16.00. Manuela Zechner:&nbsp;<em>Remembering Europe<\/em>&nbsp;(documental, 59min). Coloquio con presencia de la directora. Lugar: Sal\u00f3n de actos de la UIMP.<\/p>\n\n\n\n<p>16:30<strong>.<\/strong>\u00a0Teresa Mar\u00edn: Presentaci\u00f3n del encuentro [GLOCAL. Codificar, mediar, transformar, vivir]. Facultad de Bellas Artes:\u00a0Aula 107. <em>Presentaci\u00f3n del III\u00a0Congreso Internacional de Investigaci\u00f3n en Artes Visuales.<\/em> Evento organizado por<a href=\"https:\/\/aniav.org\/\">ANIAV<\/a>, que tendr\u00e1 lugar en la\u00a0Facultad de Bellas Artes de Altea (Alicante). Universidad Miguel Hern\u00e1ndez (UMH), los d\u00edas 12 y 13 de mayo de 2017. <strong>+ Info<\/strong>:\u00a0<a href=\"https:\/\/3congresointernacionalaniav.wordpress.com\/\">https:\/\/3congresointernacionalaniav.wordpress.com\/<\/a><\/p>\n\n\n\n<p>17:00.\u00a0Javier Ariza:<em>\u00a0Javier Ariza: Escritos para una destructora<\/em>. Facultad de Bellas Artes: Vest\u00edbulo. Duraci\u00f3n estimada 6 minutos. \u201cEscritos para una destructora\u201d (Acci\u00f3n-Instalaci\u00f3n) es una acci\u00f3n en la que se ofrenda un texto reivindicativo realizado en un papel cont\u00ednuo de 30 metros de longitud a un dispositivo electro-m\u00e9c\u00e1nico\u00a0que lo recepciona para su extinci\u00f3n: una destructora de papel. Una alegor\u00eda del valor de la persistencia y los procesos de regeneraci\u00f3n creativa frente a todo tipo de vicisitudes que pretenden aplacarlos, enmudecerlos o destru\u00edrlos.<\/p>\n\n\n\n<p>18:00. Luis Camnitzer:&nbsp;Curr\u00edculo(conferencia). Modera: Edwin Culp. Lugar: Iglesia de San Miguel.&nbsp;<a href=\"https:\/\/blog.uclm.es\/artea\/wp-content\/uploads\/sites\/250\/2025\/07\/2016.-La-Situacion.-Conferencia-Camnitzer.pdf\">Leer texto<\/a>. Ver v\u00eddeo.&nbsp;<a href=\"https:\/\/www.youtube.com\/watch?v=luy7LlDLE7U\" target=\"_blank\" rel=\"noreferrer noopener\">Primera parte<\/a>&nbsp;<a href=\"https:\/\/www.youtube.com\/watch?v=qehkgIg0Pt8\" target=\"_blank\" rel=\"noreferrer noopener\">Segunda parte<\/a> <a href=\"https:\/\/www.youtube.com\/watch?v=-5MOrfzH3ho\">Tercera parte<\/a><\/p>\n\n\n\n<p>20.00. Dionisio Ca\u00f1as:&nbsp;<em>El Gran Poema de Nadie<\/em>&nbsp;(documental 27 min) seguido de la charla \u201cPoes\u00eda Participativa\u201d. Lugar: Iglesia de San Miguel.<\/p>\n\n\n\n<p><strong>Jueves 20<\/strong><\/p>\n\n\n\n<p>9:00. Encuentros con estudiantes: presentaciones de propuestas y di\u00e1logos con artistas invitados. Lugar: Casa de la Demandadera.<\/p>\n\n\n\n<p>10:00.<strong>FORO 2. Vivir y resistir.<\/strong>&nbsp;Lugar: Iglesia de san Miguel.<\/p>\n\n\n\n<p>Intervienen: Mujeres Creando (Mar\u00eda Galindo y Esther Argollo), Mar\u00eda Ca\u00f1as, Sally Guti\u00e9rrez, Daniel Miracle, Wilfredo Prieto. Modera: Ignacio Oliva. Ver v\u00eddeo:&nbsp;<a href=\"https:\/\/www.youtube.com\/watch?v=NBBQ4xc2-Qw\" target=\"_blank\" rel=\"noreferrer noopener\">Parte 1.<\/a>&nbsp; <a href=\"https:\/\/www.youtube.com\/watch?v=vrfyD6vNuU4\" target=\"_blank\" rel=\"noreferrer noopener\">Parte 2<\/a>.&nbsp;&nbsp;<a href=\"https:\/\/www.youtube.com\/watch?v=Nm2ToXEt7FE\" target=\"_blank\" rel=\"noreferrer noopener\">Parte 3<\/a><\/p>\n\n\n\n<p>11:30. Mesas de debate.<\/p>\n\n\n\n<p>4)&nbsp;<strong>Agitar todo lo agitable<\/strong>. Modera: Ignacio Oliva. Intervienen: Acoustic Mirror, Aida G\u00f3mez. Participan: Daniel Miracle, Mar\u00eda Ca\u00f1as, Mujeres Creando, Gabriel Perezzan, Juan S\u00e1nchez, Mamen L\u00f3pez Villaca\u00f1as, Sylvia Pace\u00f1o. Lugar: Casa de la Demandadera.<br>5)&nbsp;<strong>\u00bfQu\u00e9 hacemos juntos?<\/strong>&nbsp;Modera: Santiago Eraso. Intervienen: Andr\u00e9s Senra, Colectivo Out-ziders, Jordi Claramonte, Rub\u00e9n Mar\u00edn. Participan: Teresa Mar\u00edn Garc\u00eda, Colectivo Lamosa. Lugar: Iglesia de san Miguel.<br>6)&nbsp;<strong>Conspiraciones po\u00e9ticas<\/strong>. Modera: Laura Torrado.&nbsp;Intervienen: Juan Dom\u00ednguez, Mar\u00eda Cerd\u00e1. Participan: Wilfredo Prieto, Sally Guti\u00e9rrez, Dionisio Ca\u00f1as, Isis Saz, Antonio Corrales, Clara L\u00f3pez, Mar Guerrero. Lugar:&nbsp;Fundaci\u00f3n Antonio P\u00e9rez (iglesia).<\/p>\n\n\n\n<p>14:15. Pausa<\/p>\n\n\n\n<p><strong>Situaciones<\/strong>&nbsp;(en programaci\u00f3n simult\u00e1nea)<\/p>\n\n\n\n<p>15:30. Ana Mart\u00ednez-Collado y Jos\u00e9 Luis Panea: Archivo ARES.&nbsp;Lugar: Iglesia de san Miguel.<\/p>\n\n\n\n<p>16:30. Anto Rodr\u00edguez:&nbsp;<em><a href=\"https:\/\/blog.uclm.es\/archivoartea\/2016\/10\/20\/notas-para-una-conferencia-troll\/\">Notas para una conferencia Troll<\/a><\/em> (conferencia performativa)&nbsp;Lugar: Casa de la Demandadera.<\/p>\n\n\n\n<p>17:30. Isis Saz:&nbsp;<em>Nuestras armas nuestras manos<\/em>(acci\u00f3n participativa). Lugar: Teter\u00eda Antik. De 17:30 a 20:30.&nbsp;<a href=\"https:\/\/www.youtube.com\/watch?v=omhL452g9Ok\">Ver v\u00eddeo<\/a><\/p>\n\n\n\n<p>18.00. Mujeres Creando:&nbsp;<em>No hay lucha sin palabra<\/em>(acci\u00f3n participativa). Lugar: Calle Tintes, 41.&nbsp;<a href=\"https:\/\/www.youtube.com\/watch?v=9V75KjmDWMo\" target=\"_blank\" rel=\"noreferrer noopener\">Ver v\u00eddeo<\/a><\/p>\n\n\n\n<p>19.00. Roberto de la Torre:&nbsp;<em><a href=\"https:\/\/blog.uclm.es\/archivoartea\/2016\/10\/20\/bolsillos-vacios\/\">Bolsillos vac\u00edos<\/a><\/em>&nbsp;(acci\u00f3n colectiva). Lugar: Plaza de Espa\u00f1a.&nbsp;<a href=\"https:\/\/youtu.be\/rmWhSYtEIhs\" target=\"_blank\" rel=\"noreferrer noopener\">Ver v\u00eddeo<\/a><\/p>\n\n\n\n<p>Otras propuestas y convocatorias de participantes: tabl\u00f3n de anuncios.<\/p>\n\n\n\n<p>20:30. Concierto-performance-instalaci\u00f3n:\u00a0<em>S<a href=\"https:\/\/blog.uclm.es\/archivoartea\/situacion-borrosa-la-mirada-resonante\/\">ituaci\u00f3n Borrosa. La Mirada Resonante<\/a>.<\/em> Organiza: Fuzzy Gab.4. Participan: Orquesta ACuOSO, Panspermia Sonora, If\u2026Then. Lugar: Teatro Auditorio de Cuenca (Sala 2).<\/p>\n\n\n\n<p><strong>Viernes 21<\/strong><\/p>\n\n\n\n<p>10:00.<strong>&nbsp;FORO 3. Rehacer desde lo com\u00fan.<\/strong>Lugar: Iglesia de san Miguel.<\/p>\n\n\n\n<p>Intervienen: Mar\u00eda Ruido, Nicol\u00e1s Paris, Rogelio L\u00f3pez Cuenca, Aurora Fern\u00e1ndez. Modera: Vicente Jarque. Ver video:&nbsp;<a href=\"https:\/\/www.youtube.com\/watch?v=gw0yuvuvgQk\" target=\"_blank\" rel=\"noreferrer noopener\">Parte 1.<\/a>&nbsp;<a href=\"https:\/\/www.youtube.com\/watch?v=gw0yuvuvgQk\" target=\"_blank\" rel=\"noreferrer noopener\">Parte 2<\/a><\/p>\n\n\n\n<p>11:15. Mesas de debate.<\/p>\n\n\n\n<p>7)&nbsp;<strong><em>\u00bfQui\u00e9n ense\u00f1a a qui\u00e9n?&nbsp;<\/em><\/strong>Modera: Jordi Ferreiro. Intervienen: Ni arte ni educaci\u00f3n, Anja Isabel Schneider. Participan: Nicol\u00e1s Paris, Sylvia Molina. Lugar: Fundaci\u00f3n Antonio P\u00e9rez (iglesia).<br>8)&nbsp;<strong>Ficciones comunes<\/strong>. Modera: Selina Blasco. Intervienen: La Comuna (Rub\u00e9n Ortiz), Mariano Orte, Vicente Arlandis. Participan: Glenda Le\u00f3n, Mar\u00eda Ruido, Rogelio L\u00f3pez Cuenca y Maite Aldaz. Lugar: Iglesia de san Miguel.<br>9)&nbsp;<strong>Los saberes del arte<\/strong>. Modera: Aurora Fern\u00e1ndez Polanco. Intervienen: Alberto L\u00f3pez Cuenca, Andr\u00e9 Carreira, Alejandro Sim\u00f3n. Participan: Anto Rodr\u00edguez.&nbsp;&nbsp;Lugar: Casa de la Demandadera.<\/p>\n\n\n\n<p>14:15. Pausa<\/p>\n\n\n\n<p>16:30.&nbsp;<strong>Plenario de clausura<\/strong>. Lugar:&nbsp;Teatro Auditorio de Cuenca (sala 2)<\/p>\n\n\n\n<p>Intervienen: un delegado de cada mesa de debate.&nbsp;Moderan: Alberto L\u00f3pez Cuenca y Jos\u00e9 A. S\u00e1nchez<\/p>\n\n\n\n<p>20:00. Internacional&nbsp;Errorista:&nbsp;<em><a href=\"https:\/\/blog.uclm.es\/archivoartea\/2016\/10\/20\/no-se-puede\/\">NO Se puede<\/a><\/em>&nbsp;(acci\u00f3n errorista + intervenci\u00f3n gr\u00e1fica)<em>.<\/em><\/p>\n\n\n\n<p><a href=\"https:\/\/blog.uclm.es\/archivoartea\/muestra-de-materiales\/\" data-type=\"page\" data-id=\"1148\">Muestra de materiales<\/a><\/p>\n\n\n\n<p>Presentaci\u00f3n de documentos, obras y proyectos.&nbsp;Lugares: Facultad de Bellas Artes, Biblioteca de Campus, UIMP, UNED, Musa Tatoo, El Almud\u00ed, Museo de la Ciencia, Sala Acua, Iglesia de san Miguel y Casa de la Demandadera.<\/p>\n\n\n\n<div data-wp-interactive=\"core\/file\" class=\"wp-block-file\"><object data-wp-bind--hidden=\"!state.hasPdfPreview\" hidden class=\"wp-block-file__embed\" data=\"https:\/\/blog.uclm.es\/archivoartea\/wp-content\/uploads\/sites\/323\/2025\/07\/2016.-La-Situacion.-Programa_compressed.pdf\" type=\"application\/pdf\" style=\"width:100%;height:600px\" aria-label=\"Incrustado de 2016. La Situaci\u00f3n. Programa_compressed.\"><\/object><a id=\"wp-block-file--media-386c720c-a4cc-4516-b03a-112de2a6c331\" href=\"https:\/\/blog.uclm.es\/archivoartea\/wp-content\/uploads\/sites\/323\/2025\/07\/2016.-La-Situacion.-Programa_compressed.pdf\">2016. La Situaci\u00f3n. Programa_compressed<\/a><a href=\"https:\/\/blog.uclm.es\/archivoartea\/wp-content\/uploads\/sites\/323\/2025\/07\/2016.-La-Situacion.-Programa_compressed.pdf\" class=\"wp-block-file__button wp-element-button\" download aria-describedby=\"wp-block-file--media-386c720c-a4cc-4516-b03a-112de2a6c331\">Descarga<\/a><\/div>\n\n\n\n<p><\/p>\n","protected":false},"excerpt":{"rendered":"<p>La Situaci\u00f3n 2016. Programa del encuentro. Durante las ma\u00f1anas proponemos debates en torno a los ejes de trabajo y por las tardes proyecciones, acciones y tiempo para visitar las muestras de materiales cedidos por los artistas como documentaci\u00f3n de sus propuestas. Ser\u00e1 en la Facultad de Bellas Artes y en diferentes espacios de la ciudad [&hellip;]<\/p>\n","protected":false},"author":285,"featured_media":1423,"parent":0,"menu_order":0,"comment_status":"closed","ping_status":"closed","template":"","meta":{"footnotes":""},"class_list":["post-1140","page","type-page","status-publish","has-post-thumbnail","hentry"],"_links":{"self":[{"href":"https:\/\/blog.uclm.es\/archivoartea\/wp-json\/wp\/v2\/pages\/1140","targetHints":{"allow":["GET"]}}],"collection":[{"href":"https:\/\/blog.uclm.es\/archivoartea\/wp-json\/wp\/v2\/pages"}],"about":[{"href":"https:\/\/blog.uclm.es\/archivoartea\/wp-json\/wp\/v2\/types\/page"}],"author":[{"embeddable":true,"href":"https:\/\/blog.uclm.es\/archivoartea\/wp-json\/wp\/v2\/users\/285"}],"replies":[{"embeddable":true,"href":"https:\/\/blog.uclm.es\/archivoartea\/wp-json\/wp\/v2\/comments?post=1140"}],"version-history":[{"count":13,"href":"https:\/\/blog.uclm.es\/archivoartea\/wp-json\/wp\/v2\/pages\/1140\/revisions"}],"predecessor-version":[{"id":1410,"href":"https:\/\/blog.uclm.es\/archivoartea\/wp-json\/wp\/v2\/pages\/1140\/revisions\/1410"}],"wp:featuredmedia":[{"embeddable":true,"href":"https:\/\/blog.uclm.es\/archivoartea\/wp-json\/wp\/v2\/media\/1423"}],"wp:attachment":[{"href":"https:\/\/blog.uclm.es\/archivoartea\/wp-json\/wp\/v2\/media?parent=1140"}],"curies":[{"name":"wp","href":"https:\/\/api.w.org\/{rel}","templated":true}]}}