{"id":1128,"date":"2016-10-21T13:02:00","date_gmt":"2016-10-21T11:02:00","guid":{"rendered":"https:\/\/blog.uclm.es\/archivoartea\/?page_id=1128"},"modified":"2025-07-13T22:45:45","modified_gmt":"2025-07-13T20:45:45","slug":"la-situacion-2016-en","status":"publish","type":"page","link":"https:\/\/blog.uclm.es\/archivoartea\/la-situacion-2016-en\/","title":{"rendered":"La Situaci\u00f3n 2016 (en)"},"content":{"rendered":"\n<h3 class=\"wp-block-heading\">La Situaci\u00f3n 2016. Art to-come. <\/h3>\n\n\n\n<h4 class=\"wp-block-heading\">International Meeting. Cuenca. 18-21. October 2016.<\/h4>\n\n\n\n<figure class=\"wp-block-image aligncenter size-full\"><img loading=\"lazy\" decoding=\"async\" width=\"460\" height=\"235\" src=\"https:\/\/blog.uclm.es\/archivoartea\/wp-content\/uploads\/sites\/323\/2025\/07\/La-Situacion-2016-cartel-horizonta.jpeg\" alt=\"\" class=\"wp-image-1129\" srcset=\"https:\/\/blog.uclm.es\/archivoartea\/wp-content\/uploads\/sites\/323\/2025\/07\/La-Situacion-2016-cartel-horizonta.jpeg 460w, https:\/\/blog.uclm.es\/archivoartea\/wp-content\/uploads\/sites\/323\/2025\/07\/La-Situacion-2016-cartel-horizonta-300x153.jpeg 300w\" sizes=\"auto, (max-width: 460px) 100vw, 460px\" \/><\/figure>\n\n\n\n<p>The objective was to discuss the situation of artistic practice in Iberoamerica. It borrows its name from a previous meeting that also took place in Cuenca in April 1993, in the context of a crisis that affected economy, society and culture in the first nineties. &nbsp; &gt;&gt;&gt; Read more<\/p>\n\n\n\n<p>Among the participants:&nbsp;&nbsp;Isidoro Valc\u00e1rcel Medina, Luis Camnitzer, Mar\u00eda Ruido, Rogelio L\u00f3pez Cuenca, Mar\u00eda Ca\u00f1as, Wilfredo Prieto, Mujeres Creando, Dionisio Ca\u00f1as, Nicol\u00e1s Paris, la Internacional Errorista, Daniela Ortiz, Rolf Abderhalden, Juan Dom\u00ednguez, Federico Guzm\u00e1n, Sally Guti\u00e9rrez, Glenda Le\u00f3n, Roberto de la Torre, Manuela Zechner, Terrorismo de Autor, Daniel Miracle, Somos Nosotros, Colectivo Out-ziders, Ni arte ni educaci\u00f3n, Miguel \u00c1ngel Rego, A\u00efda G\u00f3mez, Jordi Ferreiro, Anja Schneider, Rub\u00e9n Mar\u00edn, Andr\u00e9s Senra, Anna Katarina Mart\u00edn,&nbsp;Mariano Orte&nbsp;<a href=\"https:\/\/lasituacion2016.wordpress.com\/participantes\/\" target=\"_blank\" rel=\"noreferrer noopener\">and others<\/a>.<\/p>\n\n\n\n<p>What we normally understand by art practice is a kind of production and experience that remains, to a great extent, dependant on the notion of \u201csocial welfare\u201d. In the era of maximum relevance of the myth of the \u201cwelfare state\u201d, artists went as far as thinking about extending art practice to all citizens. But, how do artists position themselves after the collapse of that myth?<\/p>\n\n\n\n<p>What happens when \u201cwelfare\u201d is not only not a reality, but isn\u2019t even on the horizon? And what to do about those that are excluded?<\/p>\n\n\n\n<p>The \u201cwelfare state\u201d, a locus for the realisation of \u201chuman rights\u201d, has been replaced by the \u201cprecarious state\u201d, where those rights are no longer fundamental. Segregation and war are no longer negative values: they are part of the project of a hierarchical society, complicit with neoliberal capitalism. The internal precariousness of developed or developing societies has a matching narrative in the accepting of misery and terror in less-developed societies. And, in between, migrations are no longer voyages in search of growth and welfare, but dramatic and repressed exoduses. The \u201cstate of exception\u201d has become a fact of everyday life, and a norm. (&gt;&gt; Historical context)<\/p>\n\n\n\n<p>Art practices exhibit the consequences of these violent adjustments, and they respond to them seismographically, but they can also intervene in this space of tension, producing places for experimenting with dissidence.<\/p>\n\n\n\n<p>On the one hand, the gradual conversion of culture into an object of consumption after World War II is evident. In an increasingly spectacular manner, in the context of the contemporary \u201ccity brands\u201d, art is presented as a tourist attraction, as an ostentatious collector\u2019s item for the elites, and as inane entertainment for everyday life. In any case, art appears, in this context, as a practice bereft of conflict.<\/p>\n\n\n\n<p>At the same time, a full repertoire of strategies of resistance and intervention has been developed throughout the Twentieth Century: from Dad\u00e1 and the diverse productivist movements, including Situationist, feminist, and post-colonial practices, all the way to Latin-American conceptualisms, institutional critique, and the activisms of the last few decades. In resonance with these strategies of resistance and intervention, critical practices, both individual and collective, set in the scenario of different manifestations of social conflicts, continue to be developed.<\/p>\n\n\n\n<p>Finally, taking into account the spectacular and mercantile displacement of social values, emphasised by the imposition of the neoliberal model, art practice itself appears as a practice of resistance. The \u201cuselessness\u201d of art, or, rather, of poetic activity, is, in itself, a counter-hegemonic value that artists can reclaim. Not only to defend a position of resistance, but also as a potential for imagining new horizons and the institutions of new fictions that can allow the development of commons-based practices.<\/p>\n\n\n\n<p>What we propose is to manifest, share, and debate art practices that dispute this normalised \u201cstate of exception\u201d. On the one hand, we want to inquire into how its social context has been re-framed, what strategies of resistance and survival have been developed, and what alternative horizons can be deployed from there. Also, obviously, to highlight how art practices have been directly involved with social movements that have attempted to resist and to elaborate escape routes from the violent impositions of the \u201cstate of exception\u201d.<\/p>\n\n\n\n<p><a href=\"https:\/\/lasituacion2016.wordpress.com\">Go to the website (Spanish)<\/a><\/p>\n","protected":false},"excerpt":{"rendered":"<p>La Situaci\u00f3n 2016. Art to-come. International Meeting. Cuenca. 18-21. October 2016. The objective was to discuss the situation of artistic practice in Iberoamerica. It borrows its name from a previous meeting that also took place in Cuenca in April 1993, in the context of a crisis that affected economy, society and culture in the first [&hellip;]<\/p>\n","protected":false},"author":285,"featured_media":0,"parent":0,"menu_order":0,"comment_status":"closed","ping_status":"closed","template":"","meta":{"footnotes":""},"class_list":["post-1128","page","type-page","status-publish","hentry"],"_links":{"self":[{"href":"https:\/\/blog.uclm.es\/archivoartea\/wp-json\/wp\/v2\/pages\/1128","targetHints":{"allow":["GET"]}}],"collection":[{"href":"https:\/\/blog.uclm.es\/archivoartea\/wp-json\/wp\/v2\/pages"}],"about":[{"href":"https:\/\/blog.uclm.es\/archivoartea\/wp-json\/wp\/v2\/types\/page"}],"author":[{"embeddable":true,"href":"https:\/\/blog.uclm.es\/archivoartea\/wp-json\/wp\/v2\/users\/285"}],"replies":[{"embeddable":true,"href":"https:\/\/blog.uclm.es\/archivoartea\/wp-json\/wp\/v2\/comments?post=1128"}],"version-history":[{"count":3,"href":"https:\/\/blog.uclm.es\/archivoartea\/wp-json\/wp\/v2\/pages\/1128\/revisions"}],"predecessor-version":[{"id":1283,"href":"https:\/\/blog.uclm.es\/archivoartea\/wp-json\/wp\/v2\/pages\/1128\/revisions\/1283"}],"wp:attachment":[{"href":"https:\/\/blog.uclm.es\/archivoartea\/wp-json\/wp\/v2\/media?parent=1128"}],"curies":[{"name":"wp","href":"https:\/\/api.w.org\/{rel}","templated":true}]}}