{"id":1045,"date":"2021-02-08T18:06:30","date_gmt":"2021-02-08T17:06:30","guid":{"rendered":"http:\/\/blog.uclm.es\/apnano\/?page_id=1045"},"modified":"2022-10-24T10:07:30","modified_gmt":"2022-10-24T10:07:30","slug":"raul-lopez-martin","status":"publish","type":"page","link":"https:\/\/blog.uclm.es\/apnano\/people\/raul-lopez-martin\/","title":{"rendered":"Ra\u00fal L\u00f3pez Mart\u00edn"},"content":{"rendered":"<div class=\"wp-block-image\">\n<figure class=\"aligncenter size-full\"><img loading=\"lazy\" decoding=\"async\" width=\"315\" height=\"361\" src=\"https:\/\/blog.uclm.es\/apnano\/wp-content\/uploads\/sites\/37\/2021\/02\/Raul_foto.jpg\" alt=\"\" class=\"wp-image-1035\" srcset=\"https:\/\/blog.uclm.es\/apnano\/wp-content\/uploads\/sites\/37\/2021\/02\/Raul_foto.jpg 315w, https:\/\/blog.uclm.es\/apnano\/wp-content\/uploads\/sites\/37\/2021\/02\/Raul_foto-262x300.jpg 262w\" sizes=\"auto, (max-width: 315px) 100vw, 315px\" \/><\/figure>\n<\/div>\n\n\n<p>I studied Physics and Materials engineering at the University of Seville and graduated in 2019. At the same university, I got a Msc in Science and Technology of new Materials in 2020. Under the supervision of Prof. Javier S. Bl\u00e1zquez G\u00e1mez, I wrote both my degree and my masters final projects on the study of magnetostructural transitions and their kinetics, mainly on Heusler alloys. During the time I was conducting my Msc final project, I contribute to a scientific paper on how a distribution of transition temperatures in magnetic transformations can affect experimental data. I also could improve my knowledge on calorimetry (DSC), magnetometry (VSM) and theories of phase transformations.<\/p>\n\n\n\n<p>Since December 2020, I am a predoctoral researcher at Instituto Regional de Investigaci\u00f3n Cient\u00edfica Aplicada (IRICA) in Ciudad Real. There, I will conduct my PhD studies in gas-phase synthesis of magnetic nanoparticles under the supervision of Prof. Christopher Binns as part of the fellowship granted by Universidad de Castilla-La Mancha.<\/p>\n","protected":false},"excerpt":{"rendered":"<p>I studied Physics and Materials engineering at the University of Seville and graduated in 2019. At the same university, I got a Msc in Science and Technology of new Materials in 2020. Under the supervision of Prof. Javier S. Bl\u00e1zquez G\u00e1mez, I wrote both my degree and my masters final projects on the study of &hellip; <a href=\"https:\/\/blog.uclm.es\/apnano\/people\/raul-lopez-martin\/\" class=\"more-link\">Seguir leyendo <span class=\"screen-reader-text\">Ra\u00fal L\u00f3pez Mart\u00edn<\/span> <span class=\"meta-nav\">&rarr;<\/span><\/a><\/p>\n","protected":false},"author":186,"featured_media":0,"parent":10,"menu_order":0,"comment_status":"closed","ping_status":"closed","template":"","meta":{"footnotes":""},"class_list":["post-1045","page","type-page","status-publish","hentry"],"_links":{"self":[{"href":"https:\/\/blog.uclm.es\/apnano\/wp-json\/wp\/v2\/pages\/1045","targetHints":{"allow":["GET"]}}],"collection":[{"href":"https:\/\/blog.uclm.es\/apnano\/wp-json\/wp\/v2\/pages"}],"about":[{"href":"https:\/\/blog.uclm.es\/apnano\/wp-json\/wp\/v2\/types\/page"}],"author":[{"embeddable":true,"href":"https:\/\/blog.uclm.es\/apnano\/wp-json\/wp\/v2\/users\/186"}],"replies":[{"embeddable":true,"href":"https:\/\/blog.uclm.es\/apnano\/wp-json\/wp\/v2\/comments?post=1045"}],"version-history":[{"count":2,"href":"https:\/\/blog.uclm.es\/apnano\/wp-json\/wp\/v2\/pages\/1045\/revisions"}],"predecessor-version":[{"id":1355,"href":"https:\/\/blog.uclm.es\/apnano\/wp-json\/wp\/v2\/pages\/1045\/revisions\/1355"}],"up":[{"embeddable":true,"href":"https:\/\/blog.uclm.es\/apnano\/wp-json\/wp\/v2\/pages\/10"}],"wp:attachment":[{"href":"https:\/\/blog.uclm.es\/apnano\/wp-json\/wp\/v2\/media?parent=1045"}],"curies":[{"name":"wp","href":"https:\/\/api.w.org\/{rel}","templated":true}]}}