{"id":1013,"date":"2021-02-08T02:37:25","date_gmt":"2021-02-08T01:37:25","guid":{"rendered":"http:\/\/blog.uclm.es\/apnano\/?page_id=1013"},"modified":"2022-10-24T10:06:59","modified_gmt":"2022-10-24T10:06:59","slug":"rafael-delgado-garcia","status":"publish","type":"page","link":"https:\/\/blog.uclm.es\/apnano\/people\/rafael-delgado-garcia\/","title":{"rendered":"Rafael Delgado Garc\u00eda"},"content":{"rendered":"<div class=\"wp-block-image\">\n<figure class=\"aligncenter size-medium\"><img loading=\"lazy\" decoding=\"async\" width=\"187\" height=\"300\" src=\"https:\/\/blog.uclm.es\/apnano\/wp-content\/uploads\/sites\/37\/2021\/02\/Rafael-Delgado_foto-187x300.png\" alt=\"\" class=\"wp-image-1018\" srcset=\"https:\/\/blog.uclm.es\/apnano\/wp-content\/uploads\/sites\/37\/2021\/02\/Rafael-Delgado_foto-187x300.png 187w, https:\/\/blog.uclm.es\/apnano\/wp-content\/uploads\/sites\/37\/2021\/02\/Rafael-Delgado_foto-639x1024.png 639w, https:\/\/blog.uclm.es\/apnano\/wp-content\/uploads\/sites\/37\/2021\/02\/Rafael-Delgado_foto.png 720w\" sizes=\"auto, (max-width: 187px) 100vw, 187px\" \/><\/figure>\n<\/div>\n\n\n<p><\/p>\n\n\n\n<p>I was graduated in Chemical Engineering in 2019 from the Universidad Polit\u00e9cnica de Madrid, performing&nbsp;a final degree project&nbsp;in synthesis and characterization of metal-organic frameworks (MOFs) under the supervision of Doctor Manuel Sanchez Sanchez from Instituto de Cat\u00e1lisis y Petroleoqu\u00edmica (ICP-CSIC), for which I received a JAE-INTRO grant by the CSIC. Later, in summer of 2019, I did a stay funded by the SECAT in the ICP-CSIC under the guidance of Professor Joaqu\u00edn P\u00e9rez Pariente, studying antique procedures of gold nanoparticle fabrication and their catalytic properties in oxidation processes of organic compounds. During my stay in the ICP-CSIC, from September of 2018 to August of 2019, I learned different characterization techniques such as polycrystalline XRD, NMR, TGA, UVvis and IR spectroscopies, DLS, gas and liquid chromatography, SEM microscopy, FAB mass spectrometry and nitrogen adsorption isotherms, among others.&nbsp;<\/p>\n\n\n\n<p>In 2020 I obtained a Master in Nanoscience and Nanotechnology from the UCLM, carrrying out a Master Thesis in micromagnetic simulations of dillute dispersions and dense structures of magnetic nanoparticles under the guidance of doctors Jos\u00e9 Miguel Colino and Gabriel Rodr\u00edguez Rodr\u00edguez.&nbsp;My Masters degree lead to the publication of 1 JCR paper in AIP Advances and 9 congress communications for EsMolNa, CMDGEFES, MMM, CEMAG YRinM and IMDEA ESRW conferences, with further papers on under preparation. I also received the UCLM-Santander grant for science research during that period.&nbsp;<\/p>\n\n\n\n<p>Actually, I\u2019m doing my Thesis at the Instituto de Nanociencia, Nanotecnolog\u00eda y Materiales Moleculares INAMOL-UCLM with the ApNano group since October of 2020 under the supervision of doctors Jos\u00e9 Miguel Colino and Gabriel Rodriguez. With them I plan to study nanostructured magnetic and superconductor materials with cryogenic microscope techniques (AFM, MFM, SHPM), and other techniques such as SQUID, MOKE and transport measurements. The upcoming results will be likely reproduced with micromagnetic simulations and superconducting transport calculations as the derived from Ginzburg-Landau theory.&nbsp;<\/p>\n","protected":false},"excerpt":{"rendered":"<p>I was graduated in Chemical Engineering in 2019 from the Universidad Polit\u00e9cnica de Madrid, performing&nbsp;a final degree project&nbsp;in synthesis and characterization of metal-organic frameworks (MOFs) under the supervision of Doctor Manuel Sanchez Sanchez from Instituto de Cat\u00e1lisis y Petroleoqu\u00edmica (ICP-CSIC), for which I received a JAE-INTRO grant by the CSIC. Later, in summer of 2019, &hellip; <a href=\"https:\/\/blog.uclm.es\/apnano\/people\/rafael-delgado-garcia\/\" class=\"more-link\">Seguir leyendo <span class=\"screen-reader-text\">Rafael Delgado Garc\u00eda<\/span> <span class=\"meta-nav\">&rarr;<\/span><\/a><\/p>\n","protected":false},"author":191,"featured_media":0,"parent":10,"menu_order":0,"comment_status":"closed","ping_status":"closed","template":"","meta":{"footnotes":""},"class_list":["post-1013","page","type-page","status-publish","hentry"],"_links":{"self":[{"href":"https:\/\/blog.uclm.es\/apnano\/wp-json\/wp\/v2\/pages\/1013","targetHints":{"allow":["GET"]}}],"collection":[{"href":"https:\/\/blog.uclm.es\/apnano\/wp-json\/wp\/v2\/pages"}],"about":[{"href":"https:\/\/blog.uclm.es\/apnano\/wp-json\/wp\/v2\/types\/page"}],"author":[{"embeddable":true,"href":"https:\/\/blog.uclm.es\/apnano\/wp-json\/wp\/v2\/users\/191"}],"replies":[{"embeddable":true,"href":"https:\/\/blog.uclm.es\/apnano\/wp-json\/wp\/v2\/comments?post=1013"}],"version-history":[{"count":2,"href":"https:\/\/blog.uclm.es\/apnano\/wp-json\/wp\/v2\/pages\/1013\/revisions"}],"predecessor-version":[{"id":1354,"href":"https:\/\/blog.uclm.es\/apnano\/wp-json\/wp\/v2\/pages\/1013\/revisions\/1354"}],"up":[{"embeddable":true,"href":"https:\/\/blog.uclm.es\/apnano\/wp-json\/wp\/v2\/pages\/10"}],"wp:attachment":[{"href":"https:\/\/blog.uclm.es\/apnano\/wp-json\/wp\/v2\/media?parent=1013"}],"curies":[{"name":"wp","href":"https:\/\/api.w.org\/{rel}","templated":true}]}}