{"id":10,"date":"2016-02-25T12:46:11","date_gmt":"2016-02-25T11:46:11","guid":{"rendered":"http:\/\/blog.uclm.es\/apnano\/?page_id=10"},"modified":"2025-02-11T09:31:59","modified_gmt":"2025-02-11T09:31:59","slug":"people","status":"publish","type":"page","link":"https:\/\/blog.uclm.es\/apnano\/people\/","title":{"rendered":"People"},"content":{"rendered":"\n<p class=\"has-text-align-left\">&nbsp;<\/p>\n\n\n\n<figure class=\"wp-block-image size-large\"><img loading=\"lazy\" decoding=\"async\" width=\"2560\" height=\"1707\" src=\"https:\/\/blog.uclm.es\/apnano\/wp-content\/uploads\/sites\/37\/2025\/02\/Portada_apnano-edited-3-scaled.jpg\" alt=\"\" class=\"wp-image-1493\" srcset=\"https:\/\/blog.uclm.es\/apnano\/wp-content\/uploads\/sites\/37\/2025\/02\/Portada_apnano-edited-3-scaled.jpg 2560w, https:\/\/blog.uclm.es\/apnano\/wp-content\/uploads\/sites\/37\/2025\/02\/Portada_apnano-edited-3-300x200.jpg 300w, https:\/\/blog.uclm.es\/apnano\/wp-content\/uploads\/sites\/37\/2025\/02\/Portada_apnano-edited-3-1024x683.jpg 1024w, https:\/\/blog.uclm.es\/apnano\/wp-content\/uploads\/sites\/37\/2025\/02\/Portada_apnano-edited-3-768x512.jpg 768w, https:\/\/blog.uclm.es\/apnano\/wp-content\/uploads\/sites\/37\/2025\/02\/Portada_apnano-edited-3-1536x1024.jpg 1536w, https:\/\/blog.uclm.es\/apnano\/wp-content\/uploads\/sites\/37\/2025\/02\/Portada_apnano-edited-3-2048x1365.jpg 2048w\" sizes=\"auto, (max-width: 2560px) 100vw, 2560px\" \/><\/figure>\n\n\n\n<p class=\"has-text-align-left\"><a href=\"http:\/\/blog.uclm.es\/apnano\/people\/jose-angel-de-toro-sanchez\/\">Jos\u00e9 \u00c1ngel De Toro S\u00e1nchez<\/a>&nbsp;(Catedr\u00e1tico de universidad)<\/p>\n\n\n\n<p class=\"has-text-align-left\">&nbsp;<\/p>\n\n\n\n<p class=\"has-text-align-left\"><a href=\"http:\/\/blog.uclm.es\/apnano\/people\/peter-normile\/\"> Peter S. Normile <span style=\"color: #000000\">(Titular de universidad)<\/span><\/a><\/p>\n\n\n\n<p class=\"has-text-align-left\">&nbsp;<\/p>\n\n\n\n<p class=\"has-text-align-left\"><span style=\"color: #000000\"><a href=\"http:\/\/blog.uclm.es\/apnano\/people\/chris-binns\/\">Christopher Binns<\/a><\/span>&nbsp;(Colaborador Honor\u00edfico)<\/p>\n\n\n\n<p class=\"has-text-align-left\">&nbsp;<\/p>\n\n\n\n<p class=\"has-text-align-left\"><a href=\"http:\/\/blog.uclm.es\/apnano\/people\/raul-lopez-martin\/\">Ra\u00fal L\u00f3pez Mart\u00edn<span style=\"color: #000000\"> (Becario predoctoral)<\/span><\/a><\/p>\n\n\n\n<p class=\"has-text-align-left\">&nbsp;<\/p>\n\n\n\n<p class=\"has-text-align-left\"><a href=\"https:\/\/blog.uclm.es\/apnano\/people\/benito-santos\/\">Benito Santos Burgos<span style=\"color: #000000\"> (Contratado Doctor)<\/span><\/a><\/p>\n\n\n\n<p class=\"has-text-align-left\">&nbsp;<\/p>\n\n\n\n<p><a href=\"https:\/\/blog.uclm.es\/apnano\/panagiotis-grammatikopoulos\/\" data-type=\"link\" data-id=\"https:\/\/blog.uclm.es\/apnano\/panagiotis-grammatikopoulos\/\">Panos Grammatikopoulos<\/a> (Contratado Beatriz Galindo Senior)<\/p>\n\n\n\n<div style=\"height:41px\" aria-hidden=\"true\" class=\"wp-block-spacer\"><\/div>\n\n\n\n<p><a href=\"https:\/\/blog.uclm.es\/apnano\/people\/moises-g-zarzoza\/\">Mois\u00e9s G. Zarzoza<span style=\"color: #000000\"> (Becario Predoctoral)<\/span><\/a><\/p>\n\n\n\n<div style=\"height:50px\" aria-hidden=\"true\" class=\"wp-block-spacer\"><\/div>\n\n\n\n<p><\/p>\n\n\n\n<p><\/p>\n","protected":false},"excerpt":{"rendered":"<p>&nbsp; Jos\u00e9 \u00c1ngel De Toro S\u00e1nchez&nbsp;(Catedr\u00e1tico de universidad) &nbsp; Peter S. Normile (Titular de universidad) &nbsp; Christopher Binns&nbsp;(Colaborador Honor\u00edfico) &nbsp; Ra\u00fal L\u00f3pez Mart\u00edn (Becario predoctoral) &nbsp; Benito Santos Burgos (Contratado Doctor) &nbsp; Panos Grammatikopoulos (Contratado Beatriz Galindo Senior) Mois\u00e9s G. Zarzoza (Becario Predoctoral)<\/p>\n","protected":false},"author":187,"featured_media":0,"parent":0,"menu_order":0,"comment_status":"closed","ping_status":"closed","template":"","meta":{"footnotes":""},"class_list":["post-10","page","type-page","status-publish","hentry"],"_links":{"self":[{"href":"https:\/\/blog.uclm.es\/apnano\/wp-json\/wp\/v2\/pages\/10","targetHints":{"allow":["GET"]}}],"collection":[{"href":"https:\/\/blog.uclm.es\/apnano\/wp-json\/wp\/v2\/pages"}],"about":[{"href":"https:\/\/blog.uclm.es\/apnano\/wp-json\/wp\/v2\/types\/page"}],"author":[{"embeddable":true,"href":"https:\/\/blog.uclm.es\/apnano\/wp-json\/wp\/v2\/users\/187"}],"replies":[{"embeddable":true,"href":"https:\/\/blog.uclm.es\/apnano\/wp-json\/wp\/v2\/comments?post=10"}],"version-history":[{"count":27,"href":"https:\/\/blog.uclm.es\/apnano\/wp-json\/wp\/v2\/pages\/10\/revisions"}],"predecessor-version":[{"id":1494,"href":"https:\/\/blog.uclm.es\/apnano\/wp-json\/wp\/v2\/pages\/10\/revisions\/1494"}],"wp:attachment":[{"href":"https:\/\/blog.uclm.es\/apnano\/wp-json\/wp\/v2\/media?parent=10"}],"curies":[{"name":"wp","href":"https:\/\/api.w.org\/{rel}","templated":true}]}}