{"id":58,"date":"2015-11-13T19:09:05","date_gmt":"2015-11-13T18:09:05","guid":{"rendered":"http:\/\/blog.uclm.es\/apingloclm\/?page_id=58"},"modified":"2015-11-13T19:09:05","modified_gmt":"2015-11-13T18:09:05","slug":"david-poveda","status":"publish","type":"page","link":"https:\/\/blog.uclm.es\/apingloclm\/david-poveda\/","title":{"rendered":"David Poveda"},"content":{"rendered":"<p><a href=\"https:\/\/blog.uclm.es\/apingloclm\/wp-content\/uploads\/sites\/36\/2015\/11\/david_nuevafotoperfil.jpg\"><img loading=\"lazy\" decoding=\"async\" src=\"https:\/\/blog.uclm.es\/apingloclm\/wp-content\/uploads\/sites\/36\/2015\/11\/david_nuevafotoperfil.jpg\" alt=\"david_nuevafotoperfil\" width=\"275\" height=\"183\" class=\"aligncenter size-full wp-image-185\" \/><\/a> Soy profesor titular en la Facultad de Psicolog\u00eda de la Universidad Aut\u00f3noma de Madrid. Tengo formaci\u00f3n en Psicolog\u00eda, Educaci\u00f3n y Antropolog\u00eda y desarrollo mi trabajo de investigaci\u00f3n y docencia en la Facultad de Psicolog\u00eda de la Universidad Aut\u00f3noma de Madrid. Mis intereses de investigaci\u00f3n giran en torno a tres grandes tem\u00e1ticas interrelacionadas:<\/p>\n<p>1. Las pr\u00e1cticas ling\u00fc\u00edsticas orales y escritas de los ni\u00f1os y las ni\u00f1as en una variedad de contextos socio-educativos.<br \/>\n2. Comprender una diversidad de condiciones sociales (e.g. culturales, institucionales, \u00e9tnicas, de g\u00e9nero, de clase social, de tipolog\u00eda familiar, geogr\u00e1ficas) en las que se desarrolla y educa la infancia contempor\u00e1nea.<br \/>\n3. Examinar el papel de los elementos anteriores en la construcci\u00f3n de la desigualdad social y educativa.<\/p>\n<p>Este programa de investigaci\u00f3n es eminentemente interdisciplinar y recoge aportaciones de la Psicolog\u00eda, Educaci\u00f3n, Antropolog\u00eda, Ling\u00fc\u00edstica y, m\u00e1s recientemente, la Geograf\u00eda y queda encuadrado dentro del campo de los Estudios de la Infancia. Desde el punto de vista metodol\u00f3gico-te\u00f3rico me interesa trabajar estas l\u00edneas de investigaci\u00f3n desde un punto de vista cualitativo y he desarrollado proyectos de investigaci\u00f3n basados en estrategias de investigaci\u00f3n de tipo etnogr\u00e1fico, micro-etnogr\u00e1fico \/ ling\u00fc\u00edstico etnogr\u00e1fico, basados en an\u00e1lisis narrativo o, m\u00e1s recientemente, metodolog\u00edas visuales. <a href=\"http:\/\/povedauam.blogspot.com.es\">Blog Personal<\/a><\/p>\n","protected":false},"excerpt":{"rendered":"<p>Soy profesor titular en la Facultad de Psicolog\u00eda de la Universidad Aut\u00f3noma de Madrid. Tengo formaci\u00f3n en Psicolog\u00eda, Educaci\u00f3n y Antropolog\u00eda y desarrollo mi trabajo de investigaci\u00f3n y docencia en la Facultad de Psicolog\u00eda de la Universidad Aut\u00f3noma de Madrid. Mis intereses de investigaci\u00f3n giran en torno a tres grandes tem\u00e1ticas interrelacionadas: 1. Las pr\u00e1cticas &hellip; <a href=\"https:\/\/blog.uclm.es\/apingloclm\/david-poveda\/\" class=\"more-link\">Seguir leyendo <span class=\"screen-reader-text\">David Poveda<\/span> <span class=\"meta-nav\">&rarr;<\/span><\/a><\/p>\n","protected":false},"author":172,"featured_media":0,"parent":0,"menu_order":0,"comment_status":"closed","ping_status":"closed","template":"","meta":{"footnotes":""},"class_list":["post-58","page","type-page","status-publish","hentry"],"_links":{"self":[{"href":"https:\/\/blog.uclm.es\/apingloclm\/wp-json\/wp\/v2\/pages\/58","targetHints":{"allow":["GET"]}}],"collection":[{"href":"https:\/\/blog.uclm.es\/apingloclm\/wp-json\/wp\/v2\/pages"}],"about":[{"href":"https:\/\/blog.uclm.es\/apingloclm\/wp-json\/wp\/v2\/types\/page"}],"author":[{"embeddable":true,"href":"https:\/\/blog.uclm.es\/apingloclm\/wp-json\/wp\/v2\/users\/172"}],"replies":[{"embeddable":true,"href":"https:\/\/blog.uclm.es\/apingloclm\/wp-json\/wp\/v2\/comments?post=58"}],"version-history":[{"count":0,"href":"https:\/\/blog.uclm.es\/apingloclm\/wp-json\/wp\/v2\/pages\/58\/revisions"}],"wp:attachment":[{"href":"https:\/\/blog.uclm.es\/apingloclm\/wp-json\/wp\/v2\/media?parent=58"}],"curies":[{"name":"wp","href":"https:\/\/api.w.org\/{rel}","templated":true}]}}