{"id":39,"date":"2015-11-13T18:21:26","date_gmt":"2015-11-13T17:21:26","guid":{"rendered":"http:\/\/blog.uclm.es\/apingloclm\/?page_id=39"},"modified":"2015-11-13T18:21:26","modified_gmt":"2015-11-13T17:21:26","slug":"news-and-events-2","status":"publish","type":"page","link":"https:\/\/blog.uclm.es\/apingloclm\/news-and-events-2\/","title":{"rendered":"News and Events"},"content":{"rendered":"<h6><span style=\"color: #0000ff\"><strong>MUCEAN SEMINAR\u00a0<\/strong><\/span><\/h6>\n<p>Multilingualizing Compulsory Education in the Age of Neoliberalism: Issues, Processes and Inequalities (MUCEAN), UAB, 22-23 Nov 2018<br \/>\nSala de Graus, Facultat de Filosofia i Lletres<\/p>\n<p><span style=\"color: #000080\">http:\/\/blogs.uab.cat\/apinglocat\/mucean-seminar\/\u00a0<\/span><\/p>\n<p>Click here to see the<span style=\"color: #ff0000\">\u00a0<a style=\"color: #ff0000\" href=\"http:\/\/blogs.uab.cat\/apinglocat\/files\/2018\/10\/programme_final.pdf\">programme<\/a>.<\/span><\/p>\n<p class=\"no-break\"><span class=\"st_facebook_buttons\"><span class=\"stButton\"><span class=\"stMainServices st-facebook-counter\">\u00a0<\/span><\/span><\/span><span class=\"st_twitter_buttons\"><span class=\"stButton\"><span class=\"stMainServices st-twitter-counter\">\u00a0<\/span><\/span><\/span><span class=\"st_email_buttons\"><span class=\"stButton\"><span class=\"stMainServices st-email-counter\">\u00a0<\/span><\/span><\/span><span class=\"st_sharethis_buttons\"><span class=\"stButton\"><span class=\"stMainServices st-sharethis-counter\">\u00a0<\/span><\/span><\/span><\/p>\n<h2><\/h2>\n<h2><span style=\"color: #0000ff\"><span style=\"font-size: 12pt\"><strong><span style=\"margin: 0px;color: black;font-family: 'Calibri',sans-serif;font-size: 12pt\"><span style=\"color: #0000ff\">CLIL@India Project<\/span><\/span><\/strong><\/span>\u00a0\u00a0<a href=\"https:\/\/blog.uclm.es\/apingloclm\/wp-content\/uploads\/sites\/36\/2015\/11\/CLILIndia.png\"><img loading=\"lazy\" decoding=\"async\" class=\"alignright wp-image-252\" src=\"https:\/\/blog.uclm.es\/apingloclm\/wp-content\/uploads\/sites\/36\/2015\/11\/CLILIndia-300x86.png\" alt=\"\" width=\"310\" height=\"89\" srcset=\"https:\/\/blog.uclm.es\/apingloclm\/wp-content\/uploads\/sites\/36\/2015\/11\/CLILIndia-300x86.png 300w, https:\/\/blog.uclm.es\/apingloclm\/wp-content\/uploads\/sites\/36\/2015\/11\/CLILIndia.png 455w\" sizes=\"auto, (max-width: 310px) 100vw, 310px\" \/><\/a><\/span><\/h2>\n<hr \/>\n<p><span style=\"color: #000080\">https:\/\/clilatindia.in <\/span><\/p>\n<p><span style=\"margin: 0px;color: black;font-family: 'Calibri',sans-serif;font-size: 12pt\">Twitter account: <\/span><span style=\"color: #000080\">https:\/\/twitter.com\/CLILatIndia \u00a0<\/span><\/p>\n<p><span style=\"margin: 0px;color: black;font-family: 'Calibri',sans-serif;font-size: 12pt\">Facebook page: <\/span><span style=\"margin: 0px;color: black;font-family: 'Calibri',sans-serif;font-size: 12pt\"><span style=\"color: #000080\">https:\/\/www.facebook.com\/CLIL-at-India-649742561880209\/<\/span><\/span><\/p>\n<h2><span style=\"color: #000080\"><span style=\"color: #000080\"><img loading=\"lazy\" decoding=\"async\" class=\"mainImage accessible nofocus alignnone\" title=\"Ver imagen de origen\" src=\"https:\/\/manipalalumni.manipal.edu\/theme\/manipal\/circuit_logo\/circuitLogo_manipal_1468401712.jpg\" alt=\"Resultado de imagen de cmanipal university\" width=\"191\" height=\"56\" \/>\u00a0\u00a0\u00a0\u00a0\u00a0\u00a0\u00a0\u00a0 \u00a0\u00a0\u00a0 \u00a0<img loading=\"lazy\" decoding=\"async\" src=\"https:\/\/clilatindia.in\/images\/unimi.png\" width=\"196\" height=\"68\" \/><\/span><\/span><\/h2>\n<p><img decoding=\"async\" src=\"https:\/\/clilatindia.in\/images\/lu_1.png\" \/>\u00a0\u00a0\u00a0\u00a0\u00a0\u00a0\u00a0\u00a0\u00a0\u00a0\u00a0\u00a0\u00a0\u00a0\u00a0\u00a0\u00a0\u00a0\u00a0\u00a0\u00a0\u00a0\u00a0\u00a0 \u00a0\u00a0\u00a0<img loading=\"lazy\" decoding=\"async\" class=\"alignnone\" src=\"https:\/\/clilatindia.in\/images\/chit.png\" width=\"215\" height=\"64\" \/><\/p>\n<p><img decoding=\"async\" src=\"https:\/\/clilatindia.in\/images\/sym_1.png\" \/>\u00a0\u00a0\u00a0\u00a0\u00a0\u00a0\u00a0\u00a0\u00a0\u00a0\u00a0\u00a0\u00a0\u00a0\u00a0\u00a0\u00a0\u00a0\u00a0\u00a0\u00a0\u00a0\u00a0\u00a0\u00a0\u00a0 \u00a0\u00a0\u00a0 <img loading=\"lazy\" decoding=\"async\" src=\"https:\/\/clilatindia.in\/images\/pu_2.png\" width=\"195\" height=\"58\" \/><\/p>\n<p><img loading=\"lazy\" decoding=\"async\" class=\"aligncenter\" src=\"https:\/\/clilatindia.in\/images\/uclm_1.png\" width=\"208\" height=\"62\" \/><\/p>\n<p><a href=\"https:\/\/blog.uclm.es\/apingloclm\/wp-content\/uploads\/sites\/36\/2015\/11\/FotoCursoVerano17.jpg\"><img loading=\"lazy\" decoding=\"async\" class=\"wp-image-313 alignleft\" src=\"https:\/\/blog.uclm.es\/apingloclm\/wp-content\/uploads\/sites\/36\/2015\/11\/FotoCursoVerano17-300x225.jpg\" alt=\"\" width=\"199\" height=\"149\" srcset=\"https:\/\/blog.uclm.es\/apingloclm\/wp-content\/uploads\/sites\/36\/2015\/11\/FotoCursoVerano17-300x225.jpg 300w, https:\/\/blog.uclm.es\/apingloclm\/wp-content\/uploads\/sites\/36\/2015\/11\/FotoCursoVerano17-1024x768.jpg 1024w, https:\/\/blog.uclm.es\/apingloclm\/wp-content\/uploads\/sites\/36\/2015\/11\/FotoCursoVerano17-768x576.jpg 768w, https:\/\/blog.uclm.es\/apingloclm\/wp-content\/uploads\/sites\/36\/2015\/11\/FotoCursoVerano17-1536x1152.jpg 1536w, https:\/\/blog.uclm.es\/apingloclm\/wp-content\/uploads\/sites\/36\/2015\/11\/FotoCursoVerano17.jpg 1600w\" sizes=\"auto, (max-width: 199px) 100vw, 199px\" \/><\/a><\/p>\n<p><span style=\"color: #000080\"><strong>Curso de Verano 2017:<\/strong> \u2018CLIL en la Educaci\u00f3n Multiling\u00fce: De la Pr\u00e1ctica a la Reflexi\u00f3n\u2019.<\/span>\u00a0Universidad de Castilla-La Mancha. 6-7 de junio, 2017. <strong><span style=\"color: #000080\">Direcci\u00f3n: Ana M. Rela\u00f1o\u00a0<\/span><\/strong><span style=\"color: #000080\">(<\/span>Jean Monnet: 562068-EPP-1-2015-1-ES-EPPJMO-MODULE)<\/p>\n<p>&nbsp;<\/p>\n<p style=\"padding-left: 30px\"><a href=\"https:\/\/blog.uclm.es\/apingloclm\/wp-content\/uploads\/sites\/36\/2015\/11\/CLILIndia.png\"><img loading=\"lazy\" decoding=\"async\" class=\" wp-image-252 alignleft\" src=\"https:\/\/blog.uclm.es\/apingloclm\/wp-content\/uploads\/sites\/36\/2015\/11\/CLILIndia-300x86.png\" alt=\"\" width=\"199\" height=\"57\" srcset=\"https:\/\/blog.uclm.es\/apingloclm\/wp-content\/uploads\/sites\/36\/2015\/11\/CLILIndia-300x86.png 300w, https:\/\/blog.uclm.es\/apingloclm\/wp-content\/uploads\/sites\/36\/2015\/11\/CLILIndia.png 455w\" sizes=\"auto, (max-width: 199px) 100vw, 199px\" \/><\/a><\/p>\n<p style=\"padding-left: 30px\"><a href=\"https:\/\/blog.uclm.es\/apingloclm\/wp-content\/uploads\/sites\/36\/2015\/11\/CLILIndiaGroup.jpg\"><img loading=\"lazy\" decoding=\"async\" class=\"wp-image-239 alignright\" src=\"https:\/\/blog.uclm.es\/apingloclm\/wp-content\/uploads\/sites\/36\/2015\/11\/CLILIndiaGroup-300x225.jpg\" alt=\"\" width=\"193\" height=\"145\" srcset=\"https:\/\/blog.uclm.es\/apingloclm\/wp-content\/uploads\/sites\/36\/2015\/11\/CLILIndiaGroup-300x225.jpg 300w, https:\/\/blog.uclm.es\/apingloclm\/wp-content\/uploads\/sites\/36\/2015\/11\/CLILIndiaGroup.jpg 640w\" sizes=\"auto, (max-width: 193px) 100vw, 193px\" \/><\/a><\/p>\n<p style=\"padding-left: 30px\"><span style=\"color: #003366\"><strong>First Intensive Training: CLIL, European and Indian Societies<\/strong><\/span><br \/>\nFaculty of Humanities | Universidad de Castilla La Mancha.\u00a0Ciudad Real, Spain. 30th January \u2013 3rd February 2017<br \/>\n<span style=\"color: #003366\"><strong>Co-organised by Ana M. Rela\u00f1o, Helena Aikin and Alicia Fern\u00e1ndez<\/strong><\/span><\/p>\n<p><strong><span style=\"color: #000080\"><span style=\"color: #003366\">Reading Group APINGLO-CLM: Language and Neoliberalism<\/span><\/span><\/strong> <span style=\"color: #000000\">. <\/span><span style=\"color: #000000\">Every <a href=\"https:\/\/blog.uclm.es\/apingloclm\/wp-content\/uploads\/sites\/36\/2015\/11\/FLYERREADING-GROUPFALL16.jpg\"><img loading=\"lazy\" decoding=\"async\" class=\"wp-image-295 alignright\" src=\"https:\/\/blog.uclm.es\/apingloclm\/wp-content\/uploads\/sites\/36\/2015\/11\/FLYERREADING-GROUPFALL16-212x300.jpg\" alt=\"\" width=\"109\" height=\"155\" srcset=\"https:\/\/blog.uclm.es\/apingloclm\/wp-content\/uploads\/sites\/36\/2015\/11\/FLYERREADING-GROUPFALL16-212x300.jpg 212w, https:\/\/blog.uclm.es\/apingloclm\/wp-content\/uploads\/sites\/36\/2015\/11\/FLYERREADING-GROUPFALL16-724x1024.jpg 724w, https:\/\/blog.uclm.es\/apingloclm\/wp-content\/uploads\/sites\/36\/2015\/11\/FLYERREADING-GROUPFALL16-768x1086.jpg 768w, https:\/\/blog.uclm.es\/apingloclm\/wp-content\/uploads\/sites\/36\/2015\/11\/FLYERREADING-GROUPFALL16-1086x1536.jpg 1086w, https:\/\/blog.uclm.es\/apingloclm\/wp-content\/uploads\/sites\/36\/2015\/11\/FLYERREADING-GROUPFALL16-1448x2048.jpg 1448w, https:\/\/blog.uclm.es\/apingloclm\/wp-content\/uploads\/sites\/36\/2015\/11\/FLYERREADING-GROUPFALL16.jpg 1654w\" sizes=\"auto, (max-width: 109px) 100vw, 109px\" \/><\/a>Wednesday (Oct 13 &#8211; Dec 15, 2016). Facultad de Letras, Ciudad Real. In this seminar, we discussed key readings on language and neoliberalism, such as Holborow (2015).<br \/>\n<\/span><\/p>\n<p>&nbsp;<\/p>\n<p><strong><span style=\"color: #003366\">APINGLO-CLM Data Analysis Seminar<\/span><\/strong>, hosted by <strong><span style=\"color: #003366\">David Poveda.<\/span><\/strong>\u00a0UAM. July 18, 2016.\u00a0<img loading=\"lazy\" decoding=\"async\" class=\"wp-image-300 aligncenter\" src=\"https:\/\/blog.uclm.es\/apingloclm\/wp-content\/uploads\/sites\/36\/2015\/11\/IMG_9697-300x225.jpg\" alt=\"\" width=\"188\" height=\"141\" srcset=\"https:\/\/blog.uclm.es\/apingloclm\/wp-content\/uploads\/sites\/36\/2015\/11\/IMG_9697-300x225.jpg 300w, https:\/\/blog.uclm.es\/apingloclm\/wp-content\/uploads\/sites\/36\/2015\/11\/IMG_9697-1024x768.jpg 1024w, https:\/\/blog.uclm.es\/apingloclm\/wp-content\/uploads\/sites\/36\/2015\/11\/IMG_9697-768x576.jpg 768w, https:\/\/blog.uclm.es\/apingloclm\/wp-content\/uploads\/sites\/36\/2015\/11\/IMG_9697-1536x1152.jpg 1536w, https:\/\/blog.uclm.es\/apingloclm\/wp-content\/uploads\/sites\/36\/2015\/11\/IMG_9697-2048x1536.jpg 2048w\" sizes=\"auto, (max-width: 188px) 100vw, 188px\" \/><\/p>\n<p><span style=\"color: #003366\"><strong>Curso de Verano <\/strong><strong>2016. \u2018Pol\u00edticas ling\u00fc\u00edsticas y di\u00e1logo intercultural para una Europa Multiling\u00fce<\/strong><\/span>\u2019. Seminario: Educando en el Multiling\u00fcismo (2 hrs), impartido por <span style=\"color: #003366\"><strong>Ana M. Rela\u00f1o Pastor<\/strong><\/span>. Universidad de Castilla-La Mancha. 6-7 de junio, 2016. <span style=\"color: #003366\"><strong>Organizado por Javier D\u00edaz Vera y<\/strong> <strong>Ana M. Rela\u00f1o Pastor <\/strong><\/span>dentro del Proyecto Jean Monnet: 562068-EPP-1-2015-1-ES-EPPJMO-MODULE.<\/p>\n<p style=\"text-align: left\"><span style=\"color: #003366\"><strong>Seminar<\/strong>:\u00a0<\/span>\u00b4Indexicality of Language in\u00a0Linguistic Ethnography: A Trajectory-Based Analysis\u00a0impartido por\u00a0<span style=\"color: #003366\"><strong>Dr. Miguel P\u00e9rez Milans<\/strong><\/span>, https:\/\/mpmilans.wordpress.com,\u00a0Centre for Applied Linguistics, Department of Culture, Communication and\u00a0Media. UCL Institute of Education, University College London. April 25, 2016. Organised by APINGLO-CLM<a href=\"https:\/\/blog.uclm.es\/apingloclm\/wp-content\/uploads\/sites\/36\/2015\/11\/READING-GROUPSpring16.jpg\"><img loading=\"lazy\" decoding=\"async\" class=\"wp-image-297 alignright\" src=\"https:\/\/blog.uclm.es\/apingloclm\/wp-content\/uploads\/sites\/36\/2015\/11\/READING-GROUPSpring16-212x300.jpg\" alt=\"\" width=\"117\" height=\"166\" srcset=\"https:\/\/blog.uclm.es\/apingloclm\/wp-content\/uploads\/sites\/36\/2015\/11\/READING-GROUPSpring16-212x300.jpg 212w, https:\/\/blog.uclm.es\/apingloclm\/wp-content\/uploads\/sites\/36\/2015\/11\/READING-GROUPSpring16-724x1024.jpg 724w, https:\/\/blog.uclm.es\/apingloclm\/wp-content\/uploads\/sites\/36\/2015\/11\/READING-GROUPSpring16-768x1086.jpg 768w, https:\/\/blog.uclm.es\/apingloclm\/wp-content\/uploads\/sites\/36\/2015\/11\/READING-GROUPSpring16-1086x1536.jpg 1086w, https:\/\/blog.uclm.es\/apingloclm\/wp-content\/uploads\/sites\/36\/2015\/11\/READING-GROUPSpring16-1448x2048.jpg 1448w, https:\/\/blog.uclm.es\/apingloclm\/wp-content\/uploads\/sites\/36\/2015\/11\/READING-GROUPSpring16.jpg 1654w\" sizes=\"auto, (max-width: 117px) 100vw, 117px\" \/><\/a><\/p>\n<p><strong><span style=\"color: #003366\">Reading Group APINGLO-CLM:\u00a0<\/span><span style=\"color: #000080\"><span style=\"color: #003366\">Linguistic Ethnography and Multilingualism<\/span>,\u00a0<\/span><\/strong>Every Wednesday (Feb 10 &#8211; May 4, 2016).\u00a0Facultad de Letras, Ciudad Real<\/p>\n<p><span style=\"color: #000080\"><strong><span style=\"color: #003366\">Invited Seminar: Research Methods in Language Education:<\/span> <span style=\"color: #003366\">Ethnographic Perspectives<\/span><\/strong><\/span>. University of Luxemburgh. March 8-9, 2016.\u00a0<span style=\"color: #003366\"><strong>Ana Mar\u00eda Rela\u00f1o-Pastor<\/strong><\/span> and <span style=\"color: #003366\"><strong>Eva Cod\u00f3<\/strong><\/span>\u00a0from APINGLO-CAT\u00a0will be giving a seminar in which they will discuss the different ethnographic perspectives adopted in three of the most influential paradigms in language education research, namely, Linguistic Ethnography (LE) (Rampton, Maybin &amp; Roberts, 2014), Linguistic Anthropology of Education (LAE) (Wortham &amp; Rymes, 2003) and Language Socialization (LS) (Duranti, Ochs &amp; Schieffelin, 2012).<a href=\"https:\/\/blog.uclm.es\/apingloclm\/wp-content\/uploads\/sites\/36\/2015\/11\/FotoBristol.jpg\"><img loading=\"lazy\" decoding=\"async\" class=\" wp-image-299 alignright\" src=\"https:\/\/blog.uclm.es\/apingloclm\/wp-content\/uploads\/sites\/36\/2015\/11\/FotoBristol-300x170.jpg\" alt=\"\" width=\"180\" height=\"102\" srcset=\"https:\/\/blog.uclm.es\/apingloclm\/wp-content\/uploads\/sites\/36\/2015\/11\/FotoBristol-300x170.jpg 300w, https:\/\/blog.uclm.es\/apingloclm\/wp-content\/uploads\/sites\/36\/2015\/11\/FotoBristol-1024x581.jpg 1024w, https:\/\/blog.uclm.es\/apingloclm\/wp-content\/uploads\/sites\/36\/2015\/11\/FotoBristol-768x436.jpg 768w, https:\/\/blog.uclm.es\/apingloclm\/wp-content\/uploads\/sites\/36\/2015\/11\/FotoBristol-1536x872.jpg 1536w, https:\/\/blog.uclm.es\/apingloclm\/wp-content\/uploads\/sites\/36\/2015\/11\/FotoBristol-2048x1163.jpg 2048w\" sizes=\"auto, (max-width: 180px) 100vw, 180px\" \/><\/a><\/p>\n<p style=\"text-align: left\"><span style=\"color: #003366\"><strong>Visiting Fellowship: Ana M. Rela\u00f1o<\/strong><\/span> has been a Visiting Fellow at the <a href=\"http:\/\/ed-gesf.com\/people\/visiting-scholars\/\">CENTRE FOR GLOBALISATION EDUCATION &amp; SOCIAL FUTURES<\/a>, <strong><span style=\"color: #003366\">(Deputy Director, Frances Giampapa)<\/span><\/strong> at the Graduate School of Education, University of Bristol, U.K.\u00a0September-December 2015. She delivered the talk,\u00a0\u201cDe piojos a pijos\u201d: Narrative circularity, disputed transformations, and bilingual appropriations at a public school \u2018somewhere in La Mancha\u2019, as part of the\u00a0<a href=\"http:\/\/ed-gesf.com\/tag\/latest-from-gesf\/\"><strong>GSEF-Multilingualism Seminar Series<\/strong><\/a>.<\/p>\n<p><span style=\"color: #003366\"><strong>July 2015.<\/strong>\u00a0<\/span>Reflexividad, desigualdad y juventud en la modernidad tard\u00eda: el caso de Hong Kong. Universidad Autonoma de Madrid, Spain.\u00a0<span style=\"color: #003366\"><strong>Participating team member: Miguel P\u00e9rez-Milans<\/strong><\/span><\/p>\n<p><span style=\"color: #003366\"><strong>June 2015<\/strong>.<\/span>\u00a0SHORT TERM SCIENTIFIC MISSION, IS1306 COST NETWORK, Centro de Estudos Sociais, Universidade de Coimbra, Portugal (17-26\/06\/2015).\u00a0<span style=\"color: #003366\"><strong>Participating team member: Alicia Fern\u00e1ndez Barrera<\/strong><\/span><\/p>\n<p><span style=\"color: #003366\"><strong>April 2015.<\/strong><\/span>\u00a0Language-in-education policy, ethnicity and voice.\u00a0University of Nottingham Ningbo, China.\u00a0<span style=\"color: #003366\"><strong>Participating team member: Miguel P\u00e9rez-Milans<\/strong><\/span><\/p>\n<p><span style=\"color: #003366\"><strong>March 2015<\/strong>.<\/span>\u00a0Ethnicity, social class and identity: discourses of\u00a0pedagogy in a Hong Kong Multilingual School. Language\u00a0Policy and Practice Research Seminar. The University of Hong\u00a0Kong.\u00a0<span style=\"color: #003366\"><strong>Participating team member: Miguel P\u00e9rez-Milans<\/strong><\/span><\/p>\n<p><span style=\"color: #000080\"><strong><span style=\"color: #003366\">January 2015.<\/span>\u00a0<\/strong><\/span>Critique, education and linguistic ethnography.\u00a0Institute of Linguistics, Shanghai International Studies University, China.\u00a0<span style=\"color: #003366\"><strong>Participating team member: Miguel P\u00e9rez-Milans<\/strong><\/span><\/p>\n<p><span style=\"color: #003366\"><strong>January 2015<\/strong>.<\/span> Spoken discourse analysis under conditions of late\u00a0modernity\u201d. Institute of Linguistics, Shanghai International\u00a0Studies University, China.\u00a0<span style=\"color: #003366\"><strong>Participating team member: Miguel P\u00e9rez-Milans<\/strong><\/span><\/p>\n","protected":false},"excerpt":{"rendered":"<p>MUCEAN SEMINAR\u00a0 Multilingualizing Compulsory Education in the Age of Neoliberalism: Issues, Processes and Inequalities (MUCEAN), UAB, 22-23 Nov 2018 Sala de Graus, Facultat de Filosofia i Lletres http:\/\/blogs.uab.cat\/apinglocat\/mucean-seminar\/\u00a0 Click here to see the\u00a0programme. \u00a0\u00a0\u00a0\u00a0 CLIL@India Project\u00a0\u00a0 https:\/\/clilatindia.in Twitter account: https:\/\/twitter.com\/CLILatIndia \u00a0 Facebook page: https:\/\/www.facebook.com\/CLIL-at-India-649742561880209\/ \u00a0\u00a0\u00a0\u00a0\u00a0\u00a0\u00a0\u00a0 \u00a0\u00a0\u00a0 \u00a0 \u00a0\u00a0\u00a0\u00a0\u00a0\u00a0\u00a0\u00a0\u00a0\u00a0\u00a0\u00a0\u00a0\u00a0\u00a0\u00a0\u00a0\u00a0\u00a0\u00a0\u00a0\u00a0\u00a0\u00a0 \u00a0\u00a0\u00a0 \u00a0\u00a0\u00a0\u00a0\u00a0\u00a0\u00a0\u00a0\u00a0\u00a0\u00a0\u00a0\u00a0\u00a0\u00a0\u00a0\u00a0\u00a0\u00a0\u00a0\u00a0\u00a0\u00a0\u00a0\u00a0\u00a0 \u00a0\u00a0\u00a0 Curso de Verano 2017: &hellip; <a href=\"https:\/\/blog.uclm.es\/apingloclm\/news-and-events-2\/\" class=\"more-link\">Seguir leyendo <span class=\"screen-reader-text\">News and Events<\/span> <span class=\"meta-nav\">&rarr;<\/span><\/a><\/p>\n","protected":false},"author":172,"featured_media":0,"parent":0,"menu_order":0,"comment_status":"closed","ping_status":"closed","template":"","meta":{"footnotes":""},"class_list":["post-39","page","type-page","status-publish","hentry"],"_links":{"self":[{"href":"https:\/\/blog.uclm.es\/apingloclm\/wp-json\/wp\/v2\/pages\/39","targetHints":{"allow":["GET"]}}],"collection":[{"href":"https:\/\/blog.uclm.es\/apingloclm\/wp-json\/wp\/v2\/pages"}],"about":[{"href":"https:\/\/blog.uclm.es\/apingloclm\/wp-json\/wp\/v2\/types\/page"}],"author":[{"embeddable":true,"href":"https:\/\/blog.uclm.es\/apingloclm\/wp-json\/wp\/v2\/users\/172"}],"replies":[{"embeddable":true,"href":"https:\/\/blog.uclm.es\/apingloclm\/wp-json\/wp\/v2\/comments?post=39"}],"version-history":[{"count":0,"href":"https:\/\/blog.uclm.es\/apingloclm\/wp-json\/wp\/v2\/pages\/39\/revisions"}],"wp:attachment":[{"href":"https:\/\/blog.uclm.es\/apingloclm\/wp-json\/wp\/v2\/media?parent=39"}],"curies":[{"name":"wp","href":"https:\/\/api.w.org\/{rel}","templated":true}]}}