{"id":35,"date":"2015-11-13T18:20:53","date_gmt":"2015-11-13T17:20:53","guid":{"rendered":"http:\/\/blog.uclm.es\/apingloclm\/?page_id=35"},"modified":"2015-11-13T18:20:53","modified_gmt":"2015-11-13T17:20:53","slug":"members-2","status":"publish","type":"page","link":"https:\/\/blog.uclm.es\/apingloclm\/members-2\/","title":{"rendered":"Members"},"content":{"rendered":"<p>Ana Mar\u00eda Rela\u00f1o Pastor (UCLM): P.I.<br \/>\nHelena Aikin (UCLM)<br \/>\nAlicia Fern\u00e1ndez Barrera (UCLM)<br \/>\nEsther Nieto Moreno de Diezma (UCLM)<br \/>\nFrances Giampapa (University of Bristol)<br \/>\nMiguel P\u00e9rez Milans: UCL Institute of Education (London, UK)<br \/>\nDavid Poveda (UAM)<\/p>\n","protected":false},"excerpt":{"rendered":"<p>Ana Mar\u00eda Rela\u00f1o Pastor (UCLM): P.I. Helena Aikin (UCLM) Alicia Fern\u00e1ndez Barrera (UCLM) Esther Nieto Moreno de Diezma (UCLM) Frances Giampapa (University of Bristol) Miguel P\u00e9rez Milans: UCL Institute of Education (London, UK) David Poveda (UAM)<\/p>\n","protected":false},"author":172,"featured_media":0,"parent":0,"menu_order":0,"comment_status":"closed","ping_status":"closed","template":"","meta":{"footnotes":""},"class_list":["post-35","page","type-page","status-publish","hentry"],"_links":{"self":[{"href":"https:\/\/blog.uclm.es\/apingloclm\/wp-json\/wp\/v2\/pages\/35","targetHints":{"allow":["GET"]}}],"collection":[{"href":"https:\/\/blog.uclm.es\/apingloclm\/wp-json\/wp\/v2\/pages"}],"about":[{"href":"https:\/\/blog.uclm.es\/apingloclm\/wp-json\/wp\/v2\/types\/page"}],"author":[{"embeddable":true,"href":"https:\/\/blog.uclm.es\/apingloclm\/wp-json\/wp\/v2\/users\/172"}],"replies":[{"embeddable":true,"href":"https:\/\/blog.uclm.es\/apingloclm\/wp-json\/wp\/v2\/comments?post=35"}],"version-history":[{"count":0,"href":"https:\/\/blog.uclm.es\/apingloclm\/wp-json\/wp\/v2\/pages\/35\/revisions"}],"wp:attachment":[{"href":"https:\/\/blog.uclm.es\/apingloclm\/wp-json\/wp\/v2\/media?parent=35"}],"curies":[{"name":"wp","href":"https:\/\/api.w.org\/{rel}","templated":true}]}}