{"id":109,"date":"2015-11-18T23:55:42","date_gmt":"2015-11-18T22:55:42","guid":{"rendered":"http:\/\/blog.uclm.es\/apingloclm\/?page_id=109"},"modified":"2015-11-18T23:55:42","modified_gmt":"2015-11-18T22:55:42","slug":"publications","status":"publish","type":"page","link":"https:\/\/blog.uclm.es\/apingloclm\/publications\/","title":{"rendered":"Publications"},"content":{"rendered":"<p><span style=\"color: #800080\"><b>Under review<\/b><\/span><\/p>\n<p><span style=\"color: #000080\"><strong>Rela\u00f1o Pastor, A. M., &amp; Fern\u00e1ndez Barrera, A.<\/strong> <\/span>\u201cResignifying English in Castilla-La Mancha Bilingual Schools: Eliteness and the Native Self\u201d. In <u>Special Issue<\/u>: Elite\u00a0multilingualism &#8211; discourses, practices, and debate, edited by Barakos, Elisabeth and Charlotte Selleck, <em>Journal of Multilingual and Multicultural Development. <\/em><\/p>\n<p><b><\/b><strong><span style=\"color: #000080\">Poveda David, Giampapa Frances &amp;<\/span><\/strong>\u00a0<span style=\"color: #000080\"><strong>Ana<\/strong><strong> Mar\u00eda Rela\u00f1o Pastor<\/strong> .<\/span> \u201cGatekeeping the interactional order: Field access and linguistic ideologies in CLIL-type bilingual education programs in Spanish secondary schools.\u201d <em>Qualitative Research<\/em>. Sage Publications.<\/p>\n<p><strong><span style=\"color: #800080\">Forthcoming<\/span><\/strong><\/p>\n<p><strong><span style=\"color: #000080\">Rela\u00f1o Pastor, Ana Mar\u00eda<\/span><\/strong>. Understanding bilingualism in Castilla-La Mancha: Emotional and moral stancetaking in parental narratives. <em>RESLA (Spanish Journal of Applied Linguistics<\/em>). John Benjamins.<\/p>\n<p><span style=\"color: #000080\"><strong>Cod\u00f3 Eva &amp; Rela\u00f1o Pastor Ana Mar\u00eda<\/strong><\/span>. Researching Multilingual Education: Ethnographic Perspectives. In Siry, C. &amp;\u00a0R. Fern\u00e1ndez (Eds.) <em>Methodologies for Research on Teaching and Learning.<\/em>\u00a0Luxembourg: Sense Publishers (Bold Visions in Education Research Series).<\/p>\n<p><span style=\"color: #800080\"><b>2018<\/b><\/span><\/p>\n<p><span style=\"color: #000080\"><strong>Nieto Moreno de Diezmas, E.<\/strong><strong> (2018)<\/strong><\/span>. Exploring CLIL contribution towards the acquisition of cross-curricular competences: a comparative study on digital competence development in CLIL. \u00a0<em>Revista de Ling\u00fc\u00edstica y Lenguas Aplicadas, 13<\/em>.https:\/\/doi.org\/10.4995\/rlyla.2018.9023<\/p>\n<p><strong><span style=\"color: #000080\">Nieto Moreno de Diezmas, E<\/span><\/strong>.<strong><span style=\"color: #000080\"> (2018).<\/span> <\/strong>Acquisition of reading comprehension in L1 in bilingual programmes of Primary Education. A comparative study. <em>Ocnos. 17<\/em>(1), pp.\u00a043-54.<\/p>\n<p><strong><span style=\"color: #000080\">Rela\u00f1o Pastor, Ana M.<\/span> <span style=\"color: #000080\">(2018)<\/span><\/strong>. \u201cBilingual education and neoliberal CLIL practices\u201d. In\u00a0In\u00a0J. W. Tollefson &amp; M. P\u00e9rez-Milans (Eds.),\u00a0<em>The Oxford Handbook of Language Policy and Planning<\/em>\u00a0(pp. 505-525). Oxford: Oxford University Press.<\/p>\n<p><strong><span style=\"color: #000080\">Rela\u00f1o Pastor, Ana M.<\/span><\/strong> <strong><span style=\"color: #000080\">(2018).<\/span>\u00a0<\/strong>\u201cNarrative circularity, disputed transformations, and bilingual appropriations at a public school \u2018somewhere in La Mancha\u2019\u201d. In\u00a0Pati\u00f1o-Santos, A., and Rela\u00f1o Pastor, Ana M. (Eds). <u>Special Issue<\/u>: \u201cStorytelling in globalized spaces: a linguistic ethnographic perspective.\u00a0<em>International Journal of the Sociology of Language<\/em>, 250, 87-112.\u00a0<a href=\"https:\/\/doi.org\/10.1515\/ijsl-2017-0057\">https:\/\/doi.org\/10.1515\/ijsl-2017-0057<\/a><\/p>\n<p><strong><span style=\"color: #000080\">Rela\u00f1o Pastor, A. M<\/span>. <\/strong>y <strong><span style=\"color: #000080\">Fern\u00e1ndez Barrera<\/span><\/strong><span style=\"float: none;background-color: transparent;color: #141412;cursor: text;font-family: 'Source Sans Pro',Helvetica,sans-serif;font-size: 16px;font-style: normal;font-variant: normal;font-weight: 400;letter-spacing: normal;text-align: left;text-decoration: none;text-indent: 0px\"><strong><span style=\"color: #000080\">, A<\/span>.<span style=\"color: #000080\"> (2018)<\/span><\/strong><\/span>. Competing Bilingual Schools in La Mancha City: Teachers\u2019 Responses to Neoliberal Language Policy and CLIL Practices. <i>Foro de Educaci\u00f3n<\/i>, <i>16<\/i>(25), 283-309. doi: http:\/\/dx.doi.org\/10.14516\/fde.624<span class=\"Apple-converted-space\">\u00a0<\/span><\/p>\n<p><span style=\"float: none;background-color: transparent;color: #141412;cursor: text;font-family: 'Source Sans Pro',Helvetica,sans-serif;font-size: 16px;font-style: normal;font-variant: normal;font-weight: 400;letter-spacing: normal;text-align: left;text-decoration: none;text-indent: 0px\"><span style=\"color: #000080\">Tollefson, James W. &amp; <\/span><strong><span style=\"color: #000080\">Miguel P\u00e9rez-Milans<\/span> <span style=\"color: #000080\">(Eds.) (2018).\u00a0<\/span><\/strong>Oxford Handbook of Language Policy and Planning. Oxford: Oxford University Press.<\/span><\/p>\n<p><strong><span style=\"color: #800080\">2017<\/span><\/strong><\/p>\n<p><strong><span style=\"color: #000080\">Fern\u00e1ndez Barrera, Alicia (2017).<\/span><\/strong> Language Appropriations, Ideologies and Identities in Bilingual Schools in Castilla-La Mancha (Spain). In Sara Young &amp; Emma Brooks (Eds.), <em>Language Ideologies and Teaching in Multilingual Contexts<\/em> <em>Bellaterra Journal of Teaching &amp; Learning Language &amp; Literature, 10<\/em>(2), 41-58.<\/p>\n<p><span style=\"color: #000080\"><strong>Nieto Moreno de Diezmas, E. (2017).<\/strong><\/span> How does CLIL affect the acquisition of reading comprehension in the mother tongue? A comparative study in secondary education<strong>. <\/strong><em>Investigaciones sobre lectura, 8, <\/em>7-26<em>.<\/em><\/p>\n<p><strong><span style=\"color: #000080\">Garc\u00eda Fern\u00e1ndez, B., Nieto Moreno de Diezmas, E. y Ruiz-Gallardo, J.R<\/span><span style=\"color: #000080\">. (2017).<\/span><\/strong> Mejorar la motivaci\u00f3n en ciencias con ense\u00f1anza CLIL. Un estudio de caso. Ense\u00f1anza de las ciencias<em>. N\u00ba Extraordinario, pp. <\/em>625-630<\/p>\n<p><span style=\"color: #000080\"><strong>P\u00e9rez-Milans, M<\/strong><\/span>.<strong><span style=\"color: #000080\"> (2017)<\/span><\/strong>. Reflexivity in Late Modernity. Accounts from Linguistic Ethnographies of Youth. \u00a0 <em>AILA Review, 29<\/em>(1), pp. 1-213.<\/p>\n<p><span style=\"color: #000080\"><strong>P\u00e9rez-Milans, M., Soto, C. (2017).<\/strong><\/span> Reflexivity and reflexive language: Networked trajectories of activism among youth in Hong Kong. <em>AILA Review 29<\/em>(1), pp. 48-82.<\/p>\n<p><strong><span style=\"color: #800080\">2016<\/span><\/strong><\/p>\n<p><span style=\"color: #000080\"><strong>Giampapa F<\/strong><\/span>. The Politics of Researcher Identities- Opportunities and Challenges in Identities Research, in Preece, S. (ed.) The Routledge Handbook of Language and Identity, London: Routledge.<\/p>\n<p><strong><span style=\"color: #000080\">Nieto Moreno de Diezmas, E. (2016).<\/span><\/strong> The impact of CLIL on the Acquisition of the Learning to Learn Competence in Secondary School Education in the bilingual programmes of Castilla-La Mancha, <em>Porta Linguarum<\/em>, 25, pp. \u00a021-34.<\/p>\n<p><span style=\"color: #000080\"><strong>Nieto Moreno de Diezmas, E. (2016)<\/strong><\/span>.The impact of CLIL on the acquisition of language competences and skills in L2 in primary education\u201d, <em>International Journal of English Studies<\/em>, 16(2), pp. 81-102.<\/p>\n<p><strong><span style=\"color: #000080\">P\u00e9rez-Milans, M<\/span><\/strong>. Language and identity in linguistic ethnography. In: Si\u00e2n Preece (Ed.), The Routledge Handbook of Language and Identity. Applied Linguistics series (Chapter 5). New York &amp; London: Routledge.<\/p>\n<p><strong><span style=\"color: #000080\">P\u00e9rez-Milans, M<\/span><\/strong>. Bilingual education in Hong Kong. In: Stephen May, Ofelia Garcia &amp; Angel Lin (Eds.), Encyclopedia of Language and Education. Bilingual Education. Springer.<\/p>\n<p><span style=\"color: #800080\"><strong>2015<\/strong><\/span><\/p>\n<p><strong><span style=\"color: #000080\">Moreno de Diezmas, E<\/span><\/strong>.(2015). La Mejora de la formaci\u00f3n del alumnado a trav\u00e9s de las TIC y del curr\u00edculo bimodal, Multi\u00e1rea. Revista de did\u00e1ctica, 8, pp. 1-24.<\/p>\n<p><span style=\"color: #000080\"><strong>P\u00e9rez-Milans, M<\/strong><\/span>. (2015). Language education policy in late modernity: (Socio) linguistic ethnographies in the European Union. Language Policy 14 (2), 99-108.\u200b<\/p>\n<p><span style=\"color: #000080\"><strong>P\u00e9rez-Milans, M<\/strong><\/span>. (2015). Mandarin Chinese in London education: Language Aspirations in a Working-Class Secondary School. Language Policy 14 (2), 153-182.<\/p>\n<p><strong><span style=\"color: #000080\">Poveda, D; Jociles, M.I; Alonso, E. y Morgade, M<\/span><\/strong>. (2015). Strategies for socialization into a non-conventional family project. ETNIA-E: Cuadernos de Investigaci\u00f3n Etnogr\u00e1fica sobre Infancia, Adolescencia y Educaci\u00f3n del IMA\/FMEE n\u00ba 8, 1-15. http:\/\/uam.academia.edu\/etniae<\/p>\n<p><span style=\"color: #000080\"><strong>Rela\u00f1o Pastor, Ana M<\/strong><\/span>. (2015). The commodification of English in \u2018Madrid, comunidad biling\u00fce\u2019: insights from the CLIL classroom. In Special Issue: P\u00e9rez-Milans, Miguel (Ed.) Language Education Policy in Late Modernity: Insights from Situated Approaches. Language Policy, 14(2), 131-152. (DOI 10.1007\/s10993-014-9338-7).<\/p>\n<p><span style=\"color: #000080\"><strong>Pati\u00f1o-Santos, Adriana, P\u00e9rez-Milans, Miguel y Rela\u00f1o Pastor, Ana Mar\u00eda<\/strong><\/span> (2015). \u2018We don\u2019t do anything\u2019: Analyzing the construction of legitimate knowledge in multilingual schools. Pedagogies: An International Journal\u2028. Taylor &amp;Francis. DOI: 10.1080\/1554480X.2015.1043304. HUM2007-64694\/FILO<\/p>\n","protected":false},"excerpt":{"rendered":"<p>Under review Rela\u00f1o Pastor, A. M., &amp; Fern\u00e1ndez Barrera, A. \u201cResignifying English in Castilla-La Mancha Bilingual Schools: Eliteness and the Native Self\u201d. In Special Issue: Elite\u00a0multilingualism &#8211; discourses, practices, and debate, edited by Barakos, Elisabeth and Charlotte Selleck, Journal of Multilingual and Multicultural Development. Poveda David, Giampapa Frances &amp;\u00a0Ana Mar\u00eda Rela\u00f1o Pastor . \u201cGatekeeping the &hellip; <a href=\"https:\/\/blog.uclm.es\/apingloclm\/publications\/\" class=\"more-link\">Seguir leyendo <span class=\"screen-reader-text\">Publications<\/span> <span class=\"meta-nav\">&rarr;<\/span><\/a><\/p>\n","protected":false},"author":172,"featured_media":0,"parent":0,"menu_order":0,"comment_status":"closed","ping_status":"closed","template":"","meta":{"footnotes":""},"class_list":["post-109","page","type-page","status-publish","hentry"],"_links":{"self":[{"href":"https:\/\/blog.uclm.es\/apingloclm\/wp-json\/wp\/v2\/pages\/109","targetHints":{"allow":["GET"]}}],"collection":[{"href":"https:\/\/blog.uclm.es\/apingloclm\/wp-json\/wp\/v2\/pages"}],"about":[{"href":"https:\/\/blog.uclm.es\/apingloclm\/wp-json\/wp\/v2\/types\/page"}],"author":[{"embeddable":true,"href":"https:\/\/blog.uclm.es\/apingloclm\/wp-json\/wp\/v2\/users\/172"}],"replies":[{"embeddable":true,"href":"https:\/\/blog.uclm.es\/apingloclm\/wp-json\/wp\/v2\/comments?post=109"}],"version-history":[{"count":0,"href":"https:\/\/blog.uclm.es\/apingloclm\/wp-json\/wp\/v2\/pages\/109\/revisions"}],"wp:attachment":[{"href":"https:\/\/blog.uclm.es\/apingloclm\/wp-json\/wp\/v2\/media?parent=109"}],"curies":[{"name":"wp","href":"https:\/\/api.w.org\/{rel}","templated":true}]}}