{"id":99,"date":"2025-03-11T08:26:18","date_gmt":"2025-03-11T07:26:18","guid":{"rendered":"https:\/\/blog.uclm.es\/apghaclm\/?page_id=99"},"modified":"2025-03-11T20:08:26","modified_gmt":"2025-03-11T19:08:26","slug":"junta-directiva","status":"publish","type":"page","link":"https:\/\/blog.uclm.es\/apghaclm\/junta-directiva\/","title":{"rendered":"Junta Directiva"},"content":{"rendered":"\n<div class=\"wp-block-media-text alignwide is-stacked-on-mobile is-image-fill-element\" style=\"grid-template-columns:28% auto\"><figure class=\"wp-block-media-text__media\"><img decoding=\"async\" src=\"https:\/\/blog.uclm.es\/apghaclm\/wp-content\/themes\/twentynineteen\/images\/pattern_01.jpg\" alt=\"Degradado\" style=\"object-position:50% 50%\" \/><\/figure><div class=\"wp-block-media-text__content\">\n<h3 class=\"wp-block-heading\">Presidente\/a<\/h3>\n\n\n\n<p>En construcci\u00f3n<\/p>\n<\/div><\/div>\n\n\n\n<div class=\"wp-block-media-text alignwide is-stacked-on-mobile is-image-fill-element\" style=\"grid-template-columns:28% auto\"><figure class=\"wp-block-media-text__media\"><img decoding=\"async\" src=\"https:\/\/blog.uclm.es\/apghaclm\/wp-content\/themes\/twentynineteen\/images\/pattern_02.jpg\" alt=\"Degradado\" style=\"object-position:50% 50%\" \/><\/figure><div class=\"wp-block-media-text__content\">\n<h3 class=\"wp-block-heading\">Secretario\/a<\/h3>\n\n\n\n<p>En construcci\u00f3n<\/p>\n<\/div><\/div>\n\n\n\n<div class=\"wp-block-media-text alignwide is-stacked-on-mobile is-image-fill-element\" style=\"grid-template-columns:28% auto\"><figure class=\"wp-block-media-text__media\"><img decoding=\"async\" src=\"https:\/\/blog.uclm.es\/apghaclm\/wp-content\/themes\/twentynineteen\/images\/pattern_01.jpg\" alt=\"Degradado\" style=\"object-position:50% 50%\" \/><\/figure><div class=\"wp-block-media-text__content\">\n<h3 class=\"wp-block-heading\">Tesorero\/a<\/h3>\n\n\n\n<p>En construcci\u00f3n<\/p>\n<\/div><\/div>\n\n\n\n<div class=\"wp-block-media-text alignwide is-stacked-on-mobile is-image-fill-element\" style=\"grid-template-columns:28% auto\"><figure class=\"wp-block-media-text__media\"><img decoding=\"async\" src=\"https:\/\/blog.uclm.es\/apghaclm\/wp-content\/themes\/twentynineteen\/images\/pattern_02.jpg\" alt=\"Degradado\" style=\"object-position:50% 50%\" \/><\/figure><div class=\"wp-block-media-text__content\">\n<h3 class=\"wp-block-heading\">Vocal<\/h3>\n\n\n\n<p>En construcci\u00f3n<\/p>\n<\/div><\/div>\n\n\n\n<div class=\"wp-block-media-text alignwide is-stacked-on-mobile is-image-fill-element\" style=\"grid-template-columns:28% auto\"><figure class=\"wp-block-media-text__media\"><img decoding=\"async\" src=\"https:\/\/blog.uclm.es\/apghaclm\/wp-content\/themes\/twentynineteen\/images\/pattern_01.jpg\" alt=\"Degradado\" style=\"object-position:50% 50%\" \/><\/figure><div class=\"wp-block-media-text__content\">\n<h3 class=\"wp-block-heading\">Vocal<\/h3>\n\n\n\n<p>En construcci\u00f3n<\/p>\n<\/div><\/div>\n\n\n\n<div class=\"wp-block-media-text alignwide is-stacked-on-mobile is-image-fill-element\" style=\"grid-template-columns:28% auto\"><figure class=\"wp-block-media-text__media\"><img decoding=\"async\" src=\"https:\/\/blog.uclm.es\/apghaclm\/wp-content\/themes\/twentynineteen\/images\/pattern_02.jpg\" alt=\"Degradado\" style=\"object-position:50% 50%\" \/><\/figure><div class=\"wp-block-media-text__content\">\n<h3 class=\"wp-block-heading\">Vocal<\/h3>\n\n\n\n<p>En construcci\u00f3n<\/p>\n<\/div><\/div>\n\n\n\n<div class=\"wp-block-media-text alignwide is-stacked-on-mobile is-image-fill-element\" style=\"grid-template-columns:28% auto\"><figure class=\"wp-block-media-text__media\"><img decoding=\"async\" src=\"https:\/\/blog.uclm.es\/apghaclm\/wp-content\/themes\/twentynineteen\/images\/pattern_01.jpg\" alt=\"Degradado\" style=\"object-position:50% 50%\" \/><\/figure><div class=\"wp-block-media-text__content\">\n<h3 class=\"wp-block-heading\">Vocal<\/h3>\n\n\n\n<p>En construcci\u00f3n<\/p>\n<\/div><\/div>\n\n\n\n<div class=\"wp-block-media-text alignwide is-stacked-on-mobile is-image-fill-element\" style=\"grid-template-columns:28% auto\"><figure class=\"wp-block-media-text__media\"><img decoding=\"async\" src=\"https:\/\/blog.uclm.es\/apghaclm\/wp-content\/themes\/twentynineteen\/images\/pattern_02.jpg\" alt=\"Degradado\" style=\"object-position:50% 50%\" \/><\/figure><div class=\"wp-block-media-text__content\">\n<h3 class=\"wp-block-heading\">Vocal<\/h3>\n\n\n\n<p>En construcci\u00f3n<\/p>\n<\/div><\/div>\n","protected":false},"excerpt":{"rendered":"<p>Presidente\/a En construcci\u00f3n Secretario\/a En construcci\u00f3n Tesorero\/a En construcci\u00f3n Vocal En construcci\u00f3n Vocal En construcci\u00f3n Vocal En construcci\u00f3n Vocal En construcci\u00f3n Vocal En construcci\u00f3n<\/p>\n","protected":false},"author":242,"featured_media":0,"parent":0,"menu_order":0,"comment_status":"closed","ping_status":"closed","template":"","meta":{"footnotes":""},"class_list":["post-99","page","type-page","status-publish","hentry"],"_links":{"self":[{"href":"https:\/\/blog.uclm.es\/apghaclm\/wp-json\/wp\/v2\/pages\/99","targetHints":{"allow":["GET"]}}],"collection":[{"href":"https:\/\/blog.uclm.es\/apghaclm\/wp-json\/wp\/v2\/pages"}],"about":[{"href":"https:\/\/blog.uclm.es\/apghaclm\/wp-json\/wp\/v2\/types\/page"}],"author":[{"embeddable":true,"href":"https:\/\/blog.uclm.es\/apghaclm\/wp-json\/wp\/v2\/users\/242"}],"replies":[{"embeddable":true,"href":"https:\/\/blog.uclm.es\/apghaclm\/wp-json\/wp\/v2\/comments?post=99"}],"version-history":[{"count":3,"href":"https:\/\/blog.uclm.es\/apghaclm\/wp-json\/wp\/v2\/pages\/99\/revisions"}],"predecessor-version":[{"id":202,"href":"https:\/\/blog.uclm.es\/apghaclm\/wp-json\/wp\/v2\/pages\/99\/revisions\/202"}],"wp:attachment":[{"href":"https:\/\/blog.uclm.es\/apghaclm\/wp-json\/wp\/v2\/media?parent=99"}],"curies":[{"name":"wp","href":"https:\/\/api.w.org\/{rel}","templated":true}]}}