{"id":38,"date":"2025-03-10T22:13:52","date_gmt":"2025-03-10T21:13:52","guid":{"rendered":"https:\/\/blog.uclm.es\/apghaclm\/?page_id=38"},"modified":"2025-03-11T19:57:10","modified_gmt":"2025-03-11T18:57:10","slug":"asociacion-de-profesores-de-geografia-historia-e-historia-del-arte-de-castilla-la-mancha","status":"publish","type":"page","link":"https:\/\/blog.uclm.es\/apghaclm\/asociate\/asociacion-de-profesores-de-geografia-historia-e-historia-del-arte-de-castilla-la-mancha\/","title":{"rendered":"Actividades"},"content":{"rendered":"\n<div class=\"wp-block-query is-layout-flow wp-block-query-is-layout-flow\"><ul class=\"wp-block-post-template is-layout-grid wp-container-core-post-template-is-layout-424c85b4 wp-block-post-template-is-layout-grid\"><li class=\"wp-block-post post-267 post type-post status-publish format-standard has-post-thumbnail hentry category-seminario\">\n\n<div class=\"wp-block-group post-item wp-elements-75ac2cd093bb858b3fca018c21fefe8c is-vertical is-content-justification-left is-layout-flex wp-container-core-group-is-layout-8224d2fb wp-block-group-is-layout-flex\" style=\"padding-top:10px;padding-right:10px;padding-bottom:10px;padding-left:10px\"><figure style=\"aspect-ratio:1;width:200px;height:200px;\" class=\"wp-block-post-featured-image wp-duotone-unset-1\"><a href=\"https:\/\/blog.uclm.es\/apghaclm\/2025\/04\/10\/ciencia-circular-individuos-y-gentes-de-cuenca-en-conflicto-durante-la-edad-moderna-ss-xvi-xviii\/\" target=\"_self\"  style=\"height:200px\"><img loading=\"lazy\" decoding=\"async\" width=\"660\" height=\"423\" src=\"https:\/\/blog.uclm.es\/apghaclm\/wp-content\/uploads\/sites\/316\/2025\/05\/cienciacircular.jpg\" class=\"attachment-full size-full wp-post-image\" alt=\"Ciencia circular: Individuos y gentes de cuenca en conflicto durante la Edad Moderna, ss. XVI-XVIII\" style=\"width:100%;height:100%;object-fit:cover;\" srcset=\"https:\/\/blog.uclm.es\/apghaclm\/wp-content\/uploads\/sites\/316\/2025\/05\/cienciacircular.jpg 660w, https:\/\/blog.uclm.es\/apghaclm\/wp-content\/uploads\/sites\/316\/2025\/05\/cienciacircular-300x192.jpg 300w\" sizes=\"auto, 100vw\" \/><\/a><\/figure>\n\n<h2 style=\"font-size:18px;font-style:normal;font-weight:600;line-height:1.3; margin-bottom:8px;\" class=\"wp-block-post-title\"><a href=\"https:\/\/blog.uclm.es\/apghaclm\/2025\/04\/10\/ciencia-circular-individuos-y-gentes-de-cuenca-en-conflicto-durante-la-edad-moderna-ss-xvi-xviii\/\" target=\"_self\" >Ciencia circular: Individuos y gentes de cuenca en conflicto durante la Edad Moderna, ss. XVI-XVIII<\/a><\/h2>\n\n<div style=\"font-size:13px; margin-bottom:10px;\" class=\"wp-block-post-date\"><time datetime=\"2025-04-10T12:40:44+02:00\">10 de abril de 2025<\/time><\/div>\n\n<div style=\"font-size:14px;line-height:1.6;\" class=\"wp-block-post-excerpt\"><p class=\"wp-block-post-excerpt__excerpt\">Individuos y gentes de cuenca en conflicto durante la Edad Moderna, ss. XVI-XVIII.V\u00edctor Alberto Garc\u00eda Heras y \u00c1lvaro S\u00e1nchez L\u00f3pez&hellip; <\/p><\/div><\/div>\n\n<\/li><li class=\"wp-block-post post-238 post type-post status-publish format-standard has-post-thumbnail hentry category-asociacion\">\n\n<div class=\"wp-block-group post-item wp-elements-75ac2cd093bb858b3fca018c21fefe8c is-vertical is-content-justification-left is-layout-flex wp-container-core-group-is-layout-8224d2fb wp-block-group-is-layout-flex\" style=\"padding-top:10px;padding-right:10px;padding-bottom:10px;padding-left:10px\"><figure style=\"aspect-ratio:1;width:200px;height:200px;\" class=\"wp-block-post-featured-image wp-duotone-unset-2\"><a href=\"https:\/\/blog.uclm.es\/apghaclm\/2025\/03\/11\/convocatoria-asamblea-apgha-clm\/\" target=\"_self\"  style=\"height:200px\"><img loading=\"lazy\" decoding=\"async\" width=\"1024\" height=\"1024\" src=\"https:\/\/blog.uclm.es\/apghaclm\/wp-content\/uploads\/sites\/316\/2025\/03\/CONVOCATORIA.webp\" class=\"attachment-full size-full wp-post-image\" alt=\"Convocatoria Asamblea\" style=\"width:100%;height:100%;object-fit:cover;\" srcset=\"https:\/\/blog.uclm.es\/apghaclm\/wp-content\/uploads\/sites\/316\/2025\/03\/CONVOCATORIA.webp 1024w, https:\/\/blog.uclm.es\/apghaclm\/wp-content\/uploads\/sites\/316\/2025\/03\/CONVOCATORIA-300x300.webp 300w, https:\/\/blog.uclm.es\/apghaclm\/wp-content\/uploads\/sites\/316\/2025\/03\/CONVOCATORIA-150x150.webp 150w, https:\/\/blog.uclm.es\/apghaclm\/wp-content\/uploads\/sites\/316\/2025\/03\/CONVOCATORIA-768x768.webp 768w, https:\/\/blog.uclm.es\/apghaclm\/wp-content\/uploads\/sites\/316\/2025\/03\/CONVOCATORIA-100x100.webp 100w\" sizes=\"auto, 100vw\" \/><\/a><\/figure>\n\n<h2 style=\"font-size:18px;font-style:normal;font-weight:600;line-height:1.3; margin-bottom:8px;\" class=\"wp-block-post-title\"><a href=\"https:\/\/blog.uclm.es\/apghaclm\/2025\/03\/11\/convocatoria-asamblea-apgha-clm\/\" target=\"_self\" >Convocatoria Asamblea<\/a><\/h2>\n\n<div style=\"font-size:13px; margin-bottom:10px;\" class=\"wp-block-post-date\"><time datetime=\"2025-03-11T21:08:12+01:00\">11 de marzo de 2025<\/time><\/div>\n\n<div style=\"font-size:14px;line-height:1.6;\" class=\"wp-block-post-excerpt\"><p class=\"wp-block-post-excerpt__excerpt\">CONVOCATORIA DE ASAMBLEA GENERAL ORDINARIA&nbsp; Por la presente, se convoca a los interesados e inscritos en la Asociaci\u00f3n de Profesores&hellip; <\/p><\/div><\/div>\n\n<\/li><li class=\"wp-block-post post-250 post type-post status-publish format-standard has-post-thumbnail hentry category-sin-categoria\">\n\n<div class=\"wp-block-group post-item wp-elements-75ac2cd093bb858b3fca018c21fefe8c is-vertical is-content-justification-left is-layout-flex wp-container-core-group-is-layout-8224d2fb wp-block-group-is-layout-flex\" style=\"padding-top:10px;padding-right:10px;padding-bottom:10px;padding-left:10px\"><figure style=\"aspect-ratio:1;width:200px;height:200px;\" class=\"wp-block-post-featured-image wp-duotone-unset-3\"><a href=\"https:\/\/blog.uclm.es\/apghaclm\/2025\/03\/07\/taller-conectamos-con-el-pasado\/\" target=\"_self\"  style=\"height:200px\"><img loading=\"lazy\" decoding=\"async\" width=\"1017\" height=\"649\" src=\"https:\/\/blog.uclm.es\/apghaclm\/wp-content\/uploads\/sites\/316\/2025\/03\/Pasado1.jpg\" class=\"attachment-full size-full wp-post-image\" alt=\"Taller: Conectamos con el pasado\" style=\"width:100%;height:100%;object-fit:cover;\" srcset=\"https:\/\/blog.uclm.es\/apghaclm\/wp-content\/uploads\/sites\/316\/2025\/03\/Pasado1.jpg 1017w, https:\/\/blog.uclm.es\/apghaclm\/wp-content\/uploads\/sites\/316\/2025\/03\/Pasado1-300x191.jpg 300w, https:\/\/blog.uclm.es\/apghaclm\/wp-content\/uploads\/sites\/316\/2025\/03\/Pasado1-768x490.jpg 768w\" sizes=\"auto, 100vw\" \/><\/a><\/figure>\n\n<h2 style=\"font-size:18px;font-style:normal;font-weight:600;line-height:1.3; margin-bottom:8px;\" class=\"wp-block-post-title\"><a href=\"https:\/\/blog.uclm.es\/apghaclm\/2025\/03\/07\/taller-conectamos-con-el-pasado\/\" target=\"_self\" >Taller: Conectamos con el pasado<\/a><\/h2>\n\n<div style=\"font-size:13px; margin-bottom:10px;\" class=\"wp-block-post-date\"><time datetime=\"2025-03-07T20:36:50+01:00\">7 de marzo de 2025<\/time><\/div>\n\n<div style=\"font-size:14px;line-height:1.6;\" class=\"wp-block-post-excerpt\"><p class=\"wp-block-post-excerpt__excerpt\">Taller de investigaci\u00f3n Historia Social de las Mujeres\u00abConectamos con el pasado\u00bbImpartido por Carmen Hern\u00e1ndez L\u00f3pez (SEHISP)7 de marzo de 2025&hellip; <\/p><\/div><\/div>\n\n<\/li><li class=\"wp-block-post post-91 post type-post status-publish format-standard has-post-thumbnail hentry category-seminario\">\n\n<div class=\"wp-block-group post-item wp-elements-75ac2cd093bb858b3fca018c21fefe8c is-vertical is-content-justification-left is-layout-flex wp-container-core-group-is-layout-8224d2fb wp-block-group-is-layout-flex\" style=\"padding-top:10px;padding-right:10px;padding-bottom:10px;padding-left:10px\"><figure style=\"aspect-ratio:1;width:200px;height:200px;\" class=\"wp-block-post-featured-image wp-duotone-unset-4\"><a href=\"https:\/\/blog.uclm.es\/apghaclm\/2025\/01\/13\/prueba76\/\" target=\"_self\"  style=\"height:200px\"><img loading=\"lazy\" decoding=\"async\" width=\"522\" height=\"266\" src=\"https:\/\/blog.uclm.es\/apghaclm\/wp-content\/uploads\/sites\/316\/2025\/03\/SemInnovEnero.jpg\" class=\"attachment-full size-full wp-post-image\" alt=\"Seminario: Innovaci\u00f3n y experiencias en el aula\" style=\"width:100%;height:100%;object-fit:cover;\" srcset=\"https:\/\/blog.uclm.es\/apghaclm\/wp-content\/uploads\/sites\/316\/2025\/03\/SemInnovEnero.jpg 522w, https:\/\/blog.uclm.es\/apghaclm\/wp-content\/uploads\/sites\/316\/2025\/03\/SemInnovEnero-300x153.jpg 300w\" sizes=\"auto, 100vw\" \/><\/a><\/figure>\n\n<h2 style=\"font-size:18px;font-style:normal;font-weight:600;line-height:1.3; margin-bottom:8px;\" class=\"wp-block-post-title\"><a href=\"https:\/\/blog.uclm.es\/apghaclm\/2025\/01\/13\/prueba76\/\" target=\"_self\" >Seminario: Innovaci\u00f3n y experiencias en el aula<\/a><\/h2>\n\n<div style=\"font-size:13px; margin-bottom:10px;\" class=\"wp-block-post-date\"><time datetime=\"2025-01-13T01:03:00+01:00\">13 de enero de 2025<\/time><\/div>\n\n<div style=\"font-size:14px;line-height:1.6;\" class=\"wp-block-post-excerpt\"><p class=\"wp-block-post-excerpt__excerpt\">Seminario:Innovaci\u00f3n y experiencias en el aula para la formaci\u00f3n del profesorado de Geograf\u00eda, Historia e Historia del Arte en Educaci\u00f3n&hellip; <\/p><\/div><\/div>\n\n<\/li><li class=\"wp-block-post post-258 post type-post status-publish format-standard has-post-thumbnail hentry category-sin-categoria\">\n\n<div class=\"wp-block-group post-item wp-elements-75ac2cd093bb858b3fca018c21fefe8c is-vertical is-content-justification-left is-layout-flex wp-container-core-group-is-layout-8224d2fb wp-block-group-is-layout-flex\" style=\"padding-top:10px;padding-right:10px;padding-bottom:10px;padding-left:10px\"><figure style=\"aspect-ratio:1;width:200px;height:200px;\" class=\"wp-block-post-featured-image wp-duotone-unset-5\"><a href=\"https:\/\/blog.uclm.es\/apghaclm\/2024\/11\/27\/jornadas-educativas-los-legados-del-hambre-en-la-historia-contemporanea-de-europa\/\" target=\"_self\"  style=\"height:200px\"><img loading=\"lazy\" decoding=\"async\" width=\"947\" height=\"642\" src=\"https:\/\/blog.uclm.es\/apghaclm\/wp-content\/uploads\/sites\/316\/2025\/03\/legado1.jpg\" class=\"attachment-full size-full wp-post-image\" alt=\"Jornadas educativas: Los legados del hambre en la Historia Contempor\u00e1nea de Europa\" style=\"width:100%;height:100%;object-fit:cover;\" srcset=\"https:\/\/blog.uclm.es\/apghaclm\/wp-content\/uploads\/sites\/316\/2025\/03\/legado1.jpg 947w, https:\/\/blog.uclm.es\/apghaclm\/wp-content\/uploads\/sites\/316\/2025\/03\/legado1-300x203.jpg 300w, https:\/\/blog.uclm.es\/apghaclm\/wp-content\/uploads\/sites\/316\/2025\/03\/legado1-768x521.jpg 768w\" sizes=\"auto, 100vw\" \/><\/a><\/figure>\n\n<h2 style=\"font-size:18px;font-style:normal;font-weight:600;line-height:1.3; margin-bottom:8px;\" class=\"wp-block-post-title\"><a href=\"https:\/\/blog.uclm.es\/apghaclm\/2024\/11\/27\/jornadas-educativas-los-legados-del-hambre-en-la-historia-contemporanea-de-europa\/\" target=\"_self\" >Jornadas educativas: Los legados del hambre en la Historia Contempor\u00e1nea de Europa<\/a><\/h2>\n\n<div style=\"font-size:13px; margin-bottom:10px;\" class=\"wp-block-post-date\"><time datetime=\"2024-11-27T20:49:04+01:00\">27 de noviembre de 2024<\/time><\/div>\n\n<div style=\"font-size:14px;line-height:1.6;\" class=\"wp-block-post-excerpt\"><p class=\"wp-block-post-excerpt__excerpt\">Jornadas organizadas desde el proyecto internacional \u201cHeritages of Hunger\u201d (Legados del Hambre, HoH), financiado por el Consejo de Investigaci\u00f3n Neerland\u00e9s,&hellip; <\/p><\/div><\/div>\n\n<\/li><li class=\"wp-block-post post-115 post type-post status-publish format-standard has-post-thumbnail hentry category-seminario\">\n\n<div class=\"wp-block-group post-item wp-elements-75ac2cd093bb858b3fca018c21fefe8c is-vertical is-content-justification-left is-layout-flex wp-container-core-group-is-layout-8224d2fb wp-block-group-is-layout-flex\" style=\"padding-top:10px;padding-right:10px;padding-bottom:10px;padding-left:10px\"><figure style=\"aspect-ratio:1;width:200px;height:200px;\" class=\"wp-block-post-featured-image wp-duotone-unset-6\"><a href=\"https:\/\/blog.uclm.es\/apghaclm\/2024\/11\/07\/prueba66\/\" target=\"_self\"  style=\"height:200px\"><img loading=\"lazy\" decoding=\"async\" width=\"904\" height=\"556\" src=\"https:\/\/blog.uclm.es\/apghaclm\/wp-content\/uploads\/sites\/316\/2025\/03\/semiNarra.jpg\" class=\"attachment-full size-full wp-post-image\" alt=\"Seminario: Narrativas alternativas y desigualdad en la ense\u00f1anza de la Historia (SS. XVI-XX)\" style=\"width:100%;height:100%;object-fit:cover;\" srcset=\"https:\/\/blog.uclm.es\/apghaclm\/wp-content\/uploads\/sites\/316\/2025\/03\/semiNarra.jpg 904w, https:\/\/blog.uclm.es\/apghaclm\/wp-content\/uploads\/sites\/316\/2025\/03\/semiNarra-300x185.jpg 300w, https:\/\/blog.uclm.es\/apghaclm\/wp-content\/uploads\/sites\/316\/2025\/03\/semiNarra-768x472.jpg 768w\" sizes=\"auto, 100vw\" \/><\/a><\/figure>\n\n<h2 style=\"font-size:18px;font-style:normal;font-weight:600;line-height:1.3; margin-bottom:8px;\" class=\"wp-block-post-title\"><a href=\"https:\/\/blog.uclm.es\/apghaclm\/2024\/11\/07\/prueba66\/\" target=\"_self\" >Seminario: Narrativas alternativas y desigualdad en la ense\u00f1anza de la Historia (SS. XVI-XX)<\/a><\/h2>\n\n<div style=\"font-size:13px; margin-bottom:10px;\" class=\"wp-block-post-date\"><time datetime=\"2024-11-07T08:38:00+01:00\">7 de noviembre de 2024<\/time><\/div>\n\n<div style=\"font-size:14px;line-height:1.6;\" class=\"wp-block-post-excerpt\"><p class=\"wp-block-post-excerpt__excerpt\">\u00a0 Seminario : Narrativas alternativas y desigualdad en la ense\u00f1anza de la historia (ss. XVI-XX). Facultad de Educaci\u00f3n de Albacete.&hellip; <\/p><\/div><\/div>\n\n<\/li><\/ul>\n\n<nav class=\"has-link-color alignwide wp-elements-11fd99807a3eb19e9257c9f3c66e250e wp-block-query-pagination is-content-justification-space-between is-layout-flex wp-container-core-query-pagination-is-layout-3d213aab wp-block-query-pagination-is-layout-flex\" aria-label=\"Paginaci\u00f3n\">\n\n\n<div class=\"wp-block-query-pagination-numbers\"><span aria-current=\"page\" class=\"page-numbers current\">1<\/span>\n<a class=\"page-numbers\" href=\"?query-18-page=2\">2<\/a><\/div>\n\n<a href=\"\/apghaclm\/wp-json\/wp\/v2\/pages\/38?query-18-page=2\" class=\"wp-block-query-pagination-next has-small-font-size\">P\u00e1gina siguiente<span class='wp-block-query-pagination-next-arrow is-arrow-arrow' aria-hidden='true'>\u2192<\/span><\/a>\n<\/nav><\/div>\n","protected":false},"excerpt":{"rendered":"","protected":false},"author":242,"featured_media":0,"parent":130,"menu_order":0,"comment_status":"closed","ping_status":"closed","template":"","meta":{"footnotes":""},"class_list":["post-38","page","type-page","status-publish","hentry"],"_links":{"self":[{"href":"https:\/\/blog.uclm.es\/apghaclm\/wp-json\/wp\/v2\/pages\/38","targetHints":{"allow":["GET"]}}],"collection":[{"href":"https:\/\/blog.uclm.es\/apghaclm\/wp-json\/wp\/v2\/pages"}],"about":[{"href":"https:\/\/blog.uclm.es\/apghaclm\/wp-json\/wp\/v2\/types\/page"}],"author":[{"embeddable":true,"href":"https:\/\/blog.uclm.es\/apghaclm\/wp-json\/wp\/v2\/users\/242"}],"replies":[{"embeddable":true,"href":"https:\/\/blog.uclm.es\/apghaclm\/wp-json\/wp\/v2\/comments?post=38"}],"version-history":[{"count":33,"href":"https:\/\/blog.uclm.es\/apghaclm\/wp-json\/wp\/v2\/pages\/38\/revisions"}],"predecessor-version":[{"id":190,"href":"https:\/\/blog.uclm.es\/apghaclm\/wp-json\/wp\/v2\/pages\/38\/revisions\/190"}],"up":[{"embeddable":true,"href":"https:\/\/blog.uclm.es\/apghaclm\/wp-json\/wp\/v2\/pages\/130"}],"wp:attachment":[{"href":"https:\/\/blog.uclm.es\/apghaclm\/wp-json\/wp\/v2\/media?parent=38"}],"curies":[{"name":"wp","href":"https:\/\/api.w.org\/{rel}","templated":true}]}}