{"id":198,"date":"2025-03-11T20:02:39","date_gmt":"2025-03-11T19:02:39","guid":{"rendered":"https:\/\/blog.uclm.es\/apghaclm\/?page_id=198"},"modified":"2025-03-11T20:02:39","modified_gmt":"2025-03-11T19:02:39","slug":"contacto","status":"publish","type":"page","link":"https:\/\/blog.uclm.es\/apghaclm\/contacto\/","title":{"rendered":"Contacto"},"content":{"rendered":"\n<h3 class=\"wp-block-heading\"><strong>\ud83d\udcde Contacto<\/strong><\/h3>\n\n\n\n<p>\u00bfTienes alguna duda, sugerencia o quieres m\u00e1s informaci\u00f3n sobre nuestra asociaci\u00f3n? \u00a1Estamos aqu\u00ed para ayudarte!<\/p>\n\n\n\n<p>Puedes ponerte en contacto con nosotros a trav\u00e9s de los siguientes medios:<\/p>\n\n\n\n<p>\ud83d\udccd <strong>Direcci\u00f3n:<\/strong><br>Facultad de Humanidades de Albacete<br>Despacho 130, Seminario de Historia Social de la Poblaci\u00f3n<br>C\/ Campus Universitario de Albacete, s\/n<br>02071, Albacete<\/p>\n\n\n\n<p>\ud83d\udce7 <strong>Correo electr\u00f3nico:<\/strong><br>\u2709\ufe0f <a>aphgaclm@gmail.com<\/a><\/p>\n\n\n\n<p>\ud83d\udcf1 <strong>Redes sociales:<\/strong><br>\ud83d\udd39 Facebook: [Enlace a la p\u00e1gina de Facebook]<br>\ud83d\udd39 Twitter: [Enlace a la cuenta de Twitter]<br>\ud83d\udd39 Instagram: [Enlace a la cuenta de Instagram]<\/p>\n","protected":false},"excerpt":{"rendered":"<p>\ud83d\udcde Contacto \u00bfTienes alguna duda, sugerencia o quieres m\u00e1s informaci\u00f3n sobre nuestra asociaci\u00f3n? \u00a1Estamos aqu\u00ed para ayudarte! Puedes ponerte en contacto con nosotros a trav\u00e9s de los siguientes medios: \ud83d\udccd Direcci\u00f3n:Facultad de Humanidades de AlbaceteDespacho 130, Seminario de Historia Social de la Poblaci\u00f3nC\/ Campus Universitario de Albacete, s\/n02071, Albacete \ud83d\udce7 Correo electr\u00f3nico:\u2709\ufe0f aphgaclm@gmail.com \ud83d\udcf1 Redes &hellip; <\/p>\n<p class=\"link-more\"><a href=\"https:\/\/blog.uclm.es\/apghaclm\/contacto\/\" class=\"more-link\">Continuar leyendo<span class=\"screen-reader-text\"> \u00abContacto\u00bb<\/span><\/a><\/p>\n","protected":false},"author":242,"featured_media":0,"parent":0,"menu_order":0,"comment_status":"closed","ping_status":"closed","template":"","meta":{"footnotes":""},"class_list":["post-198","page","type-page","status-publish","hentry"],"_links":{"self":[{"href":"https:\/\/blog.uclm.es\/apghaclm\/wp-json\/wp\/v2\/pages\/198","targetHints":{"allow":["GET"]}}],"collection":[{"href":"https:\/\/blog.uclm.es\/apghaclm\/wp-json\/wp\/v2\/pages"}],"about":[{"href":"https:\/\/blog.uclm.es\/apghaclm\/wp-json\/wp\/v2\/types\/page"}],"author":[{"embeddable":true,"href":"https:\/\/blog.uclm.es\/apghaclm\/wp-json\/wp\/v2\/users\/242"}],"replies":[{"embeddable":true,"href":"https:\/\/blog.uclm.es\/apghaclm\/wp-json\/wp\/v2\/comments?post=198"}],"version-history":[{"count":1,"href":"https:\/\/blog.uclm.es\/apghaclm\/wp-json\/wp\/v2\/pages\/198\/revisions"}],"predecessor-version":[{"id":199,"href":"https:\/\/blog.uclm.es\/apghaclm\/wp-json\/wp\/v2\/pages\/198\/revisions\/199"}],"wp:attachment":[{"href":"https:\/\/blog.uclm.es\/apghaclm\/wp-json\/wp\/v2\/media?parent=198"}],"curies":[{"name":"wp","href":"https:\/\/api.w.org\/{rel}","templated":true}]}}