{"id":174,"date":"2025-03-11T19:21:41","date_gmt":"2025-03-11T18:21:41","guid":{"rendered":"https:\/\/blog.uclm.es\/apghaclm\/?page_id=174"},"modified":"2025-03-11T20:33:16","modified_gmt":"2025-03-11T19:33:16","slug":"ultimas-noticias","status":"publish","type":"page","link":"https:\/\/blog.uclm.es\/apghaclm\/","title":{"rendered":"\u00daltimas noticias"},"content":{"rendered":"\n<div class=\"wp-block-group alignfull\" style=\"padding-top:0px;padding-bottom:var(--wp--custom--spacing--small, 1.25rem)\"><div class=\"wp-block-group__inner-container is-layout-constrained wp-block-group-is-layout-constrained\">\n<div class=\"wp-block-columns alignwide is-layout-flex wp-container-core-columns-is-layout-adfb9f59 wp-block-columns-is-layout-flex\" style=\"margin-top:0px;margin-bottom:0px\">\n<div class=\"wp-block-column is-layout-flow wp-block-column-is-layout-flow\" style=\"flex-basis:100%\">\n<div class=\"wp-block-query is-layout-flow wp-block-query-is-layout-flow\"><ul class=\"wp-block-post-template is-layout-flow wp-block-post-template-is-layout-flow\"><li class=\"wp-block-post post-267 post type-post status-publish format-standard has-post-thumbnail hentry category-seminario\">\n\n<div class=\"wp-block-columns alignwide is-layout-flex wp-container-core-columns-is-layout-9d6595d7 wp-block-columns-is-layout-flex\">\n<div class=\"wp-block-column is-layout-flow wp-block-column-is-layout-flow\" style=\"flex-basis:45%\"><figure style=\"aspect-ratio:4\/3;\" class=\"wp-block-post-featured-image\"><a href=\"https:\/\/blog.uclm.es\/apghaclm\/2025\/04\/10\/ciencia-circular-individuos-y-gentes-de-cuenca-en-conflicto-durante-la-edad-moderna-ss-xvi-xviii\/\" target=\"_self\"  ><img loading=\"lazy\" decoding=\"async\" width=\"660\" height=\"423\" src=\"https:\/\/blog.uclm.es\/apghaclm\/wp-content\/uploads\/sites\/316\/2025\/05\/cienciacircular.jpg\" class=\"attachment-post-thumbnail size-post-thumbnail wp-post-image\" alt=\"Ciencia circular: Individuos y gentes de cuenca en conflicto durante la Edad Moderna, ss. XVI-XVIII\" style=\"width:100%;height:100%;object-fit:cover;\" srcset=\"https:\/\/blog.uclm.es\/apghaclm\/wp-content\/uploads\/sites\/316\/2025\/05\/cienciacircular.jpg 660w, https:\/\/blog.uclm.es\/apghaclm\/wp-content\/uploads\/sites\/316\/2025\/05\/cienciacircular-300x192.jpg 300w\" sizes=\"auto, 100vw\" \/><\/a><\/figure><\/div>\n\n\n\n<div class=\"wp-block-column is-layout-flow wp-block-column-is-layout-flow\"><h2 style=\"font-style:normal;font-weight:400; margin-top:0px;margin-right:0px;margin-bottom:15px;margin-left:0px;\" class=\"has-link-color wp-elements-d91bc216b1002951e8d5246e1cb2d04d wp-block-post-title has-medium-font-size has-system-font-font-family\"><a href=\"https:\/\/blog.uclm.es\/apghaclm\/2025\/04\/10\/ciencia-circular-individuos-y-gentes-de-cuenca-en-conflicto-durante-la-edad-moderna-ss-xvi-xviii\/\" target=\"_self\" >Ciencia circular: Individuos y gentes de cuenca en conflicto durante la Edad Moderna, ss. XVI-XVIII<\/a><\/h2>\n\n<div style=\"font-style:normal;font-weight:400; margin-top:0px;margin-right:0px;margin-bottom:15px;margin-left:0px;\" class=\"has-link-color wp-elements-b58fcddc3d8c7169a3e5b7e3bd0fe4f3 wp-block-post-date has-small-font-size has-system-font-font-family\"><time datetime=\"2025-04-10T12:40:44+02:00\">10 de abril de 2025<\/time><\/div>\n\n<div class=\"wp-block-post-excerpt\"><p class=\"wp-block-post-excerpt__excerpt\">Individuos y gentes de cuenca en conflicto durante la Edad Moderna, ss. XVI-XVIII.V\u00edctor Alberto Garc\u00eda Heras y \u00c1lvaro S\u00e1nchez L\u00f3pez de Vinuesa<\/p><p class=\"wp-block-post-excerpt__more-text\"><a class=\"wp-block-post-excerpt__more-link\" href=\"https:\/\/blog.uclm.es\/apghaclm\/2025\/04\/10\/ciencia-circular-individuos-y-gentes-de-cuenca-en-conflicto-durante-la-edad-moderna-ss-xvi-xviii\/\"><br>Leer m\u00e1s<\/a><\/p><\/div><\/div>\n<\/div>\n\n\n\n<hr class=\"wp-block-separator has-css-opacity is-style-wide\" \/>\n\n<\/li><li class=\"wp-block-post post-238 post type-post status-publish format-standard has-post-thumbnail hentry category-asociacion\">\n\n<div class=\"wp-block-columns alignwide is-layout-flex wp-container-core-columns-is-layout-9d6595d7 wp-block-columns-is-layout-flex\">\n<div class=\"wp-block-column is-layout-flow wp-block-column-is-layout-flow\" style=\"flex-basis:45%\"><figure style=\"aspect-ratio:4\/3;\" class=\"wp-block-post-featured-image\"><a href=\"https:\/\/blog.uclm.es\/apghaclm\/2025\/03\/11\/convocatoria-asamblea-apgha-clm\/\" target=\"_self\"  ><img loading=\"lazy\" decoding=\"async\" width=\"1024\" height=\"1024\" src=\"https:\/\/blog.uclm.es\/apghaclm\/wp-content\/uploads\/sites\/316\/2025\/03\/CONVOCATORIA.webp\" class=\"attachment-post-thumbnail size-post-thumbnail wp-post-image\" alt=\"Convocatoria Asamblea\" style=\"width:100%;height:100%;object-fit:cover;\" srcset=\"https:\/\/blog.uclm.es\/apghaclm\/wp-content\/uploads\/sites\/316\/2025\/03\/CONVOCATORIA.webp 1024w, https:\/\/blog.uclm.es\/apghaclm\/wp-content\/uploads\/sites\/316\/2025\/03\/CONVOCATORIA-300x300.webp 300w, https:\/\/blog.uclm.es\/apghaclm\/wp-content\/uploads\/sites\/316\/2025\/03\/CONVOCATORIA-150x150.webp 150w, https:\/\/blog.uclm.es\/apghaclm\/wp-content\/uploads\/sites\/316\/2025\/03\/CONVOCATORIA-768x768.webp 768w, https:\/\/blog.uclm.es\/apghaclm\/wp-content\/uploads\/sites\/316\/2025\/03\/CONVOCATORIA-100x100.webp 100w\" sizes=\"auto, 100vw\" \/><\/a><\/figure><\/div>\n\n\n\n<div class=\"wp-block-column is-layout-flow wp-block-column-is-layout-flow\"><h2 style=\"font-style:normal;font-weight:400; margin-top:0px;margin-right:0px;margin-bottom:15px;margin-left:0px;\" class=\"has-link-color wp-elements-d91bc216b1002951e8d5246e1cb2d04d wp-block-post-title has-medium-font-size has-system-font-font-family\"><a href=\"https:\/\/blog.uclm.es\/apghaclm\/2025\/03\/11\/convocatoria-asamblea-apgha-clm\/\" target=\"_self\" >Convocatoria Asamblea<\/a><\/h2>\n\n<div style=\"font-style:normal;font-weight:400; margin-top:0px;margin-right:0px;margin-bottom:15px;margin-left:0px;\" class=\"has-link-color wp-elements-b58fcddc3d8c7169a3e5b7e3bd0fe4f3 wp-block-post-date has-small-font-size has-system-font-font-family\"><time datetime=\"2025-03-11T21:08:12+01:00\">11 de marzo de 2025<\/time><\/div>\n\n<div class=\"wp-block-post-excerpt\"><p class=\"wp-block-post-excerpt__excerpt\">CONVOCATORIA DE ASAMBLEA GENERAL ORDINARIA&nbsp; Por la presente, se convoca a los interesados e inscritos en la Asociaci\u00f3n de Profesores de Geograf\u00eda, Historia e Historia&hellip;<\/p><p class=\"wp-block-post-excerpt__more-text\"><a class=\"wp-block-post-excerpt__more-link\" href=\"https:\/\/blog.uclm.es\/apghaclm\/2025\/03\/11\/convocatoria-asamblea-apgha-clm\/\"><br>Leer m\u00e1s<\/a><\/p><\/div><\/div>\n<\/div>\n\n\n\n<hr class=\"wp-block-separator has-css-opacity is-style-wide\" \/>\n\n<\/li><li class=\"wp-block-post post-250 post type-post status-publish format-standard has-post-thumbnail hentry category-sin-categoria\">\n\n<div class=\"wp-block-columns alignwide is-layout-flex wp-container-core-columns-is-layout-9d6595d7 wp-block-columns-is-layout-flex\">\n<div class=\"wp-block-column is-layout-flow wp-block-column-is-layout-flow\" style=\"flex-basis:45%\"><figure style=\"aspect-ratio:4\/3;\" class=\"wp-block-post-featured-image\"><a href=\"https:\/\/blog.uclm.es\/apghaclm\/2025\/03\/07\/taller-conectamos-con-el-pasado\/\" target=\"_self\"  ><img loading=\"lazy\" decoding=\"async\" width=\"1017\" height=\"649\" src=\"https:\/\/blog.uclm.es\/apghaclm\/wp-content\/uploads\/sites\/316\/2025\/03\/Pasado1.jpg\" class=\"attachment-post-thumbnail size-post-thumbnail wp-post-image\" alt=\"Taller: Conectamos con el pasado\" style=\"width:100%;height:100%;object-fit:cover;\" srcset=\"https:\/\/blog.uclm.es\/apghaclm\/wp-content\/uploads\/sites\/316\/2025\/03\/Pasado1.jpg 1017w, https:\/\/blog.uclm.es\/apghaclm\/wp-content\/uploads\/sites\/316\/2025\/03\/Pasado1-300x191.jpg 300w, https:\/\/blog.uclm.es\/apghaclm\/wp-content\/uploads\/sites\/316\/2025\/03\/Pasado1-768x490.jpg 768w\" sizes=\"auto, 100vw\" \/><\/a><\/figure><\/div>\n\n\n\n<div class=\"wp-block-column is-layout-flow wp-block-column-is-layout-flow\"><h2 style=\"font-style:normal;font-weight:400; margin-top:0px;margin-right:0px;margin-bottom:15px;margin-left:0px;\" class=\"has-link-color wp-elements-d91bc216b1002951e8d5246e1cb2d04d wp-block-post-title has-medium-font-size has-system-font-font-family\"><a href=\"https:\/\/blog.uclm.es\/apghaclm\/2025\/03\/07\/taller-conectamos-con-el-pasado\/\" target=\"_self\" >Taller: Conectamos con el pasado<\/a><\/h2>\n\n<div style=\"font-style:normal;font-weight:400; margin-top:0px;margin-right:0px;margin-bottom:15px;margin-left:0px;\" class=\"has-link-color wp-elements-b58fcddc3d8c7169a3e5b7e3bd0fe4f3 wp-block-post-date has-small-font-size has-system-font-font-family\"><time datetime=\"2025-03-07T20:36:50+01:00\">7 de marzo de 2025<\/time><\/div>\n\n<div class=\"wp-block-post-excerpt\"><p class=\"wp-block-post-excerpt__excerpt\">Taller de investigaci\u00f3n Historia Social de las Mujeres\u00abConectamos con el pasado\u00bbImpartido por Carmen Hern\u00e1ndez L\u00f3pez (SEHISP)7 de marzo de 2025 en el IES Sor Juana&hellip;<\/p><p class=\"wp-block-post-excerpt__more-text\"><a class=\"wp-block-post-excerpt__more-link\" href=\"https:\/\/blog.uclm.es\/apghaclm\/2025\/03\/07\/taller-conectamos-con-el-pasado\/\"><br>Leer m\u00e1s<\/a><\/p><\/div><\/div>\n<\/div>\n\n\n\n<hr class=\"wp-block-separator has-css-opacity is-style-wide\" \/>\n\n<\/li><\/ul>\n\n<nav class=\"has-link-color alignwide wp-elements-11fd99807a3eb19e9257c9f3c66e250e wp-block-query-pagination is-content-justification-space-between is-layout-flex wp-container-core-query-pagination-is-layout-3d213aab wp-block-query-pagination-is-layout-flex\" aria-label=\"Paginaci\u00f3n\">\n\n\n<div class=\"wp-block-query-pagination-numbers\"><span aria-current=\"page\" class=\"page-numbers current\">1<\/span>\n<a class=\"page-numbers\" href=\"?query-24-page=2\">2<\/a>\n<a class=\"page-numbers\" href=\"?query-24-page=3\">3<\/a><\/div>\n\n<a href=\"\/apghaclm\/wp-json\/wp\/v2\/pages\/174?query-24-page=2\" class=\"wp-block-query-pagination-next has-small-font-size\">P\u00e1gina siguiente<span class='wp-block-query-pagination-next-arrow is-arrow-arrow' aria-hidden='true'>\u2192<\/span><\/a>\n<\/nav><\/div>\n<\/div>\n<\/div>\n<\/div><\/div>\n\n\n\n<p><\/p>\n","protected":false},"excerpt":{"rendered":"","protected":false},"author":242,"featured_media":0,"parent":0,"menu_order":0,"comment_status":"closed","ping_status":"closed","template":"","meta":{"footnotes":""},"class_list":["post-174","page","type-page","status-publish","hentry"],"_links":{"self":[{"href":"https:\/\/blog.uclm.es\/apghaclm\/wp-json\/wp\/v2\/pages\/174","targetHints":{"allow":["GET"]}}],"collection":[{"href":"https:\/\/blog.uclm.es\/apghaclm\/wp-json\/wp\/v2\/pages"}],"about":[{"href":"https:\/\/blog.uclm.es\/apghaclm\/wp-json\/wp\/v2\/types\/page"}],"author":[{"embeddable":true,"href":"https:\/\/blog.uclm.es\/apghaclm\/wp-json\/wp\/v2\/users\/242"}],"replies":[{"embeddable":true,"href":"https:\/\/blog.uclm.es\/apghaclm\/wp-json\/wp\/v2\/comments?post=174"}],"version-history":[{"count":11,"href":"https:\/\/blog.uclm.es\/apghaclm\/wp-json\/wp\/v2\/pages\/174\/revisions"}],"predecessor-version":[{"id":228,"href":"https:\/\/blog.uclm.es\/apghaclm\/wp-json\/wp\/v2\/pages\/174\/revisions\/228"}],"wp:attachment":[{"href":"https:\/\/blog.uclm.es\/apghaclm\/wp-json\/wp\/v2\/media?parent=174"}],"curies":[{"name":"wp","href":"https:\/\/api.w.org\/{rel}","templated":true}]}}