{"id":44,"date":"2014-03-20T10:12:40","date_gmt":"2014-03-20T09:12:40","guid":{"rendered":"http:\/\/blog.uclm.es\/antoniolconsuegra\/?page_id=44"},"modified":"2014-03-20T10:12:40","modified_gmt":"2014-03-20T09:12:40","slug":"docencia","status":"publish","type":"page","link":"https:\/\/blog.uclm.es\/antoniolconsuegra\/docencia\/","title":{"rendered":"Docencia\/Teaching"},"content":{"rendered":"<p>FACULTAD DE CIENCIAS Y TECNOLOG\u00cdAS QU\u00cdMICAS<br \/>\nUNIVERSIDAD DE CASTILLA LA MANCHA<\/p>\n<p><a href=\"http:\/\/www.uclm.es\/cr\/fquimicas\/indexr.htm\">GRADO EN INGENIER\u00cdA QU\u00cdMICA\u00a0\u00a0(CHEMICAL\u00a0ENGINEERING\u00a0DEGREE)<\/a><\/p>\n<p>&nbsp;<\/p>\n<p>-Mec\u00e1nica de Fluidos (Fluid Mechanics)<br \/>\n-Operaciones b\u00e1sicas de la industria alimentaria y farmac\u00e9utica (Unit operation in Food\u00a0and Pharmaceutical Industry)<br \/>\n-Energ\u00edas renovables y evaluaci\u00f3n energ\u00e9tica de procesos (Renewable energy tech. and energetic evaluation of\u00a0processes)<br \/>\n-Laboratorio Integrado de Procesos y de Productos (Practise Lab Pilot Plant)<\/p>\n<p><a href=\"https:\/\/muingq.masteruniversitario.uclm.es\/presentacion.aspx\">M\u00c1STER UNIVERSITARIO EN INGENIER\u00cdA QU\u00cdMICA<\/a>\u00a0(MASTER ON CHEMICAL ENGINEERING)<br \/>\n-Tecnolog\u00edas emergentes en Energ\u00eda y Medio Ambiente (New technologies on Environmental and Energy fields)<\/p>\n","protected":false},"excerpt":{"rendered":"<p>FACULTAD DE CIENCIAS Y TECNOLOG\u00cdAS QU\u00cdMICAS UNIVERSIDAD DE CASTILLA LA MANCHA GRADO EN INGENIER\u00cdA QU\u00cdMICA\u00a0\u00a0(CHEMICAL\u00a0ENGINEERING\u00a0DEGREE) &nbsp; -Mec\u00e1nica de Fluidos (Fluid Mechanics) -Operaciones b\u00e1sicas de la industria alimentaria y farmac\u00e9utica (Unit operation in Food\u00a0and Pharmaceutical Industry) -Energ\u00edas renovables y evaluaci\u00f3n energ\u00e9tica de procesos (Renewable energy tech. and energetic evaluation of\u00a0processes) -Laboratorio Integrado de Procesos y de [&hellip;]<\/p>\n","protected":false},"author":53,"featured_media":0,"parent":0,"menu_order":0,"comment_status":"closed","ping_status":"open","template":"","meta":{"footnotes":""},"class_list":["post-44","page","type-page","status-publish","hentry"],"_links":{"self":[{"href":"https:\/\/blog.uclm.es\/antoniolconsuegra\/wp-json\/wp\/v2\/pages\/44","targetHints":{"allow":["GET"]}}],"collection":[{"href":"https:\/\/blog.uclm.es\/antoniolconsuegra\/wp-json\/wp\/v2\/pages"}],"about":[{"href":"https:\/\/blog.uclm.es\/antoniolconsuegra\/wp-json\/wp\/v2\/types\/page"}],"author":[{"embeddable":true,"href":"https:\/\/blog.uclm.es\/antoniolconsuegra\/wp-json\/wp\/v2\/users\/53"}],"replies":[{"embeddable":true,"href":"https:\/\/blog.uclm.es\/antoniolconsuegra\/wp-json\/wp\/v2\/comments?post=44"}],"version-history":[{"count":0,"href":"https:\/\/blog.uclm.es\/antoniolconsuegra\/wp-json\/wp\/v2\/pages\/44\/revisions"}],"wp:attachment":[{"href":"https:\/\/blog.uclm.es\/antoniolconsuegra\/wp-json\/wp\/v2\/media?parent=44"}],"curies":[{"name":"wp","href":"https:\/\/api.w.org\/{rel}","templated":true}]}}