{"id":37,"date":"2014-03-20T10:04:49","date_gmt":"2014-03-20T09:04:49","guid":{"rendered":"http:\/\/blog.uclm.es\/antoniolconsuegra\/?page_id=37"},"modified":"2014-03-20T10:04:49","modified_gmt":"2014-03-20T09:04:49","slug":"link-de-interes","status":"publish","type":"page","link":"https:\/\/blog.uclm.es\/antoniolconsuegra\/link-de-interes\/","title":{"rendered":"Links de inter\u00e9s\/ Web site links of interest"},"content":{"rendered":"<p><a href=\"http:\/\/diq.uclm.es\/\">Departamento de Ingenier\u00eda Qu\u00edmica Universidad de Castilla La Mancha<\/a><\/p>\n<p><a href=\"http:\/\/www.uclm.es\/cr\/fquimicas\/indexr.htm\">Facultad de Ciencias y Tecnolog\u00edas Qu\u00edmicas Universidad de Castilla La Mancha<\/a><\/p>\n<p><a href=\"http:\/\/www.itquima.uclm.es\/\"><br \/>\nInstituto de Tecnolog\u00eda Qu\u00edmica y Medioambiental <\/a><\/p>\n<p><a href=\"http:\/\/www.secat.es\/\">Sociedad Espa\u00f1ola de Cat\u00e1lisis<\/a><\/p>\n<p><a href=\"http:\/\/copiqclm.com\/\">Colegio Oficial de Profesionales en Ingenier\u00eda Qu\u00edmica de Castilla La Mancha<\/a><\/p>\n","protected":false},"excerpt":{"rendered":"<p>Departamento de Ingenier\u00eda Qu\u00edmica Universidad de Castilla La Mancha Facultad de Ciencias y Tecnolog\u00edas Qu\u00edmicas Universidad de Castilla La Mancha Instituto de Tecnolog\u00eda Qu\u00edmica y Medioambiental Sociedad Espa\u00f1ola de Cat\u00e1lisis Colegio Oficial de Profesionales en Ingenier\u00eda Qu\u00edmica de Castilla La Mancha<\/p>\n","protected":false},"author":53,"featured_media":0,"parent":0,"menu_order":0,"comment_status":"closed","ping_status":"open","template":"","meta":{"footnotes":""},"class_list":["post-37","page","type-page","status-publish","hentry"],"_links":{"self":[{"href":"https:\/\/blog.uclm.es\/antoniolconsuegra\/wp-json\/wp\/v2\/pages\/37","targetHints":{"allow":["GET"]}}],"collection":[{"href":"https:\/\/blog.uclm.es\/antoniolconsuegra\/wp-json\/wp\/v2\/pages"}],"about":[{"href":"https:\/\/blog.uclm.es\/antoniolconsuegra\/wp-json\/wp\/v2\/types\/page"}],"author":[{"embeddable":true,"href":"https:\/\/blog.uclm.es\/antoniolconsuegra\/wp-json\/wp\/v2\/users\/53"}],"replies":[{"embeddable":true,"href":"https:\/\/blog.uclm.es\/antoniolconsuegra\/wp-json\/wp\/v2\/comments?post=37"}],"version-history":[{"count":0,"href":"https:\/\/blog.uclm.es\/antoniolconsuegra\/wp-json\/wp\/v2\/pages\/37\/revisions"}],"wp:attachment":[{"href":"https:\/\/blog.uclm.es\/antoniolconsuegra\/wp-json\/wp\/v2\/media?parent=37"}],"curies":[{"name":"wp","href":"https:\/\/api.w.org\/{rel}","templated":true}]}}