{"id":22,"date":"2014-03-18T13:42:17","date_gmt":"2014-03-18T12:42:17","guid":{"rendered":"http:\/\/blog.uclm.es\/antoniolconsuegra\/?page_id=22"},"modified":"2024-09-02T07:37:05","modified_gmt":"2024-09-02T07:37:05","slug":"un-espacio-sobre-mi","status":"publish","type":"page","link":"https:\/\/blog.uclm.es\/antoniolconsuegra\/un-espacio-sobre-mi\/","title":{"rendered":"Trayectoria"},"content":{"rendered":"<p><a href=\"https:\/\/blog.uclm.es\/antoniolconsuegra\/wp-content\/uploads\/sites\/20\/2018\/05\/foto-A.-de-lucas.jpg\"><img loading=\"lazy\" decoding=\"async\" class=\"alignnone size-medium wp-image-90\" src=\"https:\/\/blog.uclm.es\/antoniolconsuegra\/wp-content\/uploads\/sites\/20\/2018\/05\/foto-A.-de-lucas-300x288.jpg\" alt=\"\" width=\"300\" height=\"288\" srcset=\"https:\/\/blog.uclm.es\/antoniolconsuegra\/wp-content\/uploads\/sites\/20\/2018\/05\/foto-A.-de-lucas-300x288.jpg 300w, https:\/\/blog.uclm.es\/antoniolconsuegra\/wp-content\/uploads\/sites\/20\/2018\/05\/foto-A.-de-lucas-1024x983.jpg 1024w, https:\/\/blog.uclm.es\/antoniolconsuegra\/wp-content\/uploads\/sites\/20\/2018\/05\/foto-A.-de-lucas-768x738.jpg 768w, https:\/\/blog.uclm.es\/antoniolconsuegra\/wp-content\/uploads\/sites\/20\/2018\/05\/foto-A.-de-lucas-1536x1475.jpg 1536w, https:\/\/blog.uclm.es\/antoniolconsuegra\/wp-content\/uploads\/sites\/20\/2018\/05\/foto-A.-de-lucas-2048x1967.jpg 2048w, https:\/\/blog.uclm.es\/antoniolconsuegra\/wp-content\/uploads\/sites\/20\/2018\/05\/foto-A.-de-lucas-624x599.jpg 624w\" sizes=\"auto, (max-width: 300px) 100vw, 300px\" \/><\/a><\/p>\n<h1><a href=\"http:\/\/diq.uclm.es\/\"><strong>CATEDR\u00c1TICO DE UNIVERSIDAD <\/strong><\/a><\/h1>\n<h1><a href=\"http:\/\/diq.uclm.es\/\"><strong>DEPARTAMENTO DE INGENIER\u00cdA QU\u00cdMICA <\/strong><\/a><\/h1>\n<h1><a href=\"http:\/\/diq.uclm.es\/\"><strong>UNIVERSIDAD DE CASTILLA LA MANCHA<\/strong><\/a><\/h1>\n<p>-Ingeniero Qu\u00edmico y premio extraordinario Fin de Carrera por la Universidad de Castilla-la Mancha. Trabajo fin de carrera realizado en el campo de la cat\u00e1lisis heterog\u00e9nea\u00a0en la Universidad Estadounidense de Kentucky, Department of Chemical Engineering.<\/p>\n<p>-Tesis Doctoral realizada en el departamento de Ingenier\u00eda Qu\u00edmica en la Universidad de Castilla la Mancha (UCLM).\u00a0Calificaci\u00f3n de sobresaliente cum laude, menci\u00f3n de doctorado europeo y premio extraordinario de doctorado en la rama de ense\u00f1anzas t\u00e9cnicas de la UCLM. Beca del plan nacional de formaci\u00f3n de profesorado Universitario (FPU) (2004-2008).<\/p>\n<p>-Estancias de investigaci\u00f3n predoctorales en diversos centros y Universidades extranjeras: Dipartimento di Ingegnieria Chimica e Alimentare, Italia , 2002, Laboratoire d\u2019application de la Chimie a l\u2019environnement, Lyon, Francia, 2005 y 2006, Department of Chemical Engineering Univesity of Patras, Grecia, 2011 y Institut de Recherches Sur la Catalyse et l\u00b4environnement de Lyon, Lyon, Francia 2011. La duraci\u00f3n total de todas estas estancias en centros extranjeros ha sido superior a 1 a\u00f1o.<\/p>\n<p>-Estancia posdoctoral\u00a0de 6 meses en el Departamento de I+D de la Empresa Multinacional Francesa, Saint Gobain, trabajando en su centro de investigaci\u00f3n de Cavaillon (Francia).<\/p>\n<p>-Tres sexenios de investigaci\u00f3n y director de seisTesis doctorales en el campo de la electrocat\u00e1lisis.<\/p>\n<p>-Participaci\u00f3n en m\u00e1s de 40 proyectos de investigaci\u00f3n\u00a0 y autor de m\u00e1s de 100 art\u00edculos cient\u00edficos del JCR, de m\u00e1s de 150 contribuciones a congresos, de 13 cap\u00edtulos de libro tanto de docencia como de investigaci\u00f3n y de 3 patentes. Gran parte de las publicaciones cient\u00edficas han sido realizadas en colaboraci\u00f3n con los grupos punteros en el campo de la electrocat\u00e1lisis y promoci\u00f3n electroqu\u00edmica.<\/p>\n<p>-Investigador principal de varios proyectos de investigaci\u00f3n con financiaci\u00f3n tanto p\u00fablica como privada v\u00eda (ART. 83 LRU).<\/p>\n<p>Otras actividades a destacar son:<\/p>\n<p>-Participaci\u00f3n como evaluador en el panel de Aneca del programa ACREDITA PLUS (renovaci\u00f3n de Acreditaci\u00f3n y sello Eurace para Ingenier\u00edas)<\/p>\n<p>-Evaluador habitual de numerosas revistas indexadas en el JCR y miembro del comit\u00e9 cient\u00edfico y moderador de congresos Nacionales e Internacionales.<\/p>\n<p>-Autor de\u00a0 informes restringidos para Empresas<\/p>\n<p>-Evaluador de convocatorias Nacionales e Internacionales de proyectos de investigaci\u00f3n (Junta Andaluc\u00eda, Individual research Grants Israel, Veni Domain Science Netherlands Organisation for Scientific Research, Ministerio de Ciencia e Innovaci\u00f3n)<\/p>\n<p>-Evaluaci\u00f3n positiva y financiaci\u00f3n para la realizaci\u00f3n de experimentaci\u00f3n avanzada en el Sincrotr\u00f3n Alba Barcelona (8 al 13 Jul-2016)<\/p>\n<p>-Editor de la revista Journal of Chemistry (I.F.=3)<\/p>\n<h1>\u00a0<\/h1>\n<h1>\u00a0<\/h1>\n\n\n<p><\/p>\n","protected":false},"excerpt":{"rendered":"<p>CATEDR\u00c1TICO DE UNIVERSIDAD DEPARTAMENTO DE INGENIER\u00cdA QU\u00cdMICA UNIVERSIDAD DE CASTILLA LA MANCHA -Ingeniero Qu\u00edmico y premio extraordinario Fin de Carrera por la Universidad de Castilla-la Mancha. Trabajo fin de carrera realizado en el campo de la cat\u00e1lisis heterog\u00e9nea\u00a0en la Universidad Estadounidense de Kentucky, Department of Chemical Engineering. -Tesis Doctoral realizada en el departamento de Ingenier\u00eda [&hellip;]<\/p>\n","protected":false},"author":53,"featured_media":0,"parent":0,"menu_order":0,"comment_status":"closed","ping_status":"closed","template":"","meta":{"footnotes":""},"class_list":["post-22","page","type-page","status-publish","hentry"],"_links":{"self":[{"href":"https:\/\/blog.uclm.es\/antoniolconsuegra\/wp-json\/wp\/v2\/pages\/22","targetHints":{"allow":["GET"]}}],"collection":[{"href":"https:\/\/blog.uclm.es\/antoniolconsuegra\/wp-json\/wp\/v2\/pages"}],"about":[{"href":"https:\/\/blog.uclm.es\/antoniolconsuegra\/wp-json\/wp\/v2\/types\/page"}],"author":[{"embeddable":true,"href":"https:\/\/blog.uclm.es\/antoniolconsuegra\/wp-json\/wp\/v2\/users\/53"}],"replies":[{"embeddable":true,"href":"https:\/\/blog.uclm.es\/antoniolconsuegra\/wp-json\/wp\/v2\/comments?post=22"}],"version-history":[{"count":3,"href":"https:\/\/blog.uclm.es\/antoniolconsuegra\/wp-json\/wp\/v2\/pages\/22\/revisions"}],"predecessor-version":[{"id":166,"href":"https:\/\/blog.uclm.es\/antoniolconsuegra\/wp-json\/wp\/v2\/pages\/22\/revisions\/166"}],"wp:attachment":[{"href":"https:\/\/blog.uclm.es\/antoniolconsuegra\/wp-json\/wp\/v2\/media?parent=22"}],"curies":[{"name":"wp","href":"https:\/\/api.w.org\/{rel}","templated":true}]}}