{"id":121,"date":"2018-05-28T16:44:19","date_gmt":"2018-05-28T15:44:19","guid":{"rendered":"http:\/\/blog.uclm.es\/antoniolconsuegra\/?page_id=121"},"modified":"2018-05-28T16:44:19","modified_gmt":"2018-05-28T15:44:19","slug":"noticias-links-to-recent-news","status":"publish","type":"page","link":"https:\/\/blog.uclm.es\/antoniolconsuegra\/noticias-links-to-recent-news\/","title":{"rendered":"Noticias\/ Recent news"},"content":{"rendered":"<h1><strong>Seleccionado un art\u00edculo de investigaci\u00f3n del grupo de cat\u00e1lisis y materiales del departamento de Ingenier\u00eda Qu\u00edmica de la UCLM, como portada de la revista Electrocatalysis<\/strong><\/h1>\n<p>El trabajo de investigaci\u00f3n de los profesores del Departamento de Ingenier\u00eda Qu\u00edmica de la Facultad de Ciencias y Tecnolog\u00edas Qu\u00edmicas de la Universidad de Castilla La Mancha, Dr. Fernando Dorado, Dr. Antonio de Lucas Consuegra, Dra. Ana Raquel de la Osa y Dra. Ana Bel\u00e9n Calcerrada, ha sido seleccionado como portada de la revista cient\u00edfica Electrocatalysis. El trabajo de investigaci\u00f3n titulado \u201cStability Testing of Pt<sub><span style=\"font-size: small\">x<\/span><\/sub>Sn<sub><span style=\"font-size: small\">1\u2212x<\/span><\/sub>\/C Anodic Catalyst for Renewable Hydrogen Production Via Electrochemical Reforming of Ethanol\u201d ha sido realizado en colaboraci\u00f3n con la profesora Elena Baranova de la Universidad de Ottawa en Canad\u00e1. \u00c9ste trabajo recoge los \u00faltimos avances en la producci\u00f3n de H<sub><span style=\"font-size: small\">2<\/span><\/sub> como vector energ\u00e9tico del futuro, mediante procesos de electro-reformado de alcoholes. El grupo de investigaci\u00f3n de Cat\u00e1lisis y Materiales del Departamento de Ingenier\u00eda Qu\u00edmica de la UCLM, viene trabajando en los \u00faltimos a\u00f1os en la producci\u00f3n de hidr\u00f3geno de elevada pureza mediante electr\u00f3lisis de alcoholes y bioalcoholes. En este caso concreto, el trabajo desarrollado se centra en la s\u00edntesis de catalizadores an\u00f3dicos de Pt-Sn soportados sobre carbono. Los resultados obtenidos muestran una extraordinaria actividad y estabilidad electrocatal\u00edtica para la producci\u00f3n sostenible de hidr\u00f3geno empleando energ\u00eda el\u00e9ctrica que pueda tener origen renovable. En este sentido, se ha demostrado el acoplamiento del sistema con ciclos solares fotovoltaicos, que permitir\u00edan el almacenamiento de energ\u00eda el\u00e9ctrica en forma de hidr\u00f3geno para su utilizaci\u00f3n y valorizaci\u00f3n energ\u00e9tica en horario nocturno en una celda de combustible. La configuraci\u00f3n\u00a0 electrocatal\u00edtica propuesta permitir\u00eda en este sentido aumentar la gestionabilidad de las energ\u00edas renovables, en este caso solar fotovoltaica, mediante la producci\u00f3n de hidr\u00f3geno.<\/p>\n<p><a href=\"https:\/\/link.springer.com\/journal\/12678\/9\/3\/page\/1\">https:\/\/link.springer.com\/journal\/12678\/9\/3\/page\/1<\/a><\/p>\n<h1><\/h1>\n<h1><strong>El profesor del Departamento de Ingenier\u00eda Qu\u00edmica, Antonio de Lucas Consuegra, realiza experimentaci\u00f3n avanzada en el Sincrotr\u00f3n Alba de Barcelona<\/strong><\/h1>\n<p>El profesor del Departamento de Ingenier\u00eda Qu\u00edmica de la Universidad de Castilla La Mancha, Antonio de Lucas Consuegra, ha sido financiado junto con 3 investigadores del Instituto de Ciencia de Materiales del CSIC de Sevilla y 1 investigador del Instituto Catal\u00e1n de Investigaci\u00f3n Qu\u00edmica, para la realizaci\u00f3n de un experimento durante 6 d\u00edas en el sincrotr\u00f3n Alba de Barcelona. La propuesta del experimento, que fue valorada positivamente por la comisi\u00f3n del acelerador de part\u00edculas, ha permitido que los investigadores dispusieran de 6 d\u00edas de haz en el acelerador de part\u00edculas para la realizaci\u00f3n de experimentaci\u00f3n avanzada.<\/p>\n<p>El experimento realizado durante el periodo comprendido del 8 al 14 de Julio ha consistido en analizar la superficie de un electrocatalizador de Ni mediante la t\u00e9cnica NAPP (Near Ambient Photoemission Espectroscopy). Esta t\u00e9cnica permite caracterizar el electrocatalizador in-situ bajo condiciones de reacci\u00f3n, lo que permite obtener una informaci\u00f3n muy valiosa para el desarrollo de este tipo de materiales aplicados por el equipo investigador en la producci\u00f3n y almacenamiento controlado de Hidr\u00f3geno. De este modo, los investigadores pretenden dar continuidad a la colaboraci\u00f3n ya iniciada hace unos a\u00f1os y que se ha traducido en varias publicaciones de gran inter\u00e9s como la recogida en la revista ACS Catalysis en el a\u00f1o 2016 titulada \u201cElectrocatalytic system for the Simultaneous Hydrogen Production and Storage from Methanol\u201d.<\/p>\n<p>El sincrotr\u00f3n de luz ALBA es una infraestructura cient\u00edfica de tercera generaci\u00f3n situada en Cerdanyola del Vall\u00e8s (Barcelona) y es la m\u00e1s importante de la zona del Mediterr\u00e1neo. Se trata de un complejo de aceleradores de electrones para producir luz de sincrotr\u00f3n, que permite visualizar la estructura at\u00f3mica de los materiales y estudiar sus propiedades.<\/p>\n<p>&nbsp;<\/p>\n<div id=\"attachment_119\" style=\"width: 310px\" class=\"wp-caption alignnone\"><a href=\"https:\/\/blog.uclm.es\/antoniolconsuegra\/wp-content\/uploads\/sites\/20\/2018\/05\/FOTO-SINCROTRON.png\"><img loading=\"lazy\" decoding=\"async\" aria-describedby=\"caption-attachment-119\" class=\"size-medium wp-image-119\" src=\"https:\/\/blog.uclm.es\/antoniolconsuegra\/wp-content\/uploads\/sites\/20\/2018\/05\/FOTO-SINCROTRON-300x225.png\" alt=\"\" width=\"300\" height=\"225\" srcset=\"https:\/\/blog.uclm.es\/antoniolconsuegra\/wp-content\/uploads\/sites\/20\/2018\/05\/FOTO-SINCROTRON-300x225.png 300w, https:\/\/blog.uclm.es\/antoniolconsuegra\/wp-content\/uploads\/sites\/20\/2018\/05\/FOTO-SINCROTRON.png 402w\" sizes=\"auto, (max-width: 300px) 100vw, 300px\" \/><\/a><p id=\"caption-attachment-119\" class=\"wp-caption-text\">Foto during experimentation at syncrotron ALBA<\/p><\/div>\n<p>&nbsp;<\/p>\n<h1><strong>Celebraci\u00f3n del II Encuentro de j\u00f3venes investigadores en el campo de la cat\u00e1lisis, organizado por el Departamento de Ingenier\u00eda Qu\u00edmica<\/strong><\/h1>\n<p><strong>El Departamento de Ingenier\u00eda Qu\u00edmica de la Universidad de Castilla-La Mancha (UCLM) y la Sociedad Espa\u00f1ola de Cat\u00e1lisis han celebrado entre el 27 y el 29 de junio el II Encuentro de j\u00f3venes investigadores en el campo de la cat\u00e1lisis. A este encuentro han<\/strong><\/p>\n<p>Bajo el lema \u2018Cat\u00e1lisis como herramienta en procesos sostenibles\u2019, el congreso pretende fomentar la difusi\u00f3n de la investigaci\u00f3n en el \u00e1mbito de la cat\u00e1lisis que realizan las nuevas generaciones de investigadores miembros de la Sociedad Espa\u00f1ola de Cat\u00e1lisis (SECAT), as\u00ed como promover la cooperaci\u00f3n entre j\u00f3venes cient\u00edficos a nivel nacional.<\/p>\n<p>El encuentro fue inaugurado por el vicerrector de Profesorado, Juan Jos\u00e9 L\u00f3pez Cela, y en \u00e9l, los m\u00e1s de cien noveles investigadores participantes han podido discutir sobre los \u00faltimos avances en investigaci\u00f3n en cat\u00e1lisis, una disciplina de trascendental importancia en la mayor\u00eda de los procesos qu\u00edmico-industriales. Entre las l\u00edneas tem\u00e1ticas que han abordado se encuentra la s\u00edntesis y caracterizaci\u00f3n de catalizadores, el dise\u00f1o de reactores y simulaci\u00f3n o la aplicaci\u00f3n de tecnolog\u00edas catal\u00edticas en energ\u00eda y medio ambiente.<\/p>\n<p>En el acto de inauguraci\u00f3n intervino tambi\u00e9n el presidente de la Sociedad Espa\u00f1ola de Cat\u00e1lisis, Jos\u00e9 Manuel L\u00f3pez, quien consider\u00f3 la alta participaci\u00f3n de j\u00f3venes en este encuentro como \u201cuna buena inyecci\u00f3n para el futuro de la investigaci\u00f3n\u201d y m\u00e1s concretamente para la disciplina de la cat\u00e1lisis, cuya organizaci\u00f3n representativa a nivel nacional est\u00e1 integrada por 550 miembros.<\/p>\n<p>Tambi\u00e9n tom\u00f3 la palabra en el acto el profesor de la UCLM y presidente del comit\u00e9 organizador, Antonio de Lucas Consuegra, quien anim\u00f3 a los j\u00f3venes a trabajar y a aprovechar su tiempo en este encuentro.<\/p>\n<p>El programa del II Encuentro de j\u00f3venes investigadores de la Sociedad Espa\u00f1ola de Cat\u00e1lisis ha incluido cuatro conferencias impartidas por investigadores de reconocido prestigio a nivel internacional, la presentaci\u00f3n de m\u00e1s de medio centenar de presentaciones orales por parte de distintos grupos de investigaci\u00f3n, una sesi\u00f3n de p\u00f3steres y una visita al complejo qu\u00edmico industrial de Fertiberia en Puertollano.<\/p>\n<p>&nbsp;<\/p>\n<p>Otras noticias de inter\u00e9s en:<\/p>\n<p><a href=\"http:\/\/diq.uclm.es\/\">http:\/\/diq.uclm.es\/<\/a><\/p>\n","protected":false},"excerpt":{"rendered":"<p>Seleccionado un art\u00edculo de investigaci\u00f3n del grupo de cat\u00e1lisis y materiales del departamento de Ingenier\u00eda Qu\u00edmica de la UCLM, como portada de la revista Electrocatalysis El trabajo de investigaci\u00f3n de los profesores del Departamento de Ingenier\u00eda Qu\u00edmica de la Facultad de Ciencias y Tecnolog\u00edas Qu\u00edmicas de la Universidad de Castilla La Mancha, Dr. Fernando Dorado, [&hellip;]<\/p>\n","protected":false},"author":53,"featured_media":0,"parent":0,"menu_order":0,"comment_status":"closed","ping_status":"closed","template":"","meta":{"footnotes":""},"class_list":["post-121","page","type-page","status-publish","hentry"],"_links":{"self":[{"href":"https:\/\/blog.uclm.es\/antoniolconsuegra\/wp-json\/wp\/v2\/pages\/121","targetHints":{"allow":["GET"]}}],"collection":[{"href":"https:\/\/blog.uclm.es\/antoniolconsuegra\/wp-json\/wp\/v2\/pages"}],"about":[{"href":"https:\/\/blog.uclm.es\/antoniolconsuegra\/wp-json\/wp\/v2\/types\/page"}],"author":[{"embeddable":true,"href":"https:\/\/blog.uclm.es\/antoniolconsuegra\/wp-json\/wp\/v2\/users\/53"}],"replies":[{"embeddable":true,"href":"https:\/\/blog.uclm.es\/antoniolconsuegra\/wp-json\/wp\/v2\/comments?post=121"}],"version-history":[{"count":0,"href":"https:\/\/blog.uclm.es\/antoniolconsuegra\/wp-json\/wp\/v2\/pages\/121\/revisions"}],"wp:attachment":[{"href":"https:\/\/blog.uclm.es\/antoniolconsuegra\/wp-json\/wp\/v2\/media?parent=121"}],"curies":[{"name":"wp","href":"https:\/\/api.w.org\/{rel}","templated":true}]}}