{"id":388,"date":"2025-08-23T19:58:05","date_gmt":"2025-08-23T17:58:05","guid":{"rendered":"https:\/\/blog.uclm.es\/andresredondo\/?page_id=388"},"modified":"2025-09-03T21:44:23","modified_gmt":"2025-09-03T19:44:23","slug":"direccion-de-trabajos-fin-de-estudios","status":"publish","type":"page","link":"https:\/\/blog.uclm.es\/andresredondo\/direccion-de-trabajos-fin-de-estudios\/","title":{"rendered":"Direcci\u00f3n de trabajos fin de estudios"},"content":{"rendered":"\n<p style=\"font-size:20px\"><strong>Trabajos Fin de Grado<\/strong><\/p>\n\n\n\n<figure class=\"wp-block-table aligncenter is-style-stripes\" style=\"font-size:11px\"><table><thead><tr><th class=\"has-text-align-center\" data-align=\"center\"><strong>Curso acad\u00e9mico<\/strong> <\/th><th><strong>T\u00edtulo<\/strong><\/th><\/tr><\/thead><tbody><tr><td class=\"has-text-align-center\" data-align=\"center\">2020\/21<\/td><td>CUIDADOS, FORMACI\u00d3N Y ADHERENCIA DE LOS PACIENTES A LA DI\u00c1LISIS PERITONEAL CONTINUA AMBULATORIA: UNA REVISI\u00d3N NARRATIVA<\/td><\/tr><tr><td class=\"has-text-align-center\" data-align=\"center\">2023\/24<\/td><td>NUEVAS FRONTERAS EN SALUD: EXPLORANDO TECNOLOG\u00cdAS Y T\u00c9CNICAS EMERGENTES EN EL CAMPO DE LOS TRANSPLANTES DE \u00d3RGANOS &#8211; UNA REVISI\u00d3N NARRATIVA SISTEMATIZADA<\/td><\/tr><tr><td class=\"has-text-align-center\" data-align=\"center\">2023\/24<\/td><td>MANEJO CL\u00cdNICO DE V\u00cdCTIMAS DE VIOLENCIA DE G\u00c9NERO PARA PROFESIONALES DE ENFERMER\u00cdA: UNA REVISI\u00d3N NARRATIVA SISTEMATIZADA<\/td><\/tr><tr><td class=\"has-text-align-center\" data-align=\"center\">2023\/24<\/td><td>IMPACTO DE UN PROGRAMA FAMILIAR DE EDUCACI\u00d3N PARA LA SALUD EN LA PREVENCI\u00d3N DEL ABUSO SEXUAL INFANTIL. UN PROYECTO DE INVESTIGACI\u00d3N<\/td><\/tr><tr><td class=\"has-text-align-center\" data-align=\"center\">2023\/24<\/td><td>EL PAPEL DEL CANNABIS EN PACIENTES J\u00d3VENES CON TRASTORNO POR D\u00c9FICIT DE ATENCI\u00d3N E HIPERACTIVIDAD: UNA REVISI\u00d3N NARRATIVA SISTEMATIZADA<\/td><\/tr><tr><td class=\"has-text-align-center\" data-align=\"center\">2023\/24<\/td><td>ATENCI\u00d3N AL FINAL DE LA VIDA: EUTANASIA Y EL PAPEL DE LA ENFERMER\u00cdA: UNA REVISI\u00d3N NARRATIVA<\/td><\/tr><tr><td class=\"has-text-align-center\" data-align=\"center\">2023\/24<\/td><td>MANEJO CL\u00cdNICO INTEGRAL DEL PACIENTE CON DIABETES MELLITUS PARA EL RAMAD\u00c1N: UNA REVISI\u00d3N NARRATIVA<\/td><\/tr><tr><td class=\"has-text-align-center\" data-align=\"center\">2023\/24<\/td><td>EFECTOS DEL TRATAMIENTO FARMACOL\u00d3GICO Y DIET\u00c9TICO EN MUJERES CON S\u00cdNDROME DEL OVARIO POLIQU\u00cdSTICO: UNA REVISI\u00d3N SISTEM\u00c1TICA<\/td><\/tr><tr><td class=\"has-text-align-center\" data-align=\"center\">2023\/24<\/td><td>EFECTOS DE ESTILO DE VIDA SALUDABLES EN EL S\u00cdNDROME DE OVARIO POLIQU\u00cdSTICO: UNA REVISI\u00d3N DE REVISIONES<\/td><\/tr><tr><td class=\"has-text-align-center\" data-align=\"center\">2023\/24<\/td><td>DUELO PERINATAL EN ESPA\u00d1A: UNA REVISI\u00d3N NARRATIVA<\/td><\/tr><tr><td class=\"has-text-align-center\" data-align=\"center\">2023\/24<\/td><td>S\u00cdNDROME POST-CUIDADOS INTENSIVOS: ENFOQUES EN PREVENCI\u00d3N Y HUMANIZACI\u00d3N DEL CUIDADO. UNA REVISI\u00d3N NARRATIVA<\/td><\/tr><tr><td class=\"has-text-align-center\" data-align=\"center\">2023\/24<\/td><td>CALIDAD DE VIDA RELACIONADA CON LA SALUD EN EL PACIENTE ADULTO CON COLOSTOM\u00cdA: UNA REVISI\u00d3N SISTEM\u00c1TICA<\/td><\/tr><tr><td class=\"has-text-align-center\" data-align=\"center\">2023\/24<\/td><td>ACTUALIZACI\u00d3N Y ABORDAJE INTEGRAL DEL TRASTORNO L\u00cdMITE DE LA PERSONALIDAD EN ADOLESCENTES: UNA REVISI\u00d3N NARRATIVA<\/td><\/tr><tr><td class=\"has-text-align-center\" data-align=\"center\">2024\/25<\/td><td>RECOMENDACIONES, BENEFICIOS E INFLUENCIA DE LA EXTRACCI\u00d3N PRENATAL DEL CALOSTRO EN LA LACTANCIA MATERNA: UNA REVISI\u00d3N NARRATIVA SISTEMATIZADA<\/td><\/tr><tr><td class=\"has-text-align-center\" data-align=\"center\">2024\/25<\/td><td>EFECTIVIDAD DE UN PROGRAMA DE FORMACI\u00d3N EN DUELO PERINATAL PARA PROFESIONALES DE ENFERMER\u00cdA MEDIANTE SIMULACI\u00d3N CL\u00cdNICA Y REALIDAD VIRTUAL: UN PROYECTO DE INVESTIGACI\u00d3N<\/td><\/tr><tr><td class=\"has-text-align-center\" data-align=\"center\">2024\/25<\/td><td>EFECTIVIDAD DE UN PROGRAMA DE EMPODERAMIENTO SEXOAFECTIVO PARA FAMILIAS DE ADOLESCENTES: UN PROYECTO DE INVESTIGACI\u00d3N<\/td><\/tr><tr><td class=\"has-text-align-center\" data-align=\"center\">2024\/25<\/td><td>INTERVENCI\u00d3N BASADA EN EJERCICIO F\u00cdSICO PARA MEJORAR LA SALUD EN MUJERES CON MENOPAUSIA: PROYECTO DE INVESTIGACI\u00d3N DE UN ENSAYO CL\u00cdNICO ALEATORIZADO<\/td><\/tr><\/tbody><\/table><figcaption class=\"wp-element-caption\">AP: Aprobado (1); NT: Notable (12); SB: Sobresaliente (4); Total (17)<\/figcaption><\/figure>\n\n\n\n<p style=\"font-size:20px\"><strong>Trabajos Fin de M\u00e1ster<\/strong><\/p>\n\n\n\n<figure class=\"wp-block-table aligncenter is-style-stripes\" style=\"font-size:11px\"><table><thead><tr><th class=\"has-text-align-center\" data-align=\"center\"><strong>Curso acad\u00e9mico<\/strong>     <\/th><th><strong>T\u00edtulo<\/strong><\/th><\/tr><\/thead><tbody><tr><td class=\"has-text-align-center\" data-align=\"center\">2020\/21<\/td><td>ESTRATEGIAS PREVENTIVAS Y CUIDADOS DE ENFERMER\u00cdA EN PERSONAS MENORES DE 50 A\u00d1OS CON RIESGO DE ICTUS ISQU\u00c9MICO. REVISI\u00d3N BIBLIOGR\u00c1FICA<\/td><\/tr><tr><td class=\"has-text-align-center\" data-align=\"center\">2020\/21<\/td><td>EL ROL DE ENFERMER\u00cdA EN LA PARADA CARDIORRESPIRATORIA.<\/td><\/tr><tr><td class=\"has-text-align-center\" data-align=\"center\">2021\/22<\/td><td>MANEJO DEL PACIENTE CON TROMBOEMBOLISMO PULMONAR: ATENCI\u00d3N Y CUIDADOS DE ENFERMER\u00cdA. UNA REVISI\u00d3N SISTEM\u00c1TICA.<\/td><\/tr><tr><td class=\"has-text-align-center\" data-align=\"center\">2021\/22<\/td><td>EL PACIENTE POLITRAUMATIZADO EN COMBATE: EL CONTROL DEL DOLOR CON ANALG\u00c9SICOS OPI\u00c1CEOS Y NO OPI\u00c1CEOS.<\/td><\/tr><tr><td class=\"has-text-align-center\" data-align=\"center\">2022\/23<\/td><td>SISTEMAS DE TRIAJE SU USO Y CARACTER\u00cdSTICAS. UNA HERRAMIENTA DE ENFERMER\u00cdA EN SITUACIONES DE URGENCIA Y EMERGENCIA.<\/td><\/tr><tr><td class=\"has-text-align-center\" data-align=\"center\">2022\/23<\/td><td>EL USO EN EL \u00c1MBITO EXTRAHOSPITALARIA DEL COLCH\u00d3N DE VAC\u00cdO EN PACIENTES POLITRAUMATIZADOS<\/td><\/tr><tr><td class=\"has-text-align-center\" data-align=\"center\">2022\/23<\/td><td>MANEJO DEL PACIENTE HERIDO POR ARMA DE FUEGO EN URGENCIAS EXTRAHOSPITALARIAS. UNA REVISI\u00d3N BIBLIOGR\u00c1FICA.<\/td><\/tr><tr><td class=\"has-text-align-center\" data-align=\"center\">2023\/24<\/td><td>MANEJO PREHOSPITALARIO DEL S\u00cdNDROME CORONARIO AGUDO: UNA REVISI\u00d3N BIBLIOGR\u00c1FICA.<\/td><\/tr><tr><td class=\"has-text-align-center\" data-align=\"center\">2023\/24<\/td><td>MANEJO DEL EDEMA AGUDO DE PULMON EN AMBITO EXTRAHOSPITALARIO. REVISI\u00d3N BIBLIOGR\u00c1FICA.<\/td><\/tr><tr><td class=\"has-text-align-center\" data-align=\"center\">2023\/24<\/td><td>MANEJO DE LA HIPOTERMIA ACCIDENTAL. REVISI\u00d3N BIBLIOGR\u00c1FICA.<\/td><\/tr><tr><td class=\"has-text-align-center\" data-align=\"center\">2024\/25<\/td><td>ABORDAJE DEL SHOCK HIPOVOL\u00c9MICO EN EL \u00c1MBITO EXTRAHOSPITALARIO<\/td><\/tr><tr><td class=\"has-text-align-center\" data-align=\"center\">2024\/25<\/td><td>EFICACIA DE LA ATENCI\u00d3N EXTRA-HOSPITALARIA VS. TRASLADO INMEDIATO EN POLITRAUMATIZADOS: REVISI\u00d3N BIBLIOGR\u00c1FICA DE RESULTADOS CL\u00cdNICOS Y TIEMPOS DE RECUPERACI\u00d3N<\/td><\/tr><\/tbody><\/table><figcaption class=\"wp-element-caption\">AP: Aprobado (1); NT: Notable (6); SB: Sobresaliente (5); Total (12)<\/figcaption><\/figure>\n","protected":false},"excerpt":{"rendered":"<p>Trabajos Fin de Grado Curso acad\u00e9mico T\u00edtulo 2020\/21 CUIDADOS, FORMACI\u00d3N Y ADHERENCIA DE LOS PACIENTES A LA DI\u00c1LISIS PERITONEAL CONTINUA AMBULATORIA: UNA REVISI\u00d3N NARRATIVA 2023\/24 NUEVAS FRONTERAS EN SALUD: EXPLORANDO TECNOLOG\u00cdAS Y T\u00c9CNICAS EMERGENTES EN EL CAMPO DE LOS TRANSPLANTES DE \u00d3RGANOS &#8211; UNA REVISI\u00d3N NARRATIVA SISTEMATIZADA 2023\/24 MANEJO CL\u00cdNICO DE V\u00cdCTIMAS DE VIOLENCIA DE [&hellip;]<\/p>\n","protected":false},"author":363,"featured_media":0,"parent":0,"menu_order":0,"comment_status":"closed","ping_status":"closed","template":"page-no-separators","meta":{"footnotes":""},"class_list":["post-388","page","type-page","status-publish","hentry"],"_links":{"self":[{"href":"https:\/\/blog.uclm.es\/andresredondo\/wp-json\/wp\/v2\/pages\/388","targetHints":{"allow":["GET"]}}],"collection":[{"href":"https:\/\/blog.uclm.es\/andresredondo\/wp-json\/wp\/v2\/pages"}],"about":[{"href":"https:\/\/blog.uclm.es\/andresredondo\/wp-json\/wp\/v2\/types\/page"}],"author":[{"embeddable":true,"href":"https:\/\/blog.uclm.es\/andresredondo\/wp-json\/wp\/v2\/users\/363"}],"replies":[{"embeddable":true,"href":"https:\/\/blog.uclm.es\/andresredondo\/wp-json\/wp\/v2\/comments?post=388"}],"version-history":[{"count":5,"href":"https:\/\/blog.uclm.es\/andresredondo\/wp-json\/wp\/v2\/pages\/388\/revisions"}],"predecessor-version":[{"id":464,"href":"https:\/\/blog.uclm.es\/andresredondo\/wp-json\/wp\/v2\/pages\/388\/revisions\/464"}],"wp:attachment":[{"href":"https:\/\/blog.uclm.es\/andresredondo\/wp-json\/wp\/v2\/media?parent=388"}],"curies":[{"name":"wp","href":"https:\/\/api.w.org\/{rel}","templated":true}]}}