{"id":16,"date":"2022-07-21T11:48:58","date_gmt":"2022-07-21T10:48:58","guid":{"rendered":"https:\/\/blogdev.uclm.es\/fullsite\/?page_id=16"},"modified":"2025-08-24T20:18:18","modified_gmt":"2025-08-24T18:18:18","slug":"resumen","status":"publish","type":"page","link":"https:\/\/blog.uclm.es\/andresredondo\/","title":{"rendered":"Resumen"},"content":{"rendered":"\n<div class=\"wp-block-cover alignfull is-light\" style=\"min-height:367px;aspect-ratio:unset;\"><span aria-hidden=\"true\" class=\"wp-block-cover__background has-background-dim-100 has-background-dim\" style=\"background-color:#ffffff\"><\/span><div class=\"wp-block-cover__inner-container is-layout-flow wp-block-cover-is-layout-flow\">\n<div class=\"wp-block-media-text alignwide has-media-on-the-right is-stacked-on-mobile is-vertically-aligned-center is-image-fill-element\" style=\"grid-template-columns:auto 56%\"><div class=\"wp-block-media-text__content\">\n<h1 class=\"wp-block-heading has-text-color\" style=\"color:#000000;font-size:32px\"><\/h1>\n\n\n\n<h1 class=\"wp-block-heading has-x-large-font-size\"><strong>Sobre mi<\/strong><\/h1>\n\n\n\n<p class=\"has-text-color\" style=\"color:#000000;font-size:20px\">Profesor Ayudante Doctor en el Departamento de Enfermer\u00eda, Fisioterapia y Terapia Ocupacional de la Universidad de Castilla-La Mancha (UCLM), con docencia en la Facultad de Enfermer\u00eda de Ciudad Real<\/p>\n<\/div><figure class=\"wp-block-media-text__media\"><img loading=\"lazy\" decoding=\"async\" width=\"1440\" height=\"2560\" src=\"https:\/\/blog.uclm.es\/andresredondo\/wp-content\/uploads\/sites\/308\/2025\/07\/IMG_0987-scaled.jpg\" alt=\"\" class=\"wp-image-365 size-full\" style=\"object-position:58% 87%\" srcset=\"https:\/\/blog.uclm.es\/andresredondo\/wp-content\/uploads\/sites\/308\/2025\/07\/IMG_0987-scaled.jpg 1440w, https:\/\/blog.uclm.es\/andresredondo\/wp-content\/uploads\/sites\/308\/2025\/07\/IMG_0987-169x300.jpg 169w, https:\/\/blog.uclm.es\/andresredondo\/wp-content\/uploads\/sites\/308\/2025\/07\/IMG_0987-576x1024.jpg 576w, https:\/\/blog.uclm.es\/andresredondo\/wp-content\/uploads\/sites\/308\/2025\/07\/IMG_0987-768x1365.jpg 768w, https:\/\/blog.uclm.es\/andresredondo\/wp-content\/uploads\/sites\/308\/2025\/07\/IMG_0987-864x1536.jpg 864w, https:\/\/blog.uclm.es\/andresredondo\/wp-content\/uploads\/sites\/308\/2025\/07\/IMG_0987-1152x2048.jpg 1152w\" sizes=\"auto, (max-width: 1440px) 100vw, 1440px\" \/><\/figure><\/div>\n\n\n\n<div class=\"wp-block-group is-layout-constrained wp-block-group-is-layout-constrained\">\n<div class=\"wp-block-media-text alignwide is-stacked-on-mobile is-image-fill-element\"><figure class=\"wp-block-media-text__media\"><img loading=\"lazy\" decoding=\"async\" width=\"1024\" height=\"725\" src=\"https:\/\/blog.uclm.es\/andresredondo\/wp-content\/uploads\/sites\/308\/2025\/07\/Formacion-1024x725.png\" alt=\"\" class=\"wp-image-364 size-full\" style=\"object-position:100% 48%\" srcset=\"https:\/\/blog.uclm.es\/andresredondo\/wp-content\/uploads\/sites\/308\/2025\/07\/Formacion-1024x725.png 1024w, https:\/\/blog.uclm.es\/andresredondo\/wp-content\/uploads\/sites\/308\/2025\/07\/Formacion-300x212.png 300w, https:\/\/blog.uclm.es\/andresredondo\/wp-content\/uploads\/sites\/308\/2025\/07\/Formacion-768x544.png 768w, https:\/\/blog.uclm.es\/andresredondo\/wp-content\/uploads\/sites\/308\/2025\/07\/Formacion-1536x1088.png 1536w, https:\/\/blog.uclm.es\/andresredondo\/wp-content\/uploads\/sites\/308\/2025\/07\/Formacion.png 1700w\" sizes=\"auto, (max-width: 1024px) 100vw, 1024px\" \/><\/figure><div class=\"wp-block-media-text__content\">\n<h2 class=\"wp-block-heading has-x-large-font-size\"><strong>Formaci\u00f3n<\/strong><\/h2>\n\n\n\n<p class=\"has-text-color\" style=\"color:#000000;font-size:20px\"><strong>Doctor en Enfermer\u00eda<\/strong> (UCLM, 2021)<\/p>\n\n\n\n<p class=\"has-text-color\" style=\"color:#000000;font-size:20px\"><strong>M\u00e1ster Oficial en Investigaci\u00f3n Sociosanitaria<\/strong> (UCLM, 2017)<\/p>\n\n\n\n<p class=\"has-text-color\" style=\"color:#000000;font-size:20px\"><strong>M\u00e1ster Propio en Integraci\u00f3n de Cuidados y Resoluci\u00f3n de Problemas Cl\u00ednicos en Enfermer\u00eda<\/strong> (UAH, 2017)<\/p>\n\n\n\n<p class=\"has-text-color\" style=\"color:#000000;font-size:20px\"><strong>Grado en Enfermer\u00eda<\/strong> (UCLM, 2016)<\/p>\n<\/div><\/div>\n\n\n\n<div class=\"wp-block-media-text alignwide has-media-on-the-right is-stacked-on-mobile is-image-fill-element\" style=\"grid-template-columns:auto 56%\"><div class=\"wp-block-media-text__content\">\n<h2 class=\"wp-block-heading has-x-large-font-size\"><strong>Docencia<\/strong><\/h2>\n\n\n\n<p class=\"has-text-color\" style=\"color:#000000;font-size:20px\"><strong>Grado de Enfermer\u00eda<\/strong> (Enfermer\u00eda M\u00e9dico-Quir\u00fargica; Estad\u00edstica para Ciencias de la Salud; Enfermer\u00eda Comunitaria)<\/p>\n\n\n\n<p style=\"font-size:20px\"><strong><a href=\"https:\/\/blog.uclm.es\/andresredondo\/direccion-de-trabajos-fin-de-estudios\/\" data-type=\"page\" data-id=\"388\">Direcci\u00f3n de trabajos fin de estudios<\/a><\/strong> (Grado y M\u00e1ster)<\/p>\n\n\n\n<p style=\"font-size:20px\"><strong><a href=\"https:\/\/blog.uclm.es\/andresredondo\/tribunal-de-trabajos-fin-de-estudios\/\" data-type=\"page\" data-id=\"397\">Tribunal de trabajos fin de estudios<\/a><\/strong><\/p>\n\n\n\n<p class=\"has-text-color\" style=\"color:#000000;font-size:20px\"><strong>Seminarios, talleres y cursos<\/strong> vinculados a enfermer\u00eda o investigaci\u00f3n<\/p>\n<\/div><figure class=\"wp-block-media-text__media\"><img loading=\"lazy\" decoding=\"async\" width=\"1024\" height=\"687\" src=\"https:\/\/blog.uclm.es\/andresredondo\/wp-content\/uploads\/sites\/308\/2025\/07\/Docencia-1024x687.png\" alt=\"\" class=\"wp-image-362 size-full\" style=\"object-position:0% 50%\" srcset=\"https:\/\/blog.uclm.es\/andresredondo\/wp-content\/uploads\/sites\/308\/2025\/07\/Docencia-1024x687.png 1024w, https:\/\/blog.uclm.es\/andresredondo\/wp-content\/uploads\/sites\/308\/2025\/07\/Docencia-300x201.png 300w, https:\/\/blog.uclm.es\/andresredondo\/wp-content\/uploads\/sites\/308\/2025\/07\/Docencia-768x515.png 768w, https:\/\/blog.uclm.es\/andresredondo\/wp-content\/uploads\/sites\/308\/2025\/07\/Docencia-1536x1031.png 1536w, https:\/\/blog.uclm.es\/andresredondo\/wp-content\/uploads\/sites\/308\/2025\/07\/Docencia.png 1812w\" sizes=\"auto, (max-width: 1024px) 100vw, 1024px\" \/><\/figure><\/div>\n\n\n\n<div class=\"wp-block-media-text alignwide is-stacked-on-mobile is-image-fill-element\"><figure class=\"wp-block-media-text__media\"><img loading=\"lazy\" decoding=\"async\" width=\"1024\" height=\"693\" src=\"https:\/\/blog.uclm.es\/andresredondo\/wp-content\/uploads\/sites\/308\/2025\/07\/Investigacion-1024x693.png\" alt=\"\" class=\"wp-image-363 size-full\" style=\"object-position:87% 46%\" srcset=\"https:\/\/blog.uclm.es\/andresredondo\/wp-content\/uploads\/sites\/308\/2025\/07\/Investigacion-1024x693.png 1024w, https:\/\/blog.uclm.es\/andresredondo\/wp-content\/uploads\/sites\/308\/2025\/07\/Investigacion-300x203.png 300w, https:\/\/blog.uclm.es\/andresredondo\/wp-content\/uploads\/sites\/308\/2025\/07\/Investigacion-768x520.png 768w, https:\/\/blog.uclm.es\/andresredondo\/wp-content\/uploads\/sites\/308\/2025\/07\/Investigacion-1536x1040.png 1536w, https:\/\/blog.uclm.es\/andresredondo\/wp-content\/uploads\/sites\/308\/2025\/07\/Investigacion.png 1808w\" sizes=\"auto, (max-width: 1024px) 100vw, 1024px\" \/><\/figure><div class=\"wp-block-media-text__content\">\n<h2 class=\"wp-block-heading has-x-large-font-size\"><strong>Investigaci\u00f3n<\/strong><\/h2>\n\n\n\n<p class=\"has-text-color\" style=\"color:#000000;font-size:20px\">Calidad de vida relacionada con la salud<\/p>\n\n\n\n<p class=\"has-text-color\" style=\"color:#000000;font-size:20px\">Actividad f\u00edsica, fitness y competencia motora<\/p>\n\n\n\n<p class=\"has-text-color\" style=\"color:#000000;font-size:20px\">Composici\u00f3n corporal, salud mental y rendimiento acad\u00e9mico<\/p>\n\n\n\n<p class=\"has-text-color\" style=\"color:#000000;font-size:20px\">Intervenciones mediante ensayos controlados aleatorizados<\/p>\n<\/div><\/div>\n\n\n\n<div class=\"wp-block-media-text alignwide has-media-on-the-right is-stacked-on-mobile is-vertically-aligned-top is-image-fill-element\" style=\"grid-template-columns:auto 56%\"><div class=\"wp-block-media-text__content\">\n<h2 class=\"wp-block-heading has-x-large-font-size\"><strong>Identificadores<\/strong><\/h2>\n\n\n\n<p class=\"has-text-color\" style=\"color:#000000;font-size:20px\"><a href=\"https:\/\/orcid.org\/0000-0001-5920-6159\">ORCID<\/a><\/p>\n\n\n\n<p class=\"has-text-color\" style=\"color:#000000;font-size:20px\"><a href=\"https:\/\/www.webofscience.com\/wos\/author\/record\/X-7827-2019\">Web of Science Researcher ID<\/a><\/p>\n\n\n\n<p class=\"has-text-color\" style=\"color:#000000;font-size:20px\"><a href=\"https:\/\/www.scopus.com\/authid\/detail.uri?authorId=57208315859\">Scopus Author ID<\/a><\/p>\n\n\n\n<p class=\"has-text-color\" style=\"color:#000000;font-size:20px\"><a href=\"https:\/\/scholar.google.es\/citations?user=kJLIbVIAAAAJ&amp;hl=es\">Google Scholar<\/a><\/p>\n\n\n\n<p class=\"has-text-color\" style=\"color:#000000;font-size:20px\"><a href=\"https:\/\/www.researchgate.net\/profile\/Andres_Redondo-Tebar2\">ResearchGate<\/a><\/p>\n<\/div><figure class=\"wp-block-media-text__media\"><img loading=\"lazy\" decoding=\"async\" width=\"1024\" height=\"610\" src=\"https:\/\/blog.uclm.es\/andresredondo\/wp-content\/uploads\/sites\/308\/2025\/07\/Id2-1024x610.png\" alt=\"\" class=\"wp-image-370 size-full\" style=\"object-position:50% 50%\" srcset=\"https:\/\/blog.uclm.es\/andresredondo\/wp-content\/uploads\/sites\/308\/2025\/07\/Id2-1024x610.png 1024w, https:\/\/blog.uclm.es\/andresredondo\/wp-content\/uploads\/sites\/308\/2025\/07\/Id2-300x179.png 300w, https:\/\/blog.uclm.es\/andresredondo\/wp-content\/uploads\/sites\/308\/2025\/07\/Id2-768x457.png 768w, https:\/\/blog.uclm.es\/andresredondo\/wp-content\/uploads\/sites\/308\/2025\/07\/Id2-1536x914.png 1536w, https:\/\/blog.uclm.es\/andresredondo\/wp-content\/uploads\/sites\/308\/2025\/07\/Id2.png 1730w\" sizes=\"auto, (max-width: 1024px) 100vw, 1024px\" \/><\/figure><\/div>\n\n\n\n<h2 class=\"wp-block-heading has-x-large-font-size\"><\/h2>\n<\/div>\n<\/div><\/div>\n","protected":false},"excerpt":{"rendered":"","protected":false},"author":363,"featured_media":0,"parent":0,"menu_order":0,"comment_status":"closed","ping_status":"closed","template":"","meta":{"footnotes":""},"class_list":["post-16","page","type-page","status-publish","hentry"],"_links":{"self":[{"href":"https:\/\/blog.uclm.es\/andresredondo\/wp-json\/wp\/v2\/pages\/16","targetHints":{"allow":["GET"]}}],"collection":[{"href":"https:\/\/blog.uclm.es\/andresredondo\/wp-json\/wp\/v2\/pages"}],"about":[{"href":"https:\/\/blog.uclm.es\/andresredondo\/wp-json\/wp\/v2\/types\/page"}],"author":[{"embeddable":true,"href":"https:\/\/blog.uclm.es\/andresredondo\/wp-json\/wp\/v2\/users\/363"}],"replies":[{"embeddable":true,"href":"https:\/\/blog.uclm.es\/andresredondo\/wp-json\/wp\/v2\/comments?post=16"}],"version-history":[{"count":24,"href":"https:\/\/blog.uclm.es\/andresredondo\/wp-json\/wp\/v2\/pages\/16\/revisions"}],"predecessor-version":[{"id":406,"href":"https:\/\/blog.uclm.es\/andresredondo\/wp-json\/wp\/v2\/pages\/16\/revisions\/406"}],"wp:attachment":[{"href":"https:\/\/blog.uclm.es\/andresredondo\/wp-json\/wp\/v2\/media?parent=16"}],"curies":[{"name":"wp","href":"https:\/\/api.w.org\/{rel}","templated":true}]}}