{"id":40,"date":"2013-12-11T11:15:56","date_gmt":"2013-12-11T10:15:56","guid":{"rendered":"http:\/\/blog.uclm.es\/anasanz\/?page_id=40"},"modified":"2013-12-11T11:15:56","modified_gmt":"2013-12-11T10:15:56","slug":"tp-herramientas-para-el-analisis-del-territorio","status":"publish","type":"page","link":"https:\/\/blog.uclm.es\/anasanz\/tp-herramientas-para-el-analisis-del-territorio\/","title":{"rendered":"TP: Herramientas para el An\u00e1lisis del Territorio"},"content":{"rendered":"<p>Lo siento, p\u00e1gina en construcci\u00f3n<\/p>\n","protected":false},"excerpt":{"rendered":"<p>Lo siento, p\u00e1gina en construcci\u00f3n<\/p>\n","protected":false},"author":48,"featured_media":0,"parent":0,"menu_order":0,"comment_status":"closed","ping_status":"open","template":"","meta":{"footnotes":""},"class_list":["post-40","page","type-page","status-publish","hentry"],"_links":{"self":[{"href":"https:\/\/blog.uclm.es\/anasanz\/wp-json\/wp\/v2\/pages\/40","targetHints":{"allow":["GET"]}}],"collection":[{"href":"https:\/\/blog.uclm.es\/anasanz\/wp-json\/wp\/v2\/pages"}],"about":[{"href":"https:\/\/blog.uclm.es\/anasanz\/wp-json\/wp\/v2\/types\/page"}],"author":[{"embeddable":true,"href":"https:\/\/blog.uclm.es\/anasanz\/wp-json\/wp\/v2\/users\/48"}],"replies":[{"embeddable":true,"href":"https:\/\/blog.uclm.es\/anasanz\/wp-json\/wp\/v2\/comments?post=40"}],"version-history":[{"count":0,"href":"https:\/\/blog.uclm.es\/anasanz\/wp-json\/wp\/v2\/pages\/40\/revisions"}],"wp:attachment":[{"href":"https:\/\/blog.uclm.es\/anasanz\/wp-json\/wp\/v2\/media?parent=40"}],"curies":[{"name":"wp","href":"https:\/\/api.w.org\/{rel}","templated":true}]}}